{"id":5088,"date":"2022-02-14T10:58:39","date_gmt":"2022-02-14T09:58:39","guid":{"rendered":"https:\/\/agora.xtec.cat\/ceipcollbaix\/?page_id=5088"},"modified":"2025-07-15T12:07:12","modified_gmt":"2025-07-15T10:07:12","slug":"continguts-basics","status":"publish","type":"page","link":"https:\/\/agora.xtec.cat\/ceipcollbaix\/projecte-educatiu\/continguts-basics\/","title":{"rendered":"Continguts b\u00e0sics"},"content":{"rendered":"<p>Despr\u00e9s de molts mesos de treball compartit, l&#8217;equip de mestres de l&#8217;escola ha consensuat els continguts b\u00e0sics que s&#8217;haurien d&#8217;assolir en acabar cadascun dels cursos, de P3 fins a 6\u00e8. Ens hem centrat en les \u00e0rees instrumentals, com s\u00f3n Llengua Catalana i Matem\u00e0tiques, seguint les compet\u00e8ncies b\u00e0siques del <a href=\"http:\/\/portaldogc.gencat.cat\/utilsEADOP\/PDF\/6900\/1431926.pdf\">curr\u00edculum<\/a> actual.<\/p>\n<p>Hem distingit entre els continguts prioritaris, que veureu marcats en negreta, i els addicionals. Els b\u00e0sics prioritaris s\u00f3n els m\u00ednims imprescindibles per a tot l&#8217;alumnat, amb l&#8217;excepci\u00f3 dels infants que necessitin d&#8217;un Pla Individualitzat.<\/p>\n<p>Des de l&#8217;escola creiem necessari compartir aquest document perqu\u00e8 les fam\u00edlies conegueu de primera m\u00e0 qu\u00e8 cal aprendre a cada curs i, aix\u00ed, poder acompanyar els vostres fills i filles des de casa, tamb\u00e9 a nivell de continguts.<\/p>\n<p><a href=\"https:\/\/drive.google.com\/file\/d\/1XTVV-JnIRNLWleoC92H9lxI8L3zYjwE9\/view?usp=sharing\">CONTINGUTS B\u00c0SICS DE LLENGUA\u00a0<\/a><\/p>\n<p><a href=\"https:\/\/drive.google.com\/file\/d\/1jrTlc-WoStCsgpP2EIZvbbIavvDxa5Gy\/view?usp=sharing\">CONTINGUTS B\u00c0SICS DE MATEM\u00c0TIQUES\u00a0\u00a0\u00a0<\/a><\/p>\n<p>&nbsp;<\/p>\n","protected":false},"excerpt":{"rendered":"<p>Despr\u00e9s de molts mesos de treball compartit, l&#8217;equip de mestres de l&#8217;escola ha consensuat els continguts b\u00e0sics que s&#8217;haurien d&#8217;assolir en acabar cadascun dels cursos, de P3 fins a 6\u00e8. Ens hem centrat en les \u00e0rees instrumentals, com s\u00f3n Llengua Catalana i Matem\u00e0tiques, seguint les&hellip;  <a href=\"https:\/\/agora.xtec.cat\/ceipcollbaix\/projecte-educatiu\/continguts-basics\/\" title=\"Read Continguts b\u00e0sics\">Llegeix m\u00e9s\u00bb<\/a><\/p>\n","protected":false},"author":7,"featured_media":0,"parent":64,"menu_order":0,"comment_status":"closed","ping_status":"closed","template":"","meta":{"_bbp_topic_count":0,"_bbp_reply_count":0,"_bbp_total_topic_count":0,"_bbp_total_reply_count":0,"_bbp_voice_count":0,"_bbp_anonymous_reply_count":0,"_bbp_topic_count_hidden":0,"_bbp_reply_count_hidden":0,"_bbp_forum_subforum_count":0,"footnotes":""},"class_list":["post-5088","page","type-page","status-publish","hentry"],"post_mailing_queue_ids":[],"_links":{"self":[{"href":"https:\/\/agora.xtec.cat\/ceipcollbaix\/wp-json\/wp\/v2\/pages\/5088","targetHints":{"allow":["GET"]}}],"collection":[{"href":"https:\/\/agora.xtec.cat\/ceipcollbaix\/wp-json\/wp\/v2\/pages"}],"about":[{"href":"https:\/\/agora.xtec.cat\/ceipcollbaix\/wp-json\/wp\/v2\/types\/page"}],"author":[{"embeddable":true,"href":"https:\/\/agora.xtec.cat\/ceipcollbaix\/wp-json\/wp\/v2\/users\/7"}],"replies":[{"embeddable":true,"href":"https:\/\/agora.xtec.cat\/ceipcollbaix\/wp-json\/wp\/v2\/comments?post=5088"}],"version-history":[{"count":3,"href":"https:\/\/agora.xtec.cat\/ceipcollbaix\/wp-json\/wp\/v2\/pages\/5088\/revisions"}],"predecessor-version":[{"id":7929,"href":"https:\/\/agora.xtec.cat\/ceipcollbaix\/wp-json\/wp\/v2\/pages\/5088\/revisions\/7929"}],"up":[{"embeddable":true,"href":"https:\/\/agora.xtec.cat\/ceipcollbaix\/wp-json\/wp\/v2\/pages\/64"}],"wp:attachment":[{"href":"https:\/\/agora.xtec.cat\/ceipcollbaix\/wp-json\/wp\/v2\/media?parent=5088"}],"curies":[{"name":"wp","href":"https:\/\/api.w.org\/{rel}","templated":true}]}}