{"id":2859,"date":"2020-07-06T16:47:49","date_gmt":"2020-07-06T14:47:49","guid":{"rendered":"http:\/\/agora.xtec.cat\/ceipcollbaix\/?page_id=2859"},"modified":"2021-06-07T11:39:11","modified_gmt":"2021-06-07T09:39:11","slug":"nova-matricula","status":"publish","type":"page","link":"https:\/\/agora.xtec.cat\/ceipcollbaix\/projecte-educatiu\/nova-matricula\/","title":{"rendered":"Nova matr\u00edcula"},"content":{"rendered":"<p>La documentaci\u00f3 requerida al nou alumnat \u00e9s la seg\u00fcent:<\/p>\n<table style=\"height: 224px;\" width=\"573\">\n<tbody>\n<tr style=\"height: 32px;\">\n<td style=\"width: 567px; height: 32px;\"><a href=\"https:\/\/agora.xtec.cat\/ceipcollbaix\/wp-content\/uploads\/usu1796\/2020\/07\/CARTA-DE-COMPROM\u00cdS-EDUCATIU.pdf\" target=\"_blank\" rel=\"noopener noreferrer\"><span style=\"font-size: 16px;\">Carta de comprom\u00eds educatiu<\/span><\/a><\/td>\n<\/tr>\n<tr style=\"height: 32px;\">\n<td style=\"width: 567px; height: 32px;\"><a href=\"https:\/\/agora.xtec.cat\/ceipcollbaix\/wp-content\/uploads\/usu1796\/2020\/09\/imatge-drets.pdf\" target=\"_blank\" rel=\"noopener noreferrer\"><span style=\"font-size: 16px; background-color: #ffffff;\">Autoritzaci\u00f3 drets d&#8217;imatge<\/span><\/a><\/td>\n<\/tr>\n<tr style=\"height: 32px;\">\n<td style=\"width: 567px; height: 32px;\"><a href=\"https:\/\/agora.xtec.cat\/ceipcollbaix\/wp-content\/uploads\/usu1796\/2020\/07\/Alta-socis-AMPA-bo.pdf\" target=\"_blank\" rel=\"noopener noreferrer\"><span style=\"font-size: 16px;\">Alta socis AMPA<\/span><\/a><\/td>\n<\/tr>\n<tr style=\"height: 32px;\">\n<td style=\"width: 567px; height: 32px;\"><a href=\"https:\/\/agora.xtec.cat\/ceipcollbaix\/wp-content\/uploads\/usu1796\/2021\/06\/Cessi\u00f3-dades-AMPA-2.pdf\" target=\"_blank\" rel=\"noopener noreferrer\"><span style=\"font-size: 16px; background-color: #ffffff;\">Cessi\u00f3 dades a AMPA<\/span><\/a><\/td>\n<\/tr>\n<tr style=\"height: 32px;\">\n<td style=\"width: 567px; height: 32px;\"><a href=\"https:\/\/agora.xtec.cat\/ceipcollbaix\/wp-content\/uploads\/usu1796\/2021\/06\/SEPA-PER-OMPLIR-I-RETORNAR-PER-EMAIL.pdf\" target=\"_blank\" rel=\"noopener noreferrer\"><span style=\"font-size: 16px;\">Dades banc\u00e0ries SEPA<\/span><\/a><\/td>\n<\/tr>\n<tr style=\"height: 32px;\">\n<td style=\"width: 567px; height: 32px;\"><a href=\"https:\/\/agora.xtec.cat\/ceipcollbaix\/wp-content\/uploads\/usu1796\/2020\/07\/AUTORITZACI\u00d3_Sortides-poble-2020.pdf\" target=\"_blank\" rel=\"noopener noreferrer\"><span style=\"font-size: 16px; background-color: #ffffff;\">Autoritzaci\u00f3 sortides per Sant Joan i rodalies<\/span><\/a><\/td>\n<\/tr>\n<tr style=\"height: 32px;\">\n<td style=\"width: 567px; height: 32px;\"><a href=\"https:\/\/agora.xtec.cat\/ceipcollbaix\/wp-content\/uploads\/usu1796\/2020\/07\/AUTORITZACI\u00d3-SORTIDES-Fora.pdf\" target=\"_blank\" rel=\"noopener noreferrer\"><span style=\"font-size: 16px;\">Autoritzaci\u00f3 sortides fora de Sant Joan<\/span><\/a><\/td>\n<\/tr>\n<\/tbody>\n<\/table>\n<p><strong>Si no vau fer la preinscripci\u00f3 a la nostra escola, a m\u00e9s a m\u00e9s, ser\u00e0 necessari que porteu el llibre de fam\u00edlia i el DNI de la mare o el pare sol\u00b7licitant.<\/strong><\/p>\n<p>Recomanem que us llegiu aquest documents abans de venir a l&#8217;escola. Si voleu, els podeu portar impresos de casa. Si ho preferiu, ho podem imprimir des de l&#8217;escola.<\/p>\n<p>&nbsp;<\/p>\n<p>&nbsp;<\/p>\n","protected":false},"excerpt":{"rendered":"<p>La documentaci\u00f3 requerida al nou alumnat \u00e9s la seg\u00fcent:<\/p>\n<p><a href=\"https:\/\/agora.xtec.cat\/ceipcollbaix\/wp-content\/uploads\/usu1796\/2020\/07\/CARTA-DE-COMPROM\u00cdS-EDUCATIU.pdf\" target=\"_blank\" rel=\"noopener noreferrer\">Carta de comprom\u00eds educatiu<\/a><\/p>\n<p><a href=\"https:\/\/agora.xtec.cat\/ceipcollbaix\/wp-content\/uploads\/usu1796\/2020\/09\/imatge-drets.pdf\" target=\"_blank\" rel=\"noopener noreferrer\">Autoritzaci\u00f3 drets d&#8217;imatge<\/a><\/p>\n<p><a href=\"https:\/\/agora.xtec.cat\/ceipcollbaix\/wp-content\/uploads\/usu1796\/2020\/07\/Alta-socis-AMPA-bo.pdf\" target=\"_blank\" rel=\"noopener noreferrer\">Alta socis AMPA<\/a><\/p>\n<p><a href=\"https:\/\/agora.xtec.cat\/ceipcollbaix\/wp-content\/uploads\/usu1796\/2021\/06\/Cessi\u00f3-dades-AMPA-2.pdf\" target=\"_blank\" rel=\"noopener noreferrer\">Cessi\u00f3 dades a AMPA<\/a><\/p>\n<p><a href=\"https:\/\/agora.xtec.cat\/ceipcollbaix\/wp-content\/uploads\/usu1796\/2021\/06\/SEPA-PER-OMPLIR-I-RETORNAR-PER-EMAIL.pdf\" target=\"_blank\" rel=\"noopener noreferrer\">Dades banc\u00e0ries SEPA<\/a><\/p>\n<p><a href=\"https:\/\/agora.xtec.cat\/ceipcollbaix\/wp-content\/uploads\/usu1796\/2020\/07\/AUTORITZACI\u00d3_Sortides-poble-2020.pdf\" target=\"_blank\" rel=\"noopener noreferrer\">Autoritzaci\u00f3&hellip;  <a href=\"https:\/\/agora.xtec.cat\/ceipcollbaix\/projecte-educatiu\/nova-matricula\/\" title=\"Read Nova matr\u00edcula\">Llegeix m\u00e9s\u00bb<\/a><\/p>\n","protected":false},"author":7,"featured_media":0,"parent":64,"menu_order":0,"comment_status":"closed","ping_status":"closed","template":"","meta":{"_bbp_topic_count":0,"_bbp_reply_count":0,"_bbp_total_topic_count":0,"_bbp_total_reply_count":0,"_bbp_voice_count":0,"_bbp_anonymous_reply_count":0,"_bbp_topic_count_hidden":0,"_bbp_reply_count_hidden":0,"_bbp_forum_subforum_count":0,"footnotes":""},"class_list":["post-2859","page","type-page","status-publish","hentry"],"post_mailing_queue_ids":[],"_links":{"self":[{"href":"https:\/\/agora.xtec.cat\/ceipcollbaix\/wp-json\/wp\/v2\/pages\/2859","targetHints":{"allow":["GET"]}}],"collection":[{"href":"https:\/\/agora.xtec.cat\/ceipcollbaix\/wp-json\/wp\/v2\/pages"}],"about":[{"href":"https:\/\/agora.xtec.cat\/ceipcollbaix\/wp-json\/wp\/v2\/types\/page"}],"author":[{"embeddable":true,"href":"https:\/\/agora.xtec.cat\/ceipcollbaix\/wp-json\/wp\/v2\/users\/7"}],"replies":[{"embeddable":true,"href":"https:\/\/agora.xtec.cat\/ceipcollbaix\/wp-json\/wp\/v2\/comments?post=2859"}],"version-history":[{"count":4,"href":"https:\/\/agora.xtec.cat\/ceipcollbaix\/wp-json\/wp\/v2\/pages\/2859\/revisions"}],"predecessor-version":[{"id":4391,"href":"https:\/\/agora.xtec.cat\/ceipcollbaix\/wp-json\/wp\/v2\/pages\/2859\/revisions\/4391"}],"up":[{"embeddable":true,"href":"https:\/\/agora.xtec.cat\/ceipcollbaix\/wp-json\/wp\/v2\/pages\/64"}],"wp:attachment":[{"href":"https:\/\/agora.xtec.cat\/ceipcollbaix\/wp-json\/wp\/v2\/media?parent=2859"}],"curies":[{"name":"wp","href":"https:\/\/api.w.org\/{rel}","templated":true}]}}