{"id":64,"date":"2014-09-18T12:39:08","date_gmt":"2014-09-18T11:39:08","guid":{"rendered":"http:\/\/agora.xtec.cat\/ceipciutatdereus\/?page_id=64"},"modified":"2016-10-04T08:59:44","modified_gmt":"2016-10-04T06:59:44","slug":"projecte-educatiu","status":"publish","type":"page","link":"https:\/\/agora.xtec.cat\/ceipciutatdereus\/lescola\/projecte-educatiu\/","title":{"rendered":"Trets d&#8217;identitat"},"content":{"rendered":"<p><img decoding=\"async\" class=\"aligncenter\" src=\"http:\/\/xtec.cat\/ceipmowgli\/fotos_1011\/abril\/futbol.jpg\" alt=\"Resultado de imagen de escola ciutat de reus\" \/><\/p>\n<p><span style=\"font-size: medium;\">L\u2019escola ent\u00e9n l\u2019educaci\u00f3 com un proc\u00e9s de formaci\u00f3 integral, proporcionant a l\u2019alumne una aut\u00e8ntica igualtat d\u2019oportunitats. Totes les activitats tenen sempre l\u2019alumne com a punt de refer\u00e8ncia per a formar persones solidaries, lliures, responsables, tolerants, respectuoses i participatives, afavorint el seu desenvolupament f\u00edsic, intel\u2022lectual, moral i afectiu. Vol educar en la no discriminaci\u00f3 de ning\u00fa per raons de caire personal, social i \u00e8tnic.<\/span><\/p>\n<p><span style=\"font-size: medium;\"><br \/>\n<\/span><span style=\"font-size: medium;\">L\u2019escola es declara aconfessional, oberta a totes les ideologies que s\u2019emmarquin en el respecte pels drets humans, per la llibertat i el pluralisme ideol\u00f2gic reconeguts a la Constituci\u00f3. Educa sense cap mena de discriminaci\u00f3 per ra\u00f3 de sexe. Es declara catalana d\u2019acord amb la Llei de Normalitzaci\u00f3 Ling\u00fc\u00edstica, es a dir el catal\u00e0 \u00e9s la llengua base de tot l\u2019ensenyament sense discriminar ning\u00fa.<\/span><\/p>\n<p><span style=\"font-size: medium;\"><br \/>\n<\/span><span style=\"font-size: medium;\">L\u2019escola \u00e9s activa, democr\u00e0tica i coparticipativa de tota la comunitat educativa (alumnes, pares, mestres i institucions ciutadanes).<\/span><\/p>\n<p><span style=\"font-size: medium;\"><br \/>\n<\/span><span style=\"font-size: medium;\">Els objectius de l\u2019escola s\u00f3n:<\/span><span style=\"font-size: medium;\"><br \/>\n<\/span><span style=\"font-size: medium;\">\u2022 Formar els alumnes per a la pau, la cooperaci\u00f3 i la solidaritat.<br \/>\n<\/span><span style=\"font-size: medium;\">\u2022 Educar per al respecte al medi ambient.<br \/>\n<\/span><span style=\"font-size: medium;\">\u2022 Fomentar en els alumnes la curiositat intel\u2022lectual, la inquietud social, l\u2019esperit cr\u00edtic, el di\u00e0leg i la participaci\u00f3 democr\u00e0tica en la vida escolar.<br \/>\n<\/span><span style=\"font-size: medium;\">\u2022 Fomentar h\u00e0bits d\u2019higiene i salut f\u00edsica i mental juntament amb el gust per l\u2019exercici f\u00edsic i els esports.<br \/>\n<\/span><span style=\"font-size: medium;\">\u2022 Fomentar relacions positives entre tots els alumnes.<br \/>\n<\/span><span style=\"font-size: medium;\">\u2022 Fomentar en els alumnes h\u00e0bits de treball adequats.<br \/>\n<\/span><span style=\"font-size: medium;\">\u2022 Fomentar la utilitzaci\u00f3 dels recursos inform\u00e0tics.<br \/>\n<\/span><span style=\"font-size: medium;\">\u2022 Fomentar el treball en equip.<\/span><\/p>\n","protected":false},"excerpt":{"rendered":"<p>L\u2019escola ent\u00e9n l\u2019educaci\u00f3 com un proc\u00e9s de formaci\u00f3 integral, proporcionant a l\u2019alumne una aut\u00e8ntica igualtat d\u2019oportunitats. Totes les activitats tenen sempre l\u2019alumne com a punt de refer\u00e8ncia per a formar persones solidaries, lliures, responsables, tolerants, respectuoses i participatives, afavorint el seu desenvolupament f\u00edsic, intel\u2022lectual, moral&hellip;  <a href=\"https:\/\/agora.xtec.cat\/ceipciutatdereus\/lescola\/projecte-educatiu\/\" title=\"Read Trets d&#8217;identitat\">Llegeix m\u00e9s\u00bb<\/a><\/p>\n","protected":false},"author":1,"featured_media":0,"parent":22,"menu_order":0,"comment_status":"closed","ping_status":"closed","template":"page-templates\/side-menu.php","meta":{"_bbp_topic_count":0,"_bbp_reply_count":0,"_bbp_total_topic_count":0,"_bbp_total_reply_count":0,"_bbp_voice_count":0,"_bbp_anonymous_reply_count":0,"_bbp_topic_count_hidden":0,"_bbp_reply_count_hidden":0,"_bbp_forum_subforum_count":0,"footnotes":""},"class_list":["post-64","page","type-page","status-publish","hentry"],"post_mailing_queue_ids":[],"_links":{"self":[{"href":"https:\/\/agora.xtec.cat\/ceipciutatdereus\/wp-json\/wp\/v2\/pages\/64","targetHints":{"allow":["GET"]}}],"collection":[{"href":"https:\/\/agora.xtec.cat\/ceipciutatdereus\/wp-json\/wp\/v2\/pages"}],"about":[{"href":"https:\/\/agora.xtec.cat\/ceipciutatdereus\/wp-json\/wp\/v2\/types\/page"}],"author":[{"embeddable":true,"href":"https:\/\/agora.xtec.cat\/ceipciutatdereus\/wp-json\/wp\/v2\/users\/1"}],"replies":[{"embeddable":true,"href":"https:\/\/agora.xtec.cat\/ceipciutatdereus\/wp-json\/wp\/v2\/comments?post=64"}],"version-history":[{"count":3,"href":"https:\/\/agora.xtec.cat\/ceipciutatdereus\/wp-json\/wp\/v2\/pages\/64\/revisions"}],"predecessor-version":[{"id":464,"href":"https:\/\/agora.xtec.cat\/ceipciutatdereus\/wp-json\/wp\/v2\/pages\/64\/revisions\/464"}],"up":[{"embeddable":true,"href":"https:\/\/agora.xtec.cat\/ceipciutatdereus\/wp-json\/wp\/v2\/pages\/22"}],"wp:attachment":[{"href":"https:\/\/agora.xtec.cat\/ceipciutatdereus\/wp-json\/wp\/v2\/media?parent=64"}],"curies":[{"name":"wp","href":"https:\/\/api.w.org\/{rel}","templated":true}]}}