{"id":32,"date":"2014-09-18T12:31:33","date_gmt":"2014-09-18T11:31:33","guid":{"rendered":"http:\/\/agora.xtec.cat\/ceipciutatdereus\/?page_id=32"},"modified":"2021-05-05T11:48:57","modified_gmt":"2021-05-05T09:48:57","slug":"calendari-del-curs","status":"publish","type":"page","link":"https:\/\/agora.xtec.cat\/ceipciutatdereus\/lescola\/calendari-del-curs\/","title":{"rendered":"Calendari del curs"},"content":{"rendered":"<h3><span style=\"font-size: medium;\"><u>Horari alumnes<\/u>:<\/span><\/h3>\n<p><span style=\"font-size: medium;\"><u><b>Mat\u00ed<\/b><\/u>:\u00a0<\/span><\/p>\n<p><span style=\"font-size: medium;\">\u00a0<\/span><\/p>\n<p><span style=\"font-size: medium;\">Ed. Prim\u00e0ria de 8,30 h a 13<\/span><span style=\"font-size: medium;\"><br \/>\n<\/span><span style=\"font-size: medium;\"><br \/>\n<\/span><span style=\"font-size: medium;\"><br \/>\n<\/span><span style=\"font-size: medium;\"><b><u>Tarda<\/u><\/b>:\u00a0<\/span><\/p>\n<p><span style=\"font-size: medium;\">de 15 h. a 16,30 h.<\/span><\/p>\n<p><span style=\"font-size: medium;\"><br \/>\n<\/span><span style=\"font-size: medium;\"><\/span><\/p>\n<p><span style=\"font-size: medium;\"><br \/>\n<\/span><span style=\"font-size: medium;\">Jornada continuada:<br \/>\n<\/span><span style=\"font-size: medium;\">De 8:30 h. fins les 12:30 h.: El dia 21 de desembre de 2020 i del 07 al 22 juny de 2021.<\/span><\/p>\n<p><span style=\"font-size: medium;\"><br \/>\n<\/span><span style=\"font-size: medium;\">A partir del 23 de juny, l\u2019escola romandr\u00e0 oberta pel mat\u00ed. Tots els mestres hi seran presents i dedicaran la seva activitat laboral a tasques de preparaci\u00f3, programaci\u00f3, revisi\u00f3 i avaluaci\u00f3 del curs.<\/span><\/p>\n<p><span style=\"font-size: medium;\"><br \/>\n<\/span><span style=\"font-size: medium;\">Les visites a Direcci\u00f3 i secretaria les podeu fer tots els matins de: 9 h. a 11 h<\/span><\/p>\n<p><span style=\"font-size: medium;\"><br \/>\n<\/span><span style=\"font-size: medium;\"><u>Vacances<\/u>:<\/span><\/p>\n<h4><span style=\"font-size: medium;\">\u00b7<b>Nadal<\/b>: Del 22 de desembre de 2020 al 11 de gener de 2021, ambd\u00f3s inclosos<\/span><span style=\"font-size: medium;\"><br \/>\n<\/span><span style=\"font-size: medium;\">\u00b7<b>Setmana Santa<\/b>: Del 29 de mar\u00e7 al 5 d\u2019abril, ambd\u00f3s inclosos<\/span><span style=\"font-size: medium;\"><br \/>\n<\/span><span style=\"font-size: medium;\">\u00b7<b>Vacances d&#8217;estiu:<\/b>\u00a0A partir del dia 22 de juny <\/span><\/h4>\n<p><span style=\"font-size: medium;\"><br \/>\n<\/span><span style=\"font-size: medium;\"><b>Altres dies festius<\/b>:<\/span><span style=\"font-size: medium;\"><br \/>\n<\/span><span style=\"font-size: medium;\">\u00b7Dies de lliure disposici\u00f3: 7 de desembre de 2020, 15 i 16 de febrer i 30 d&#8217;abril de 2021.<\/span><span style=\"font-size: medium;\"><br \/>\n<\/span><span style=\"font-size: medium;\">\u00b7Festes locals: 25 de setembre i 29 de juny.<\/span><span style=\"font-size: medium;\"><br \/>\n<\/span><span style=\"font-size: medium;\">\u00b7Dies festius 2013: 12 octubre i 8 desembre de 2020.<\/span><\/p>\n","protected":false},"excerpt":{"rendered":"<p>Horari alumnes:<br \/>\nMat\u00ed:\u00a0<br \/>\n\u00a0<br \/>\nEd. Prim\u00e0ria de 8,30 h a 13<\/p>\n<p>Tarda:\u00a0<br \/>\nde 15 h. a 16,30 h.<\/p>\n<p>Jornada continuada:<br \/>\nDe 8:30 h. fins les 12:30 h.: El dia 21 de desembre de 2020 i del 07 al 22 juny de 2021.<\/p>\n<p>A partir del 23 de juny, l\u2019escola romandr\u00e0 oberta pel mat\u00ed.&hellip;  <a href=\"https:\/\/agora.xtec.cat\/ceipciutatdereus\/lescola\/calendari-del-curs\/\" title=\"Read Calendari del curs\">Llegeix m\u00e9s\u00bb<\/a><\/p>\n","protected":false},"author":1,"featured_media":0,"parent":22,"menu_order":50,"comment_status":"closed","ping_status":"closed","template":"page-templates\/side-menu.php","meta":{"_bbp_topic_count":0,"_bbp_reply_count":0,"_bbp_total_topic_count":0,"_bbp_total_reply_count":0,"_bbp_voice_count":0,"_bbp_anonymous_reply_count":0,"_bbp_topic_count_hidden":0,"_bbp_reply_count_hidden":0,"_bbp_forum_subforum_count":0,"footnotes":""},"class_list":["post-32","page","type-page","status-publish","hentry"],"post_mailing_queue_ids":[],"_links":{"self":[{"href":"https:\/\/agora.xtec.cat\/ceipciutatdereus\/wp-json\/wp\/v2\/pages\/32","targetHints":{"allow":["GET"]}}],"collection":[{"href":"https:\/\/agora.xtec.cat\/ceipciutatdereus\/wp-json\/wp\/v2\/pages"}],"about":[{"href":"https:\/\/agora.xtec.cat\/ceipciutatdereus\/wp-json\/wp\/v2\/types\/page"}],"author":[{"embeddable":true,"href":"https:\/\/agora.xtec.cat\/ceipciutatdereus\/wp-json\/wp\/v2\/users\/1"}],"replies":[{"embeddable":true,"href":"https:\/\/agora.xtec.cat\/ceipciutatdereus\/wp-json\/wp\/v2\/comments?post=32"}],"version-history":[{"count":3,"href":"https:\/\/agora.xtec.cat\/ceipciutatdereus\/wp-json\/wp\/v2\/pages\/32\/revisions"}],"predecessor-version":[{"id":1463,"href":"https:\/\/agora.xtec.cat\/ceipciutatdereus\/wp-json\/wp\/v2\/pages\/32\/revisions\/1463"}],"up":[{"embeddable":true,"href":"https:\/\/agora.xtec.cat\/ceipciutatdereus\/wp-json\/wp\/v2\/pages\/22"}],"wp:attachment":[{"href":"https:\/\/agora.xtec.cat\/ceipciutatdereus\/wp-json\/wp\/v2\/media?parent=32"}],"curies":[{"name":"wp","href":"https:\/\/api.w.org\/{rel}","templated":true}]}}