{"id":26,"date":"2014-09-18T12:24:32","date_gmt":"2014-09-18T11:24:32","guid":{"rendered":"http:\/\/agora.xtec.cat\/ceipciutatdereus\/?page_id=26"},"modified":"2016-09-13T18:42:07","modified_gmt":"2016-09-13T16:42:07","slug":"historia","status":"publish","type":"page","link":"https:\/\/agora.xtec.cat\/ceipciutatdereus\/lescola\/historia\/","title":{"rendered":"Hist\u00f2ria"},"content":{"rendered":"<p><img loading=\"lazy\" decoding=\"async\" class=\"aligncenter\" src=\"http:\/\/cdn01.diarimes.com\/uploads\/imagenes\/bajacalidad\/2016\/03\/17\/_81_eac1027e.jpg\" alt=\"Resultado de imagen de escola ciutat de reus\" width=\"195\" height=\"146\" \/><\/p>\n<p><span style=\"font-size: medium;\">Al voltant dels anys 70 es comen\u00e7a la construcci\u00f3 de l\u2019escola. Mentre, s\u2019habilitaven els baixos d\u2019alguns blocs. All\u00ed es formaven els fonaments reals del col\u2022legi. Quatre aules acollien els infants del barri. Instal\u2022lacions inadequades i pocs recursos varen ser la caracter\u00edstica d\u2019aquells comen\u00e7aments.<\/span><span style=\"font-size: medium;\"><br \/>\n<\/span><span style=\"font-size: medium;\">\u2022 El 1973 s\u2019inaugurava el col\u2022legi amb el nom de: COLEGIO NACIONAL MIXTO \u201cCIUDAD DE REUS\u201d.<\/span><span style=\"font-size: medium;\"><br \/>\n<\/span><span style=\"font-size: medium;\">\u2022 Havia de ser una escola comarcal, per aix\u00f2 la varen construir gran i espaiosa, amb amples patis, en una extensi\u00f3 de 13.000 m2. dels quals, 2.570 m2 edificats.<\/span><span style=\"font-size: medium;\"><br \/>\n<\/span><span style=\"font-size: medium;\">\u2022 Seguint la Ley General de Educaci\u00f3n B\u00e1sica de 1.970 de Villar Palas\u00ed, el centre escolar presentava algunes originalitats:<\/span><span style=\"font-size: medium;\"><br \/>\n<\/span><span style=\"font-size: medium;\">\u2022 Aules molt espaioses, pensades per l\u2019atenci\u00f3 a grans grups. Despr\u00e9s es convertirien en dues o tres classes fins arribar a 29 unitats.<\/span><span style=\"font-size: medium;\"><br \/>\n<\/span><span style=\"font-size: medium;\">\u2022 Rampes de comunicaci\u00f3 entre plantes, que era l\u2019element m\u00e9s noved\u00f3s i que permet encara avui en dia, ser utilitzada per aquells alumnes amb discapacitats motrius.<\/span><span style=\"font-size: medium;\"><br \/>\n<\/span><span style=\"font-size: medium;\">\u2022 Una sala d\u2019actes o d\u2019usos m\u00faltiples, que ha estat escenari d\u2019infinitats d\u2019actuacions diverses.<\/span><span style=\"font-size: medium;\"><br \/>\n<\/span><span style=\"font-size: medium;\">\u2022 Una enorme aula de pl\u00e0stica i pretecnologia, avui ocupada pels SSTT del Departament d\u2019Educaci\u00f3.<\/span><span style=\"font-size: medium;\"><br \/>\n<\/span><span style=\"font-size: medium;\">\u2022 El menjador escolar.<\/span><span style=\"font-size: medium;\"><br \/>\n<\/span><span style=\"font-size: medium;\">\u2022 Una biblioteca.<\/span><span style=\"font-size: medium;\"><br \/>\n<\/span><span style=\"font-size: medium;\">\u2022 Un laboratori.<\/span><span style=\"font-size: medium;\"><br \/>\n<\/span><span style=\"font-size: medium;\">\u2022 Dos gimnasos.<\/span><\/p>\n<p><span style=\"font-size: medium;\"><br \/>\n<\/span><span style=\"font-size: medium;\">Formalment el col\u2022legi comen\u00e7a el 17 de setembre de 1.973. Els alumnes venien d\u2019altres unitats escolars: Rubi\u00f3 i Ors, Primo de Rivera i els quatre grups procedents de les aules provisionals que ja funcionaven al barri.<\/span><span style=\"font-size: medium;\"><br \/>\n<\/span><span style=\"font-size: medium;\">Inicialment, el 60% de l\u2019alumnat provenia del casc antic de la ciutat per\u00f2 progressivament, aquest percentatge va anar minvant a favor dels alumnes procedents del propi barri.<\/span><span style=\"font-size: medium;\"><br \/>\n<\/span><span style=\"font-size: medium;\">La mort de Franco, el novembre de 1.975, tanca una etapa i obre la porta de la liberalitzaci\u00f3 pol\u00edtica, social i cultural en tots els \u00e0mbits que comportar\u00e0 una s\u00e8rie de canvis:<\/span><span style=\"font-size: medium;\"><br \/>\n<\/span><span style=\"font-size: medium;\">\u2022 Canvi de nom i de titularitat dels centres escolars de Catalunya: El nostre es passa a dir Col\u2022legi P\u00fablic \u201cCiutat de Reus\u201d.<br \/>\n<\/span><span style=\"font-size: medium;\">\u2022 Recuperaci\u00f3 progressiva de la llengua catalana.<br \/>\n<\/span><span style=\"font-size: medium;\">\u2022 Recuperaci\u00f3 de la identitat cultural pr\u00f2pia de Catalunya a trav\u00e9s dels llibres de text i l\u2019\u00fas de la llengua catalana en tots els \u00e0mbits de comunicaci\u00f3.<\/span><\/p>\n<p><span style=\"font-size: medium;\"><br \/>\n<\/span><span style=\"font-size: medium;\">El 1.983, la Llei de Normalitzaci\u00f3 Ling\u00fc\u00edstica afavoreix la Immersi\u00f3 Ling\u00fc\u00edstica.<br \/>\n<\/span><span style=\"font-size: medium;\">Durant aquesta primera d\u00e8cada de vida del centre, l\u2019escola:<\/span><span style=\"font-size: medium;\"><br \/>\n<\/span><span style=\"font-size: medium;\">\u2022 Comen\u00e7a a participar a les Olimpiades Escolars, aconseguint un nivell esportiu \u00f2ptim.<br \/>\n<\/span><span style=\"font-size: medium;\">\u2022 Participa a la Mostra de Teatre Infantil.<br \/>\n<\/span><span style=\"font-size: medium;\">\u2022 Pren part en campionats escolars locals i comarcals.<br \/>\n<\/span><span style=\"font-size: medium;\">\u2022 Posa en funcionament el menjador escolar.<br \/>\n<\/span><span style=\"font-size: medium;\">\u2022 Impulsa, seguint un corrent de recuperaci\u00f3 de les nostres festes, la celebraci\u00f3 de la Castanyada, el Ti\u00f3, el Carnaval i Sant Jordi.<\/span><\/p>\n<p><span style=\"font-size: medium;\"><br \/>\n<\/span><span style=\"font-size: medium;\">Durant el curs 1.986\/87 sorgeixen els primers equips directius elegits democr\u00e0ticament que s\u2019han d\u2019enfrontar als nous reptes que el canvi exigeix:<\/span><span style=\"font-size: medium;\"><br \/>\n<\/span><span style=\"font-size: medium;\">\u2022 Projecte Educatiu de Centre.<br \/>\n<\/span><span style=\"font-size: medium;\">\u2022 Nou Reglament de R\u00e8gim Intern.<br \/>\n<\/span><span style=\"font-size: medium;\">\u2022 La Immersi\u00f3 Ling\u00fc\u00edstica.<br \/>\n<\/span><span style=\"font-size: medium;\">\u2022 Aplicaci\u00f3 de la LODE als plans d\u2019estudis: canvis, reformes, reestructuracions. S\u2019informa a tota la comunitat educativa dels nous valors democr\u00e0tics de la Llei que inclou la participaci\u00f3 mitjan\u00e7ant eleccions dels membres que integren els Consells Escolars, fent-los operatius i efica\u00e7os.<\/span><\/p>\n<p><span style=\"font-size: medium;\"><br \/>\n<\/span><span style=\"font-size: medium;\">La implantaci\u00f3 de les noves Llei d\u2019Educaci\u00f3, des la LOGSE fins avui, comporta per part de tota la comunitat educativa un esfor\u00e7 de renovaci\u00f3 constant que ens permet caminar adequant-nos a les necessitats d\u2019una societat que avan\u00e7a en el progr\u00e9s.<\/span><\/p>\n<p><span style=\"font-size: medium;\"><br \/>\n<\/span><span style=\"font-size: medium;\">Actualment, l\u2019espai no utilitzat de l\u2019edifici ha perm\u00e8s ubicar altres instal\u2022lacions del Departament d\u2019Educaci\u00f3: CRP, Inspecci\u00f3, EAPS. LIC\u2026<\/span><\/p>\n","protected":false},"excerpt":{"rendered":"<p>Al voltant dels anys 70 es comen\u00e7a la construcci\u00f3 de l\u2019escola. Mentre, s\u2019habilitaven els baixos d\u2019alguns blocs. All\u00ed es formaven els fonaments reals del col\u2022legi. Quatre aules acollien els infants del barri. Instal\u2022lacions inadequades i pocs recursos varen ser la caracter\u00edstica d\u2019aquells comen\u00e7aments.<br \/>\n\u2022 El 1973&hellip;  <a href=\"https:\/\/agora.xtec.cat\/ceipciutatdereus\/lescola\/historia\/\" title=\"Read Hist\u00f2ria\">Llegeix m\u00e9s\u00bb<\/a><\/p>\n","protected":false},"author":1,"featured_media":0,"parent":22,"menu_order":20,"comment_status":"closed","ping_status":"closed","template":"page-templates\/side-menu.php","meta":{"_bbp_topic_count":0,"_bbp_reply_count":0,"_bbp_total_topic_count":0,"_bbp_total_reply_count":0,"_bbp_voice_count":0,"_bbp_anonymous_reply_count":0,"_bbp_topic_count_hidden":0,"_bbp_reply_count_hidden":0,"_bbp_forum_subforum_count":0,"footnotes":""},"class_list":["post-26","page","type-page","status-publish","hentry"],"post_mailing_queue_ids":[],"_links":{"self":[{"href":"https:\/\/agora.xtec.cat\/ceipciutatdereus\/wp-json\/wp\/v2\/pages\/26","targetHints":{"allow":["GET"]}}],"collection":[{"href":"https:\/\/agora.xtec.cat\/ceipciutatdereus\/wp-json\/wp\/v2\/pages"}],"about":[{"href":"https:\/\/agora.xtec.cat\/ceipciutatdereus\/wp-json\/wp\/v2\/types\/page"}],"author":[{"embeddable":true,"href":"https:\/\/agora.xtec.cat\/ceipciutatdereus\/wp-json\/wp\/v2\/users\/1"}],"replies":[{"embeddable":true,"href":"https:\/\/agora.xtec.cat\/ceipciutatdereus\/wp-json\/wp\/v2\/comments?post=26"}],"version-history":[{"count":2,"href":"https:\/\/agora.xtec.cat\/ceipciutatdereus\/wp-json\/wp\/v2\/pages\/26\/revisions"}],"predecessor-version":[{"id":462,"href":"https:\/\/agora.xtec.cat\/ceipciutatdereus\/wp-json\/wp\/v2\/pages\/26\/revisions\/462"}],"up":[{"embeddable":true,"href":"https:\/\/agora.xtec.cat\/ceipciutatdereus\/wp-json\/wp\/v2\/pages\/22"}],"wp:attachment":[{"href":"https:\/\/agora.xtec.cat\/ceipciutatdereus\/wp-json\/wp\/v2\/media?parent=26"}],"curies":[{"name":"wp","href":"https:\/\/api.w.org\/{rel}","templated":true}]}}