{"id":66,"date":"2014-09-18T12:40:47","date_gmt":"2014-09-18T12:40:47","guid":{"rendered":"http:\/\/agora.xtec.cat\/ceipcintacurto\/?page_id=66"},"modified":"2016-02-09T07:45:25","modified_gmt":"2016-02-09T06:45:25","slug":"activitats","status":"publish","type":"page","link":"https:\/\/agora.xtec.cat\/ceipcintacurto\/activitats\/","title":{"rendered":"Activitats"},"content":{"rendered":"<p style=\"text-align: center;\"><span style=\"color: ffffff; font-family: Script MT Bold; font-size: xx-large;\">Les <span lang=\"es\">festes, les <\/span>activitats complement\u00e0ries i <span lang=\"es\">les <\/span>extraescolars afavoreixen la conviv\u00e8ncia i la cooperaci\u00f3 entre l\u2019alumnat, la igualtat d\u2019oportunitats, la implicaci\u00f3<span lang=\"es\"> de les fam\u00edlies<\/span> i la interacci\u00f3 amb l\u2019entorn.<\/span><\/p>\n","protected":false},"excerpt":{"rendered":"<p>Les festes, les activitats complement\u00e0ries i les extraescolars afavoreixen la conviv\u00e8ncia i la cooperaci\u00f3 entre l\u2019alumnat, la igualtat d\u2019oportunitats, la implicaci\u00f3 de les fam\u00edlies i la interacci\u00f3 amb l\u2019entorn.<\/p>\n","protected":false},"author":2,"featured_media":0,"parent":0,"menu_order":0,"comment_status":"closed","ping_status":"closed","template":"page-templates\/side-menu.php","meta":{"_bbp_topic_count":0,"_bbp_reply_count":0,"_bbp_total_topic_count":0,"_bbp_total_reply_count":0,"_bbp_voice_count":0,"_bbp_anonymous_reply_count":0,"_bbp_topic_count_hidden":0,"_bbp_reply_count_hidden":0,"_bbp_forum_subforum_count":0,"footnotes":""},"class_list":["post-66","page","type-page","status-publish","hentry"],"post_mailing_queue_ids":[],"_links":{"self":[{"href":"https:\/\/agora.xtec.cat\/ceipcintacurto\/wp-json\/wp\/v2\/pages\/66","targetHints":{"allow":["GET"]}}],"collection":[{"href":"https:\/\/agora.xtec.cat\/ceipcintacurto\/wp-json\/wp\/v2\/pages"}],"about":[{"href":"https:\/\/agora.xtec.cat\/ceipcintacurto\/wp-json\/wp\/v2\/types\/page"}],"author":[{"embeddable":true,"href":"https:\/\/agora.xtec.cat\/ceipcintacurto\/wp-json\/wp\/v2\/users\/2"}],"replies":[{"embeddable":true,"href":"https:\/\/agora.xtec.cat\/ceipcintacurto\/wp-json\/wp\/v2\/comments?post=66"}],"version-history":[{"count":4,"href":"https:\/\/agora.xtec.cat\/ceipcintacurto\/wp-json\/wp\/v2\/pages\/66\/revisions"}],"predecessor-version":[{"id":1531,"href":"https:\/\/agora.xtec.cat\/ceipcintacurto\/wp-json\/wp\/v2\/pages\/66\/revisions\/1531"}],"wp:attachment":[{"href":"https:\/\/agora.xtec.cat\/ceipcintacurto\/wp-json\/wp\/v2\/media?parent=66"}],"curies":[{"name":"wp","href":"https:\/\/api.w.org\/{rel}","templated":true}]}}