{"id":4924,"date":"2017-01-10T06:59:19","date_gmt":"2017-01-10T05:59:19","guid":{"rendered":"http:\/\/agora.xtec.cat\/ceipcintacurto\/?page_id=4924"},"modified":"2017-05-03T19:23:31","modified_gmt":"2017-05-03T17:23:31","slug":"recursos-matematiques","status":"publish","type":"page","link":"https:\/\/agora.xtec.cat\/ceipcintacurto\/recursos-matematiques\/","title":{"rendered":"Recursos. Matem\u00e0tiques"},"content":{"rendered":"<h3 style=\"text-align: left;\">\u00a0 \u00a0 \u00a0 \u00a0NOMBRES DECIMALS<\/h3>\n<p><a href=\"http:\/\/agora.xtec.cat\/ceipcintacurto\/wp-content\/uploads\/usu187\/2017\/01\/nombres-decimals.png\"><img loading=\"lazy\" decoding=\"async\" class=\"alignnone size-full wp-image-4925\" src=\"http:\/\/agora.xtec.cat\/ceipcintacurto\/wp-content\/uploads\/usu187\/2017\/01\/nombres-decimals.png\" alt=\"nombres-decimals\" width=\"641\" height=\"369\" srcset=\"https:\/\/agora.xtec.cat\/ceipcintacurto\/wp-content\/uploads\/usu187\/2017\/01\/nombres-decimals.png 641w, https:\/\/agora.xtec.cat\/ceipcintacurto\/wp-content\/uploads\/usu187\/2017\/01\/nombres-decimals-300x173.png 300w\" sizes=\"auto, (max-width: 641px) 100vw, 641px\" \/><\/a><\/p>\n<p>&nbsp;<\/p>\n<p><a href=\"http:\/\/cloret.ceipflix.cat\/_recursosFlash\/matematiques\/cs\/decimals.swf\" target=\"_blank\"><strong>REPRESENTACI\u00d3 DE FRACCIONS DECIMALS<\/strong><\/a><\/p>\n<p><a href=\"http:\/\/www.jverdaguer.org\/jsmedia\/002decimal4\/unidecicente.swf\">UNITATS, D\u00c8CIMES, CENT\u00c8SIMES<\/a><\/p>\n<p><a href=\"http:\/\/cloret.ceipflix.cat\/_recursosFlash\/matematiques\/cs\/taula_decimals.swf\" target=\"_blank\"><strong>DESCOMPOSICI\u00d3 DE NOMBRES DECIMALS<\/strong><\/a><\/p>\n<p><a href=\"http:\/\/www.escolamariagali.cat\/act\/decimal5.swf\">CONEGUEM ELS NOMBRES DECIMALS<\/a><\/p>\n<p><strong><a href=\"http:\/\/www.primaria.librosvivos.net\/archivosCMS\/3\/3\/16\/usuarios\/103294\/9\/4EP_mate_ud7_comparadecimales\/frame_prim.swf\">COMPARAR DECIMALS<\/a>\u00a01<\/strong><\/p>\n<p><a href=\"http:\/\/www.jverdaguer.org\/jsmedia\/002aprenem\/cinque\/decimals\/gpdecimals4.swf\">COMPARAR DECIMALS 2<\/a><\/p>\n<p><a href=\"https:\/\/www.matematicasonline.es\/anaya\/primaria\/primaria5\/ud04\/3\/03.htm\">COMPARAR DECIMALS 3<\/a><\/p>\n<p><a href=\"https:\/\/www.matematicasonline.es\/tanque\/decimales_e3\/comparaciondb_p.html\">COMPARAR DECIMALS 4<\/a><\/p>\n<p><a href=\"http:\/\/www.portaleducativo.net\/quinto-basico\/763\/representar-numeros-decimales-en-la-recta-numerica\">ELS DECIMALS A LA RECTA NUM\u00c8RICA 1<\/a><\/p>\n<p><a href=\"http:\/\/www.primaria.librosvivos.net\/archivosCMS\/3\/3\/16\/usuarios\/103294\/9\/6EP_Mat_cas_ud2_196\/frame_prim.swf\">ELS DECIMALS A LA RECTA NUM\u00c8RICA<\/a> 2<\/p>\n<p><a href=\"https:\/\/www.matematicasonline.es\/anaya\/primaria\/primaria5\/ud04\/2\/02.htm\">ELS DECIMALS A LA RECTA NUM\u00c8RICA 3<\/a><\/p>\n<p><a href=\"http:\/\/www.jverdaguer.org\/jsmedia\/002aprenem\/tercer\/operacions\/decimals3.swf\">SUMAR DECIMALS 1<\/a><\/p>\n<p><a href=\"http:\/\/genmagic.net\/repositorio\/displayimage.php?pos=-301\">SUMAR DECIMALS\u00a0<\/a>2<\/p>\n<p><a href=\"http:\/\/www.jverdaguer.org\/jsmedia\/002aprenem\/cinque\/sumes%20portant\/sumadeci.swf\">SUMAR DECIMALS 3<\/a><\/p>\n<p><a href=\"http:\/\/www.joaquincarrion.com\/Recursosdidacticos\/SEXTO\/datos\/03_Mates\/datos\/05_rdi\/ud06\/4\/04.htm\">SUMAR I RESTAR DECIMALS<\/a><\/p>\n<p><a href=\"http:\/\/www.primaria.librosvivos.net\/archivosCMS\/3\/3\/16\/usuarios\/103294\/9\/5EP_Mat_cas_ud7_Multi_deci_natur\/frame_prim.swf\">MULTIPLIQUEM DECIMALS<\/a><\/p>\n<p><a href=\"http:\/\/www.joaquincarrion.com\/Recursosdidacticos\/SEXTO\/datos\/03_Mates\/datos\/05_rdi\/ud06\/5\/05.htm\">MULTIPLIQUEM DECIMALS 1<\/a><br \/>\n<iframe loading=\"lazy\" src=\"https:\/\/www.youtube.com\/embed\/vgrj436JX64\" width=\"560\" height=\"315\" frameborder=\"0\" allowfullscreen=\"allowfullscreen\"><\/iframe><br \/>\n________________________________________________<\/p>\n<p><a href=\"http:\/\/elquinzet.org\/LluisSegarra\/videos\/trucsdecalcul.swf\">ESTRAT\u00c8GIES DE C\u00c0LCUL<\/a>: TRUCS DE C\u00c0LCUL<\/p>\n<p><a href=\"http:\/\/www.sudoku-online.org\/\">SUDOKU<\/a><\/p>\n<p>&#8212;&#8212;&#8212;&#8212;&#8212;&#8212;&#8212;&#8212;&#8212;&#8212;&#8212;&#8212;&#8212;&#8212;&#8212;&#8212;&#8212;&#8212;&#8212;&#8212;&#8212;&#8212;&#8212;&#8212;&#8212;&#8212;&#8212;&#8212;<\/p>\n<h3 style=\"text-align: left;\">GEOMETRIA<\/h3>\n<p><a href=\"http:\/\/www.xtec.cat\/~storres1\/catala\/autoaval\/dibuixtec\/memoria\/portangles.htm\">MESURAR ANGLES<\/a><\/p>\n<p><a href=\"http:\/\/www.genmagic.org\/mates1\/ra1c.swf\">MESURES ANGLES 1<\/a><\/p>\n<p><a href=\"http:\/\/www.edu365.cat\/primaria\/muds\/matematiques\/angle\/\">MESURAR ANGLES<\/a>\u00a02<\/p>\n<p><a href=\"http:\/\/clic.xtec.cat\/quaderns\/smora\/geogebra02\/classes_angles.swf\">TIPUS D&#8217;ANGLES<\/a><\/p>\n<p><img loading=\"lazy\" decoding=\"async\" class=\"alignnone\" src=\"https:\/\/image.slidesharecdn.com\/rectesiangles-140202114541-phpapp02\/95\/rectes-i-angles-2-638.jpg?cb=1391341572\" width=\"638\" height=\"479\" \/><\/p>\n<p><a href=\"http:\/\/www.edu365.cat\/primaria\/muds\/matematiques\/recta\/index.html\">RECTES I ANGLES<\/a><\/p>\n<p><a href=\"http:\/\/www.genmagic.org\/mates1\/ra1.swf\">RECTES I ANGLES 1<\/a><\/p>\n<table>\n<tbody>\n<tr>\n<td><img loading=\"lazy\" decoding=\"async\" class=\"alignnone\" src=\"https:\/\/sites.google.com\/site\/4t2012escolasantjosep\/_\/rsrc\/1361217045963\/mates\/temes-mates\/tema-6\/6-2---espai-i-forma\/621-classificaciodelstriangles\/Classificaci%C3%B3%20triangles_2.png?height=330&amp;width=400\" width=\"400\" height=\"330\" \/><\/td>\n<td><img loading=\"lazy\" decoding=\"async\" class=\"alignnone\" src=\"https:\/\/sites.google.com\/site\/4t2012escolasantjosep\/_\/rsrc\/1361217117045\/mates\/temes-mates\/tema-6\/6-2---espai-i-forma\/621-classificaciodelstriangles\/Classificaci%C3%B3%20triangles_3.png?height=330&amp;width=400\" width=\"400\" height=\"330\" \/><\/td>\n<\/tr>\n<\/tbody>\n<\/table>\n<div><img loading=\"lazy\" decoding=\"async\" class=\"alignnone\" src=\"https:\/\/sites.google.com\/site\/4t2012escolasantjosep\/_\/rsrc\/1361217192656\/mates\/temes-mates\/tema-6\/6-2---espai-i-forma\/621-classificaciodelstriangles\/Classificaci%C3%B3%20triangles_4.png\" width=\"800\" height=\"660\" \/><\/div>\n<div><\/div>\n<div><span style=\"font-size: medium;\"><a href=\"http:\/\/clic.xtec.cat\/quaderns\/smora\/geogebra01\/html\/section_2.htm?&amp;skin=default&amp;js=http:\/\/clic.xtec.cat\/qv_viewer\/dist\/html\/scripts\/&amp;appl=http:\/\/clic.xtec.cat\/qv_viewer\/dist\/html\/appl\/&amp;css=http:\/\/clic.xtec.cat\/qv_viewer\/dist\/html\/css\/\" target=\"_blank\" rel=\"nofollow\">QUADERNS VIRTUALS &#8211; CLASSIFICACI\u00d3 DELS TRIANGLES<\/a><\/span><\/div>\n<div><\/div>\n<div><span style=\"font-size: medium;\"><a href=\"http:\/\/www.edu365.cat\/primaria\/muds\/matematiques\/poligons1\/\" target=\"_blank\" rel=\"nofollow\">EDU 365 &#8211; TIPUS DE TRIANGLES<\/a><\/span><\/div>\n<div><\/div>\n<div><span style=\"font-size: medium;\"><a href=\"http:\/\/www.edu365.cat\/primaria\/muds\/matematiques\/triangle\/index.html\" target=\"_blank\" rel=\"nofollow\">EDU 365 &#8211; TIPUS DE TRIANGLES SEGONS ELS COSTATS I ELS ANGLES<\/a><\/span><\/div>\n<div><\/div>\n<div><span style=\"font-size: medium;\"><a href=\"http:\/\/www.thatquiz.cat\/ca-A\/?-j1-la-p0\" target=\"_blank\" rel=\"nofollow\">JOC DELS TRIANGLES<\/a><\/span><\/div>\n<div><\/div>\n<div><span style=\"font-size: medium;\"><a href=\"http:\/\/clic.xtec.cat\/db\/jclicApplet.jsp?project=http:\/\/clic.xtec.cat\/projects\/triquad\/jclic\/triquad.jclic.zip&amp;lang=ca&amp;title=Triangles+i+quadril%E0ters+CM\" target=\"_blank\" rel=\"nofollow\">JCLIC &#8211; TRIANGLES I QUADRIL\u00c0TERS<\/a><\/span><\/div>\n<div><\/div>\n<div><img loading=\"lazy\" decoding=\"async\" class=\"alignnone\" src=\"https:\/\/image.slidesharecdn.com\/classificacitrianglesiquadrilters-140201061556-phpapp01\/95\/classificaci-de-triangles-i-quadrilters-5-638.jpg?cb=1391235383\" width=\"638\" height=\"694\" \/><\/div>\n<div><\/div>\n<div><a href=\"http:\/\/www.edu365.cat\/primaria\/muds\/matematiques\/poligons\/\">POL\u00cdGONS, QUADRIL\u00c0TERS<\/a><\/div>\n<div><\/div>\n<div><a href=\"http:\/\/www.edu365.cat\/primaria\/muds\/matematiques\/quadrilaters\/index.htm#\">QUADRIL\u00c0TERS, TRAPEZIS I PARAL\u00b7LELOGRAMS<\/a><\/div>\n<div><\/div>\n<div><a href=\"http:\/\/www.xtec.cat\/%7Eepuig124\/mates\/geometria\/index.htm\">Per pr\u00e0cticar<\/a><\/div>\n<div><\/div>\n<div><\/div>\n<h3>FRACCIONS<\/h3>\n<div><\/div>\n<div><img loading=\"lazy\" decoding=\"async\" class=\"alignnone\" src=\"http:\/\/blocs.xtec.cat\/perfipadrins\/files\/2014\/03\/equivalents01-1.jpg\" width=\"636\" height=\"409\" \/><\/div>\n<div><\/div>\n<div><\/div>\n<div><a href=\"http:\/\/www.sheppardsoftware.com\/mathgames\/fractions\/memory_equivalent1.swf\">FRACCIONS EQUIVALENTS <\/a><\/div>\n<div><\/div>\n<div><a href=\"http:\/\/www.primaria.librosvivos.net\/archivosCMS\/3\/3\/16\/usuarios\/103294\/9\/5EP_Mate_cas_ud4_fra_equiv175\/frame_prim.swf\">FRACCIONS EQUIVALENTS 1<\/a><\/div>\n<div><\/div>\n<div><a href=\"http:\/\/www.xtec.cat\/~voliu\/fraccions\/fraccions_equivalents.html\">FRACCIONS EQUIVALENTS 3 \u00a0(problemes)<\/a><\/div>\n<div><\/div>\n<div><a href=\"http:\/\/www.vedoque.com\/juegos\/matematicas-04-fracciones.swf?idioma=es\">FRACCIONS <\/a><\/div>\n<div><\/div>\n<div>SUMEM I RESTEM FRACCIONS<\/div>\n<div><\/div>\n<div>\u00a0<img loading=\"lazy\" decoding=\"async\" class=\"alignnone\" src=\"http:\/\/www.xtec.cat\/~voliu\/fraccions\/imatge10.gif\" width=\"618\" height=\"278\" \/><\/div>\n<div><\/div>\n<div><a href=\"http:\/\/www.xtec.cat\/~voliu\/fraccions\/suma_i_resta_de_fraccions_digual_denominador.html\">OPERACIONS AMB FRACCIONS 1<\/a><\/div>\n<div><a href=\"https:\/\/www.matematicasonline.es\/Isftic\/fracciones\/menu.html\">\u00a0<\/a><\/div>\n<div><a href=\"https:\/\/www.matematicasonline.es\/Isftic\/fracciones\/menu.html\">OPERACIONS AMB FRACCIONS<\/a><\/div>\n<div><\/div>\n<div><\/div>\n<div><\/div>\n","protected":false},"excerpt":{"rendered":"<p>\u00a0 \u00a0 \u00a0 \u00a0NOMBRES DECIMALS &nbsp; REPRESENTACI\u00d3 DE FRACCIONS DECIMALS UNITATS, D\u00c8CIMES, CENT\u00c8SIMES DESCOMPOSICI\u00d3 DE NOMBRES DECIMALS CONEGUEM ELS NOMBRES DECIMALS COMPARAR DECIMALS\u00a01 COMPARAR DECIMALS 2 COMPARAR DECIMALS 3 COMPARAR DECIMALS 4 ELS DECIMALS A LA RECTA NUM\u00c8RICA 1 ELS DECIMALS A LA RECTA NUM\u00c8RICA 2 ELS DECIMALS A LA RECTA NUM\u00c8RICA 3 SUMAR DECIMALS [&hellip;]<\/p>\n","protected":false},"author":1,"featured_media":0,"parent":0,"menu_order":0,"comment_status":"open","ping_status":"open","template":"","meta":{"_bbp_topic_count":0,"_bbp_reply_count":0,"_bbp_total_topic_count":0,"_bbp_total_reply_count":0,"_bbp_voice_count":0,"_bbp_anonymous_reply_count":0,"_bbp_topic_count_hidden":0,"_bbp_reply_count_hidden":0,"_bbp_forum_subforum_count":0,"site-sidebar-layout":"default","site-content-layout":"","ast-site-content-layout":"","site-content-style":"default","site-sidebar-style":"default","ast-global-header-display":"","ast-banner-title-visibility":"","ast-main-header-display":"","ast-hfb-above-header-display":"","ast-hfb-below-header-display":"","ast-hfb-mobile-header-display":"","site-post-title":"","ast-breadcrumbs-content":"","ast-featured-img":"","footer-sml-layout":"","theme-transparent-header-meta":"","adv-header-id-meta":"","stick-header-meta":"","header-above-stick-meta":"","header-main-stick-meta":"","header-below-stick-meta":"","astra-migrate-meta-layouts":"default","ast-page-background-enabled":"default","ast-page-background-meta":{"desktop":{"background-color":"var(--ast-global-color-4)","background-image":"","background-repeat":"repeat","background-position":"center center","background-size":"auto","background-attachment":"scroll","background-type":"","background-media":"","overlay-type":"","overlay-color":"","overlay-opacity":"","overlay-gradient":""},"tablet":{"background-color":"","background-image":"","background-repeat":"repeat","background-position":"center center","background-size":"auto","background-attachment":"scroll","background-type":"","background-media":"","overlay-type":"","overlay-color":"","overlay-opacity":"","overlay-gradient":""},"mobile":{"background-color":"","background-image":"","background-repeat":"repeat","background-position":"center center","background-size":"auto","background-attachment":"scroll","background-type":"","background-media":"","overlay-type":"","overlay-color":"","overlay-opacity":"","overlay-gradient":""}},"ast-content-background-meta":{"desktop":{"background-color":"var(--ast-global-color-5)","background-image":"","background-repeat":"repeat","background-position":"center center","background-size":"auto","background-attachment":"scroll","background-type":"","background-media":"","overlay-type":"","overlay-color":"","overlay-opacity":"","overlay-gradient":""},"tablet":{"background-color":"var(--ast-global-color-5)","background-image":"","background-repeat":"repeat","background-position":"center center","background-size":"auto","background-attachment":"scroll","background-type":"","background-media":"","overlay-type":"","overlay-color":"","overlay-opacity":"","overlay-gradient":""},"mobile":{"background-color":"var(--ast-global-color-5)","background-image":"","background-repeat":"repeat","background-position":"center center","background-size":"auto","background-attachment":"scroll","background-type":"","background-media":"","overlay-type":"","overlay-color":"","overlay-opacity":"","overlay-gradient":""}},"footnotes":""},"class_list":["post-4924","page","type-page","status-publish","hentry"],"post_mailing_queue_ids":[],"_links":{"self":[{"href":"https:\/\/agora.xtec.cat\/ceipcintacurto\/wp-json\/wp\/v2\/pages\/4924","targetHints":{"allow":["GET"]}}],"collection":[{"href":"https:\/\/agora.xtec.cat\/ceipcintacurto\/wp-json\/wp\/v2\/pages"}],"about":[{"href":"https:\/\/agora.xtec.cat\/ceipcintacurto\/wp-json\/wp\/v2\/types\/page"}],"author":[{"embeddable":true,"href":"https:\/\/agora.xtec.cat\/ceipcintacurto\/wp-json\/wp\/v2\/users\/1"}],"replies":[{"embeddable":true,"href":"https:\/\/agora.xtec.cat\/ceipcintacurto\/wp-json\/wp\/v2\/comments?post=4924"}],"version-history":[{"count":3,"href":"https:\/\/agora.xtec.cat\/ceipcintacurto\/wp-json\/wp\/v2\/pages\/4924\/revisions"}],"predecessor-version":[{"id":6371,"href":"https:\/\/agora.xtec.cat\/ceipcintacurto\/wp-json\/wp\/v2\/pages\/4924\/revisions\/6371"}],"wp:attachment":[{"href":"https:\/\/agora.xtec.cat\/ceipcintacurto\/wp-json\/wp\/v2\/media?parent=4924"}],"curies":[{"name":"wp","href":"https:\/\/api.w.org\/{rel}","templated":true}]}}