{"id":315,"date":"2015-09-23T15:34:05","date_gmt":"2015-09-23T14:34:05","guid":{"rendered":"http:\/\/agora.xtec.cat\/ceipcintacurto\/?page_id=315"},"modified":"2025-10-30T13:03:35","modified_gmt":"2025-10-30T12:03:35","slug":"ampa","status":"publish","type":"page","link":"https:\/\/agora.xtec.cat\/ceipcintacurto\/ampa\/","title":{"rendered":"Associaci\u00f3 de Fam\u00edlies d&#8217;Alumnes"},"content":{"rendered":"<p>&nbsp;<\/p>\n<p><a href=\"https:\/\/sites.google.com\/view\/afa-cinta-curto\/home?authuser=0\"><img loading=\"lazy\" decoding=\"async\" class=\"alignnone size-large wp-image-21170\" src=\"https:\/\/agora.xtec.cat\/ceipcintacurto\/wp-content\/uploads\/usu187\/2020\/02\/WEB-AFA-1024x512.png\" alt=\"\" width=\"1024\" height=\"512\" srcset=\"https:\/\/agora.xtec.cat\/ceipcintacurto\/wp-content\/uploads\/usu187\/2020\/02\/WEB-AFA-1024x512.png 1024w, https:\/\/agora.xtec.cat\/ceipcintacurto\/wp-content\/uploads\/usu187\/2020\/02\/WEB-AFA-300x150.png 300w, https:\/\/agora.xtec.cat\/ceipcintacurto\/wp-content\/uploads\/usu187\/2020\/02\/WEB-AFA-768x384.png 768w, https:\/\/agora.xtec.cat\/ceipcintacurto\/wp-content\/uploads\/usu187\/2020\/02\/WEB-AFA.png 1107w\" sizes=\"auto, (max-width: 1024px) 100vw, 1024px\" \/><\/a><\/p>\n<p>LA COMUNICACI\u00d3 AMB L&#8217;AFA \u00c9S A TRAV\u00c9S DEL CORREU ELECTR\u00d2NIC SEG\u00dcENT:<\/p>\n<p>ampacintacurto@gmail.com<\/p>\n<p>&nbsp;<\/p>\n","protected":false},"excerpt":{"rendered":"<p>&nbsp;<br \/>\n<a href=\"https:\/\/sites.google.com\/view\/afa-cinta-curto\/home?authuser=0\"><\/a><br \/>\nLA COMUNICACI\u00d3 AMB L&#8217;AFA \u00c9S A TRAV\u00c9S DEL CORREU ELECTR\u00d2NIC SEG\u00dcENT:<br \/>\nampacintacurto@gmail.com<br \/>\n&nbsp;<\/p>\n","protected":false},"author":1,"featured_media":0,"parent":0,"menu_order":0,"comment_status":"closed","ping_status":"closed","template":"","meta":{"_bbp_topic_count":0,"_bbp_reply_count":0,"_bbp_total_topic_count":0,"_bbp_total_reply_count":0,"_bbp_voice_count":0,"_bbp_anonymous_reply_count":0,"_bbp_topic_count_hidden":0,"_bbp_reply_count_hidden":0,"_bbp_forum_subforum_count":0,"footnotes":""},"class_list":["post-315","page","type-page","status-publish","hentry"],"post_mailing_queue_ids":[],"_links":{"self":[{"href":"https:\/\/agora.xtec.cat\/ceipcintacurto\/wp-json\/wp\/v2\/pages\/315","targetHints":{"allow":["GET"]}}],"collection":[{"href":"https:\/\/agora.xtec.cat\/ceipcintacurto\/wp-json\/wp\/v2\/pages"}],"about":[{"href":"https:\/\/agora.xtec.cat\/ceipcintacurto\/wp-json\/wp\/v2\/types\/page"}],"author":[{"embeddable":true,"href":"https:\/\/agora.xtec.cat\/ceipcintacurto\/wp-json\/wp\/v2\/users\/1"}],"replies":[{"embeddable":true,"href":"https:\/\/agora.xtec.cat\/ceipcintacurto\/wp-json\/wp\/v2\/comments?post=315"}],"version-history":[{"count":5,"href":"https:\/\/agora.xtec.cat\/ceipcintacurto\/wp-json\/wp\/v2\/pages\/315\/revisions"}],"predecessor-version":[{"id":29297,"href":"https:\/\/agora.xtec.cat\/ceipcintacurto\/wp-json\/wp\/v2\/pages\/315\/revisions\/29297"}],"wp:attachment":[{"href":"https:\/\/agora.xtec.cat\/ceipcintacurto\/wp-json\/wp\/v2\/media?parent=315"}],"curies":[{"name":"wp","href":"https:\/\/api.w.org\/{rel}","templated":true}]}}