{"id":26,"date":"2014-09-18T12:24:32","date_gmt":"2014-09-18T12:24:32","guid":{"rendered":"http:\/\/agora.xtec.cat\/ceipcintacurto\/?page_id=26"},"modified":"2016-02-09T07:37:45","modified_gmt":"2016-02-09T06:37:45","slug":"historia","status":"publish","type":"page","link":"https:\/\/agora.xtec.cat\/ceipcintacurto\/lescola\/historia\/","title":{"rendered":"Hist\u00f2ria"},"content":{"rendered":"<p align=\"justify\"><span style=\"font-family: Arial; font-size: large;\">L&#8217;escola naix, com a centre d&#8217;una l\u00ednia, del desglossament de l&#8217;Escola Ferreries, la qual &#8211; i d&#8217;acord amb les caracter\u00edstiques de l&#8217;edifici &#8211; va ser contemplada, al primer Mapa Escolar de Catalunya, com a centre de dos l\u00ednies, tot i tenir en aquell moment gaireb\u00e9 tres l\u00ednies completes.\u00a0<\/span><\/p>\n<p align=\"justify\"><span style=\"font-family: Arial; font-size: large;\">La denominaci\u00f3 espec\u00edfica d&#8217;escola, &#8220;Cinta Curto&#8221;, va ser proposada pel Consell escolar recollint la voluntat del Claustre de professors, de l&#8217;Associaci\u00f3 de mares i pares, de l&#8217;Associaci\u00f3 de ve\u00efns Ferreries &#8211; Sant Vicent i de l&#8217;Ajuntament de Tortosa.\u00a0<\/span><\/p>\n<p align=\"justify\"><span style=\"font-family: Arial; font-size: large;\"> Cinta Curto i Loras (Tortosa 1936-2000) fou una mestra filla del Barri, que va destacar a la Ciutat i en la comunitat educativa pel seu tarann\u00e0 obert a la millora de l&#8217;escola p\u00fablica i a l&#8217;acolliment de tots els infants.<\/span><\/p>\n<table class=\" aligncenter\" style=\"height: 293px;\" border=\"0\" width=\"471\" cellspacing=\"0\" cellpadding=\"0\">\n<tbody>\n<tr>\n<td width=\"100%\" height=\"301\">\n<table style=\"height: 159px;\" border=\"0\" width=\"508\" cellspacing=\"1\">\n<tbody>\n<tr>\n<td width=\"100%\">\n<h2><sup><strong>\u00a0<a href=\"http:\/\/www.xtec.cat\/centres\/e3008912\/escola\/historia\/inaguracio.htm\" target=\"principal2\"><span style=\"font-family: Arial; font-size: xx-small;\">INAUGURACI\u00d3<\/span><\/a><\/strong><\/sup><\/h2>\n<\/td>\n<\/tr>\n<tr>\n<td width=\"100%\">\n<h2><sup><strong>\u00a0<a href=\"http:\/\/www.xtec.cat\/centres\/e3008912\/escola\/historia\/record_cc.htm\" target=\"principal2\"><span style=\"font-family: Arial; font-size: xx-small;\">RECORDANT A CINTA CURTO<\/span><\/a><\/strong><\/sup><\/h2>\n<\/td>\n<\/tr>\n<\/tbody>\n<\/table>\n<\/td>\n<td width=\"100%\" height=\"301\">\n<p align=\"center\"><img loading=\"lazy\" decoding=\"async\" class=\" aligncenter\" src=\"http:\/\/www.xtec.cat\/centres\/e3008912\/images\/logotip2c.gif\" alt=\"\" width=\"91\" height=\"91\" border=\"0\" \/><\/p>\n<p style=\"text-align: center;\" align=\"center\"><span style=\"font-family: Arial; font-size: small;\"><sup>Jaume Rocamora (<\/sup><sup>Disseny<\/sup><sup>)\u00a0\u00a0\u00a0 i\u00a0\u00a0\u00a0 Emilio Garcia (Realitzaci\u00f3<\/sup><\/span><\/p>\n<\/td>\n<\/tr>\n<\/tbody>\n<\/table>\n<p style=\"text-align: center;\">\n","protected":false},"excerpt":{"rendered":"<p>L&#8217;escola naix, com a centre d&#8217;una l\u00ednia, del desglossament de l&#8217;Escola Ferreries, la qual &#8211; i d&#8217;acord amb les caracter\u00edstiques de l&#8217;edifici &#8211; va ser contemplada, al primer Mapa Escolar de Catalunya, com a centre de dos l\u00ednies, tot i tenir en aquell moment gaireb\u00e9&hellip;  <a href=\"https:\/\/agora.xtec.cat\/ceipcintacurto\/lescola\/historia\/\" title=\"Read Hist\u00f2ria\">Llegeix m\u00e9s\u00bb<\/a><\/p>\n","protected":false},"author":2,"featured_media":0,"parent":22,"menu_order":20,"comment_status":"closed","ping_status":"closed","template":"page-templates\/side-menu.php","meta":{"_bbp_topic_count":0,"_bbp_reply_count":0,"_bbp_total_topic_count":0,"_bbp_total_reply_count":0,"_bbp_voice_count":0,"_bbp_anonymous_reply_count":0,"_bbp_topic_count_hidden":0,"_bbp_reply_count_hidden":0,"_bbp_forum_subforum_count":0,"footnotes":""},"class_list":["post-26","page","type-page","status-publish","hentry"],"post_mailing_queue_ids":[],"_links":{"self":[{"href":"https:\/\/agora.xtec.cat\/ceipcintacurto\/wp-json\/wp\/v2\/pages\/26","targetHints":{"allow":["GET"]}}],"collection":[{"href":"https:\/\/agora.xtec.cat\/ceipcintacurto\/wp-json\/wp\/v2\/pages"}],"about":[{"href":"https:\/\/agora.xtec.cat\/ceipcintacurto\/wp-json\/wp\/v2\/types\/page"}],"author":[{"embeddable":true,"href":"https:\/\/agora.xtec.cat\/ceipcintacurto\/wp-json\/wp\/v2\/users\/2"}],"replies":[{"embeddable":true,"href":"https:\/\/agora.xtec.cat\/ceipcintacurto\/wp-json\/wp\/v2\/comments?post=26"}],"version-history":[{"count":3,"href":"https:\/\/agora.xtec.cat\/ceipcintacurto\/wp-json\/wp\/v2\/pages\/26\/revisions"}],"predecessor-version":[{"id":1530,"href":"https:\/\/agora.xtec.cat\/ceipcintacurto\/wp-json\/wp\/v2\/pages\/26\/revisions\/1530"}],"up":[{"embeddable":true,"href":"https:\/\/agora.xtec.cat\/ceipcintacurto\/wp-json\/wp\/v2\/pages\/22"}],"wp:attachment":[{"href":"https:\/\/agora.xtec.cat\/ceipcintacurto\/wp-json\/wp\/v2\/media?parent=26"}],"curies":[{"name":"wp","href":"https:\/\/api.w.org\/{rel}","templated":true}]}}