{"id":2496,"date":"2016-05-01T12:27:26","date_gmt":"2016-05-01T11:27:26","guid":{"rendered":"http:\/\/agora.xtec.cat\/ceipcintacurto\/?page_id=2496"},"modified":"2024-02-26T17:16:14","modified_gmt":"2024-02-26T16:16:14","slug":"preinscripcio-i-matricula","status":"publish","type":"page","link":"https:\/\/agora.xtec.cat\/ceipcintacurto\/preinscripcio-i-matricula\/","title":{"rendered":"Preinscripci\u00f3 i matr\u00edcula"},"content":{"rendered":"<div id=\"dist_sub_a_titol_1\">\n<div class=\"col icon-col\"><\/div>\n<div class=\"col icon-col\">\n<h4><a href=\"https:\/\/preinscripcio.gencat.cat\/ca\/inici\"><b>Educaci\u00f3 infantil (segon cicle), prim\u00e0ria i secund\u00e0ria obligat\u00f2ria (web preinscripci\u00f3 2023-2024)<\/b><\/a><\/h4>\n<div><\/div>\n<div>\n<h5 class=\"NG-menu__title\"><b>&#8211; <a href=\"https:\/\/preinscripcio.gencat.cat\/ca\/inici\/\" target=\"_blank\" rel=\"noopener\">Web informativa GENCAT<\/a><\/b><\/h5>\n<p><strong>&#8211; <a href=\"https:\/\/preinscripcio.gencat.cat\/ca\/inici\/\">Guia preinscripci\u00f3 GENCAT<\/a><\/strong><\/p>\n<h5 class=\"NG-menu__title\"><b>&#8211; GUIA INFORMATIVA; FAM\u00cdLIES.<\/b><\/h5>\n<h5 class=\"NG-menu__title\">&#8211;<a href=\"https:\/\/preinscripcio.gencat.cat\/ca\/estudis\/infantil-3-6\/inici\/\"> Sistema de puntuacions<\/a><\/h5>\n<h5 class=\"NG-menu__title\">________________________________________________________________________________________<\/h5>\n<\/div>\n<\/div>\n<\/div>\n<div id=\"dist_sub_a_titol_1\">\n<table style=\"width: 47.9497%; height: 747px;\">\n<tbody>\n<tr style=\"height: 33px;\">\n<td style=\"width: 34.6278%; height: 33px;\"><a href=\"https:\/\/agora.xtec.cat\/ceipcintacurto\/wp-content\/uploads\/usu187\/2022\/03\/INFORME_OFERTA_OME_INFORME_OFERTA-1.pdf\" target=\"_blank\" rel=\"noopener\"><b>Publicaci\u00f3 de l&#8217;oferta inicial<\/b><\/a><\/td>\n<td style=\"width: 12.9989%; height: 33px;\"><span style=\"font-weight: 400;\">3 de mar\u00e7<\/span><\/td>\n<\/tr>\n<tr style=\"height: 33px;\">\n<td style=\"width: 34.6278%; height: 33px;\"><b>Presentaci\u00f3 de sol\u00b7licituds (<\/b><b>INFANTIL<\/b><b>,<\/b> <b>PRIM\u00c0RIA<\/b><b>)<\/b><\/td>\n<td style=\"width: 12.9989%; height: 33px;\"><span style=\"font-weight: 400;\">del 6 al 20 de mar\u00e7<\/span><\/td>\n<\/tr>\n<tr style=\"height: 33px;\">\n<td style=\"width: 34.6278%; height: 33px;\"><b>Presentaci\u00f3 de sol\u00b7licituds (<\/b><b>SECUND\u00c0RIA<\/b><b>)<\/b><\/td>\n<td style=\"width: 12.9989%; height: 33px;\"><span style=\"font-weight: 400;\">del 8 al 20 de mar\u00e7<\/span><\/td>\n<\/tr>\n<tr style=\"height: 33px;\">\n<td style=\"width: 34.6278%; height: 33px;\"><b>Publicaci\u00f3 de les llistes amb el barem provisional<\/b><\/td>\n<td style=\"width: 12.9989%; height: 33px;\"><span style=\"font-weight: 400;\">17 d&#8217;abril<\/span><\/td>\n<\/tr>\n<tr style=\"height: 33px;\">\n<td style=\"width: 34.6278%; height: 33px;\"><b>Presentaci\u00f3 de reclamacions al barem provisional<\/b><\/td>\n<td style=\"width: 12.9989%; height: 33px;\"><span style=\"font-weight: 400;\">del 17 al 22 d&#8217;abril<\/span><\/td>\n<\/tr>\n<tr style=\"height: 33px;\">\n<td style=\"width: 34.6278%; height: 33px;\"><b>Publicaci\u00f3 de llistes amb el barem un cop resoltes les reclamacions<\/b><\/td>\n<td style=\"width: 12.9989%; height: 33px;\"><span style=\"font-weight: 400;\">25 d&#8217;abril<\/span><\/td>\n<\/tr>\n<tr style=\"height: 33px;\">\n<td style=\"width: 34.6278%; height: 33px;\"><b>Sorteig. N\u00famero de desempat:\u00a0<\/b><\/td>\n<td style=\"width: 12.9989%; height: 33px;\"><span style=\"font-weight: 400;\">30 d&#8217;abril<\/span><\/td>\n<\/tr>\n<tr style=\"height: 33px;\">\n<td style=\"width: 34.6278%; height: 33px;\"><b>Publicaci\u00f3 de llistes ordenades definitives<\/b><\/td>\n<td style=\"width: 12.9989%; height: 33px;\"><span style=\"font-weight: 400;\">2 de maig<\/span><\/td>\n<\/tr>\n<tr style=\"height: 33px;\">\n<td style=\"width: 34.6278%; height: 33px;\"><b>Ampliaci\u00f3 de petici\u00f3 de preinscripci\u00f3 per a l&#8217;alumnat sense pla\u00e7a assignada<\/b><\/td>\n<td style=\"width: 12.9989%; height: 33px;\"><span style=\"font-weight: 400;\">del 29 de maig al 31 de maig<\/span><\/td>\n<\/tr>\n<tr style=\"height: 33px;\">\n<td style=\"width: 34.6278%; height: 33px;\"><b>Publicaci\u00f3 de l&#8217;oferta final. Publicaci\u00f3 del nombre de places escolars per centre i curs<\/b><\/td>\n<td style=\"width: 12.9989%; height: 33px;\"><span style=\"font-weight: 400;\">7 de juny<\/span><\/td>\n<\/tr>\n<tr style=\"height: 123px;\">\n<td style=\"width: 34.6278%; height: 123px;\"><b>Publicaci\u00f3 de les llistes d&#8217;assignaci\u00f3<\/b><\/p>\n<ul>\n<li style=\"font-weight: 400;\" aria-level=\"1\"><b>ASSIGNADES<\/b><\/li>\n<li style=\"font-weight: 400;\" aria-level=\"1\"><b>PREINSCRITES<\/b><\/li>\n<li style=\"font-weight: 400;\" aria-level=\"1\"><b>LLISTA D&#8217;ESPERA<\/b><\/li>\n<\/ul>\n<\/td>\n<td style=\"width: 12.9989%; height: 123px;\"><span style=\"font-weight: 400;\">10 de juny<\/span><\/td>\n<\/tr>\n<tr style=\"height: 294px;\">\n<td style=\"width: 34.6278%; height: 294px;\"><b>DOCUMENTACI\u00d3 a presentar<\/b><\/p>\n<ul>\n<li style=\"font-weight: 400; text-align: justify;\" aria-level=\"1\"><b>C\u00f2pia del carnet de vacunacions de l&#8217;alumne o l&#8217;alumna. <\/b><span style=\"font-weight: 400;\">Si no es t\u00e9 el carnet de vacunacions, s&#8217;ha d&#8217;aportar un certificat m\u00e8dic oficial o el carnet de salut de l&#8217;infant en el qual figurin les dosis de les vacunes rebudes amb les dates corresponents. Si el vostre fill o filla no ha estat vacunat per indicaci\u00f3 m\u00e8dica o per altres circumst\u00e0ncies, cal aportar un certificat m\u00e8dic oficial justificatiu.<\/span><\/li>\n<li style=\"font-weight: 400;\" aria-level=\"1\"><b>Targeta sanit\u00e0ria individual de l&#8217;alumne\/a<\/b><span style=\"font-weight: 400;\"> (TSI)<\/span><\/li>\n<li style=\"font-weight: 400;\" aria-level=\"1\"><b>2 fotografies de l&#8217;alumne\/a, <\/b><span style=\"font-weight: 400;\">\u00a0tipus carnet (32 x 26 mm)<\/span><\/li>\n<\/ul>\n<\/td>\n<td style=\"width: 12.9989%; height: 294px;\"><span style=\"font-weight: 400;\">del 18 al 26 de juny<\/span><\/td>\n<\/tr>\n<\/tbody>\n<\/table>\n<p>&nbsp;<\/p>\n<p>&nbsp;<\/p>\n<p><span style=\"font-weight: 400;\">\u00a0<\/span><\/p>\n<\/div>\n","protected":false},"excerpt":{"rendered":"<p><a href=\"https:\/\/preinscripcio.gencat.cat\/ca\/inici\">Educaci\u00f3 infantil (segon cicle), prim\u00e0ria i secund\u00e0ria obligat\u00f2ria (web preinscripci\u00f3 2023-2024)<\/a><\/p>\n<p>&#8211; <a href=\"https:\/\/preinscripcio.gencat.cat\/ca\/inici\/\" target=\"_blank\" rel=\"noopener\">Web informativa GENCAT<\/a><br \/>\n&#8211; <a href=\"https:\/\/preinscripcio.gencat.cat\/ca\/inici\/\">Guia preinscripci\u00f3 GENCAT<\/a><br \/>\n&#8211; GUIA INFORMATIVA; FAM\u00cdLIES.<br \/>\n&#8211;<a href=\"https:\/\/preinscripcio.gencat.cat\/ca\/estudis\/infantil-3-6\/inici\/\"> Sistema de puntuacions<\/a><br \/>\n________________________________________________________________________________________<\/p>\n<p><a href=\"https:\/\/agora.xtec.cat\/ceipcintacurto\/wp-content\/uploads\/usu187\/2022\/03\/INFORME_OFERTA_OME_INFORME_OFERTA-1.pdf\" target=\"_blank\" rel=\"noopener\">Publicaci\u00f3 de l&#8217;oferta inicial<\/a><br \/>\n3 de mar\u00e7<\/p>\n<p>Presentaci\u00f3 de sol\u00b7licituds (INFANTIL, PRIM\u00c0RIA)<br \/>\ndel 6 al 20 de&hellip;  <a href=\"https:\/\/agora.xtec.cat\/ceipcintacurto\/preinscripcio-i-matricula\/\" title=\"Read Preinscripci\u00f3 i matr\u00edcula\">Llegeix m\u00e9s\u00bb<\/a><\/p>\n","protected":false},"author":1,"featured_media":0,"parent":0,"menu_order":0,"comment_status":"closed","ping_status":"closed","template":"","meta":{"_bbp_topic_count":0,"_bbp_reply_count":0,"_bbp_total_topic_count":0,"_bbp_total_reply_count":0,"_bbp_voice_count":0,"_bbp_anonymous_reply_count":0,"_bbp_topic_count_hidden":0,"_bbp_reply_count_hidden":0,"_bbp_forum_subforum_count":0,"footnotes":""},"class_list":["post-2496","page","type-page","status-publish","hentry"],"post_mailing_queue_ids":[],"_links":{"self":[{"href":"https:\/\/agora.xtec.cat\/ceipcintacurto\/wp-json\/wp\/v2\/pages\/2496","targetHints":{"allow":["GET"]}}],"collection":[{"href":"https:\/\/agora.xtec.cat\/ceipcintacurto\/wp-json\/wp\/v2\/pages"}],"about":[{"href":"https:\/\/agora.xtec.cat\/ceipcintacurto\/wp-json\/wp\/v2\/types\/page"}],"author":[{"embeddable":true,"href":"https:\/\/agora.xtec.cat\/ceipcintacurto\/wp-json\/wp\/v2\/users\/1"}],"replies":[{"embeddable":true,"href":"https:\/\/agora.xtec.cat\/ceipcintacurto\/wp-json\/wp\/v2\/comments?post=2496"}],"version-history":[{"count":6,"href":"https:\/\/agora.xtec.cat\/ceipcintacurto\/wp-json\/wp\/v2\/pages\/2496\/revisions"}],"predecessor-version":[{"id":28498,"href":"https:\/\/agora.xtec.cat\/ceipcintacurto\/wp-json\/wp\/v2\/pages\/2496\/revisions\/28498"}],"wp:attachment":[{"href":"https:\/\/agora.xtec.cat\/ceipcintacurto\/wp-json\/wp\/v2\/media?parent=2496"}],"curies":[{"name":"wp","href":"https:\/\/api.w.org\/{rel}","templated":true}]}}