{"id":4163,"date":"2023-05-30T12:07:41","date_gmt":"2023-05-30T10:07:41","guid":{"rendered":"https:\/\/agora.xtec.cat\/ceipcifuentes\/?page_id=4163"},"modified":"2023-06-13T11:35:07","modified_gmt":"2023-06-13T09:35:07","slug":"desplegament-curricular","status":"publish","type":"page","link":"https:\/\/agora.xtec.cat\/ceipcifuentes\/lescola\/estrategia-digital-de-centre\/cultural-digital\/desplegament-curricular\/","title":{"rendered":"Desplegament curricular"},"content":{"rendered":"<p><em>El desplegament curricular de la Compet\u00e8ncia Digital est\u00e0 a disposici\u00f3 de qualsevol fam\u00edlia matriculada al centre que ho demani.<\/em><\/p>\n","protected":false},"excerpt":{"rendered":"<p>El desplegament curricular de la Compet\u00e8ncia Digital est\u00e0 a disposici\u00f3 de qualsevol fam\u00edlia matriculada al centre que ho demani.<\/p>\n","protected":false},"author":1,"featured_media":0,"parent":3791,"menu_order":3,"comment_status":"closed","ping_status":"closed","template":"","meta":{"_bbp_topic_count":0,"_bbp_reply_count":0,"_bbp_total_topic_count":0,"_bbp_total_reply_count":0,"_bbp_voice_count":0,"_bbp_anonymous_reply_count":0,"_bbp_topic_count_hidden":0,"_bbp_reply_count_hidden":0,"_bbp_forum_subforum_count":0,"footnotes":""},"class_list":["post-4163","page","type-page","status-publish","hentry"],"post_mailing_queue_ids":[],"_links":{"self":[{"href":"https:\/\/agora.xtec.cat\/ceipcifuentes\/wp-json\/wp\/v2\/pages\/4163","targetHints":{"allow":["GET"]}}],"collection":[{"href":"https:\/\/agora.xtec.cat\/ceipcifuentes\/wp-json\/wp\/v2\/pages"}],"about":[{"href":"https:\/\/agora.xtec.cat\/ceipcifuentes\/wp-json\/wp\/v2\/types\/page"}],"author":[{"embeddable":true,"href":"https:\/\/agora.xtec.cat\/ceipcifuentes\/wp-json\/wp\/v2\/users\/1"}],"replies":[{"embeddable":true,"href":"https:\/\/agora.xtec.cat\/ceipcifuentes\/wp-json\/wp\/v2\/comments?post=4163"}],"version-history":[{"count":3,"href":"https:\/\/agora.xtec.cat\/ceipcifuentes\/wp-json\/wp\/v2\/pages\/4163\/revisions"}],"predecessor-version":[{"id":4209,"href":"https:\/\/agora.xtec.cat\/ceipcifuentes\/wp-json\/wp\/v2\/pages\/4163\/revisions\/4209"}],"up":[{"embeddable":true,"href":"https:\/\/agora.xtec.cat\/ceipcifuentes\/wp-json\/wp\/v2\/pages\/3791"}],"wp:attachment":[{"href":"https:\/\/agora.xtec.cat\/ceipcifuentes\/wp-json\/wp\/v2\/media?parent=4163"}],"curies":[{"name":"wp","href":"https:\/\/api.w.org\/{rel}","templated":true}]}}