{"id":3757,"date":"2022-05-05T11:41:36","date_gmt":"2022-05-05T09:41:36","guid":{"rendered":"https:\/\/agora.xtec.cat\/ceipcifuentes\/?page_id=3757"},"modified":"2023-06-01T10:19:59","modified_gmt":"2023-06-01T08:19:59","slug":"estrategia-digital-de-centre","status":"publish","type":"page","link":"https:\/\/agora.xtec.cat\/ceipcifuentes\/lescola\/estrategia-digital-de-centre\/","title":{"rendered":"Estrat\u00e8gia Digital de Centre"},"content":{"rendered":"<p><img loading=\"lazy\" decoding=\"async\" src=\"https:\/\/agora.xtec.cat\/ceipcifuentes\/wp-content\/uploads\/usu1215\/2023\/06\/EDC.jpg\" alt=\"\" width=\"553\" height=\"311\" class=\"aligncenter size-full wp-image-4193\" srcset=\"https:\/\/agora.xtec.cat\/ceipcifuentes\/wp-content\/uploads\/usu1215\/2023\/06\/EDC.jpg 553w, https:\/\/agora.xtec.cat\/ceipcifuentes\/wp-content\/uploads\/usu1215\/2023\/06\/EDC-300x169.jpg 300w\" sizes=\"auto, (max-width: 553px) 100vw, 553px\" \/><\/p>\n<p>En aquest apartat, es vol recollir totes aquelles accions referents a la compet\u00e8ncia digital que es realitzen actualment a l&#8217;escola. Aix\u00ed mateix, pret\u00e9n definir unes directrius que, a mitj\u00e0 i a llarg termini, permetin assolir al nostre centre la m\u00e0xima compet\u00e8ncia digital.<\/p>\n<p>&nbsp;<\/p>\n<p>Aquesta <em>Estrat\u00e8gia Digital de Centre<\/em> es divideix en dos apartats: la <strong>part estrat\u00e8gica<\/strong>, on es recolliran aquells indicadors, objectius i propostes de millora, i l&#8217;apartat de <strong>cultural digital<\/strong>, el qual reunir\u00e0 aquelles accions que realitza l&#8217;escola per poder dur a terme la part estrat\u00e8gica.<\/p>\n<h2 style=\"text-align: center;\"><a href=\"https:\/\/agora.xtec.cat\/ceipcifuentes\/lescola\/estrategia-digital-de-centre\/part-estrategica\/\">PART ESTRAT\u00c8GICA<\/a><\/h2>\n<h2 style=\"text-align: center;\"><a href=\"https:\/\/agora.xtec.cat\/ceipcifuentes\/lescola\/estrategia-digital-de-centre\/cultural-digital\/\">CULTURA DIGITAL<\/a><\/h2>\n<p>&nbsp;<\/p>\n<p><strong>****Per accedir als continguts d&#8217;aquest apartat \u00e9s necess\u00e0ria la contrasenya que disposen les fam\u00edlies matriculades al centre****<\/strong><\/p>\n","protected":false},"excerpt":{"rendered":"<p>En aquest apartat, es vol recollir totes aquelles accions referents a la compet\u00e8ncia digital que es realitzen actualment a l&#8217;escola. Aix\u00ed mateix, pret\u00e9n definir unes directrius que, a mitj\u00e0 i a llarg termini, permetin assolir al nostre centre la m\u00e0xima compet\u00e8ncia digital.<br \/>\n&nbsp;<br \/>\nAquesta Estrat\u00e8gia Digital de&hellip;  <a href=\"https:\/\/agora.xtec.cat\/ceipcifuentes\/lescola\/estrategia-digital-de-centre\/\" title=\"Read Estrat\u00e8gia Digital de Centre\">Llegeix m\u00e9s\u00bb<\/a><\/p>\n","protected":false},"author":1,"featured_media":0,"parent":22,"menu_order":4,"comment_status":"closed","ping_status":"closed","template":"","meta":{"_bbp_topic_count":0,"_bbp_reply_count":0,"_bbp_total_topic_count":0,"_bbp_total_reply_count":0,"_bbp_voice_count":0,"_bbp_anonymous_reply_count":0,"_bbp_topic_count_hidden":0,"_bbp_reply_count_hidden":0,"_bbp_forum_subforum_count":0,"footnotes":""},"class_list":["post-3757","page","type-page","status-publish","hentry"],"post_mailing_queue_ids":[],"_links":{"self":[{"href":"https:\/\/agora.xtec.cat\/ceipcifuentes\/wp-json\/wp\/v2\/pages\/3757","targetHints":{"allow":["GET"]}}],"collection":[{"href":"https:\/\/agora.xtec.cat\/ceipcifuentes\/wp-json\/wp\/v2\/pages"}],"about":[{"href":"https:\/\/agora.xtec.cat\/ceipcifuentes\/wp-json\/wp\/v2\/types\/page"}],"author":[{"embeddable":true,"href":"https:\/\/agora.xtec.cat\/ceipcifuentes\/wp-json\/wp\/v2\/users\/1"}],"replies":[{"embeddable":true,"href":"https:\/\/agora.xtec.cat\/ceipcifuentes\/wp-json\/wp\/v2\/comments?post=3757"}],"version-history":[{"count":3,"href":"https:\/\/agora.xtec.cat\/ceipcifuentes\/wp-json\/wp\/v2\/pages\/3757\/revisions"}],"predecessor-version":[{"id":4194,"href":"https:\/\/agora.xtec.cat\/ceipcifuentes\/wp-json\/wp\/v2\/pages\/3757\/revisions\/4194"}],"up":[{"embeddable":true,"href":"https:\/\/agora.xtec.cat\/ceipcifuentes\/wp-json\/wp\/v2\/pages\/22"}],"wp:attachment":[{"href":"https:\/\/agora.xtec.cat\/ceipcifuentes\/wp-json\/wp\/v2\/media?parent=3757"}],"curies":[{"name":"wp","href":"https:\/\/api.w.org\/{rel}","templated":true}]}}