{"id":32,"date":"2014-09-18T12:31:33","date_gmt":"2014-09-18T11:31:33","guid":{"rendered":"http:\/\/agora.xtec.cat\/ceipcifuentes\/?page_id=32"},"modified":"2025-09-16T15:25:08","modified_gmt":"2025-09-16T13:25:08","slug":"calendari-del-curs","status":"publish","type":"page","link":"https:\/\/agora.xtec.cat\/ceipcifuentes\/lescola\/calendari-del-curs\/","title":{"rendered":"Calendari del curs"},"content":{"rendered":"<h2><span style=\"text-decoration: underline;\">CURS 2025-26<\/span><\/h2>\n<h4><strong>Inici de curs:<\/strong><\/h4>\n<p>9 de setembre de 2025<\/p>\n<h4><strong>Per\u00edodes de vacances:<\/strong><\/h4>\n<p>Del 20 de desembre de 2025 al 7 de gener de 2026\u00a0 (ambd\u00f3s inclosos).<\/p>\n<p>Del 28 de mar\u00e7 al 6 d&#8217;abril de 2026 (ambd\u00f3s inclosos).<\/p>\n<p>A partir del 20 de juny de 2026.<\/p>\n<h4><strong>Dies festius de lliure disposici\u00f3:<\/strong><\/h4>\n<p>3 de novembre de 2025<\/p>\n<p>16 de febrer de 2026<\/p>\n<p>13 de marr\u00e7 de 2026<\/p>\n<p>30 d&#8217;abril de 2026<\/p>\n<h4><strong>Horari lectiu:<\/strong><\/h4>\n<p>De <strong>9:00 a 12:30<\/strong> i de <strong>15:00 a 16:30<\/strong>.<\/p>\n<p><u>El dia 19 de desembre i a partir del 8 de juny<\/u>, i fins la finalitzaci\u00f3 del curs, es realitza horari compactat de <strong>9:00 a 13:00<\/strong>.<\/p>\n<p hidden>Per als alumnes que inicien l\u2019escolaritzaci\u00f3 a I3 s\u2019organitza un breu per\u00edode d\u2019adaptaci\u00f3 que suposa una certa modificaci\u00f3 dels horaris duranrt els quatre primers dies de classe, i que es fa saber a les fam\u00edlies en les reunions pr\u00e8vies corresponents.<\/p>\n<h2><span hidden style=\"text-decoration: underline;\">***<a href=\"https:\/\/web.sabadell.cat\/images\/Educacio\/pdf\/Calendari_escolar_2024-25.pdf\" target=\"_blank\" rel=\"noopener noreferrer\">CONSULTAR CALENDARI ESCOLAR 2024\/25<\/a>***<\/span><\/h2>\n<p><img decoding=\"async\" src=\"https:\/\/agora.xtec.cat\/ceipcifuentes\/wp-content\/uploads\/usu1215\/2025\/09\/CEM_Calendari-25-26.png\" alt=\"\" width=\"720\" class=\"aligncenter\" \/><\/p>\n","protected":false},"excerpt":{"rendered":"<p>CURS 2025-26<br \/>\nInici de curs:<br \/>\n9 de setembre de 2025<br \/>\nPer\u00edodes de vacances:<br \/>\nDel 20 de desembre de 2025 al 7 de gener de 2026\u00a0 (ambd\u00f3s inclosos).<br \/>\nDel 28 de mar\u00e7 al 6 d&#8217;abril de 2026 (ambd\u00f3s inclosos).<br \/>\nA partir del 20 de juny de 2026.<br \/>\nDies festius de lliure disposici\u00f3:<br \/>\n3 de&hellip;  <a href=\"https:\/\/agora.xtec.cat\/ceipcifuentes\/lescola\/calendari-del-curs\/\" title=\"Read Calendari del curs\">Llegeix m\u00e9s\u00bb<\/a><\/p>\n","protected":false},"author":1,"featured_media":0,"parent":22,"menu_order":50,"comment_status":"closed","ping_status":"closed","template":"page-templates\/side-menu.php","meta":{"_bbp_topic_count":0,"_bbp_reply_count":0,"_bbp_total_topic_count":0,"_bbp_total_reply_count":0,"_bbp_voice_count":0,"_bbp_anonymous_reply_count":0,"_bbp_topic_count_hidden":0,"_bbp_reply_count_hidden":0,"_bbp_forum_subforum_count":0,"footnotes":""},"class_list":["post-32","page","type-page","status-publish","hentry"],"post_mailing_queue_ids":[],"_links":{"self":[{"href":"https:\/\/agora.xtec.cat\/ceipcifuentes\/wp-json\/wp\/v2\/pages\/32","targetHints":{"allow":["GET"]}}],"collection":[{"href":"https:\/\/agora.xtec.cat\/ceipcifuentes\/wp-json\/wp\/v2\/pages"}],"about":[{"href":"https:\/\/agora.xtec.cat\/ceipcifuentes\/wp-json\/wp\/v2\/types\/page"}],"author":[{"embeddable":true,"href":"https:\/\/agora.xtec.cat\/ceipcifuentes\/wp-json\/wp\/v2\/users\/1"}],"replies":[{"embeddable":true,"href":"https:\/\/agora.xtec.cat\/ceipcifuentes\/wp-json\/wp\/v2\/comments?post=32"}],"version-history":[{"count":7,"href":"https:\/\/agora.xtec.cat\/ceipcifuentes\/wp-json\/wp\/v2\/pages\/32\/revisions"}],"predecessor-version":[{"id":4911,"href":"https:\/\/agora.xtec.cat\/ceipcifuentes\/wp-json\/wp\/v2\/pages\/32\/revisions\/4911"}],"up":[{"embeddable":true,"href":"https:\/\/agora.xtec.cat\/ceipcifuentes\/wp-json\/wp\/v2\/pages\/22"}],"wp:attachment":[{"href":"https:\/\/agora.xtec.cat\/ceipcifuentes\/wp-json\/wp\/v2\/media?parent=32"}],"curies":[{"name":"wp","href":"https:\/\/api.w.org\/{rel}","templated":true}]}}