{"id":972,"date":"2016-04-14T14:53:50","date_gmt":"2016-04-14T13:53:50","guid":{"rendered":"http:\/\/agora.xtec.cat\/ceipcescaldea\/?page_id=972"},"modified":"2023-02-06T16:40:33","modified_gmt":"2023-02-06T15:40:33","slug":"bibliopunt","status":"publish","type":"page","link":"https:\/\/agora.xtec.cat\/ceipcescaldea\/bibliopunt\/","title":{"rendered":"Bibliopunt"},"content":{"rendered":"<p>El <strong>Bibliopunt<\/strong> \u00e9s un servei de la bct xarxa, Biblioteca P\u00fablica de Terrassa, que acosta la lectura a la poblaci\u00f3 del barri de Can Parellada. Es dirigeix a tothom i \u00e9s una extensi\u00f3 dels serveis de biblioteca i s\u2019hi podr\u00e0 dur a terme reserves de documents, consulta del cat\u00e0leg i fer-se el carnet.<br \/>\nEl bibliopunt oferir\u00e0 i coordinar\u00e0 activitats de dinamitzaci\u00f3 i promoci\u00f3 de la lectura que es programar\u00e0 conjuntament amb les entitats, escoles, instituts i associacions del barri.<\/p>\n<p><strong>HORARI<\/strong><\/p>\n<p>El trobareu <strong>els dimarts\u00a0i els dimecres<\/strong>\u00a0al carrer Am\u00e8rica 17:<\/p>\n<ul>\n<li>A partir del dimarts dia 18 d&#8217;octubre de 2022, donar\u00e0 servei a les depend\u00e8ncies de l&#8217;Esplai Can Parellada, al carrer Am\u00e8rica 17.<\/li>\n<li>Els dimarts i dimecres <strong>de 16:30 a 19:00 h<\/strong>.<\/li>\n<li>Tancat els dies festius, Setmana Santa, juliol i agost, festes de Nadal i festes escolars.<\/li>\n<\/ul>\n<p><strong>SERVEIS<\/strong><\/p>\n<p>\u00b7 <strong>Pr\u00e9stec.<\/strong> Servei de pr\u00e9stec dels materials que hi hagi en aquell moment a la biblioteca m\u00f2bil.<br \/>\n\u00b7 Reserves. Possibilitat de demanar llibres i materials que es troben a les biblioteques de la bct xarxa.<a href=\"http:\/\/agora.xtec.cat\/ceipcescaldea\/wp-content\/uploads\/usu863\/2016\/04\/bibliopunt.jpg\"><img loading=\"lazy\" decoding=\"async\" class=\" wp-image-977 alignright\" src=\"http:\/\/agora.xtec.cat\/ceipcescaldea\/wp-content\/uploads\/usu863\/2016\/04\/bibliopunt.jpg\" alt=\"bibliopunt\" width=\"264\" height=\"289\" srcset=\"https:\/\/agora.xtec.cat\/ceipcescaldea\/wp-content\/uploads\/usu863\/2016\/04\/bibliopunt.jpg 421w, https:\/\/agora.xtec.cat\/ceipcescaldea\/wp-content\/uploads\/usu863\/2016\/04\/bibliopunt-274x300.jpg 274w\" sizes=\"auto, (max-width: 264px) 100vw, 264px\" \/><\/a><br \/>\n\u00b7 <strong>Retorns<\/strong>. Els documents prestats cal retornar-los al mateix bibliopunt.<br \/>\n\u00b7 I<strong>nformaci\u00f3<\/strong>. Del servei de biblioteca p\u00fablica de la ciutat.<br \/>\n\u00b7 <strong>Sol\u00b7licitud del carnet de biblioteca.<\/strong><br \/>\n\u00b7<strong> Lectura de revistes i premsa.<\/strong><\/p>\n<p>Clicant <a href=\"https:\/\/goo.gl\/photos\/Dv2BobQLiYNMqVFs5\" target=\"_blank\" rel=\"noopener\">aqu\u00ed<\/a> podreu veure les fotos de la festa del 1r Aniversari del Bibliopunt.<\/p>\n","protected":false},"excerpt":{"rendered":"<p>El Bibliopunt \u00e9s un servei de la bct xarxa, Biblioteca P\u00fablica de Terrassa, que acosta la lectura a la poblaci\u00f3 [&hellip;]<\/p>\n","protected":false},"author":1,"featured_media":0,"parent":0,"menu_order":0,"comment_status":"closed","ping_status":"closed","template":"","meta":{"_bbp_topic_count":0,"_bbp_reply_count":0,"_bbp_total_topic_count":0,"_bbp_total_reply_count":0,"_bbp_voice_count":0,"_bbp_anonymous_reply_count":0,"_bbp_topic_count_hidden":0,"_bbp_reply_count_hidden":0,"_bbp_forum_subforum_count":0,"site-sidebar-layout":"default","site-content-layout":"","ast-site-content-layout":"","site-content-style":"default","site-sidebar-style":"default","ast-global-header-display":"","ast-banner-title-visibility":"","ast-main-header-display":"","ast-hfb-above-header-display":"","ast-hfb-below-header-display":"","ast-hfb-mobile-header-display":"","site-post-title":"","ast-breadcrumbs-content":"","ast-featured-img":"","footer-sml-layout":"","theme-transparent-header-meta":"","adv-header-id-meta":"","stick-header-meta":"","header-above-stick-meta":"","header-main-stick-meta":"","header-below-stick-meta":"","astra-migrate-meta-layouts":"default","ast-page-background-enabled":"default","ast-page-background-meta":{"desktop":{"background-color":"var(--ast-global-color-4)","background-image":"","background-repeat":"repeat","background-position":"center center","background-size":"auto","background-attachment":"scroll","background-type":"","background-media":"","overlay-type":"","overlay-color":"","overlay-opacity":"","overlay-gradient":""},"tablet":{"background-color":"","background-image":"","background-repeat":"repeat","background-position":"center center","background-size":"auto","background-attachment":"scroll","background-type":"","background-media":"","overlay-type":"","overlay-color":"","overlay-opacity":"","overlay-gradient":""},"mobile":{"background-color":"","background-image":"","background-repeat":"repeat","background-position":"center center","background-size":"auto","background-attachment":"scroll","background-type":"","background-media":"","overlay-type":"","overlay-color":"","overlay-opacity":"","overlay-gradient":""}},"ast-content-background-meta":{"desktop":{"background-color":"var(--ast-global-color-5)","background-image":"","background-repeat":"repeat","background-position":"center center","background-size":"auto","background-attachment":"scroll","background-type":"","background-media":"","overlay-type":"","overlay-color":"","overlay-opacity":"","overlay-gradient":""},"tablet":{"background-color":"var(--ast-global-color-5)","background-image":"","background-repeat":"repeat","background-position":"center center","background-size":"auto","background-attachment":"scroll","background-type":"","background-media":"","overlay-type":"","overlay-color":"","overlay-opacity":"","overlay-gradient":""},"mobile":{"background-color":"var(--ast-global-color-5)","background-image":"","background-repeat":"repeat","background-position":"center center","background-size":"auto","background-attachment":"scroll","background-type":"","background-media":"","overlay-type":"","overlay-color":"","overlay-opacity":"","overlay-gradient":""}},"footnotes":""},"class_list":["post-972","page","type-page","status-publish","hentry"],"post_mailing_queue_ids":[],"_links":{"self":[{"href":"https:\/\/agora.xtec.cat\/ceipcescaldea\/wp-json\/wp\/v2\/pages\/972","targetHints":{"allow":["GET"]}}],"collection":[{"href":"https:\/\/agora.xtec.cat\/ceipcescaldea\/wp-json\/wp\/v2\/pages"}],"about":[{"href":"https:\/\/agora.xtec.cat\/ceipcescaldea\/wp-json\/wp\/v2\/types\/page"}],"author":[{"embeddable":true,"href":"https:\/\/agora.xtec.cat\/ceipcescaldea\/wp-json\/wp\/v2\/users\/1"}],"replies":[{"embeddable":true,"href":"https:\/\/agora.xtec.cat\/ceipcescaldea\/wp-json\/wp\/v2\/comments?post=972"}],"version-history":[{"count":3,"href":"https:\/\/agora.xtec.cat\/ceipcescaldea\/wp-json\/wp\/v2\/pages\/972\/revisions"}],"predecessor-version":[{"id":4560,"href":"https:\/\/agora.xtec.cat\/ceipcescaldea\/wp-json\/wp\/v2\/pages\/972\/revisions\/4560"}],"wp:attachment":[{"href":"https:\/\/agora.xtec.cat\/ceipcescaldea\/wp-json\/wp\/v2\/media?parent=972"}],"curies":[{"name":"wp","href":"https:\/\/api.w.org\/{rel}","templated":true}]}}