{"id":4039,"date":"2021-12-15T15:36:02","date_gmt":"2021-12-15T14:36:02","guid":{"rendered":"https:\/\/agora.xtec.cat\/ceipcescaldea\/?page_id=4039"},"modified":"2026-01-13T11:58:32","modified_gmt":"2026-01-13T10:58:32","slug":"cafe-tertulia","status":"publish","type":"page","link":"https:\/\/agora.xtec.cat\/ceipcescaldea\/cafe-tertulia\/","title":{"rendered":"CAF\u00c8 AMB FAM\u00cdLIES"},"content":{"rendered":"<p><img loading=\"lazy\" decoding=\"async\" class=\" wp-image-4040 alignleft\" src=\"https:\/\/agora.xtec.cat\/ceipcescaldea\/wp-content\/uploads\/usu863\/2021\/12\/helen-oxenbury-tea-party-2.jpg\" alt=\"\" width=\"342\" height=\"208\" srcset=\"https:\/\/agora.xtec.cat\/ceipcescaldea\/wp-content\/uploads\/usu863\/2021\/12\/helen-oxenbury-tea-party-2.jpg 480w, https:\/\/agora.xtec.cat\/ceipcescaldea\/wp-content\/uploads\/usu863\/2021\/12\/helen-oxenbury-tea-party-2-300x183.jpg 300w\" sizes=\"auto, (max-width: 342px) 100vw, 342px\" \/><\/p>\n<p>Fam\u00edlies, amb molta il\u00b7lusi\u00f3 us compartim que ja han comen\u00e7at les trobades &#8220;Caf\u00e8 amb fam\u00edlies&#8221;.<\/p>\n<p>Com a escola tenim l&#8217;objectiu base d&#8217;enfortir el vincle fam\u00edlia &#8211; escola. Per aix\u00f2, ens va semblar interessant establir trobades trimestrals per comentar aspectes d&#8217;escola que ens interessen i que poden apropar visions i mirades. Per fer-ho, plantegem 3 trobades anuals (1 per trimestre) en les quals podran venir les dues persones delegades de cada aula juntament amb la direcci\u00f3 del centre.<\/p>\n<p>En aquest espai anirem recollint tot all\u00f2 que es vagi parlant. Us anirem deixant quadres resum aix\u00ed com l&#8217;acta.<\/p>\n<h4><span style=\"color: #ffcc99;\">Curs 25\/26<\/span><\/h4>\n<p>Recull d&#8217;actes del curs:<\/p>\n<table style=\"border-collapse: collapse; width: 100%;\">\n<tbody>\n<tr>\n<td style=\"width: 33.3333%; text-align: center;\"><a href=\"https:\/\/drive.google.com\/file\/d\/1_AzyoLZLJxf4kzNfe86zN83hUhTxEvDK\/view?usp=sharing\">1R TRIMESTRE<\/a><\/td>\n<td style=\"width: 33.3333%; text-align: center;\">2N TRIMESTRE<\/td>\n<td style=\"width: 33.3333%; text-align: center;\">3R TRIMESTRE<\/td>\n<\/tr>\n<tr>\n<td style=\"width: 33.3333%;\"><img loading=\"lazy\" decoding=\"async\" class=\"aligncenter size-large wp-image-5698\" src=\"https:\/\/agora.xtec.cat\/ceipcescaldea\/wp-content\/uploads\/usu863\/2026\/01\/Captura.png\" alt=\"\" width=\"781\" height=\"779\" srcset=\"https:\/\/agora.xtec.cat\/ceipcescaldea\/wp-content\/uploads\/usu863\/2026\/01\/Captura.png 781w, https:\/\/agora.xtec.cat\/ceipcescaldea\/wp-content\/uploads\/usu863\/2026\/01\/Captura-300x300.png 300w, https:\/\/agora.xtec.cat\/ceipcescaldea\/wp-content\/uploads\/usu863\/2026\/01\/Captura-150x150.png 150w, https:\/\/agora.xtec.cat\/ceipcescaldea\/wp-content\/uploads\/usu863\/2026\/01\/Captura-768x766.png 768w\" sizes=\"auto, (max-width: 781px) 100vw, 781px\" \/><\/p>\n<p><img loading=\"lazy\" decoding=\"async\" class=\"aligncenter size-full wp-image-5697\" src=\"https:\/\/agora.xtec.cat\/ceipcescaldea\/wp-content\/uploads\/usu863\/2026\/01\/Captura2.png\" alt=\"\" width=\"780\" height=\"773\" srcset=\"https:\/\/agora.xtec.cat\/ceipcescaldea\/wp-content\/uploads\/usu863\/2026\/01\/Captura2.png 780w, https:\/\/agora.xtec.cat\/ceipcescaldea\/wp-content\/uploads\/usu863\/2026\/01\/Captura2-300x297.png 300w, https:\/\/agora.xtec.cat\/ceipcescaldea\/wp-content\/uploads\/usu863\/2026\/01\/Captura2-150x150.png 150w, https:\/\/agora.xtec.cat\/ceipcescaldea\/wp-content\/uploads\/usu863\/2026\/01\/Captura2-768x761.png 768w\" sizes=\"auto, (max-width: 780px) 100vw, 780px\" \/><\/td>\n<td style=\"width: 33.3333%;\"><\/td>\n<td style=\"width: 33.3333%;\"><\/td>\n<\/tr>\n<\/tbody>\n<\/table>\n<h4><span style=\"color: #ffcc99;\">Curs 24\/25<\/span><\/h4>\n<p>Recull d&#8217;actes del curs:<\/p>\n<table style=\"border-collapse: collapse; width: 99.7067%; height: 23px;\">\n<tbody>\n<tr style=\"height: 23px;\">\n<td style=\"width: 33.4637%; text-align: center; height: 23px;\"><a href=\"https:\/\/drive.google.com\/file\/d\/1Ou4ycyeEktb7mDV3lBGptBNklSFSIvA5\/view?usp=sharing\" target=\"_blank\" rel=\"noopener\">1R TRIMESTRE<\/a><\/td>\n<td style=\"width: 33.4%; text-align: center; height: 23px;\"><a href=\"https:\/\/drive.google.com\/file\/d\/1OkyOuRjUm8mnPsTZJl0cZsdWcWrYU9rV\/view?usp=sharing\">2N TRIMESTRE<\/a><\/td>\n<td style=\"width: 49.1234%; text-align: center; height: 23px;\"><a href=\"https:\/\/drive.google.com\/file\/d\/12xr4Xl6g-is6pCWGxVTLzJMN1QRGib-X\/view?usp=sharing\">3R TRIMESTRE<\/a><\/td>\n<\/tr>\n<\/tbody>\n<\/table>\n<table style=\"border-collapse: collapse; width: 100%;\">\n<tbody>\n<tr>\n<td style=\"width: 33.3333%;\"><img loading=\"lazy\" decoding=\"async\" class=\"aligncenter  wp-image-5197\" src=\"https:\/\/agora.xtec.cat\/ceipcescaldea\/wp-content\/uploads\/usu863\/2025\/01\/Diapo-1.jpg\" alt=\"\" width=\"267\" height=\"267\" srcset=\"https:\/\/agora.xtec.cat\/ceipcescaldea\/wp-content\/uploads\/usu863\/2025\/01\/Diapo-1.jpg 500w, https:\/\/agora.xtec.cat\/ceipcescaldea\/wp-content\/uploads\/usu863\/2025\/01\/Diapo-1-300x300.jpg 300w, https:\/\/agora.xtec.cat\/ceipcescaldea\/wp-content\/uploads\/usu863\/2025\/01\/Diapo-1-150x150.jpg 150w\" sizes=\"auto, (max-width: 267px) 100vw, 267px\" \/><\/td>\n<td style=\"width: 33.4166%;\"><img loading=\"lazy\" decoding=\"async\" class=\"aligncenter  wp-image-5563\" src=\"https:\/\/agora.xtec.cat\/ceipcescaldea\/wp-content\/uploads\/usu863\/2025\/07\/Diapo2.jpg\" alt=\"\" width=\"285\" height=\"285\" srcset=\"https:\/\/agora.xtec.cat\/ceipcescaldea\/wp-content\/uploads\/usu863\/2025\/07\/Diapo2.jpg 500w, https:\/\/agora.xtec.cat\/ceipcescaldea\/wp-content\/uploads\/usu863\/2025\/07\/Diapo2-300x300.jpg 300w, https:\/\/agora.xtec.cat\/ceipcescaldea\/wp-content\/uploads\/usu863\/2025\/07\/Diapo2-150x150.jpg 150w\" sizes=\"auto, (max-width: 285px) 100vw, 285px\" \/><\/td>\n<td style=\"width: 33.25%;\"><img loading=\"lazy\" decoding=\"async\" class=\"aligncenter  wp-image-5564\" src=\"https:\/\/agora.xtec.cat\/ceipcescaldea\/wp-content\/uploads\/usu863\/2025\/07\/Diapo3.jpg\" alt=\"\" width=\"289\" height=\"289\" srcset=\"https:\/\/agora.xtec.cat\/ceipcescaldea\/wp-content\/uploads\/usu863\/2025\/07\/Diapo3.jpg 500w, https:\/\/agora.xtec.cat\/ceipcescaldea\/wp-content\/uploads\/usu863\/2025\/07\/Diapo3-300x300.jpg 300w, https:\/\/agora.xtec.cat\/ceipcescaldea\/wp-content\/uploads\/usu863\/2025\/07\/Diapo3-150x150.jpg 150w\" sizes=\"auto, (max-width: 289px) 100vw, 289px\" \/><\/td>\n<\/tr>\n<\/tbody>\n<\/table>\n<h4><\/h4>\n<h4><span style=\"color: #ffcc99;\">Curs 23\/24<\/span><\/h4>\n<p>Recull d&#8217;actes del curs:<\/p>\n<table style=\"border-collapse: collapse; width: 66.86%;\">\n<tbody>\n<tr>\n<td style=\"width: 21.0055%; text-align: center;\"><a href=\"https:\/\/drive.google.com\/file\/d\/1vuSiJDTo-cCxI0tgGHMvhisCWkHHqFRY\/view?usp=sharing\" target=\"_blank\" rel=\"noopener\">1A TROBADA\u00a0<\/a><\/td>\n<td style=\"width: 17.5973%;\"><\/td>\n<td style=\"width: 28.2571%;\"><\/td>\n<\/tr>\n<\/tbody>\n<\/table>\n<table style=\"border-collapse: collapse; width: 66.6413%;\">\n<tbody>\n<tr>\n<td style=\"width: 34.264%;\">COBERTES-20240418T093731Z-001 <img loading=\"lazy\" decoding=\"async\" class=\"aligncenter size-large wp-image-5003\" src=\"https:\/\/agora.xtec.cat\/ceipcescaldea\/wp-content\/uploads\/usu863\/2024\/04\/DIAPOSITIVA1_page-0001.jpg\" alt=\"\" width=\"782\" height=\"782\" srcset=\"https:\/\/agora.xtec.cat\/ceipcescaldea\/wp-content\/uploads\/usu863\/2024\/04\/DIAPOSITIVA1_page-0001.jpg 782w, https:\/\/agora.xtec.cat\/ceipcescaldea\/wp-content\/uploads\/usu863\/2024\/04\/DIAPOSITIVA1_page-0001-300x300.jpg 300w, https:\/\/agora.xtec.cat\/ceipcescaldea\/wp-content\/uploads\/usu863\/2024\/04\/DIAPOSITIVA1_page-0001-150x150.jpg 150w, https:\/\/agora.xtec.cat\/ceipcescaldea\/wp-content\/uploads\/usu863\/2024\/04\/DIAPOSITIVA1_page-0001-768x768.jpg 768w\" sizes=\"auto, (max-width: 782px) 100vw, 782px\" \/><\/td>\n<td style=\"width: 32.0613%;\"><img loading=\"lazy\" decoding=\"async\" class=\"aligncenter size-full wp-image-5004\" src=\"https:\/\/agora.xtec.cat\/ceipcescaldea\/wp-content\/uploads\/usu863\/2024\/04\/DIAPOSITIVA1_page-0002.jpg\" alt=\"\" width=\"782\" height=\"782\" srcset=\"https:\/\/agora.xtec.cat\/ceipcescaldea\/wp-content\/uploads\/usu863\/2024\/04\/DIAPOSITIVA1_page-0002.jpg 782w, https:\/\/agora.xtec.cat\/ceipcescaldea\/wp-content\/uploads\/usu863\/2024\/04\/DIAPOSITIVA1_page-0002-300x300.jpg 300w, https:\/\/agora.xtec.cat\/ceipcescaldea\/wp-content\/uploads\/usu863\/2024\/04\/DIAPOSITIVA1_page-0002-150x150.jpg 150w, https:\/\/agora.xtec.cat\/ceipcescaldea\/wp-content\/uploads\/usu863\/2024\/04\/DIAPOSITIVA1_page-0002-768x768.jpg 768w\" sizes=\"auto, (max-width: 782px) 100vw, 782px\" \/><\/td>\n<\/tr>\n<\/tbody>\n<\/table>\n<h4><\/h4>\n<h4><span style=\"color: #ffcc99;\">Curs 22\/23<\/span><\/h4>\n<p>Recull d&#8217;actes del curs:<\/p>\n<table style=\"border-collapse: collapse; width: 66.86%;\">\n<tbody>\n<tr>\n<td style=\"width: 21.0055%; text-align: center;\"><a href=\"https:\/\/drive.google.com\/file\/d\/1AILTjomOf4D7ztDKCsWlfXOlrMTceRdJ\/view?usp=share_link\" target=\"_blank\" rel=\"noopener\">1r TRIMESTRE<\/a><\/td>\n<td style=\"width: 17.5973%;\"><\/td>\n<td style=\"width: 28.2571%;\"><\/td>\n<\/tr>\n<\/tbody>\n<\/table>\n<table style=\"border-collapse: collapse; width: 66.6413%;\">\n<tbody>\n<tr>\n<td style=\"width: 34.264%;\"><img loading=\"lazy\" decoding=\"async\" class=\"aligncenter wp-image-4489\" src=\"https:\/\/agora.xtec.cat\/ceipcescaldea\/wp-content\/uploads\/usu863\/2022\/11\/D1-22-1122.jpg\" alt=\"\" width=\"391\" height=\"391\" srcset=\"https:\/\/agora.xtec.cat\/ceipcescaldea\/wp-content\/uploads\/usu863\/2022\/11\/D1-22-1122.jpg 500w, https:\/\/agora.xtec.cat\/ceipcescaldea\/wp-content\/uploads\/usu863\/2022\/11\/D1-22-1122-300x300.jpg 300w, https:\/\/agora.xtec.cat\/ceipcescaldea\/wp-content\/uploads\/usu863\/2022\/11\/D1-22-1122-150x150.jpg 150w\" sizes=\"auto, (max-width: 391px) 100vw, 391px\" \/><\/td>\n<td style=\"width: 32.0613%;\"><img loading=\"lazy\" decoding=\"async\" class=\"aligncenter wp-image-4490\" src=\"https:\/\/agora.xtec.cat\/ceipcescaldea\/wp-content\/uploads\/usu863\/2022\/11\/D2-2-11-22.jpg\" alt=\"\" width=\"379\" height=\"379\" srcset=\"https:\/\/agora.xtec.cat\/ceipcescaldea\/wp-content\/uploads\/usu863\/2022\/11\/D2-2-11-22.jpg 500w, https:\/\/agora.xtec.cat\/ceipcescaldea\/wp-content\/uploads\/usu863\/2022\/11\/D2-2-11-22-300x300.jpg 300w, https:\/\/agora.xtec.cat\/ceipcescaldea\/wp-content\/uploads\/usu863\/2022\/11\/D2-2-11-22-150x150.jpg 150w\" sizes=\"auto, (max-width: 379px) 100vw, 379px\" \/><\/td>\n<\/tr>\n<\/tbody>\n<\/table>\n<h4><span style=\"color: #ffcc99;\">Curs 21\/22<\/span><\/h4>\n<p><span style=\"color: #000000;\">Recull d&#8217;actes del curs:\u00a0<\/span><\/p>\n<table style=\"border-collapse: collapse; width: 55.475%; height: 32px;\">\n<tbody>\n<tr style=\"height: 32px;\">\n<td style=\"width: 14.2615%; text-align: center; height: 32px;\"><a href=\"https:\/\/drive.google.com\/file\/d\/1dJN_s7cnuzdJfSJVTlcYCOliTE0204Ah\/view?usp=sharing\" target=\"_blank\" rel=\"noopener\">1r TRIMESTRE<\/a><\/td>\n<td style=\"width: 18.1049%; text-align: center; height: 32px;\"><a href=\"https:\/\/drive.google.com\/file\/d\/1mJjXzfthq56-Kkvs0HrfjFOZ39nYIcE_\/view?usp=sharing\" target=\"_blank\" rel=\"noopener\">2n TRIMESTRE<\/a><\/td>\n<td style=\"width: 23.1085%; height: 32px; text-align: center;\"><a href=\"https:\/\/drive.google.com\/file\/d\/1-rJkxV7yu0j9jsLwMVzyDAj1kAYlIC7c\/view?usp=sharing\" target=\"_blank\" rel=\"noopener\">3r TRIMESTRE<\/a><\/td>\n<\/tr>\n<\/tbody>\n<\/table>\n<table style=\"border-collapse: collapse; width: 70.8484%;\">\n<tbody>\n<tr>\n<td style=\"width: 32.4414%;\"><img loading=\"lazy\" decoding=\"async\" class=\"wp-image-4122 alignleft\" style=\"font-size: 16px;\" src=\"https:\/\/agora.xtec.cat\/ceipcescaldea\/wp-content\/uploads\/usu863\/2022\/03\/1.png\" alt=\"\" width=\"431\" height=\"431\" srcset=\"https:\/\/agora.xtec.cat\/ceipcescaldea\/wp-content\/uploads\/usu863\/2022\/03\/1.png 500w, https:\/\/agora.xtec.cat\/ceipcescaldea\/wp-content\/uploads\/usu863\/2022\/03\/1-300x300.png 300w, https:\/\/agora.xtec.cat\/ceipcescaldea\/wp-content\/uploads\/usu863\/2022\/03\/1-150x150.png 150w\" sizes=\"auto, (max-width: 431px) 100vw, 431px\" \/><\/td>\n<td style=\"width: 35.9154%;\"><img loading=\"lazy\" decoding=\"async\" class=\"wp-image-4121 alignleft\" style=\"font-size: 16px;\" src=\"https:\/\/agora.xtec.cat\/ceipcescaldea\/wp-content\/uploads\/usu863\/2022\/03\/2.png\" alt=\"\" width=\"414\" height=\"414\" srcset=\"https:\/\/agora.xtec.cat\/ceipcescaldea\/wp-content\/uploads\/usu863\/2022\/03\/2.png 500w, https:\/\/agora.xtec.cat\/ceipcescaldea\/wp-content\/uploads\/usu863\/2022\/03\/2-300x300.png 300w, https:\/\/agora.xtec.cat\/ceipcescaldea\/wp-content\/uploads\/usu863\/2022\/03\/2-150x150.png 150w\" sizes=\"auto, (max-width: 414px) 100vw, 414px\" \/><\/td>\n<\/tr>\n<tr>\n<td style=\"width: 32.4414%;\"><img loading=\"lazy\" decoding=\"async\" class=\"wp-image-4155 alignleft\" style=\"font-size: 16px; font-weight: bold;\" src=\"https:\/\/agora.xtec.cat\/ceipcescaldea\/wp-content\/uploads\/usu863\/2022\/03\/Minimalist-Coffee-Cafe-Logo-2.jpg\" alt=\"\" width=\"423\" height=\"423\" srcset=\"https:\/\/agora.xtec.cat\/ceipcescaldea\/wp-content\/uploads\/usu863\/2022\/03\/Minimalist-Coffee-Cafe-Logo-2.jpg 500w, https:\/\/agora.xtec.cat\/ceipcescaldea\/wp-content\/uploads\/usu863\/2022\/03\/Minimalist-Coffee-Cafe-Logo-2-300x300.jpg 300w, https:\/\/agora.xtec.cat\/ceipcescaldea\/wp-content\/uploads\/usu863\/2022\/03\/Minimalist-Coffee-Cafe-Logo-2-150x150.jpg 150w\" sizes=\"auto, (max-width: 423px) 100vw, 423px\" \/><\/td>\n<td style=\"width: 35.9154%;\"><img loading=\"lazy\" decoding=\"async\" class=\"wp-image-4300 alignleft\" style=\"font-size: 16px; font-weight: bold;\" src=\"https:\/\/agora.xtec.cat\/ceipcescaldea\/wp-content\/uploads\/usu863\/2022\/06\/Minimalist-Coffee-Cafe-Logo-3.jpg\" alt=\"\" width=\"423\" height=\"423\" srcset=\"https:\/\/agora.xtec.cat\/ceipcescaldea\/wp-content\/uploads\/usu863\/2022\/06\/Minimalist-Coffee-Cafe-Logo-3.jpg 500w, https:\/\/agora.xtec.cat\/ceipcescaldea\/wp-content\/uploads\/usu863\/2022\/06\/Minimalist-Coffee-Cafe-Logo-3-300x300.jpg 300w, https:\/\/agora.xtec.cat\/ceipcescaldea\/wp-content\/uploads\/usu863\/2022\/06\/Minimalist-Coffee-Cafe-Logo-3-150x150.jpg 150w\" sizes=\"auto, (max-width: 423px) 100vw, 423px\" \/><\/td>\n<\/tr>\n<\/tbody>\n<\/table>\n","protected":false},"excerpt":{"rendered":"<p>Fam\u00edlies, amb molta il\u00b7lusi\u00f3 us compartim que ja han comen\u00e7at les trobades &#8220;Caf\u00e8 amb fam\u00edlies&#8221;. Com a escola tenim l&#8217;objectiu [&hellip;]<\/p>\n","protected":false},"author":1,"featured_media":0,"parent":0,"menu_order":0,"comment_status":"closed","ping_status":"closed","template":"","meta":{"_bbp_topic_count":0,"_bbp_reply_count":0,"_bbp_total_topic_count":0,"_bbp_total_reply_count":0,"_bbp_voice_count":0,"_bbp_anonymous_reply_count":0,"_bbp_topic_count_hidden":0,"_bbp_reply_count_hidden":0,"_bbp_forum_subforum_count":0,"site-sidebar-layout":"default","site-content-layout":"","ast-site-content-layout":"default","site-content-style":"default","site-sidebar-style":"default","ast-global-header-display":"","ast-banner-title-visibility":"","ast-main-header-display":"","ast-hfb-above-header-display":"","ast-hfb-below-header-display":"","ast-hfb-mobile-header-display":"","site-post-title":"","ast-breadcrumbs-content":"","ast-featured-img":"","footer-sml-layout":"","theme-transparent-header-meta":"","adv-header-id-meta":"","stick-header-meta":"","header-above-stick-meta":"","header-main-stick-meta":"","header-below-stick-meta":"","astra-migrate-meta-layouts":"set","ast-page-background-enabled":"default","ast-page-background-meta":{"desktop":{"background-color":"var(--ast-global-color-4)","background-image":"","background-repeat":"repeat","background-position":"center center","background-size":"auto","background-attachment":"scroll","background-type":"","background-media":"","overlay-type":"","overlay-color":"","overlay-opacity":"","overlay-gradient":""},"tablet":{"background-color":"","background-image":"","background-repeat":"repeat","background-position":"center center","background-size":"auto","background-attachment":"scroll","background-type":"","background-media":"","overlay-type":"","overlay-color":"","overlay-opacity":"","overlay-gradient":""},"mobile":{"background-color":"","background-image":"","background-repeat":"repeat","background-position":"center center","background-size":"auto","background-attachment":"scroll","background-type":"","background-media":"","overlay-type":"","overlay-color":"","overlay-opacity":"","overlay-gradient":""}},"ast-content-background-meta":{"desktop":{"background-color":"var(--ast-global-color-5)","background-image":"","background-repeat":"repeat","background-position":"center center","background-size":"auto","background-attachment":"scroll","background-type":"","background-media":"","overlay-type":"","overlay-color":"","overlay-opacity":"","overlay-gradient":""},"tablet":{"background-color":"var(--ast-global-color-5)","background-image":"","background-repeat":"repeat","background-position":"center center","background-size":"auto","background-attachment":"scroll","background-type":"","background-media":"","overlay-type":"","overlay-color":"","overlay-opacity":"","overlay-gradient":""},"mobile":{"background-color":"var(--ast-global-color-5)","background-image":"","background-repeat":"repeat","background-position":"center center","background-size":"auto","background-attachment":"scroll","background-type":"","background-media":"","overlay-type":"","overlay-color":"","overlay-opacity":"","overlay-gradient":""}},"footnotes":""},"class_list":["post-4039","page","type-page","status-publish","hentry"],"post_mailing_queue_ids":[],"_links":{"self":[{"href":"https:\/\/agora.xtec.cat\/ceipcescaldea\/wp-json\/wp\/v2\/pages\/4039","targetHints":{"allow":["GET"]}}],"collection":[{"href":"https:\/\/agora.xtec.cat\/ceipcescaldea\/wp-json\/wp\/v2\/pages"}],"about":[{"href":"https:\/\/agora.xtec.cat\/ceipcescaldea\/wp-json\/wp\/v2\/types\/page"}],"author":[{"embeddable":true,"href":"https:\/\/agora.xtec.cat\/ceipcescaldea\/wp-json\/wp\/v2\/users\/1"}],"replies":[{"embeddable":true,"href":"https:\/\/agora.xtec.cat\/ceipcescaldea\/wp-json\/wp\/v2\/comments?post=4039"}],"version-history":[{"count":6,"href":"https:\/\/agora.xtec.cat\/ceipcescaldea\/wp-json\/wp\/v2\/pages\/4039\/revisions"}],"predecessor-version":[{"id":5700,"href":"https:\/\/agora.xtec.cat\/ceipcescaldea\/wp-json\/wp\/v2\/pages\/4039\/revisions\/5700"}],"wp:attachment":[{"href":"https:\/\/agora.xtec.cat\/ceipcescaldea\/wp-json\/wp\/v2\/media?parent=4039"}],"curies":[{"name":"wp","href":"https:\/\/api.w.org\/{rel}","templated":true}]}}