{"id":385,"date":"2016-01-24T18:32:34","date_gmt":"2016-01-24T17:32:34","guid":{"rendered":"http:\/\/agora.xtec.cat\/ceipcescaldea\/?page_id=385"},"modified":"2021-02-07T13:55:43","modified_gmt":"2021-02-07T12:55:43","slug":"diari-2","status":"publish","type":"page","link":"https:\/\/agora.xtec.cat\/ceipcescaldea\/resso-mediatic\/diari-2\/","title":{"rendered":"Internet"},"content":{"rendered":"<div><\/div>\n<div><\/div>\n<p><a href=\"https:\/\/sites.google.com\/a\/xtec.cat\/escola-cesc-aldea\/recull-mediatic\/ie991.png?attredirects=0\"><img loading=\"lazy\" decoding=\"async\" class=\" aligncenter\" src=\"https:\/\/sites.google.com\/a\/xtec.cat\/escola-cesc-aldea\/recull-mediatic\/ie991.png\" alt=\"\" width=\"65\" height=\"65\" border=\"0\" \/><\/a><\/p>\n<p style=\"text-align: center;\">\u00a0<strong>LITERATURA I LECTURA<\/strong><\/p>\n<p style=\"text-align: center;\">\u00a0 <a href=\"https:\/\/sites.google.com\/a\/xtec.cat\/escola-cesc-aldea\/goog_1009182087\">CRP<\/a><a href=\"http:\/\/experiencies-se-terrassa.blogspot.com.es\/2011\/12\/el-treball-de-la-llengua-partir-de-la.html\">\u00a0de Terrassa:\u00a0El Treball de llengua a partir de la literatura<\/a>\u00a0(12\/11)<\/p>\n<p style=\"text-align: center;\"><a href=\"http:\/\/www.terrassadigital.cat\/detall_actualitat\/?id=10709#.UKfAm2ewW5x\">Terrassa digital<\/a>:Impuls a la lectura (8\/2\/12)<\/p>\n<p style=\"text-align: center;\"><a href=\"http:\/\/www.uab.cat\/web\/videos\/reproduccio-1192707516892.html?param1=10divulgacio&amp;param2=40cienciessocials&amp;param4=educacio&amp;url_video=1337839896358\" target=\"_blank\" rel=\"noopener noreferrer\">El pr\u00e9stec a l&#8217;escola <\/a>Jornades de la UAB sobre El gust per la lectura (5\/12)<\/p>\n<p style=\"text-align: center;\"><a href=\"http:\/\/www.claudiarueda.com\/2012\/05\/barcelona.html\">Visita de la Claudia Rueda<\/a>\u00a0(5\/12) La Literatura Infantil a la UAB<\/p>\n<p style=\"text-align: center;\"><a href=\"http:\/\/literatura.gretel.cat\/recomanacions\/2012-recomanacions-juny\">Recomanacions Gretel<\/a>\u00a0(6\/12)<\/p>\n<p style=\"text-align: center;\"><a href=\"http:\/\/www.tv3.cat\/3alacarta\/#\/videos\/4564895\">Impuls a la lectura<\/a>\u00a0(minut 13,50) TV3 &#8211; TN vespre<\/p>\n<p style=\"text-align: center;\">(7\/5\/13) <a href=\"https:\/\/sites.google.com\/a\/xtec.cat\/escola-cesc-aldea\/goog_1649126689\">Impuls a la lectura<\/a>\u00a0(minut 3,20)<\/p>\n<p style=\"text-align: center;\"><a href=\"http:\/\/www.tv3.cat\/3alacarta\/#\/videos\/4564895\">C33 &#8211; Info K<\/a> (7\/5\/13)<br \/>\n<a href=\"http:\/\/se-vallesoccidental2.net\/webarxius\/CeeRraP%C3%A9-10-2013.pdf\">CRP de Terrassa -Bones pr\u00e0ctiques<\/a>\u00a0(10\/14)<\/p>\n<p style=\"text-align: center;\"><a href=\"https:\/\/www.youtube.com\/watch?v=-V2UiCqe574\">El Vall\u00e8s Educa (3-3-15)<\/a><\/p>\n<p style=\"text-align: center;\">Canal Terrassa <a href=\"http:\/\/www.terrassadigital.cat\/detall_actualitat\/25543\/alumnes\/francesc\/aldea\/fan\/una\/ruta\/literaria\/pels\/carrers\/la\/ciutat.html#.VRKUE09FDcs\">Callejero literario (25\/3\/14)<\/a><\/p>\n<p style=\"text-align: center;\">Malarrassa <a href=\"http:\/\/malarrassa.cat\/2015\/03\/10\/bibliopunt-al-barri-de-can-parellada\/\">Inauguraci\u00f3 del Bibliopunt del barri (10\/3\/15)<\/a><\/p>\n<p style=\"text-align: center;\">Torre del Palau <a href=\"http:\/\/www.naciodigital.cat\/latorredelpalau\/noticia\/40657\/nou\/servei\/bibliopunt\/can\/parellada\">Nou servei de Bibliopunt a Can Parellada (8-4-15)<\/a><\/p>\n<p style=\"text-align: center;\">Canal Terrassa <a href=\"http:\/\/www.terrassadigital.cat\/detall_actualitat\/25672\/la\/biblioteca\/districte\/sacosta\/can\/parellada\/amb\/bibliopunt.html#.VSuZ45Oj9NE\">Inauguraci\u00f3 del bibliopunt (<\/a>8\/4\/15)<\/p>\n<p style=\"text-align: center;\"><span style=\"font-family: inherit; font-size: 1em;\"><a href=\"https:\/\/www.youtube.com\/watch?v=kAEneiz8gAU\" target=\"_blank\" rel=\"noopener noreferrer\">Petit reportatge<\/a> al programa ELS MATINS (22-4-16)<\/span><\/p>\n<p style=\"text-align: center;\"><span style=\"font-family: inherit; font-size: 1em;\">Betev\u00e9 &#8211;\u00a0<a href=\"https:\/\/www.youtube.com\/watch?v=bcf-jVA_uQU&amp;feature=youtu.be\">Entrevista a la Lara Reyes <\/a>\u00a0(3\/2\/17)<\/span><\/p>\n<p style=\"text-align: center;\">TVE (Catalunya) &#8211; <a href=\"https:\/\/drive.google.com\/a\/xtec.cat\/file\/d\/0ByUCI0GadEwGM2pJNkdib1VmaDA\/view?usp=sharing\">Not\u00edcia breu_Sant Jordi\u00a0<\/a>(22\/4\/17)<\/p>\n<p style=\"text-align: center;\">Betev\u00e9 &#8211; <a href=\"http:\/\/beteve.cat\/clip\/rius-de-tinta-com-fer-creixer-lectors-entusiastes\/\">Rius de tinta<\/a>_ Com fer cr\u00e9ixer lectors entusiastes (16\/10\/17)<\/p>\n<p style=\"text-align: center;\">LECXIT a Terrassa &#8211; <a href=\"https:\/\/terrassadigital.cat\/mes-dun-centenar-de-parelles-participen-del-lecxit-un-programa-de-foment-de-la-lectura\/\" target=\"_blank\" rel=\"noopener noreferrer\">Resum de l&#8217;experi\u00e8ncia<\/a> (10\/01\/20)<\/p>\n<p style=\"text-align: center;\"><strong>\u00a0ACTIVITATS<\/strong><\/p>\n<p style=\"text-align: center;\">\u00a0<a href=\"http:\/\/canparellada2010.blogspot.com.es\/2010\/05\/xxv-aniversari-del-collegi-francesc.html\">25\u00e8 Aniversari<\/a><\/p>\n<p style=\"text-align: center;\"><a href=\"https:\/\/docs.google.com\/a\/xtec.cat\/file\/d\/0ByUCI0GadEwGbXMxdU5zSEpzamM\/edit\">1r premi de la Gimcana de Consum\u00a0\u00a0(14\/3\/14)<\/a><\/p>\n<p style=\"text-align: center;\"><a href=\"https:\/\/www.youtube.com\/watch?v=K2N3IL22b1g\">Matinal radiof\u00f2nica (9\/2\/15)<\/a> (minut 31,38)<\/p>\n<p style=\"text-align: center;\">\u00a0<strong> REIVINDICACIONS\u00a0<\/strong><\/p>\n<p style=\"text-align: center;\">\u00a0 <a href=\"http:\/\/www.terrassadigital.cat\/detall_arxiu\/?id=727\">Den\u00fancia de falta d&#8217;equipaments<\/a> (23\/3\/09)<br \/>\n<a href=\"http:\/\/www.terrassadigital.cat\/detall_arxiu\/?id=1288\">25 anys sense gimn\u00e0s<\/a> \u00a0\u00a0\u00a0(11\/5\/09)<br \/>\n<a href=\"http:\/\/www.terrassadigital.cat\/detall_actualitat\/?id=11971\">\u00a0No a les retallades!<\/a> (22\/5\/12)<\/p>\n<p style=\"text-align: center;\">\u00a0<strong>ALTRES<\/strong><\/p>\n<p style=\"text-align: center;\">\u00a0<a href=\"http:\/\/www.youtube.com\/watch?v=KBu72aSvBuQ\">Preg\u00f3 de Festa Major de Can Parellada a c\u00e0rrec de la Direcci\u00f3 de l&#8217;escola Francesc Aldea (14\/7\/12)<\/a><\/p>\n","protected":false},"excerpt":{"rendered":"<p>\u00a0LITERATURA I LECTURA \u00a0 CRP\u00a0de Terrassa:\u00a0El Treball de llengua a partir de la literatura\u00a0(12\/11) Terrassa digital:Impuls a la lectura (8\/2\/12) [&hellip;]<\/p>\n","protected":false},"author":1,"featured_media":0,"parent":357,"menu_order":0,"comment_status":"closed","ping_status":"closed","template":"","meta":{"_bbp_topic_count":0,"_bbp_reply_count":0,"_bbp_total_topic_count":0,"_bbp_total_reply_count":0,"_bbp_voice_count":0,"_bbp_anonymous_reply_count":0,"_bbp_topic_count_hidden":0,"_bbp_reply_count_hidden":0,"_bbp_forum_subforum_count":0,"site-sidebar-layout":"default","site-content-layout":"","ast-site-content-layout":"","site-content-style":"default","site-sidebar-style":"default","ast-global-header-display":"","ast-banner-title-visibility":"","ast-main-header-display":"","ast-hfb-above-header-display":"","ast-hfb-below-header-display":"","ast-hfb-mobile-header-display":"","site-post-title":"","ast-breadcrumbs-content":"","ast-featured-img":"","footer-sml-layout":"","theme-transparent-header-meta":"","adv-header-id-meta":"","stick-header-meta":"","header-above-stick-meta":"","header-main-stick-meta":"","header-below-stick-meta":"","astra-migrate-meta-layouts":"default","ast-page-background-enabled":"default","ast-page-background-meta":{"desktop":{"background-color":"var(--ast-global-color-4)","background-image":"","background-repeat":"repeat","background-position":"center center","background-size":"auto","background-attachment":"scroll","background-type":"","background-media":"","overlay-type":"","overlay-color":"","overlay-opacity":"","overlay-gradient":""},"tablet":{"background-color":"","background-image":"","background-repeat":"repeat","background-position":"center center","background-size":"auto","background-attachment":"scroll","background-type":"","background-media":"","overlay-type":"","overlay-color":"","overlay-opacity":"","overlay-gradient":""},"mobile":{"background-color":"","background-image":"","background-repeat":"repeat","background-position":"center center","background-size":"auto","background-attachment":"scroll","background-type":"","background-media":"","overlay-type":"","overlay-color":"","overlay-opacity":"","overlay-gradient":""}},"ast-content-background-meta":{"desktop":{"background-color":"var(--ast-global-color-5)","background-image":"","background-repeat":"repeat","background-position":"center center","background-size":"auto","background-attachment":"scroll","background-type":"","background-media":"","overlay-type":"","overlay-color":"","overlay-opacity":"","overlay-gradient":""},"tablet":{"background-color":"var(--ast-global-color-5)","background-image":"","background-repeat":"repeat","background-position":"center center","background-size":"auto","background-attachment":"scroll","background-type":"","background-media":"","overlay-type":"","overlay-color":"","overlay-opacity":"","overlay-gradient":""},"mobile":{"background-color":"var(--ast-global-color-5)","background-image":"","background-repeat":"repeat","background-position":"center center","background-size":"auto","background-attachment":"scroll","background-type":"","background-media":"","overlay-type":"","overlay-color":"","overlay-opacity":"","overlay-gradient":""}},"footnotes":""},"class_list":["post-385","page","type-page","status-publish","hentry"],"post_mailing_queue_ids":[],"_links":{"self":[{"href":"https:\/\/agora.xtec.cat\/ceipcescaldea\/wp-json\/wp\/v2\/pages\/385","targetHints":{"allow":["GET"]}}],"collection":[{"href":"https:\/\/agora.xtec.cat\/ceipcescaldea\/wp-json\/wp\/v2\/pages"}],"about":[{"href":"https:\/\/agora.xtec.cat\/ceipcescaldea\/wp-json\/wp\/v2\/types\/page"}],"author":[{"embeddable":true,"href":"https:\/\/agora.xtec.cat\/ceipcescaldea\/wp-json\/wp\/v2\/users\/1"}],"replies":[{"embeddable":true,"href":"https:\/\/agora.xtec.cat\/ceipcescaldea\/wp-json\/wp\/v2\/comments?post=385"}],"version-history":[{"count":4,"href":"https:\/\/agora.xtec.cat\/ceipcescaldea\/wp-json\/wp\/v2\/pages\/385\/revisions"}],"predecessor-version":[{"id":2860,"href":"https:\/\/agora.xtec.cat\/ceipcescaldea\/wp-json\/wp\/v2\/pages\/385\/revisions\/2860"}],"up":[{"embeddable":true,"href":"https:\/\/agora.xtec.cat\/ceipcescaldea\/wp-json\/wp\/v2\/pages\/357"}],"wp:attachment":[{"href":"https:\/\/agora.xtec.cat\/ceipcescaldea\/wp-json\/wp\/v2\/media?parent=385"}],"curies":[{"name":"wp","href":"https:\/\/api.w.org\/{rel}","templated":true}]}}