{"id":9105,"date":"2017-10-09T14:00:32","date_gmt":"2017-10-09T12:00:32","guid":{"rendered":"http:\/\/agora.xtec.cat\/ceipcesaraugust\/?page_id=9105"},"modified":"2017-12-11T15:41:33","modified_gmt":"2017-12-11T14:41:33","slug":"tac","status":"publish","type":"page","link":"https:\/\/agora.xtec.cat\/ceipcesaraugust\/arees\/tac\/","title":{"rendered":"Tecnologies per a l&#8217;Aprenentatge i el Coneixement"},"content":{"rendered":"<h1><img loading=\"lazy\" decoding=\"async\" class=\"alignnone wp-image-9123\" src=\"http:\/\/agora.xtec.cat\/ceipcesaraugust\/wp-content\/uploads\/usu1489\/2017\/10\/bee-bot-recortada.png\" alt=\"\" width=\"126\" height=\"126\" srcset=\"https:\/\/agora.xtec.cat\/ceipcesaraugust\/wp-content\/uploads\/usu1489\/2017\/10\/bee-bot-recortada.png 225w, https:\/\/agora.xtec.cat\/ceipcesaraugust\/wp-content\/uploads\/usu1489\/2017\/10\/bee-bot-recortada-150x150.png 150w\" sizes=\"auto, (max-width: 126px) 100vw, 126px\" \/>Bee-Bot<\/h1>\n<p>Des de fa un temps a l&#8217;escola s&#8217;han comen\u00e7at a utilitzar els Bee-Bots per treballar diferents aspectes. Podeu provar les diferents propostes per pr\u00e0cticar des de l&#8217;ordinador.<\/p>\n<ul>\n<li><a href=\"https:\/\/scratch.mit.edu\/projects\/19685257\/\">Proposta 1<\/a><\/li>\n<li><a href=\"https:\/\/www.bee-bot.us\/emu\/beebot.html\">Proposta 2<\/a><\/li>\n<\/ul>\n<h1><\/h1>\n<h2><a href=\"http:\/\/lightbot.com\/hour-of-code.html\"><img loading=\"lazy\" decoding=\"async\" class=\"alignnone wp-image-9106\" src=\"http:\/\/agora.xtec.cat\/ceipcesaraugust\/wp-content\/uploads\/usu1489\/2017\/10\/lightbot.png\" alt=\"\" width=\"120\" height=\"120\" srcset=\"https:\/\/agora.xtec.cat\/ceipcesaraugust\/wp-content\/uploads\/usu1489\/2017\/10\/lightbot.png 300w, https:\/\/agora.xtec.cat\/ceipcesaraugust\/wp-content\/uploads\/usu1489\/2017\/10\/lightbot-150x150.png 150w\" sizes=\"auto, (max-width: 120px) 100vw, 120px\" \/><\/a>Lightbot<\/h2>\n<p>El Lightbot \u00e9s una aplicaci\u00f3 que ens permet programar en blocs un robot de manera molt senzilla. Podeu trobar la versi\u00f3 per ordinador i tamb\u00e9 la app per a m\u00f2bil.<\/p>\n<p>&nbsp;<\/p>\n<h2><a href=\"http:\/\/spritebox.com\/hour.html\"><img loading=\"lazy\" decoding=\"async\" class=\"wp-image-9225 alignnone\" src=\"http:\/\/agora.xtec.cat\/ceipcesaraugust\/wp-content\/uploads\/usu1489\/2017\/10\/unnamed.png\" alt=\"\" width=\"107\" height=\"107\" srcset=\"https:\/\/agora.xtec.cat\/ceipcesaraugust\/wp-content\/uploads\/usu1489\/2017\/10\/unnamed.png 300w, https:\/\/agora.xtec.cat\/ceipcesaraugust\/wp-content\/uploads\/usu1489\/2017\/10\/unnamed-150x150.png 150w\" sizes=\"auto, (max-width: 107px) 100vw, 107px\" \/><\/a> SpriteBox<\/h2>\n<p>&nbsp;<\/p>\n<p><a href=\"https:\/\/docs.google.com\/forms\/d\/e\/1FAIpQLSf71I9rjqp0uXyXBsIzOPKds5OgWWjfPVHnLV6f5PVEk2nFgw\/viewform?usp=sf_link\">Q\u00fcestionari d&#8217;autoavaluaci\u00f3 1r trimestre<\/a><\/p>\n","protected":false},"excerpt":{"rendered":"<p>Bee-Bot Des de fa un temps a l&#8217;escola s&#8217;han comen\u00e7at a utilitzar els Bee-Bots per treballar diferents aspectes. Podeu provar [&hellip;]<\/p>\n","protected":false},"author":1,"featured_media":0,"parent":475,"menu_order":0,"comment_status":"closed","ping_status":"closed","template":"","meta":{"_bbp_topic_count":0,"_bbp_reply_count":0,"_bbp_total_topic_count":0,"_bbp_total_reply_count":0,"_bbp_voice_count":0,"_bbp_anonymous_reply_count":0,"_bbp_topic_count_hidden":0,"_bbp_reply_count_hidden":0,"_bbp_forum_subforum_count":0,"site-sidebar-layout":"default","site-content-layout":"","ast-site-content-layout":"","site-content-style":"default","site-sidebar-style":"default","ast-global-header-display":"","ast-banner-title-visibility":"","ast-main-header-display":"","ast-hfb-above-header-display":"","ast-hfb-below-header-display":"","ast-hfb-mobile-header-display":"","site-post-title":"","ast-breadcrumbs-content":"","ast-featured-img":"","footer-sml-layout":"","theme-transparent-header-meta":"","adv-header-id-meta":"","stick-header-meta":"","header-above-stick-meta":"","header-main-stick-meta":"","header-below-stick-meta":"","astra-migrate-meta-layouts":"default","ast-page-background-enabled":"default","ast-page-background-meta":{"desktop":{"background-color":"var(--ast-global-color-4)","background-image":"","background-repeat":"repeat","background-position":"center center","background-size":"auto","background-attachment":"scroll","background-type":"","background-media":"","overlay-type":"","overlay-color":"","overlay-opacity":"","overlay-gradient":""},"tablet":{"background-color":"","background-image":"","background-repeat":"repeat","background-position":"center center","background-size":"auto","background-attachment":"scroll","background-type":"","background-media":"","overlay-type":"","overlay-color":"","overlay-opacity":"","overlay-gradient":""},"mobile":{"background-color":"","background-image":"","background-repeat":"repeat","background-position":"center center","background-size":"auto","background-attachment":"scroll","background-type":"","background-media":"","overlay-type":"","overlay-color":"","overlay-opacity":"","overlay-gradient":""}},"ast-content-background-meta":{"desktop":{"background-color":"var(--ast-global-color-5)","background-image":"","background-repeat":"repeat","background-position":"center center","background-size":"auto","background-attachment":"scroll","background-type":"","background-media":"","overlay-type":"","overlay-color":"","overlay-opacity":"","overlay-gradient":""},"tablet":{"background-color":"var(--ast-global-color-5)","background-image":"","background-repeat":"repeat","background-position":"center center","background-size":"auto","background-attachment":"scroll","background-type":"","background-media":"","overlay-type":"","overlay-color":"","overlay-opacity":"","overlay-gradient":""},"mobile":{"background-color":"var(--ast-global-color-5)","background-image":"","background-repeat":"repeat","background-position":"center center","background-size":"auto","background-attachment":"scroll","background-type":"","background-media":"","overlay-type":"","overlay-color":"","overlay-opacity":"","overlay-gradient":""}},"footnotes":""},"class_list":["post-9105","page","type-page","status-publish","hentry"],"post_mailing_queue_ids":[],"_links":{"self":[{"href":"https:\/\/agora.xtec.cat\/ceipcesaraugust\/wp-json\/wp\/v2\/pages\/9105","targetHints":{"allow":["GET"]}}],"collection":[{"href":"https:\/\/agora.xtec.cat\/ceipcesaraugust\/wp-json\/wp\/v2\/pages"}],"about":[{"href":"https:\/\/agora.xtec.cat\/ceipcesaraugust\/wp-json\/wp\/v2\/types\/page"}],"author":[{"embeddable":true,"href":"https:\/\/agora.xtec.cat\/ceipcesaraugust\/wp-json\/wp\/v2\/users\/1"}],"replies":[{"embeddable":true,"href":"https:\/\/agora.xtec.cat\/ceipcesaraugust\/wp-json\/wp\/v2\/comments?post=9105"}],"version-history":[{"count":4,"href":"https:\/\/agora.xtec.cat\/ceipcesaraugust\/wp-json\/wp\/v2\/pages\/9105\/revisions"}],"predecessor-version":[{"id":24521,"href":"https:\/\/agora.xtec.cat\/ceipcesaraugust\/wp-json\/wp\/v2\/pages\/9105\/revisions\/24521"}],"up":[{"embeddable":true,"href":"https:\/\/agora.xtec.cat\/ceipcesaraugust\/wp-json\/wp\/v2\/pages\/475"}],"wp:attachment":[{"href":"https:\/\/agora.xtec.cat\/ceipcesaraugust\/wp-json\/wp\/v2\/media?parent=9105"}],"curies":[{"name":"wp","href":"https:\/\/api.w.org\/{rel}","templated":true}]}}