{"id":486,"date":"2016-10-20T00:33:50","date_gmt":"2016-10-19T22:33:50","guid":{"rendered":"http:\/\/agora.xtec.cat\/ceipcesaraugust\/?page_id=486"},"modified":"2026-02-05T11:37:46","modified_gmt":"2026-02-05T10:37:46","slug":"equip-docent","status":"publish","type":"page","link":"https:\/\/agora.xtec.cat\/ceipcesaraugust\/lescola\/organigrama\/equip-docent\/","title":{"rendered":"Equip docent"},"content":{"rendered":"<table style=\"height: 1316px; width: 96.8039%;\">\n<tbody>\n<tr style=\"height: 31px;\">\n<td style=\"width: 31.2421%; text-align: center; height: 31px;\"><strong>Nom i cognom<\/strong><\/td>\n<td style=\"width: 21.4396%; text-align: center; height: 31px;\"><strong>C\u00e0rrec<\/strong><\/td>\n<td style=\"width: 22.5213%; text-align: center; height: 31px;\"><strong>Horari d&#8217;atenci\u00f3 a fam\u00edlies<\/strong><\/td>\n<td style=\"width: 26.1036%; text-align: center; height: 31px;\"><strong>Correu electr\u00f2nic<\/strong><\/td>\n<\/tr>\n<tr style=\"height: 33px;\">\n<td style=\"width: 101.307%; height: 33px;\" colspan=\"4\"><strong>Equip directiu<\/strong><\/td>\n<\/tr>\n<tr style=\"height: 31px;\">\n<td style=\"width: 31.2421%; height: 31px;\">Blanca Carri\u00f3n<\/td>\n<td style=\"width: 21.4396%; height: 31px; text-align: center;\">Directora<\/td>\n<td style=\"width: 22.5213%; height: 93px; text-align: center;\" rowspan=\"3\">Demanar hora per correu electr\u00f2nic.<\/td>\n<td style=\"width: 26.1036%; height: 93px; text-align: center;\" rowspan=\"3\">e3005959@xtec.cat<\/td>\n<\/tr>\n<tr style=\"height: 31px;\">\n<td style=\"width: 31.2421%; height: 31px;\">Salvador Gran\u00e9<\/td>\n<td style=\"width: 21.4396%; height: 31px; text-align: center;\">Cap d&#8217;estudis<\/td>\n<\/tr>\n<tr style=\"height: 31px;\">\n<td style=\"width: 31.2421%; height: 31px;\">Neus Barber\u00e0<\/td>\n<td style=\"width: 21.4396%; height: 31px; text-align: center;\">Secret\u00e0ria<\/td>\n<\/tr>\n<tr style=\"height: 32px;\">\n<td style=\"height: 32px; width: 101.307%;\" colspan=\"4\"><strong>Educaci\u00f3 infantil<\/strong><\/td>\n<\/tr>\n<tr style=\"height: 31px;\">\n<td style=\"width: 31.2421%; height: 31px;\">Anna Mas (Substituta: Estela Castell\u00f3)<\/td>\n<td style=\"width: 21.4396%; height: 31px; text-align: center;\">Tutora I3 A<\/td>\n<td style=\"width: 22.5213%; height: 31px; text-align: center;\"><\/td>\n<td style=\"width: 26.1036%; height: 31px;\"><\/td>\n<\/tr>\n<tr style=\"height: 31px;\">\n<td style=\"width: 31.2421%; height: 31px;\">Gesane Ruiz (Substituta: Ester Reyes)<\/td>\n<td style=\"width: 21.4396%; height: 31px; text-align: center;\">Tutora I3 B<\/td>\n<td style=\"width: 22.5213%; height: 31px; text-align: center;\"><\/td>\n<td style=\"width: 26.1036%; height: 31px;\"><\/td>\n<\/tr>\n<tr style=\"height: 31px;\">\n<td style=\"width: 31.2421%; height: 31px;\">Marian Mart\u00ednez<\/td>\n<td style=\"width: 21.4396%; height: 31px; text-align: center;\">Tutora I4 A<\/td>\n<td style=\"width: 22.5213%; height: 31px; text-align: center;\"><\/td>\n<td style=\"width: 26.1036%; height: 31px;\"><\/td>\n<\/tr>\n<tr style=\"height: 31px;\">\n<td style=\"width: 31.2421%; height: 31px;\">Blanca Castillo<\/td>\n<td style=\"width: 21.4396%; height: 31px; text-align: center;\">Tutora I4 B<\/td>\n<td style=\"width: 22.5213%; height: 31px; text-align: center;\"><\/td>\n<td style=\"width: 26.1036%; height: 31px;\"><\/td>\n<\/tr>\n<tr style=\"height: 31px;\">\n<td style=\"width: 31.2421%; height: 31px;\">Montse Castellv\u00ed<\/td>\n<td style=\"width: 21.4396%; height: 31px; text-align: center;\">Tutora I5 A<\/td>\n<td style=\"width: 22.5213%; height: 31px; text-align: center;\"><\/td>\n<td style=\"width: 26.1036%; height: 31px;\"><\/td>\n<\/tr>\n<tr style=\"height: 31px;\">\n<td style=\"width: 31.2421%; height: 31px;\">\u00c0ngels Castell\u00e0<\/td>\n<td style=\"width: 21.4396%; height: 31px; text-align: center;\">Tutora I5 B<\/td>\n<td style=\"width: 22.5213%; height: 31px; text-align: center;\"><\/td>\n<td style=\"width: 26.1036%; height: 31px;\"><\/td>\n<\/tr>\n<tr style=\"height: 31px;\">\n<td style=\"width: 31.2421%; height: 31px;\">N\u00faria Cavall\u00e9<\/td>\n<td style=\"width: 21.4396%; height: 31px; text-align: center;\">TEEI<\/td>\n<td style=\"width: 22.5213%; height: 31px; text-align: center;\"><\/td>\n<td style=\"width: 26.1036%; height: 31px;\"><\/td>\n<\/tr>\n<tr style=\"height: 32px;\">\n<td style=\"width: 101.307%; height: 32px;\" colspan=\"4\"><strong>Educaci\u00f3 prim\u00e0ria<\/strong><\/td>\n<\/tr>\n<tr style=\"height: 31px;\">\n<td style=\"width: 31.2421%; height: 31px;\">Jessica Tarafa<\/td>\n<td style=\"width: 21.4396%; height: 31px; text-align: center;\">Tutora 1r A<\/td>\n<td style=\"width: 22.5213%; height: 31px; text-align: center;\"><\/td>\n<td style=\"width: 26.1036%; height: 31px;\"><\/td>\n<\/tr>\n<tr style=\"height: 31px;\">\n<td style=\"width: 31.2421%; height: 31px;\">Montse San Emeterio<\/td>\n<td style=\"width: 21.4396%; height: 31px; text-align: center;\">Tutora 1r B<\/td>\n<td style=\"width: 22.5213%; height: 31px; text-align: center;\"><\/td>\n<td style=\"width: 26.1036%; height: 31px;\"><\/td>\n<\/tr>\n<tr style=\"height: 31px;\">\n<td style=\"width: 31.2421%; height: 31px;\">Marina Olivar<\/td>\n<td style=\"width: 21.4396%; height: 31px; text-align: center;\">Tutora 2n A<\/td>\n<td style=\"width: 22.5213%; height: 31px; text-align: center;\"><\/td>\n<td style=\"width: 26.1036%; height: 31px;\"><\/td>\n<\/tr>\n<tr style=\"height: 31px;\">\n<td style=\"width: 31.2421%; height: 31px;\">Albert Rovira<\/td>\n<td style=\"width: 21.4396%; height: 31px; text-align: center;\">Tutora 2n B<\/td>\n<td style=\"width: 22.5213%; height: 31px; text-align: center;\"><\/td>\n<td style=\"width: 26.1036%; height: 31px;\"><\/td>\n<\/tr>\n<tr style=\"height: 31px;\">\n<td style=\"width: 31.2421%; height: 31px;\">Poli Guti\u00e9rrez (Substituta: Irene Madramany)<\/td>\n<td style=\"width: 21.4396%; height: 31px; text-align: center;\">Tutora 3r A<\/td>\n<td style=\"width: 22.5213%; height: 31px; text-align: center;\"><\/td>\n<td style=\"width: 26.1036%; height: 31px;\"><\/td>\n<\/tr>\n<tr style=\"height: 31px;\">\n<td style=\"width: 31.2421%; height: 31px;\">Tatu Roda i Daniel Grau<\/td>\n<td style=\"width: 21.4396%; height: 31px; text-align: center;\">Tutora 3r B<\/td>\n<td style=\"width: 22.5213%; height: 31px; text-align: center;\"><\/td>\n<td style=\"width: 26.1036%; height: 31px;\"><\/td>\n<\/tr>\n<tr style=\"height: 31px;\">\n<td style=\"width: 31.2421%; height: 31px;\">Montse Borrull i Pau Esteban<\/td>\n<td style=\"width: 21.4396%; height: 31px; text-align: center;\">Tutora 4t A<\/td>\n<td style=\"width: 22.5213%; height: 31px; text-align: center;\"><\/td>\n<td style=\"width: 26.1036%; height: 31px;\"><\/td>\n<\/tr>\n<tr style=\"height: 31px;\">\n<td style=\"width: 31.2421%; height: 31px;\">Roser Vendrell<\/td>\n<td style=\"width: 21.4396%; height: 31px; text-align: center;\">Tutora 4t B<\/td>\n<td style=\"width: 22.5213%; height: 31px; text-align: center;\"><\/td>\n<td style=\"width: 26.1036%; height: 31px;\"><\/td>\n<\/tr>\n<tr style=\"height: 31px;\">\n<td style=\"width: 31.2421%; height: 31px;\">Carme de Gea<\/td>\n<td style=\"width: 21.4396%; height: 31px; text-align: center;\">Tutora 5\u00e8 A<\/td>\n<td style=\"width: 22.5213%; height: 31px; text-align: center;\"><\/td>\n<td style=\"width: 26.1036%; height: 31px;\"><\/td>\n<\/tr>\n<tr style=\"height: 31px;\">\n<td style=\"width: 31.2421%; height: 31px;\">Rosa Gonzalo (Substituta: Elena Peransi)<\/td>\n<td style=\"width: 21.4396%; height: 31px; text-align: center;\">Tutora 5\u00e8 B<\/td>\n<td style=\"width: 22.5213%; height: 31px; text-align: center;\"><\/td>\n<td style=\"width: 26.1036%; height: 31px;\"><\/td>\n<\/tr>\n<tr style=\"height: 31px;\">\n<td style=\"width: 31.2421%; height: 31px;\">M\u00aa Rosa Mart\u00ed i Roger Escrib\u00e0<\/td>\n<td style=\"width: 21.4396%; height: 31px; text-align: center;\">Tutora 6\u00e8 A<\/td>\n<td style=\"width: 22.5213%; height: 31px; text-align: center;\"><\/td>\n<td style=\"width: 26.1036%; height: 31px;\"><\/td>\n<\/tr>\n<tr style=\"height: 31px;\">\n<td style=\"width: 31.2421%; height: 31px;\">Vicent Garcia (Substitut: Pau Sol\u00e9)<\/td>\n<td style=\"width: 21.4396%; height: 31px; text-align: center;\">Tutora 6\u00e8 B<\/td>\n<td style=\"width: 22.5213%; height: 31px; text-align: center;\"><\/td>\n<td style=\"width: 26.1036%; height: 31px;\"><\/td>\n<\/tr>\n<tr style=\"height: 33px;\">\n<td style=\"width: 101.307%; height: 33px;\" colspan=\"4\"><strong>Mestres especialistes<\/strong><\/td>\n<\/tr>\n<tr style=\"height: 31px;\">\n<td style=\"width: 31.2421%; height: 31px;\">Cristina Mir\u00f3<\/td>\n<td style=\"width: 21.4396%; height: 31px; text-align: center;\">Educaci\u00f3 musical<\/td>\n<td style=\"width: 22.5213%; height: 31px; text-align: center;\"><\/td>\n<td style=\"width: 26.1036%; height: 31px;\"><\/td>\n<\/tr>\n<tr style=\"height: 48px;\">\n<td style=\"width: 31.2421%; height: 48px;\">Montse San Emeterio<\/td>\n<td style=\"width: 21.4396%; text-align: center; height: 48px;\">Educaci\u00f3 musical<\/td>\n<td style=\"width: 22.5213%; text-align: center; height: 48px;\"><\/td>\n<td style=\"width: 26.1036%; height: 48px;\"><\/td>\n<\/tr>\n<tr style=\"height: 31px;\">\n<td style=\"width: 31.2421%; height: 31px;\">Laura P\u00e9rez<\/td>\n<td style=\"width: 21.4396%; height: 31px; text-align: center;\">Educaci\u00f3 f\u00edsica<\/td>\n<td style=\"width: 22.5213%; height: 31px; text-align: center;\"><\/td>\n<td style=\"width: 26.1036%; height: 31px;\"><\/td>\n<\/tr>\n<tr style=\"height: 47px;\">\n<td style=\"width: 31.2421%; height: 47px;\">Nacho de la Torre<\/td>\n<td style=\"width: 21.4396%; height: 47px; text-align: center;\">Educaci\u00f3 f\u00edsica<\/td>\n<td style=\"width: 22.5213%; height: 47px; text-align: center;\"><\/td>\n<td style=\"width: 26.1036%; height: 47px;\"><\/td>\n<\/tr>\n<tr style=\"height: 31px;\">\n<td style=\"width: 31.2421%; height: 31px;\">Natalia Sobradillo<\/td>\n<td style=\"width: 21.4396%; height: 31px; text-align: center;\">Llengua anglesa<\/td>\n<td style=\"width: 22.5213%; height: 31px; text-align: center;\"><\/td>\n<td style=\"width: 26.1036%; height: 31px;\"><\/td>\n<\/tr>\n<tr style=\"height: 31px;\">\n<td style=\"width: 31.2421%; height: 31px;\">Noelia Pacheco<\/td>\n<td style=\"width: 21.4396%; height: 31px; text-align: center;\">Llengua anglesa<\/td>\n<td style=\"width: 22.5213%; height: 31px; text-align: center;\"><\/td>\n<td style=\"width: 26.1036%; height: 31px;\"><\/td>\n<\/tr>\n<tr style=\"height: 31px;\">\n<td style=\"width: 31.2421%; height: 31px;\">Susana Alba<\/td>\n<td style=\"width: 21.4396%; height: 31px; text-align: center;\">Religi\u00f3<\/td>\n<td style=\"width: 22.5213%; height: 31px; text-align: center;\"><\/td>\n<td style=\"width: 26.1036%; height: 31px;\"><\/td>\n<\/tr>\n<tr style=\"height: 31px;\">\n<td style=\"width: 31.2421%; height: 31px;\">S\u00edlvia S\u00e1nchez<\/td>\n<td style=\"width: 21.4396%; height: 31px; text-align: center;\">Tutora Suport Intensiu Educaci\u00f3 Inclusiva<\/td>\n<td style=\"width: 22.5213%; height: 31px; text-align: center;\"><\/td>\n<td style=\"width: 26.1036%; height: 31px;\"><\/td>\n<\/tr>\n<tr style=\"height: 31px;\">\n<td style=\"width: 31.2421%; height: 31px;\">Marta Arias (Substituta: Luc\u00eda Mellado)<\/td>\n<td style=\"width: 21.4396%; height: 31px; text-align: center;\">Educadora d&#8217;educaci\u00f3 especial (SIEI)<\/td>\n<td style=\"width: 22.5213%; height: 31px; text-align: center;\"><\/td>\n<td style=\"width: 26.1036%; height: 31px;\"><\/td>\n<\/tr>\n<tr style=\"height: 32px;\">\n<td style=\"width: 31.2421%; height: 32px;\">Gemma Mart\u00ednez<\/td>\n<td style=\"width: 21.4396%; text-align: center; height: 32px;\">Pedagogia terap\u00e8utica<\/td>\n<td style=\"width: 22.5213%; text-align: center; height: 32px;\"><\/td>\n<td style=\"width: 26.1036%; height: 32px;\"><\/td>\n<\/tr>\n<tr style=\"height: 32px;\">\n<td style=\"width: 31.2421%; height: 32px;\">Eva Mart\u00ed<\/td>\n<td style=\"width: 21.4396%; text-align: center; height: 32px;\">Pedagogia terap\u00e8utica<\/td>\n<td style=\"width: 22.5213%; text-align: center; height: 32px;\"><\/td>\n<td style=\"width: 26.1036%; height: 32px;\"><\/td>\n<\/tr>\n<tr style=\"height: 32px;\">\n<td style=\"width: 31.2421%; height: 32px;\">Pilar Torreblanca<\/td>\n<td style=\"width: 21.4396%; text-align: center; height: 32px;\">Vetlladora<\/td>\n<td style=\"width: 22.5213%; text-align: center; height: 32px;\"><\/td>\n<td style=\"width: 26.1036%; height: 32px;\"><\/td>\n<\/tr>\n<tr style=\"height: 32px;\">\n<td style=\"width: 31.2421%; height: 32px;\">Sebasti\u00e1n Vitelli<\/td>\n<td style=\"width: 21.4396%; text-align: center; height: 32px;\">Vetllador<\/td>\n<td style=\"width: 22.5213%; text-align: center; height: 32px;\"><\/td>\n<td style=\"width: 26.1036%; height: 32px;\"><\/td>\n<\/tr>\n<\/tbody>\n<\/table>\n","protected":false},"excerpt":{"rendered":"<p>Nom i cognom C\u00e0rrec Horari d&#8217;atenci\u00f3 a fam\u00edlies Correu electr\u00f2nic Equip directiu Blanca Carri\u00f3n Directora Demanar hora per correu electr\u00f2nic. [&hellip;]<\/p>\n","protected":false},"author":1,"featured_media":0,"parent":484,"menu_order":0,"comment_status":"closed","ping_status":"closed","template":"","meta":{"_bbp_topic_count":0,"_bbp_reply_count":0,"_bbp_total_topic_count":0,"_bbp_total_reply_count":0,"_bbp_voice_count":0,"_bbp_anonymous_reply_count":0,"_bbp_topic_count_hidden":0,"_bbp_reply_count_hidden":0,"_bbp_forum_subforum_count":0,"site-sidebar-layout":"default","site-content-layout":"","ast-site-content-layout":"default","site-content-style":"default","site-sidebar-style":"default","ast-global-header-display":"","ast-banner-title-visibility":"","ast-main-header-display":"","ast-hfb-above-header-display":"","ast-hfb-below-header-display":"","ast-hfb-mobile-header-display":"","site-post-title":"","ast-breadcrumbs-content":"","ast-featured-img":"","footer-sml-layout":"","theme-transparent-header-meta":"","adv-header-id-meta":"","stick-header-meta":"","header-above-stick-meta":"","header-main-stick-meta":"","header-below-stick-meta":"","astra-migrate-meta-layouts":"set","ast-page-background-enabled":"default","ast-page-background-meta":{"desktop":{"background-color":"var(--ast-global-color-4)","background-image":"","background-repeat":"repeat","background-position":"center center","background-size":"auto","background-attachment":"scroll","background-type":"","background-media":"","overlay-type":"","overlay-color":"","overlay-opacity":"","overlay-gradient":""},"tablet":{"background-color":"","background-image":"","background-repeat":"repeat","background-position":"center center","background-size":"auto","background-attachment":"scroll","background-type":"","background-media":"","overlay-type":"","overlay-color":"","overlay-opacity":"","overlay-gradient":""},"mobile":{"background-color":"","background-image":"","background-repeat":"repeat","background-position":"center center","background-size":"auto","background-attachment":"scroll","background-type":"","background-media":"","overlay-type":"","overlay-color":"","overlay-opacity":"","overlay-gradient":""}},"ast-content-background-meta":{"desktop":{"background-color":"var(--ast-global-color-5)","background-image":"","background-repeat":"repeat","background-position":"center center","background-size":"auto","background-attachment":"scroll","background-type":"","background-media":"","overlay-type":"","overlay-color":"","overlay-opacity":"","overlay-gradient":""},"tablet":{"background-color":"var(--ast-global-color-5)","background-image":"","background-repeat":"repeat","background-position":"center center","background-size":"auto","background-attachment":"scroll","background-type":"","background-media":"","overlay-type":"","overlay-color":"","overlay-opacity":"","overlay-gradient":""},"mobile":{"background-color":"var(--ast-global-color-5)","background-image":"","background-repeat":"repeat","background-position":"center center","background-size":"auto","background-attachment":"scroll","background-type":"","background-media":"","overlay-type":"","overlay-color":"","overlay-opacity":"","overlay-gradient":""}},"footnotes":""},"class_list":["post-486","page","type-page","status-publish","hentry"],"post_mailing_queue_ids":[],"_links":{"self":[{"href":"https:\/\/agora.xtec.cat\/ceipcesaraugust\/wp-json\/wp\/v2\/pages\/486","targetHints":{"allow":["GET"]}}],"collection":[{"href":"https:\/\/agora.xtec.cat\/ceipcesaraugust\/wp-json\/wp\/v2\/pages"}],"about":[{"href":"https:\/\/agora.xtec.cat\/ceipcesaraugust\/wp-json\/wp\/v2\/types\/page"}],"author":[{"embeddable":true,"href":"https:\/\/agora.xtec.cat\/ceipcesaraugust\/wp-json\/wp\/v2\/users\/1"}],"replies":[{"embeddable":true,"href":"https:\/\/agora.xtec.cat\/ceipcesaraugust\/wp-json\/wp\/v2\/comments?post=486"}],"version-history":[{"count":5,"href":"https:\/\/agora.xtec.cat\/ceipcesaraugust\/wp-json\/wp\/v2\/pages\/486\/revisions"}],"predecessor-version":[{"id":25068,"href":"https:\/\/agora.xtec.cat\/ceipcesaraugust\/wp-json\/wp\/v2\/pages\/486\/revisions\/25068"}],"up":[{"embeddable":true,"href":"https:\/\/agora.xtec.cat\/ceipcesaraugust\/wp-json\/wp\/v2\/pages\/484"}],"wp:attachment":[{"href":"https:\/\/agora.xtec.cat\/ceipcesaraugust\/wp-json\/wp\/v2\/media?parent=486"}],"curies":[{"name":"wp","href":"https:\/\/api.w.org\/{rel}","templated":true}]}}