{"id":469,"date":"2016-10-20T00:01:34","date_gmt":"2016-10-19T22:01:34","guid":{"rendered":"http:\/\/agora.xtec.cat\/ceipcesaraugust\/?page_id=469"},"modified":"2019-03-22T15:33:58","modified_gmt":"2019-03-22T14:33:58","slug":"trets-didentitat","status":"publish","type":"page","link":"https:\/\/agora.xtec.cat\/ceipcesaraugust\/lescola\/projecte-educatiu\/trets-didentitat\/","title":{"rendered":"Trets d&#8217;identitat"},"content":{"rendered":"<ul>\n<li>Formaci\u00f3 integral de l\u2019alumne.<\/li>\n<li>Pluralisme ideol\u00f2gic i valors democr\u00e0tics.<\/li>\n<li>Gesti\u00f3 institucional participativa (Consell Escolar, Claustre, AMPA,\u2026).<\/li>\n<li>Coeducaci\u00f3.<\/li>\n<li>Integraci\u00f3.<\/li>\n<li>Innovaci\u00f3 pedag\u00f2gica.<\/li>\n<li>Formaci\u00f3 Permanent del Professorat.<\/li>\n<li>Assoliment d\u2019aprenentatges significatius.<\/li>\n<li>Inserci\u00f3 dels alumnes en l\u2019entorn social en el que viuen.<\/li>\n<li>Foment d\u2019una actitud curiosa, cr\u00edtica i investigadora.<\/li>\n<li>Actituds de col.laboraci\u00f3, respecte, solidaritat i toler\u00e0ncia.<\/li>\n<li>Respecte als diferents ritmes evolutius i a les capacitatats intel\u00b7lectuals.<\/li>\n<\/ul>\n<p>Com a l\u00ednies generals d\u2019escola, ens podem definir com a escola DEMOCR\u00c0TICA, LLIURE, PARTID\u00c0RIA DE LA INTEGRACI\u00d3, CATALANA I DE QUALITAT. En aquesta escola tenen cabuda totes les ideolog\u00edes, races, \u2026<\/p>\n<ol>\n<li><strong>DEMOCR\u00c0TICA<\/strong>: escola on les decisions es prenguin despr\u00e9s de deliberacions. On les decisions es prenguin per consens.<\/li>\n<li><strong>LLIURE<\/strong>: on la llibertat permeti aprendre i ensenyar: llibertat de paraula, idees, religi\u00f3.<\/li>\n<li><strong>PARTICIPATIVA<\/strong>: on la participaci\u00f3 sigui l\u2019objectiu principal de tots els estaments que treballem per l\u2019escola. Fer una escola participativa, canalitzant b\u00e9 aquesta participaci\u00f3. Escola inserida a l\u2019entorn, coneixedora de la seva realitat, de les seves tradicions. Participativa en les expressions populars del poble.<br \/>\nAMB LA INTEGRACI\u00d3: apostem per integrar tot aquells nens i nenes que puguin \u00e9sser integrats dins una escola ordin\u00e0ria.<\/li>\n<li><strong>CATALANA<\/strong>: una escola que integri la cultura catalana, la cultura popular, coneixedora de la seva hist\u00f2ria i dels seus fets.<\/li>\n<li><strong>DE QUALITAT<\/strong>: que sigui a l\u2019avantguarda dels moviments pedag\u00f2gics i de les noves idees en educaci\u00f3. Que hi hagi una veritable autoexig\u00e8ncia de fer una escola competent i adaptada a la realitat social on ens movem.<\/li>\n<li><strong>SOLID\u00c0RIA <\/strong>I <strong>RESPECTUOSA AMB EL MEDI AMBIENT<\/strong><\/li>\n<\/ol>\n","protected":false},"excerpt":{"rendered":"<p>Formaci\u00f3 integral de l\u2019alumne. Pluralisme ideol\u00f2gic i valors democr\u00e0tics. Gesti\u00f3 institucional participativa (Consell Escolar, Claustre, AMPA,\u2026). Coeducaci\u00f3. Integraci\u00f3. Innovaci\u00f3 pedag\u00f2gica. [&hellip;]<\/p>\n","protected":false},"author":1,"featured_media":0,"parent":64,"menu_order":0,"comment_status":"closed","ping_status":"closed","template":"page-templates\/side-menu.php","meta":{"_bbp_topic_count":0,"_bbp_reply_count":0,"_bbp_total_topic_count":0,"_bbp_total_reply_count":0,"_bbp_voice_count":0,"_bbp_anonymous_reply_count":0,"_bbp_topic_count_hidden":0,"_bbp_reply_count_hidden":0,"_bbp_forum_subforum_count":0,"site-sidebar-layout":"default","site-content-layout":"","ast-site-content-layout":"","site-content-style":"default","site-sidebar-style":"default","ast-global-header-display":"","ast-banner-title-visibility":"","ast-main-header-display":"","ast-hfb-above-header-display":"","ast-hfb-below-header-display":"","ast-hfb-mobile-header-display":"","site-post-title":"","ast-breadcrumbs-content":"","ast-featured-img":"","footer-sml-layout":"","theme-transparent-header-meta":"","adv-header-id-meta":"","stick-header-meta":"","header-above-stick-meta":"","header-main-stick-meta":"","header-below-stick-meta":"","astra-migrate-meta-layouts":"default","ast-page-background-enabled":"default","ast-page-background-meta":{"desktop":{"background-color":"var(--ast-global-color-4)","background-image":"","background-repeat":"repeat","background-position":"center center","background-size":"auto","background-attachment":"scroll","background-type":"","background-media":"","overlay-type":"","overlay-color":"","overlay-opacity":"","overlay-gradient":""},"tablet":{"background-color":"","background-image":"","background-repeat":"repeat","background-position":"center center","background-size":"auto","background-attachment":"scroll","background-type":"","background-media":"","overlay-type":"","overlay-color":"","overlay-opacity":"","overlay-gradient":""},"mobile":{"background-color":"","background-image":"","background-repeat":"repeat","background-position":"center center","background-size":"auto","background-attachment":"scroll","background-type":"","background-media":"","overlay-type":"","overlay-color":"","overlay-opacity":"","overlay-gradient":""}},"ast-content-background-meta":{"desktop":{"background-color":"var(--ast-global-color-5)","background-image":"","background-repeat":"repeat","background-position":"center center","background-size":"auto","background-attachment":"scroll","background-type":"","background-media":"","overlay-type":"","overlay-color":"","overlay-opacity":"","overlay-gradient":""},"tablet":{"background-color":"var(--ast-global-color-5)","background-image":"","background-repeat":"repeat","background-position":"center center","background-size":"auto","background-attachment":"scroll","background-type":"","background-media":"","overlay-type":"","overlay-color":"","overlay-opacity":"","overlay-gradient":""},"mobile":{"background-color":"var(--ast-global-color-5)","background-image":"","background-repeat":"repeat","background-position":"center center","background-size":"auto","background-attachment":"scroll","background-type":"","background-media":"","overlay-type":"","overlay-color":"","overlay-opacity":"","overlay-gradient":""}},"footnotes":""},"class_list":["post-469","page","type-page","status-publish","hentry"],"post_mailing_queue_ids":[],"_links":{"self":[{"href":"https:\/\/agora.xtec.cat\/ceipcesaraugust\/wp-json\/wp\/v2\/pages\/469","targetHints":{"allow":["GET"]}}],"collection":[{"href":"https:\/\/agora.xtec.cat\/ceipcesaraugust\/wp-json\/wp\/v2\/pages"}],"about":[{"href":"https:\/\/agora.xtec.cat\/ceipcesaraugust\/wp-json\/wp\/v2\/types\/page"}],"author":[{"embeddable":true,"href":"https:\/\/agora.xtec.cat\/ceipcesaraugust\/wp-json\/wp\/v2\/users\/1"}],"replies":[{"embeddable":true,"href":"https:\/\/agora.xtec.cat\/ceipcesaraugust\/wp-json\/wp\/v2\/comments?post=469"}],"version-history":[{"count":3,"href":"https:\/\/agora.xtec.cat\/ceipcesaraugust\/wp-json\/wp\/v2\/pages\/469\/revisions"}],"predecessor-version":[{"id":10137,"href":"https:\/\/agora.xtec.cat\/ceipcesaraugust\/wp-json\/wp\/v2\/pages\/469\/revisions\/10137"}],"up":[{"embeddable":true,"href":"https:\/\/agora.xtec.cat\/ceipcesaraugust\/wp-json\/wp\/v2\/pages\/64"}],"wp:attachment":[{"href":"https:\/\/agora.xtec.cat\/ceipcesaraugust\/wp-json\/wp\/v2\/media?parent=469"}],"curies":[{"name":"wp","href":"https:\/\/api.w.org\/{rel}","templated":true}]}}