{"id":4173,"date":"2017-03-09T23:02:34","date_gmt":"2017-03-09T22:02:34","guid":{"rendered":"http:\/\/agora.xtec.cat\/ceipcesaraugust\/?page_id=4173"},"modified":"2026-04-15T12:39:43","modified_gmt":"2026-04-15T10:39:43","slug":"preinscripcio-i-matricula","status":"publish","type":"page","link":"https:\/\/agora.xtec.cat\/ceipcesaraugust\/preinscripcio-i-matricula\/","title":{"rendered":"Preinscripci\u00f3 i matr\u00edcula"},"content":{"rendered":"<h2>Calendari i documents de la preinscripci\u00f3 2026-2027<\/h2>\n<table style=\"height: 562px; width: 97.5664%;\">\n<tbody>\n<tr style=\"height: 46px;\">\n<td style=\"width: 63.2175%; height: 46px; background-color: #3c7c80; text-align: center;\"><span style=\"color: #ffffff;\"><strong>Fases de la preinscripci\u00f3<\/strong><\/span><\/td>\n<td style=\"width: 15.62%; text-align: center; height: 46px; background-color: #3c7c80;\"><span style=\"color: #ffffff;\"><strong>Dates<\/strong><\/span><\/td>\n<td style=\"width: 74.0174%; text-align: center; height: 46px; background-color: #3c7c80;\"><span style=\"color: #ffffff;\"><strong>Documents adjunts<\/strong><\/span><\/td>\n<\/tr>\n<tr style=\"height: 31px;\">\n<td style=\"width: 63.2175%; height: 31px;\"><strong>Portes obertes<\/strong><\/td>\n<td style=\"width: 15.62%; height: 31px; text-align: center;\"><strong>24 de febrer 15:15h i 25 de febrer 9:30h<\/strong><\/td>\n<td style=\"width: 74.0174%; text-align: center; height: 31px;\"><a href=\"https:\/\/agora.xtec.cat\/ceipcesaraugust\/portes-obertes\/\" target=\"_blank\" rel=\"noopener\"><strong>Enlla\u00e7<\/strong><\/a><\/td>\n<\/tr>\n<tr style=\"height: 46px;\">\n<td style=\"width: 63.2175%; height: 46px;\">Xerrada &#8220;La preinscripci\u00f3 a Tarragona&#8221;<\/td>\n<td style=\"width: 15.62%; text-align: center; height: 46px;\"><\/td>\n<td style=\"width: 74.0174%; text-align: center; height: 46px;\"><strong>Cartell<\/strong><strong> i <a href=\"https:\/\/drive.google.com\/file\/d\/1t53wM-PRFp6Bxp2EFNtELgGOBIq2QY7A\/view?usp=sharing\" target=\"_blank\" rel=\"noopener\">guia de la preinscripci\u00f3<\/a><\/strong><\/td>\n<\/tr>\n<tr style=\"height: 31px;\">\n<td style=\"width: 63.2175%; height: 31px;\">Publicaci\u00f3 de l&#8217;oferta inicial de places escolars<\/td>\n<td style=\"width: 15.62%; height: 31px; text-align: center;\">3 de mar\u00e7<\/td>\n<td style=\"width: 74.0174%; text-align: center; height: 31px;\"><a href=\"https:\/\/drive.google.com\/file\/d\/1in2gxf8NnKOzDK1Fn4-WVO9MUqiXofDm\/view?usp=sharing\" target=\"_blank\" rel=\"noopener\"><strong>Document<\/strong><\/a><\/td>\n<\/tr>\n<tr style=\"height: 31px;\">\n<td style=\"width: 63.2175%; height: 31px;\"><strong>Presentaci\u00f3 de sol\u2022licituds<\/strong><\/td>\n<td style=\"width: 15.62%; height: 31px; text-align: center;\"><strong>Del 4 al 18 de mar\u00e7<\/strong><\/td>\n<td style=\"width: 74.0174%; text-align: center; height: 31px;\"><a href=\"https:\/\/preinscripcio.gencat.cat\/ca\/estudis\/infantil-3-6\/preinscriute\/sollicitud\/\" target=\"_blank\" rel=\"noopener\"><strong>Enlla\u00e7<\/strong><\/a><\/td>\n<\/tr>\n<tr style=\"height: 31px;\">\n<td style=\"width: 63.2175%; height: 31px;\">Presentaci\u00f3 de documentaci\u00f3<\/td>\n<td style=\"width: 15.62%; height: 31px; text-align: center;\"><\/td>\n<td style=\"width: 74.0174%; text-align: center; height: 31px;\"><\/td>\n<\/tr>\n<tr style=\"height: 31px;\">\n<td style=\"width: 63.2175%; height: 31px;\"><strong>Publicaci\u00f3 de la llista amb la puntuaci\u00f3 provisional <\/strong><\/td>\n<td style=\"width: 15.62%; height: 31px; text-align: center;\"><strong>15 d&#8217;abril<\/strong><\/td>\n<td style=\"width: 74.0174%; text-align: center; height: 31px;\"><a href=\"https:\/\/drive.google.com\/file\/d\/15M88AcDT9ILyH0BfYPYBvhjeRlZW1ZTW\/view\" target=\"_blank\" rel=\"noopener\"><strong>Document<\/strong><\/a><\/td>\n<\/tr>\n<tr style=\"height: 31px;\">\n<td style=\"width: 63.2175%; height: 31px;\">Presentaci\u00f3 de reclamacions a la puntuaci\u00f3 provisional<strong style=\"background-color: #ffffff;\"><br \/>\n<\/strong><\/td>\n<td style=\"width: 15.62%; height: 31px; text-align: center;\">Del 15 al 20 d&#8217;abril<\/td>\n<td style=\"width: 74.0174%; text-align: center; height: 31px;\"><\/td>\n<\/tr>\n<tr style=\"height: 31px;\">\n<td style=\"width: 63.2175%; height: 31px;\"><strong>Publicaci\u00f3 de la llista amb la puntuaci\u00f3 un cop resoltes les reclamacions<\/strong><\/td>\n<td style=\"width: 15.62%; text-align: center; height: 31px;\"><strong>23 d&#8217;abril<\/strong><\/td>\n<td style=\"width: 74.0174%; text-align: center; height: 31px;\"><strong>Document<\/strong><\/td>\n<\/tr>\n<tr style=\"height: 31px;\">\n<td style=\"width: 63.2175%; height: 31px;\">Sorteig per resoldre les sol\u00b7licituds de preinscripci\u00f3 empatades en punts<\/td>\n<td style=\"width: 15.62%; text-align: center; height: 31px;\">28 d&#8217;abril<\/td>\n<td style=\"width: 74.0174%; text-align: center; height: 31px;\">N\u00famero per determinar l&#8217;ordre en cas d&#8217;empat: <strong>pendent<\/strong><\/td>\n<\/tr>\n<tr style=\"height: 31px;\">\n<td style=\"width: 63.2175%; height: 31px;\"><strong>Publicaci\u00f3 de la llista ordenada definitiva<\/strong><\/td>\n<td style=\"width: 15.62%; text-align: center; height: 31px;\"><strong>29 d&#8217;abril<\/strong><\/td>\n<td style=\"width: 74.0174%; text-align: center; height: 31px;\"><strong>Document<\/strong><\/td>\n<\/tr>\n<tr style=\"height: 46px;\">\n<td style=\"width: 63.2175%; height: 46px;\">Ampliaci\u00f3 de peticions de preinscripci\u00f3 d&#8217;alumnat amb necessitats educatives espec\u00edfiques derivades de situaci\u00f3 socioecon\u00f2mica desafavorida sense assignaci\u00f3 (assignaci\u00f3 d&#8217;ofici)<\/td>\n<td style=\"width: 15.62%; text-align: center; height: 46px;\">13 i 14 de maig<\/td>\n<td style=\"width: 74.0174%; text-align: center; height: 46px;\"><\/td>\n<\/tr>\n<tr style=\"height: 47px;\">\n<td style=\"width: 63.2175%; height: 47px;\">Ampliaci\u00f3 de peticions de preinscripci\u00f3 per a alumnes sense pla\u00e7a assignada a cap centre (assignaci\u00f3 d&#8217;ofici)<\/td>\n<td style=\"width: 15.62%; text-align: center; height: 47px;\">De l&#8217;1 al 3 de juny<\/td>\n<td style=\"width: 74.0174%; text-align: center; height: 47px;\"><\/td>\n<\/tr>\n<tr style=\"height: 31px;\">\n<td style=\"width: 63.2175%; height: 13px;\">Publicaci\u00f3 de l\u2019oferta final<\/td>\n<td style=\"width: 15.62%; text-align: center; height: 13px;\">10 de juny<\/td>\n<td style=\"width: 74.0174%; text-align: center; height: 13px;\"><strong>Document<\/strong><\/td>\n<\/tr>\n<tr style=\"height: 31px;\">\n<td style=\"width: 63.2175%; height: 31px;\"><strong>Publicaci\u00f3 de la llista d\u2019alumnes preinscrits, d&#8217;admesos i llista d&#8217;espera<\/strong><\/td>\n<td style=\"width: 15.62%; text-align: center; height: 31px;\"><strong>10 de juny<\/strong><\/td>\n<td style=\"width: 74.0174%; text-align: center; height: 31px;\"><strong>Document: Llista de preinscrits<\/strong><strong>Document: Llista d&#8217;assignats<\/strong><strong>Document: Llista d&#8217;espera<\/strong><\/td>\n<\/tr>\n<tr style=\"height: 31px;\">\n<td style=\"width: 63.2175%; height: 31px;\"><strong>Per\u00edode de matriculaci\u00f3<\/strong><\/td>\n<td style=\"width: 15.62%; text-align: center; height: 31px;\"><strong>Del 22 al 30 de juny<\/strong><\/td>\n<td style=\"width: 74.0174%; text-align: center; height: 31px;\"><strong>\u00a0<\/strong><\/td>\n<\/tr>\n<tr>\n<td style=\"width: 63.2175%;\"><strong>Reuni\u00f3 informativa<\/strong><\/td>\n<td style=\"width: 15.62%; text-align: center;\"><strong>30 de juny a les 9:30h<\/strong><\/td>\n<td style=\"width: 74.0174%; text-align: center;\"><strong>\u00a0<\/strong><\/td>\n<\/tr>\n<tr style=\"height: 23px;\">\n<td style=\"width: 63.2175%; height: 23px;\"><strong>Llistat alumnat matriculat<\/strong><\/td>\n<td style=\"width: 15.62%; text-align: center; height: 23px;\"><strong>30 de setembre<\/strong><\/td>\n<td style=\"width: 74.0174%; text-align: center; height: 23px;\"><strong>Document<\/strong><\/td>\n<\/tr>\n<\/tbody>\n<\/table>\n<h2>Preinscripci\u00f3 en l\u00ednia 2026-2027<\/h2>\n<p>Del <strong>12<\/strong><strong> al 26 de mar\u00e7<\/strong>\u00a0es dur\u00e0 a terme\u00a0<strong>la preinscripci\u00f3 en l\u00ednia.\u00a0<\/strong>Podeu trobar tota la informaci\u00f3 per dur-la a terme al lloc web seg\u00fcent:<\/p>\n<p style=\"padding-left: 40px;\"><strong><a href=\"https:\/\/preinscripcio.gencat.cat\/ca\/inici\">\u27a1<\/a> <a href=\"https:\/\/preinscripcio.gencat.cat\/ca\/inici\/\" target=\"_blank\" rel=\"noopener\">Preinscripci\u00f3 2026-2027<\/a><\/strong><\/p>\n<p><iframe loading=\"lazy\" title=\"YouTube video player\" src=\"https:\/\/www.youtube.com\/embed\/xwo2A2U-g30\" width=\"560\" height=\"315\" frameborder=\"0\" allowfullscreen=\"allowfullscreen\"><\/iframe><\/p>\n<p>Per a realitzar la preinscripci\u00f3 necessitareu <strong>dues dades importants<\/strong>:<\/p>\n<ul>\n<li><strong>IDALU<\/strong> (IDentificador de l&#8217;ALUmne\/a) que podeu consultar en <a href=\"https:\/\/educacio.gencat.cat\/ca\/tramits\/tramits-temes\/identificador-alumne?category=&amp;moda=1\" target=\"_blank\" rel=\"noopener\">aquest enlla\u00e7<\/a>. (Nom\u00e9s si el fill\/a ja ha estat escolaritzat\/da a Catalunya)<\/li>\n<li><strong>Codi de centre de l&#8217;Escola C\u00e8sar August:\u00a043005959<\/strong><\/li>\n<\/ul>\n<p>En aquest enlla\u00e7 podreu trobar els seg\u00fcents <strong>documents<\/strong> que us poden ajudar en aquest proc\u00e9s:<\/p>\n<p style=\"padding-left: 40px;\"><strong>\ud83d\udca1 <a href=\"https:\/\/preinscripcio.gencat.cat\/ca\/estudis\/infantil-3-6\/ajuda\/pindoles-multimedia\/\" target=\"_blank\" rel=\"noopener\">V\u00eddeos i podcasts explicatius del proc\u00e9s de preinscipci\u00f3<\/a><\/strong><\/p>\n<p style=\"padding-left: 40px;\"><strong>\ud83d\udca1 <a href=\"https:\/\/preinscripcio.gencat.cat\/ca\/estudis\/infantil-3-6\/ajuda\/guia-preinscripcio\/\" target=\"_blank\" rel=\"noopener\">Guia per a la preinscripci\u00f3 en l\u00ednia<\/a><\/strong><\/p>\n<p style=\"padding-left: 40px;\"><strong>\ud83d\udca1 <a href=\"https:\/\/preinscripcio.gencat.cat\/ca\/estudis\/infantil-3-6\/ajuda\/dubtes-temes\/\" target=\"_blank\" rel=\"noopener\">Preguntes freq\u00fcents<\/a><\/strong><\/p>\n<p>Per qualsevol dubte o pregunta podeu <strong>trucar al 977 230 352<\/strong> (de dilluns a divendres de 9h a 13h i de 15h a 17h), <a href=\"https:\/\/wa.me\/634777115\"><strong>escriure un Whatsapp al 634 777 115<\/strong><\/a> \u00a0o <strong>escriure un correu a <a href=\"mailto:e3005959@xtec.cat\">e3005959<span class=\"\">@<\/span>xtec.cat<\/a>.<\/strong><\/p>\n<h2>M\u00e9s informaci\u00f3<\/h2>\n<p><strong>Si ens voleu con\u00e8ixer millor<\/strong> podeu consultar l&#8217;apartat del lloc web de les portes obertes, l&#8217;apartat del lloc web de l&#8217;AMPA i els nostres perfils a les xarxes socials en qu\u00e8 hi podreu trobar moltes imatges del dia a dia a l&#8217;escola.<\/p>\n<p style=\"padding-left: 40px;\"><strong><a href=\"https:\/\/drive.google.com\/open?id=1sgVa5FCtgR1aT42uKyTHCcpriMcdZGHK\">\u27a1<\/a><a href=\"https:\/\/agora.xtec.cat\/ceipcesaraugust\/portes-obertes\/\" target=\"_blank\" rel=\"noopener noreferrer\">APARTAT DE PORTES OBERTES DE L&#8217;ESCOLA<\/a><\/strong><\/p>\n<p style=\"padding-left: 40px;\"><strong><a href=\"https:\/\/agora.xtec.cat\/ceipcesaraugust\/ampa-4\/\" target=\"_blank\" rel=\"noopener noreferrer\">\u27a1 LLOC WEB DE L&#8217;AFA<\/a><\/strong><\/p>\n<p style=\"padding-left: 40px;\"><strong><a href=\"https:\/\/twitter.com\/ECesarAugust\" target=\"_blank\" rel=\"noopener noreferrer\">\u27a1 PERFIL DE TWITTER DE L&#8217;ESCOLA<\/a><\/strong><\/p>\n<p style=\"padding-left: 40px;\"><strong><a href=\"https:\/\/www.instagram.com\/ecesaraugust\/\" target=\"_blank\" rel=\"noopener noreferrer\">\u27a1 PERFIL D&#8217;INSTAGRAM DE L&#8217;ESCOLA<\/a><\/strong><\/p>\n<p style=\"padding-left: 40px;\"><strong><a href=\"https:\/\/www.instagram.com\/ampacesaraugust\/\" target=\"_blank\" rel=\"noopener noreferrer\">\u27a1 PERFIL D&#8217;INSTAGRAM DE L&#8217;AMPA<\/a><\/strong><\/p>\n<p><em>Actualitzaci\u00f3 de la informaci\u00f3 a data de 30 de setembre de 2025.<\/em><\/p>\n","protected":false},"excerpt":{"rendered":"<p>Calendari i documents de la preinscripci\u00f3 2026-2027 Fases de la preinscripci\u00f3 Dates Documents adjunts Portes obertes 24 de febrer 15:15h [&hellip;]<\/p>\n","protected":false},"author":1,"featured_media":0,"parent":0,"menu_order":0,"comment_status":"closed","ping_status":"closed","template":"","meta":{"_bbp_topic_count":0,"_bbp_reply_count":0,"_bbp_total_topic_count":0,"_bbp_total_reply_count":0,"_bbp_voice_count":0,"_bbp_anonymous_reply_count":0,"_bbp_topic_count_hidden":0,"_bbp_reply_count_hidden":0,"_bbp_forum_subforum_count":0,"site-sidebar-layout":"default","site-content-layout":"","ast-site-content-layout":"default","site-content-style":"default","site-sidebar-style":"default","ast-global-header-display":"","ast-banner-title-visibility":"","ast-main-header-display":"","ast-hfb-above-header-display":"","ast-hfb-below-header-display":"","ast-hfb-mobile-header-display":"","site-post-title":"","ast-breadcrumbs-content":"","ast-featured-img":"","footer-sml-layout":"","theme-transparent-header-meta":"default","adv-header-id-meta":"","stick-header-meta":"","header-above-stick-meta":"","header-main-stick-meta":"","header-below-stick-meta":"","astra-migrate-meta-layouts":"set","ast-page-background-enabled":"default","ast-page-background-meta":{"desktop":{"background-color":"var(--ast-global-color-4)","background-image":"","background-repeat":"repeat","background-position":"center center","background-size":"auto","background-attachment":"scroll","background-type":"","background-media":"","overlay-type":"","overlay-color":"","overlay-opacity":"","overlay-gradient":""},"tablet":{"background-color":"","background-image":"","background-repeat":"repeat","background-position":"center center","background-size":"auto","background-attachment":"scroll","background-type":"","background-media":"","overlay-type":"","overlay-color":"","overlay-opacity":"","overlay-gradient":""},"mobile":{"background-color":"","background-image":"","background-repeat":"repeat","background-position":"center center","background-size":"auto","background-attachment":"scroll","background-type":"","background-media":"","overlay-type":"","overlay-color":"","overlay-opacity":"","overlay-gradient":""}},"ast-content-background-meta":{"desktop":{"background-color":"var(--ast-global-color-5)","background-image":"","background-repeat":"repeat","background-position":"center center","background-size":"auto","background-attachment":"scroll","background-type":"","background-media":"","overlay-type":"","overlay-color":"","overlay-opacity":"","overlay-gradient":""},"tablet":{"background-color":"var(--ast-global-color-5)","background-image":"","background-repeat":"repeat","background-position":"center center","background-size":"auto","background-attachment":"scroll","background-type":"","background-media":"","overlay-type":"","overlay-color":"","overlay-opacity":"","overlay-gradient":""},"mobile":{"background-color":"var(--ast-global-color-5)","background-image":"","background-repeat":"repeat","background-position":"center center","background-size":"auto","background-attachment":"scroll","background-type":"","background-media":"","overlay-type":"","overlay-color":"","overlay-opacity":"","overlay-gradient":""}},"footnotes":""},"class_list":["post-4173","page","type-page","status-publish","hentry"],"post_mailing_queue_ids":[],"_links":{"self":[{"href":"https:\/\/agora.xtec.cat\/ceipcesaraugust\/wp-json\/wp\/v2\/pages\/4173","targetHints":{"allow":["GET"]}}],"collection":[{"href":"https:\/\/agora.xtec.cat\/ceipcesaraugust\/wp-json\/wp\/v2\/pages"}],"about":[{"href":"https:\/\/agora.xtec.cat\/ceipcesaraugust\/wp-json\/wp\/v2\/types\/page"}],"author":[{"embeddable":true,"href":"https:\/\/agora.xtec.cat\/ceipcesaraugust\/wp-json\/wp\/v2\/users\/1"}],"replies":[{"embeddable":true,"href":"https:\/\/agora.xtec.cat\/ceipcesaraugust\/wp-json\/wp\/v2\/comments?post=4173"}],"version-history":[{"count":6,"href":"https:\/\/agora.xtec.cat\/ceipcesaraugust\/wp-json\/wp\/v2\/pages\/4173\/revisions"}],"predecessor-version":[{"id":25129,"href":"https:\/\/agora.xtec.cat\/ceipcesaraugust\/wp-json\/wp\/v2\/pages\/4173\/revisions\/25129"}],"wp:attachment":[{"href":"https:\/\/agora.xtec.cat\/ceipcesaraugust\/wp-json\/wp\/v2\/media?parent=4173"}],"curies":[{"name":"wp","href":"https:\/\/api.w.org\/{rel}","templated":true}]}}