{"id":32,"date":"2014-09-18T12:31:33","date_gmt":"2014-09-18T10:31:33","guid":{"rendered":"http:\/\/agora.xtec.cat\/ceipcesaraugust\/?page_id=32"},"modified":"2025-07-03T12:36:39","modified_gmt":"2025-07-03T10:36:39","slug":"calendari-del-curs","status":"publish","type":"page","link":"https:\/\/agora.xtec.cat\/ceipcesaraugust\/lescola\/calendari-del-curs\/","title":{"rendered":"Calendari escolar"},"content":{"rendered":"<h3>Curs 2025-2026<\/h3>\n<h4><strong>Inici de curs<\/strong><\/h4>\n<p>8 de setembre de 2025<\/p>\n<h4><strong>Final\u00a0de curs<\/strong><\/h4>\n<p>19 de juny de 2026<\/p>\n<h4><strong>Vacances<\/strong><\/h4>\n<ul>\n<li>Del 20 de desembre de 2025 al 7 de gener de 2026, ambd\u00f3s inclosos.<\/li>\n<li>Del 28 de mar\u00e7 al 6 d&#8217;abril de 2026, ambd\u00f3s inclosos.<\/li>\n<li>A partir del 20 de juny de 2026.<\/li>\n<\/ul>\n<h4><strong>Dies festius de lliure disposici\u00f3<\/strong><\/h4>\n<ul>\n<li>22 de setembre de 2025<\/li>\n<li>3 de novembre de 2025<\/li>\n<li>5 de desembre de 2025<\/li>\n<li>16 de febrer de 2026<\/li>\n<li>4 de maig de 2026<\/li>\n<\/ul>\n<h4>Horari lectiu<\/h4>\n<p style=\"font-family: 'Helvetica Neue', Helvetica, Helvetica, Arial, sans-serif; font-size: 16px;\">L\u2019horari lectiu del centre \u00e9s de 9:00h a 12:30h i de 15:00h a 16:30h.<\/p>\n<h4><strong>Jornada compactada<\/strong><\/h4>\n<p>El 19 de desembre de 2025 i del 8 al 19 de juny de 2026, ambd\u00f3s inclosos. Aquest dies l&#8217;horari ser\u00e0 de 9:00h a 13:00h.<\/p>\n<h4><strong>Adaptaci\u00f3 a I3<\/strong><\/h4>\n<p>Per a l&#8217;alumnat que inicia l\u2019escolaritzaci\u00f3 a I3 s\u2019organitza un breu per\u00edode d\u2019adaptaci\u00f3 que suposa una modificaci\u00f3 dels horaris dels tres primers dies de classe (del 8 al 10 de setembre). L&#8217;horari que far\u00e0 cada nen\/a es dir\u00e0 a les reunions pr\u00e8vies a l&#8217;inici de curs.<\/p>\n<p>Premeu al seg\u00fcent enlla\u00e7 per descarregar-vos el <a href=\"https:\/\/drive.google.com\/file\/d\/1U896cfgxZOlPu3_w81vmZ4CiXfsWD83K\/view?usp=sharing\" target=\"_blank\" rel=\"noopener\"><strong>calendari del curs 2025-2026<\/strong><\/a>.<\/p>\n<p>\u00a0<\/p>\n\n\n<figure class=\"wp-block-image size-large\"><a href=\"https:\/\/agora.xtec.cat\/ceipcesaraugust\/wp-content\/uploads\/usu1489\/2025\/07\/Calendari-escolar-25-26-scaled.jpg\"><img loading=\"lazy\" decoding=\"async\" width=\"1024\" height=\"725\" src=\"https:\/\/agora.xtec.cat\/ceipcesaraugust\/wp-content\/uploads\/usu1489\/2025\/07\/Calendari-escolar-25-26-1024x725.jpg\" alt=\"\" class=\"wp-image-24796\" srcset=\"https:\/\/agora.xtec.cat\/ceipcesaraugust\/wp-content\/uploads\/usu1489\/2025\/07\/Calendari-escolar-25-26-1024x725.jpg 1024w, https:\/\/agora.xtec.cat\/ceipcesaraugust\/wp-content\/uploads\/usu1489\/2025\/07\/Calendari-escolar-25-26-300x212.jpg 300w, https:\/\/agora.xtec.cat\/ceipcesaraugust\/wp-content\/uploads\/usu1489\/2025\/07\/Calendari-escolar-25-26-768x544.jpg 768w, https:\/\/agora.xtec.cat\/ceipcesaraugust\/wp-content\/uploads\/usu1489\/2025\/07\/Calendari-escolar-25-26-1536x1087.jpg 1536w, https:\/\/agora.xtec.cat\/ceipcesaraugust\/wp-content\/uploads\/usu1489\/2025\/07\/Calendari-escolar-25-26-2048x1450.jpg 2048w\" sizes=\"auto, (max-width: 1024px) 100vw, 1024px\" \/><\/a><\/figure>\n","protected":false},"excerpt":{"rendered":"<p>Curs 2025-2026 Inici de curs 8 de setembre de 2025 Final\u00a0de curs 19 de juny de 2026 Vacances Del 20 [&hellip;]<\/p>\n","protected":false},"author":1,"featured_media":0,"parent":22,"menu_order":60,"comment_status":"closed","ping_status":"closed","template":"","meta":{"_bbp_topic_count":0,"_bbp_reply_count":0,"_bbp_total_topic_count":0,"_bbp_total_reply_count":0,"_bbp_voice_count":0,"_bbp_anonymous_reply_count":0,"_bbp_topic_count_hidden":0,"_bbp_reply_count_hidden":0,"_bbp_forum_subforum_count":0,"site-sidebar-layout":"default","site-content-layout":"","ast-site-content-layout":"default","site-content-style":"default","site-sidebar-style":"default","ast-global-header-display":"","ast-banner-title-visibility":"","ast-main-header-display":"","ast-hfb-above-header-display":"","ast-hfb-below-header-display":"","ast-hfb-mobile-header-display":"","site-post-title":"","ast-breadcrumbs-content":"","ast-featured-img":"","footer-sml-layout":"","theme-transparent-header-meta":"","adv-header-id-meta":"","stick-header-meta":"","header-above-stick-meta":"","header-main-stick-meta":"","header-below-stick-meta":"","astra-migrate-meta-layouts":"set","ast-page-background-enabled":"default","ast-page-background-meta":{"desktop":{"background-color":"var(--ast-global-color-4)","background-image":"","background-repeat":"repeat","background-position":"center center","background-size":"auto","background-attachment":"scroll","background-type":"","background-media":"","overlay-type":"","overlay-color":"","overlay-opacity":"","overlay-gradient":""},"tablet":{"background-color":"","background-image":"","background-repeat":"repeat","background-position":"center center","background-size":"auto","background-attachment":"scroll","background-type":"","background-media":"","overlay-type":"","overlay-color":"","overlay-opacity":"","overlay-gradient":""},"mobile":{"background-color":"","background-image":"","background-repeat":"repeat","background-position":"center center","background-size":"auto","background-attachment":"scroll","background-type":"","background-media":"","overlay-type":"","overlay-color":"","overlay-opacity":"","overlay-gradient":""}},"ast-content-background-meta":{"desktop":{"background-color":"var(--ast-global-color-5)","background-image":"","background-repeat":"repeat","background-position":"center center","background-size":"auto","background-attachment":"scroll","background-type":"","background-media":"","overlay-type":"","overlay-color":"","overlay-opacity":"","overlay-gradient":""},"tablet":{"background-color":"var(--ast-global-color-5)","background-image":"","background-repeat":"repeat","background-position":"center center","background-size":"auto","background-attachment":"scroll","background-type":"","background-media":"","overlay-type":"","overlay-color":"","overlay-opacity":"","overlay-gradient":""},"mobile":{"background-color":"var(--ast-global-color-5)","background-image":"","background-repeat":"repeat","background-position":"center center","background-size":"auto","background-attachment":"scroll","background-type":"","background-media":"","overlay-type":"","overlay-color":"","overlay-opacity":"","overlay-gradient":""}},"footnotes":""},"class_list":["post-32","page","type-page","status-publish","hentry"],"post_mailing_queue_ids":[],"_links":{"self":[{"href":"https:\/\/agora.xtec.cat\/ceipcesaraugust\/wp-json\/wp\/v2\/pages\/32","targetHints":{"allow":["GET"]}}],"collection":[{"href":"https:\/\/agora.xtec.cat\/ceipcesaraugust\/wp-json\/wp\/v2\/pages"}],"about":[{"href":"https:\/\/agora.xtec.cat\/ceipcesaraugust\/wp-json\/wp\/v2\/types\/page"}],"author":[{"embeddable":true,"href":"https:\/\/agora.xtec.cat\/ceipcesaraugust\/wp-json\/wp\/v2\/users\/1"}],"replies":[{"embeddable":true,"href":"https:\/\/agora.xtec.cat\/ceipcesaraugust\/wp-json\/wp\/v2\/comments?post=32"}],"version-history":[{"count":6,"href":"https:\/\/agora.xtec.cat\/ceipcesaraugust\/wp-json\/wp\/v2\/pages\/32\/revisions"}],"predecessor-version":[{"id":24797,"href":"https:\/\/agora.xtec.cat\/ceipcesaraugust\/wp-json\/wp\/v2\/pages\/32\/revisions\/24797"}],"up":[{"embeddable":true,"href":"https:\/\/agora.xtec.cat\/ceipcesaraugust\/wp-json\/wp\/v2\/pages\/22"}],"wp:attachment":[{"href":"https:\/\/agora.xtec.cat\/ceipcesaraugust\/wp-json\/wp\/v2\/media?parent=32"}],"curies":[{"name":"wp","href":"https:\/\/api.w.org\/{rel}","templated":true}]}}