{"id":24763,"date":"2025-06-18T10:27:39","date_gmt":"2025-06-18T08:27:39","guid":{"rendered":"https:\/\/agora.xtec.cat\/ceipcesaraugust\/?page_id=24763"},"modified":"2025-07-21T10:26:51","modified_gmt":"2025-07-21T08:26:51","slug":"xandall-de-lescola","status":"publish","type":"page","link":"https:\/\/agora.xtec.cat\/ceipcesaraugust\/afa\/xandall-de-lescola\/","title":{"rendered":"Xandall de l&#8217;escola"},"content":{"rendered":"\n<p>El curs 2025-2026 l&#8217;AFA ha canviat el disseny del xandall de l&#8217;escola. La comanda es fa de la botiga virtual de&nbsp;Cavall\u00e9&nbsp;Textil.<\/p>\n\n\n\n<p>Per fer la compra heu d&#8217;entrar al seg\u00fcent enlla\u00e7: <strong><a href=\"https:\/\/www.cavalleshop.com\/ca\/search?controller=search&amp;orderby=position&amp;orderway=desc&amp;search_query=cesar+au&amp;submit_search=\">Comprar xandall Escola C\u00e8sar August<\/a><\/strong> <\/p>\n\n\n\n<p><strong>Teniu diferents opcions per la distribuci\u00f3<\/strong><br> &#8211; Enviament a domicili (opci\u00f3 amb cost de transport)<br> &#8211; Enviament a l&#8217;escola (opci\u00f3 sense cost de transport).  Caldr\u00e0 recollir la comanda a l&#8217;oficina de l&#8217;AFA. Es rebran comandes per part de l&#8217;empresa un cop per setmana de&nbsp;setembre&nbsp;a&nbsp;novembre&nbsp;i despr\u00e9s una vegada al mes.<br> &#8211; Recollida directa a la f\u00e0brica de&nbsp;Cavall\u00e9&nbsp;Textil&nbsp;a la Selva del Camp (opci\u00f3 sense cost de transport)<\/p>\n\n\n\n<p><strong>Devolucions:<\/strong><br>Es podr\u00e0 retornar sense cost a l&#8217;oficina de l&#8217;AFA per motius de tallatge o tara.<br>\u00c9s necessari notificar la devoluci\u00f3 a l&#8217;empresa&nbsp;Cavall\u00e9&nbsp;Textil&nbsp;i es podr\u00e0 fer la devoluci\u00f3 sempre que l&#8217;AFA tingui la pe\u00e7a a ser substitu\u00efda en el moment de repartiment.<\/p>\n\n\n\n<p>Us deixem imatges dels diferents models de xandall que podreu trobar:<\/p>\n\n\n\n<figure class=\"wp-block-image alignleft size-large is-resized\"><a href=\"https:\/\/agora.xtec.cat\/ceipcesaraugust\/wp-content\/uploads\/usu1489\/2025\/06\/mostra-1.png\"><img loading=\"lazy\" decoding=\"async\" width=\"658\" height=\"1024\" src=\"https:\/\/agora.xtec.cat\/ceipcesaraugust\/wp-content\/uploads\/usu1489\/2025\/06\/mostra-1-658x1024.png\" alt=\"\" class=\"wp-image-24768\" style=\"width:675px;height:auto\" srcset=\"https:\/\/agora.xtec.cat\/ceipcesaraugust\/wp-content\/uploads\/usu1489\/2025\/06\/mostra-1-658x1024.png 658w, https:\/\/agora.xtec.cat\/ceipcesaraugust\/wp-content\/uploads\/usu1489\/2025\/06\/mostra-1-193x300.png 193w, https:\/\/agora.xtec.cat\/ceipcesaraugust\/wp-content\/uploads\/usu1489\/2025\/06\/mostra-1.png 670w\" sizes=\"auto, (max-width: 658px) 100vw, 658px\" \/><\/a><\/figure>\n\n\n\n<figure class=\"wp-block-image alignleft size-large is-resized\"><a href=\"https:\/\/agora.xtec.cat\/ceipcesaraugust\/wp-content\/uploads\/usu1489\/2025\/06\/mostra-2.png\"><img loading=\"lazy\" decoding=\"async\" width=\"520\" height=\"1024\" src=\"https:\/\/agora.xtec.cat\/ceipcesaraugust\/wp-content\/uploads\/usu1489\/2025\/06\/mostra-2-520x1024.png\" alt=\"\" class=\"wp-image-24769\" style=\"width:676px;height:auto\" srcset=\"https:\/\/agora.xtec.cat\/ceipcesaraugust\/wp-content\/uploads\/usu1489\/2025\/06\/mostra-2-520x1024.png 520w, https:\/\/agora.xtec.cat\/ceipcesaraugust\/wp-content\/uploads\/usu1489\/2025\/06\/mostra-2-152x300.png 152w, https:\/\/agora.xtec.cat\/ceipcesaraugust\/wp-content\/uploads\/usu1489\/2025\/06\/mostra-2.png 673w\" sizes=\"auto, (max-width: 520px) 100vw, 520px\" \/><\/a><\/figure>\n\n\n\n<figure class=\"wp-block-image alignleft size-full\"><a href=\"https:\/\/agora.xtec.cat\/ceipcesaraugust\/wp-content\/uploads\/usu1489\/2025\/07\/mostra-3.png\"><img loading=\"lazy\" decoding=\"async\" width=\"674\" height=\"833\" src=\"https:\/\/agora.xtec.cat\/ceipcesaraugust\/wp-content\/uploads\/usu1489\/2025\/07\/mostra-3.png\" alt=\"\" class=\"wp-image-24803\" srcset=\"https:\/\/agora.xtec.cat\/ceipcesaraugust\/wp-content\/uploads\/usu1489\/2025\/07\/mostra-3.png 674w, https:\/\/agora.xtec.cat\/ceipcesaraugust\/wp-content\/uploads\/usu1489\/2025\/07\/mostra-3-243x300.png 243w\" sizes=\"auto, (max-width: 674px) 100vw, 674px\" \/><\/a><\/figure>\n","protected":false},"excerpt":{"rendered":"<p>El curs 2025-2026 l&#8217;AFA ha canviat el disseny del xandall de l&#8217;escola. La comanda es fa de la botiga virtual [&hellip;]<\/p>\n","protected":false},"author":11,"featured_media":0,"parent":10548,"menu_order":0,"comment_status":"closed","ping_status":"close","template":"","meta":{"_bbp_topic_count":0,"_bbp_reply_count":0,"_bbp_total_topic_count":0,"_bbp_total_reply_count":0,"_bbp_voice_count":0,"_bbp_anonymous_reply_count":0,"_bbp_topic_count_hidden":0,"_bbp_reply_count_hidden":0,"_bbp_forum_subforum_count":0,"site-sidebar-layout":"default","site-content-layout":"","ast-site-content-layout":"default","site-content-style":"default","site-sidebar-style":"default","ast-global-header-display":"","ast-banner-title-visibility":"","ast-main-header-display":"","ast-hfb-above-header-display":"","ast-hfb-below-header-display":"","ast-hfb-mobile-header-display":"","site-post-title":"","ast-breadcrumbs-content":"","ast-featured-img":"","footer-sml-layout":"","theme-transparent-header-meta":"","adv-header-id-meta":"","stick-header-meta":"","header-above-stick-meta":"","header-main-stick-meta":"","header-below-stick-meta":"","astra-migrate-meta-layouts":"set","ast-page-background-enabled":"default","ast-page-background-meta":{"desktop":{"background-color":"var(--ast-global-color-4)","background-image":"","background-repeat":"repeat","background-position":"center center","background-size":"auto","background-attachment":"scroll","background-type":"","background-media":"","overlay-type":"","overlay-color":"","overlay-opacity":"","overlay-gradient":""},"tablet":{"background-color":"","background-image":"","background-repeat":"repeat","background-position":"center center","background-size":"auto","background-attachment":"scroll","background-type":"","background-media":"","overlay-type":"","overlay-color":"","overlay-opacity":"","overlay-gradient":""},"mobile":{"background-color":"","background-image":"","background-repeat":"repeat","background-position":"center center","background-size":"auto","background-attachment":"scroll","background-type":"","background-media":"","overlay-type":"","overlay-color":"","overlay-opacity":"","overlay-gradient":""}},"ast-content-background-meta":{"desktop":{"background-color":"var(--ast-global-color-5)","background-image":"","background-repeat":"repeat","background-position":"center center","background-size":"auto","background-attachment":"scroll","background-type":"","background-media":"","overlay-type":"","overlay-color":"","overlay-opacity":"","overlay-gradient":""},"tablet":{"background-color":"var(--ast-global-color-5)","background-image":"","background-repeat":"repeat","background-position":"center center","background-size":"auto","background-attachment":"scroll","background-type":"","background-media":"","overlay-type":"","overlay-color":"","overlay-opacity":"","overlay-gradient":""},"mobile":{"background-color":"var(--ast-global-color-5)","background-image":"","background-repeat":"repeat","background-position":"center center","background-size":"auto","background-attachment":"scroll","background-type":"","background-media":"","overlay-type":"","overlay-color":"","overlay-opacity":"","overlay-gradient":""}},"footnotes":""},"class_list":["post-24763","page","type-page","status-publish","hentry"],"post_mailing_queue_ids":[],"_links":{"self":[{"href":"https:\/\/agora.xtec.cat\/ceipcesaraugust\/wp-json\/wp\/v2\/pages\/24763","targetHints":{"allow":["GET"]}}],"collection":[{"href":"https:\/\/agora.xtec.cat\/ceipcesaraugust\/wp-json\/wp\/v2\/pages"}],"about":[{"href":"https:\/\/agora.xtec.cat\/ceipcesaraugust\/wp-json\/wp\/v2\/types\/page"}],"author":[{"embeddable":true,"href":"https:\/\/agora.xtec.cat\/ceipcesaraugust\/wp-json\/wp\/v2\/users\/11"}],"replies":[{"embeddable":true,"href":"https:\/\/agora.xtec.cat\/ceipcesaraugust\/wp-json\/wp\/v2\/comments?post=24763"}],"version-history":[{"count":5,"href":"https:\/\/agora.xtec.cat\/ceipcesaraugust\/wp-json\/wp\/v2\/pages\/24763\/revisions"}],"predecessor-version":[{"id":24806,"href":"https:\/\/agora.xtec.cat\/ceipcesaraugust\/wp-json\/wp\/v2\/pages\/24763\/revisions\/24806"}],"up":[{"embeddable":true,"href":"https:\/\/agora.xtec.cat\/ceipcesaraugust\/wp-json\/wp\/v2\/pages\/10548"}],"wp:attachment":[{"href":"https:\/\/agora.xtec.cat\/ceipcesaraugust\/wp-json\/wp\/v2\/media?parent=24763"}],"curies":[{"name":"wp","href":"https:\/\/api.w.org\/{rel}","templated":true}]}}