{"id":23440,"date":"2023-06-12T11:17:49","date_gmt":"2023-06-12T09:17:49","guid":{"rendered":"https:\/\/agora.xtec.cat\/ceipcesaraugust\/?page_id=23440"},"modified":"2025-06-20T12:42:41","modified_gmt":"2025-06-20T10:42:41","slug":"documentacio-per-a-la-matricula","status":"publish","type":"page","link":"https:\/\/agora.xtec.cat\/ceipcesaraugust\/preinscripcio-i-matricula\/documentacio-per-a-la-matricula\/","title":{"rendered":"Documentaci\u00f3 per a la matr\u00edcula"},"content":{"rendered":"<p style=\"padding-left: 40px;\"><b><span class=\"il\">1. DOCUMENTACI\u00d3<\/span>\u00a0<span class=\"il\">MATRICULACI\u00d3<\/span>\u00a0(<wbr \/>per a cada alumne\/a)\u00a0<\/b><\/p>\n<p style=\"padding-left: 40px;\">Cal presentar els documents que trobareu a continuaci\u00f3. <span style=\"font-family: inherit; font-size: 1em;\">Per tal de facilitar-vos-en la preparaci\u00f3 us adjuntem una<a href=\"https:\/\/docs.google.com\/document\/d\/1VDZ64UX_rpw9h9W87OSJS6IXUoSGh8X49ipiYR-X86g\/edit?usp=sharing\" target=\"_blank\" rel=\"noopener\"><strong> llista de verificaci\u00f3<\/strong><\/a> per assegurar-vos que teniu tot el que necessiteu. Us demanem que l&#8217;adjunteu a la documentaci\u00f3 per a facilitar la seva verificaci\u00f3.<\/span><\/p>\n<ol>\n<li style=\"list-style-type: none;\">\n<ol>\n<li style=\"list-style-type: none;\">\n<ol>\n<li style=\"list-style-type: none;\">\n<ol>\n<li><strong>3 fotos mida carnet<\/strong> (si s&#8217;envien per correu electr\u00f2nic han d&#8217;estar en format <b>jpg<\/b>)<\/li>\n<li><strong>Fotoc\u00f2pia del carnet de vacunaci\u00f3<\/strong><\/li>\n<li><strong>Fotoc\u00f2pia de la targeta sanit\u00e0ria TIS<\/strong><\/li>\n<li><strong>Fotoc\u00f2pia del DNI dels progenitors<\/strong><\/li>\n<li><strong>Fotoc\u00f2pia del DNI de l&#8217;alumne\/a<\/strong> (si escau)<\/li>\n<li><strong>Fotoc\u00f2pia del llibre de fam\u00edlia<\/strong> (p\u00e0gines dels progenitors i p\u00e0gina de l&#8217;alumne)<\/li>\n<li><strong>Full emplenat d&#8217;autoritzaci\u00f3 dels drets d&#8217;imatge<\/strong> (seleccioneu l&#8217;autoritzaci\u00f3 pertinent a l&#8217;etapa educativa per la qual matriculeu el vostre fill\/a)\n<ol>\n<li style=\"list-style-type: none;\">\n<ol style=\"list-style-type: lower-alpha;\">\n<li><a href=\"https:\/\/drive.google.com\/file\/d\/1r14V3CYOjhXfoqXQ5lZolAuef0aMWYyh\/view?usp=drive_link\" target=\"_blank\" rel=\"noopener\">Educaci\u00f3 infantil<\/a><\/li>\n<li><a href=\"https:\/\/drive.google.com\/file\/d\/1smJbpJn_WhITJNJLk2BH_LGIXvS2k32Y\/view?usp=drive_link\" target=\"_blank\" rel=\"noopener\">Educaci\u00f3 prim\u00e0ria<\/a><\/li>\n<\/ol>\n<\/li>\n<\/ol>\n<\/li>\n<li><strong>Full emplenat d&#8217;autoritzaci\u00f3 d&#8217;\u00fas de serveis i recursos digitals<\/strong> (seleccioneu l&#8217;autoritzaci\u00f3 pertinent a l&#8217;etapa educativa per la qual matriculeu el vostre fill\/a)\n<ol>\n<li style=\"list-style-type: none;\">\n<ol style=\"list-style-type: lower-alpha;\">\n<li><a href=\"https:\/\/drive.google.com\/file\/d\/1o-AXBZldcy_DaBSEbatiVuLFZQMb5JOq\/view?usp=drive_link\" target=\"_blank\" rel=\"noopener\">Educaci\u00f3 infantil<\/a><\/li>\n<li><a href=\"https:\/\/drive.google.com\/file\/d\/128g06yrFdXAM7qYTsThKL031tAMDObQj\/view?usp=drive_link\" target=\"_blank\" rel=\"noopener\">Educaci\u00f3 prim\u00e0ria<\/a><\/li>\n<\/ol>\n<\/li>\n<\/ol>\n<\/li>\n<li><a href=\"https:\/\/drive.google.com\/file\/d\/1MdZRRn_OO0htTy45mqRDcKohL6MGP5bR\/view?usp=drive_link\" target=\"_blank\" rel=\"noopener\"><strong>Full emplenat de contactes<\/strong><\/a><\/li>\n<li><a href=\"https:\/\/drive.google.com\/file\/d\/1ZTt60U9B3dT8k35NPfZJS3g-KIj3d3JX\/view?usp=drive_link\" target=\"_blank\" rel=\"noopener\"><strong><strong>Full emplenat de dades b\u00e0siques<\/strong><\/strong><\/a><\/li>\n<li><a href=\"https:\/\/drive.google.com\/file\/d\/1HB1B7ddiUMfYoCMKzCy8HhS66MCkgoEf\/view?usp=drive_link\" target=\"_blank\" rel=\"noopener\"><strong><strong>Full emplenat de dades familiars<\/strong><\/strong><\/a><\/li>\n<li><a href=\"https:\/\/drive.google.com\/file\/d\/1pQGNaEybORnmlbXrJiPIwNFg6VGZbrvs\/view?usp=drive_link\" target=\"_blank\" rel=\"noopener\"><strong>Full emplenat de la carta de comprom\u00eds<\/strong><\/a><\/li>\n<li><a href=\"https:\/\/drive.google.com\/file\/d\/1CWTCcIPzvAeGA4xXLwVjDb9aSw3B-Xpt\/view?usp=drive_link\" target=\"_blank\" rel=\"noopener\"><strong><strong>Full emplenat d&#8217;autoritzaci\u00f3 de sortides per Tarragona<\/strong><\/strong><\/a><\/li>\n<li><a href=\"https:\/\/drive.google.com\/file\/d\/1bEPktSA3s3rQmxntmrjcpINidmf9Yymm\/view?usp=drive_link\" target=\"_blank\" rel=\"noopener\"><strong><strong>Full emplenat d&#8217;autoritzaci\u00f3 de recollida d&#8217;alumnes per una altra persona<\/strong><\/strong><\/a><\/li>\n<li><strong>Documents i autoritzacions per alumnat amb al\u00b7l\u00e8rgies i\/o altres malalties<\/strong> (si escau)\n<ol>\n<li style=\"list-style-type: none;\">\n<ol style=\"list-style-type: lower-alpha;\">\n<li><a href=\"https:\/\/drive.google.com\/file\/d\/1L16W8W5E6tFNcSA0LqVz1f6A9m_fcs5m\/view?usp=drive_link\" target=\"_blank\" rel=\"noopener\">Autoritzaci\u00f3 per l&#8217;administraci\u00f3 de medicaments<\/a> (nom\u00e9s en casos de malalties greus)<\/li>\n<li><a href=\"https:\/\/drive.google.com\/file\/d\/1KZ2U0b2Yc-iwhWS8j9-YBqv8IznY8zRS\/view?usp=drive_link\" target=\"_blank\" rel=\"noopener\">Full de recollida d&#8217;informaci\u00f3 d&#8217;alumnat amb al\u00b7l\u00e8rgia aliment\u00e0ria i\/o al l\u00e0tex<\/a><\/li>\n<li><a href=\"https:\/\/drive.google.com\/file\/d\/1PjrlcqzioewSzqdakni2ij1g5rZPyxk6\/view?usp=drive_link\" target=\"_blank\" rel=\"noopener\">Autoritzaci\u00f3 d&#8217;administraci\u00f3 de medicaments a alumnat amb al\u00b7l\u00e8rgies aliment\u00e0ries i\/o al l\u00e0tex<\/a><\/li>\n<li><a href=\"https:\/\/drive.google.com\/file\/d\/10QiLK2aF_aJIeiQo28cMOfRYChktQQNj\/view?usp=drive_link\" target=\"_blank\" rel=\"noopener\">Pautes d&#8217;actuaci\u00f3 en cas de reacci\u00f3 al\u00b7l\u00e8rgica<\/a><\/li>\n<\/ol>\n<\/li>\n<\/ol>\n<\/li>\n<li><strong>Sent\u00e8ncia de separaci\u00f3 en cas de divorci\u00a0<\/strong>(si escau)<\/li>\n<\/ol>\n<\/li>\n<\/ol>\n<\/li>\n<\/ol>\n<\/li>\n<\/ol>\n<p style=\"padding-left: 40px;\"><b>2.\u00a0<span class=\"il\">DOCUMENTACI\u00d3<\/span> ASSOCIACI\u00d3 FAM\u00cdLIES DE L&#8217;ESCOLA (AFA)<\/b><\/p>\n<p style=\"padding-left: 40px;\">Us animem a formar part de l&#8217;AFA que col\u00b7labora en el funcionament del centre i ofereix diversos serveis per a les fam\u00edlies. A continuaci\u00f3 podeu trobar la <a href=\"https:\/\/drive.google.com\/file\/d\/17tIEsmTUkabd7EJH1SxjGfVZvWP0xope\/view?usp=drive_link\" target=\"_blank\" rel=\"noopener\"><strong>carta de presentaci\u00f3 de l&#8217;AFA<\/strong><\/a> amb tota la informaci\u00f3 que necessiteu saber.<\/p>\n<p style=\"padding-left: 40px;\">La <b><span class=\"il\">documentaci\u00f3<\/span>\u00a0de l&#8217;AFA<\/b> s&#8217;ha d&#8217;enviar al correu\u00a0<a href=\"mailto:afa@escolacesaraugust.cat\" target=\"_blank\" rel=\"noopener\">afa@<wbr \/>escolacesaraugust.cat<\/a>. Si voleu m\u00e9s informaci\u00f3 podeu trucar als tel\u00e8fons 977 23 04 05 o 689 240 819.<\/p>\n","protected":false},"excerpt":{"rendered":"<p>1. DOCUMENTACI\u00d3\u00a0MATRICULACI\u00d3\u00a0(per a cada alumne\/a)\u00a0 Cal presentar els documents que trobareu a continuaci\u00f3. Per tal de facilitar-vos-en la preparaci\u00f3 us [&hellip;]<\/p>\n","protected":false},"author":1,"featured_media":0,"parent":4173,"menu_order":0,"comment_status":"closed","ping_status":"closed","template":"","meta":{"_bbp_topic_count":0,"_bbp_reply_count":0,"_bbp_total_topic_count":0,"_bbp_total_reply_count":0,"_bbp_voice_count":0,"_bbp_anonymous_reply_count":0,"_bbp_topic_count_hidden":0,"_bbp_reply_count_hidden":0,"_bbp_forum_subforum_count":0,"site-sidebar-layout":"default","site-content-layout":"","ast-site-content-layout":"default","site-content-style":"default","site-sidebar-style":"default","ast-global-header-display":"","ast-banner-title-visibility":"","ast-main-header-display":"","ast-hfb-above-header-display":"","ast-hfb-below-header-display":"","ast-hfb-mobile-header-display":"","site-post-title":"","ast-breadcrumbs-content":"","ast-featured-img":"","footer-sml-layout":"","theme-transparent-header-meta":"","adv-header-id-meta":"","stick-header-meta":"","header-above-stick-meta":"","header-main-stick-meta":"","header-below-stick-meta":"","astra-migrate-meta-layouts":"set","ast-page-background-enabled":"default","ast-page-background-meta":{"desktop":{"background-color":"var(--ast-global-color-4)","background-image":"","background-repeat":"repeat","background-position":"center center","background-size":"auto","background-attachment":"scroll","background-type":"","background-media":"","overlay-type":"","overlay-color":"","overlay-opacity":"","overlay-gradient":""},"tablet":{"background-color":"","background-image":"","background-repeat":"repeat","background-position":"center center","background-size":"auto","background-attachment":"scroll","background-type":"","background-media":"","overlay-type":"","overlay-color":"","overlay-opacity":"","overlay-gradient":""},"mobile":{"background-color":"","background-image":"","background-repeat":"repeat","background-position":"center center","background-size":"auto","background-attachment":"scroll","background-type":"","background-media":"","overlay-type":"","overlay-color":"","overlay-opacity":"","overlay-gradient":""}},"ast-content-background-meta":{"desktop":{"background-color":"var(--ast-global-color-5)","background-image":"","background-repeat":"repeat","background-position":"center center","background-size":"auto","background-attachment":"scroll","background-type":"","background-media":"","overlay-type":"","overlay-color":"","overlay-opacity":"","overlay-gradient":""},"tablet":{"background-color":"var(--ast-global-color-5)","background-image":"","background-repeat":"repeat","background-position":"center center","background-size":"auto","background-attachment":"scroll","background-type":"","background-media":"","overlay-type":"","overlay-color":"","overlay-opacity":"","overlay-gradient":""},"mobile":{"background-color":"var(--ast-global-color-5)","background-image":"","background-repeat":"repeat","background-position":"center center","background-size":"auto","background-attachment":"scroll","background-type":"","background-media":"","overlay-type":"","overlay-color":"","overlay-opacity":"","overlay-gradient":""}},"footnotes":""},"class_list":["post-23440","page","type-page","status-publish","hentry"],"post_mailing_queue_ids":[],"_links":{"self":[{"href":"https:\/\/agora.xtec.cat\/ceipcesaraugust\/wp-json\/wp\/v2\/pages\/23440","targetHints":{"allow":["GET"]}}],"collection":[{"href":"https:\/\/agora.xtec.cat\/ceipcesaraugust\/wp-json\/wp\/v2\/pages"}],"about":[{"href":"https:\/\/agora.xtec.cat\/ceipcesaraugust\/wp-json\/wp\/v2\/types\/page"}],"author":[{"embeddable":true,"href":"https:\/\/agora.xtec.cat\/ceipcesaraugust\/wp-json\/wp\/v2\/users\/1"}],"replies":[{"embeddable":true,"href":"https:\/\/agora.xtec.cat\/ceipcesaraugust\/wp-json\/wp\/v2\/comments?post=23440"}],"version-history":[{"count":6,"href":"https:\/\/agora.xtec.cat\/ceipcesaraugust\/wp-json\/wp\/v2\/pages\/23440\/revisions"}],"predecessor-version":[{"id":24777,"href":"https:\/\/agora.xtec.cat\/ceipcesaraugust\/wp-json\/wp\/v2\/pages\/23440\/revisions\/24777"}],"up":[{"embeddable":true,"href":"https:\/\/agora.xtec.cat\/ceipcesaraugust\/wp-json\/wp\/v2\/pages\/4173"}],"wp:attachment":[{"href":"https:\/\/agora.xtec.cat\/ceipcesaraugust\/wp-json\/wp\/v2\/media?parent=23440"}],"curies":[{"name":"wp","href":"https:\/\/api.w.org\/{rel}","templated":true}]}}