{"id":22879,"date":"2022-11-18T15:05:02","date_gmt":"2022-11-18T14:05:02","guid":{"rendered":"https:\/\/agora.xtec.cat\/ceipcesaraugust\/?page_id=22879"},"modified":"2022-11-21T15:21:39","modified_gmt":"2022-11-21T14:21:39","slug":"eix-del-curs","status":"publish","type":"page","link":"https:\/\/agora.xtec.cat\/ceipcesaraugust\/projectes\/eix-del-curs\/","title":{"rendered":"Eix del curs"},"content":{"rendered":"<h2>Qu\u00e8 \u00e9s l&#8217;eix del curs?<\/h2>\n<p>L&#8217;eix del curs \u00e9s un projecte compartit amb tota l&#8217;escola en qu\u00e8 es treballa un tema des de diferents vessants. La tipologia tem\u00e0tica \u00e9s molt diversa doncs en els diversos anys s&#8217;ha centrat en el pati, l&#8217;art, la ci\u00e8ncia o les olimp\u00edades, entre d&#8217;altres temes.<\/p>\n<h2>Quin \u00e9s l&#8217;objectiu de l&#8217;eix del curs?<\/h2>\n<p>Aquesta iniciativa pret\u00e9n que l&#8217;alumnat de l&#8217;escola aprofundeixi en un tema des diferents perspectives promovent un aprenentatge globalitzat. A m\u00e9s vol fomentar un sentiment de pertinen\u00e7a amb la resta de membres de la comunitat educativa.<\/p>\n<h2>Com participa l&#8217;alumnat?<\/h2>\n<p>Els nens i nenes de l&#8217;escola tenen un paper protagonista en el desenvolupament d&#8217;aquest projecte. Ja des de l&#8217;inici n&#8217;escullen el t\u00edtol, el logotip i la mascota que els acompanyar\u00e0 durant tot el curs. Despr\u00e9s, es duen a terme activitats tant a nivell de classe com d&#8217;escola per aprendre sobre l&#8217;eix treballat.<\/p>\n<h2>Quins eixos del curs s&#8217;han treballat fins ara?<\/h2>\n<p>Els \u00faltims eixos del curs que hem treballat s\u00f3n:<\/p>\n<table style=\"border-collapse: collapse; width: 78.6791%; height: 160px;\">\n<tbody>\n<tr style=\"height: 32px;\">\n<td style=\"width: 18.2379%; text-align: center; height: 32px;\"><strong>Curs 2022-2023<\/strong><\/p>\n<p>El viatge de la m\u00fasica<\/td>\n<td style=\"width: 64.4026%; height: 32px;\"><a href=\"https:\/\/agora.xtec.cat\/ceipcesaraugust\/projectes\/eix-del-curs\/eix-del-curs-2022-2023-el-viatge-de-la-musica\/\"><img loading=\"lazy\" decoding=\"async\" class=\"aligncenter wp-image-22904\" src=\"https:\/\/agora.xtec.cat\/ceipcesaraugust\/wp-content\/uploads\/usu1489\/2022\/11\/logo_eix_2223.png\" alt=\"\" width=\"324\" height=\"329\" srcset=\"https:\/\/agora.xtec.cat\/ceipcesaraugust\/wp-content\/uploads\/usu1489\/2022\/11\/logo_eix_2223.png 1616w, https:\/\/agora.xtec.cat\/ceipcesaraugust\/wp-content\/uploads\/usu1489\/2022\/11\/logo_eix_2223-295x300.png 295w, https:\/\/agora.xtec.cat\/ceipcesaraugust\/wp-content\/uploads\/usu1489\/2022\/11\/logo_eix_2223-1007x1024.png 1007w, https:\/\/agora.xtec.cat\/ceipcesaraugust\/wp-content\/uploads\/usu1489\/2022\/11\/logo_eix_2223-768x781.png 768w, https:\/\/agora.xtec.cat\/ceipcesaraugust\/wp-content\/uploads\/usu1489\/2022\/11\/logo_eix_2223-1510x1536.png 1510w\" sizes=\"auto, (max-width: 324px) 100vw, 324px\" \/><\/a><\/td>\n<\/tr>\n<tr style=\"height: 32px;\">\n<td style=\"width: 18.2379%; text-align: center; height: 32px;\"><strong>Curs 2021-2022<\/strong><\/p>\n<p>Aprenem ci\u00e8ncia amb una mirada sostenible<\/td>\n<td style=\"width: 64.4026%; height: 32px;\"><img loading=\"lazy\" decoding=\"async\" class=\"aligncenter size-full wp-image-22912\" src=\"https:\/\/agora.xtec.cat\/ceipcesaraugust\/wp-content\/uploads\/usu1489\/2022\/11\/cienciaECA_logo-color-2.png\" alt=\"\" width=\"1241\" height=\"673\" srcset=\"https:\/\/agora.xtec.cat\/ceipcesaraugust\/wp-content\/uploads\/usu1489\/2022\/11\/cienciaECA_logo-color-2.png 1241w, https:\/\/agora.xtec.cat\/ceipcesaraugust\/wp-content\/uploads\/usu1489\/2022\/11\/cienciaECA_logo-color-2-300x163.png 300w, https:\/\/agora.xtec.cat\/ceipcesaraugust\/wp-content\/uploads\/usu1489\/2022\/11\/cienciaECA_logo-color-2-1024x555.png 1024w, https:\/\/agora.xtec.cat\/ceipcesaraugust\/wp-content\/uploads\/usu1489\/2022\/11\/cienciaECA_logo-color-2-768x416.png 768w\" sizes=\"auto, (max-width: 1241px) 100vw, 1241px\" \/><\/td>\n<\/tr>\n<tr style=\"height: 32px;\">\n<td style=\"width: 18.2379%; text-align: center; height: 32px;\"><strong>Curs 2020-2021<\/strong><\/p>\n<p><strong>Curs 2019-2020<\/strong><\/p>\n<p>Vivim la m\u00e0gia del Jap\u00f3<\/td>\n<td style=\"width: 64.4026%; height: 32px;\"><img loading=\"lazy\" decoding=\"async\" class=\"aligncenter  wp-image-22917\" src=\"https:\/\/agora.xtec.cat\/ceipcesaraugust\/wp-content\/uploads\/usu1489\/2022\/11\/cartell-projecte-1-1920-petit-1.png\" alt=\"\" width=\"764\" height=\"540\" srcset=\"https:\/\/agora.xtec.cat\/ceipcesaraugust\/wp-content\/uploads\/usu1489\/2022\/11\/cartell-projecte-1-1920-petit-1.png 3517w, https:\/\/agora.xtec.cat\/ceipcesaraugust\/wp-content\/uploads\/usu1489\/2022\/11\/cartell-projecte-1-1920-petit-1-300x212.png 300w, https:\/\/agora.xtec.cat\/ceipcesaraugust\/wp-content\/uploads\/usu1489\/2022\/11\/cartell-projecte-1-1920-petit-1-1024x724.png 1024w, https:\/\/agora.xtec.cat\/ceipcesaraugust\/wp-content\/uploads\/usu1489\/2022\/11\/cartell-projecte-1-1920-petit-1-768x543.png 768w, https:\/\/agora.xtec.cat\/ceipcesaraugust\/wp-content\/uploads\/usu1489\/2022\/11\/cartell-projecte-1-1920-petit-1-1536x1086.png 1536w, https:\/\/agora.xtec.cat\/ceipcesaraugust\/wp-content\/uploads\/usu1489\/2022\/11\/cartell-projecte-1-1920-petit-1-2048x1448.png 2048w\" sizes=\"auto, (max-width: 764px) 100vw, 764px\" \/><\/td>\n<\/tr>\n<tr style=\"height: 32px;\">\n<td style=\"width: 18.2379%; text-align: center; height: 32px;\"><strong>Curs 2018-2019<\/strong><\/p>\n<p>Totes tenim un art diferent<\/td>\n<td style=\"width: 64.4026%; height: 32px;\"><img loading=\"lazy\" decoding=\"async\" class=\"aligncenter size-full wp-image-22916\" src=\"https:\/\/agora.xtec.cat\/ceipcesaraugust\/wp-content\/uploads\/usu1489\/2022\/11\/logo-art-transparent-petit.png\" alt=\"\" width=\"1132\" height=\"615\" srcset=\"https:\/\/agora.xtec.cat\/ceipcesaraugust\/wp-content\/uploads\/usu1489\/2022\/11\/logo-art-transparent-petit.png 1132w, https:\/\/agora.xtec.cat\/ceipcesaraugust\/wp-content\/uploads\/usu1489\/2022\/11\/logo-art-transparent-petit-300x163.png 300w, https:\/\/agora.xtec.cat\/ceipcesaraugust\/wp-content\/uploads\/usu1489\/2022\/11\/logo-art-transparent-petit-1024x556.png 1024w, https:\/\/agora.xtec.cat\/ceipcesaraugust\/wp-content\/uploads\/usu1489\/2022\/11\/logo-art-transparent-petit-768x417.png 768w\" sizes=\"auto, (max-width: 1132px) 100vw, 1132px\" \/><\/td>\n<\/tr>\n<tr style=\"height: 32px;\">\n<td style=\"width: 18.2379%; text-align: center; height: 32px;\"><strong>Curs 2017-2018<\/strong><\/p>\n<p>Un pati diferent, un pati especial<\/td>\n<td style=\"width: 64.4026%; height: 32px;\"><img loading=\"lazy\" decoding=\"async\" class=\"aligncenter size-full wp-image-22915\" src=\"https:\/\/agora.xtec.cat\/ceipcesaraugust\/wp-content\/uploads\/usu1489\/2022\/11\/pati_petit.png\" alt=\"\" width=\"1735\" height=\"812\" srcset=\"https:\/\/agora.xtec.cat\/ceipcesaraugust\/wp-content\/uploads\/usu1489\/2022\/11\/pati_petit.png 1735w, https:\/\/agora.xtec.cat\/ceipcesaraugust\/wp-content\/uploads\/usu1489\/2022\/11\/pati_petit-300x140.png 300w, https:\/\/agora.xtec.cat\/ceipcesaraugust\/wp-content\/uploads\/usu1489\/2022\/11\/pati_petit-1024x479.png 1024w, https:\/\/agora.xtec.cat\/ceipcesaraugust\/wp-content\/uploads\/usu1489\/2022\/11\/pati_petit-768x359.png 768w, https:\/\/agora.xtec.cat\/ceipcesaraugust\/wp-content\/uploads\/usu1489\/2022\/11\/pati_petit-1536x719.png 1536w\" sizes=\"auto, (max-width: 1735px) 100vw, 1735px\" \/><\/td>\n<\/tr>\n<\/tbody>\n<\/table>\n","protected":false},"excerpt":{"rendered":"<p>Qu\u00e8 \u00e9s l&#8217;eix del curs? L&#8217;eix del curs \u00e9s un projecte compartit amb tota l&#8217;escola en qu\u00e8 es treballa un [&hellip;]<\/p>\n","protected":false},"author":1,"featured_media":0,"parent":514,"menu_order":0,"comment_status":"closed","ping_status":"closed","template":"page-templates\/side-menu.php","meta":{"_bbp_topic_count":0,"_bbp_reply_count":0,"_bbp_total_topic_count":0,"_bbp_total_reply_count":0,"_bbp_voice_count":0,"_bbp_anonymous_reply_count":0,"_bbp_topic_count_hidden":0,"_bbp_reply_count_hidden":0,"_bbp_forum_subforum_count":0,"site-sidebar-layout":"default","site-content-layout":"","ast-site-content-layout":"","site-content-style":"default","site-sidebar-style":"default","ast-global-header-display":"","ast-banner-title-visibility":"","ast-main-header-display":"","ast-hfb-above-header-display":"","ast-hfb-below-header-display":"","ast-hfb-mobile-header-display":"","site-post-title":"","ast-breadcrumbs-content":"","ast-featured-img":"","footer-sml-layout":"","theme-transparent-header-meta":"","adv-header-id-meta":"","stick-header-meta":"","header-above-stick-meta":"","header-main-stick-meta":"","header-below-stick-meta":"","astra-migrate-meta-layouts":"default","ast-page-background-enabled":"default","ast-page-background-meta":{"desktop":{"background-color":"var(--ast-global-color-4)","background-image":"","background-repeat":"repeat","background-position":"center center","background-size":"auto","background-attachment":"scroll","background-type":"","background-media":"","overlay-type":"","overlay-color":"","overlay-opacity":"","overlay-gradient":""},"tablet":{"background-color":"","background-image":"","background-repeat":"repeat","background-position":"center center","background-size":"auto","background-attachment":"scroll","background-type":"","background-media":"","overlay-type":"","overlay-color":"","overlay-opacity":"","overlay-gradient":""},"mobile":{"background-color":"","background-image":"","background-repeat":"repeat","background-position":"center center","background-size":"auto","background-attachment":"scroll","background-type":"","background-media":"","overlay-type":"","overlay-color":"","overlay-opacity":"","overlay-gradient":""}},"ast-content-background-meta":{"desktop":{"background-color":"var(--ast-global-color-5)","background-image":"","background-repeat":"repeat","background-position":"center center","background-size":"auto","background-attachment":"scroll","background-type":"","background-media":"","overlay-type":"","overlay-color":"","overlay-opacity":"","overlay-gradient":""},"tablet":{"background-color":"var(--ast-global-color-5)","background-image":"","background-repeat":"repeat","background-position":"center center","background-size":"auto","background-attachment":"scroll","background-type":"","background-media":"","overlay-type":"","overlay-color":"","overlay-opacity":"","overlay-gradient":""},"mobile":{"background-color":"var(--ast-global-color-5)","background-image":"","background-repeat":"repeat","background-position":"center center","background-size":"auto","background-attachment":"scroll","background-type":"","background-media":"","overlay-type":"","overlay-color":"","overlay-opacity":"","overlay-gradient":""}},"footnotes":""},"class_list":["post-22879","page","type-page","status-publish","hentry"],"post_mailing_queue_ids":[],"_links":{"self":[{"href":"https:\/\/agora.xtec.cat\/ceipcesaraugust\/wp-json\/wp\/v2\/pages\/22879","targetHints":{"allow":["GET"]}}],"collection":[{"href":"https:\/\/agora.xtec.cat\/ceipcesaraugust\/wp-json\/wp\/v2\/pages"}],"about":[{"href":"https:\/\/agora.xtec.cat\/ceipcesaraugust\/wp-json\/wp\/v2\/types\/page"}],"author":[{"embeddable":true,"href":"https:\/\/agora.xtec.cat\/ceipcesaraugust\/wp-json\/wp\/v2\/users\/1"}],"replies":[{"embeddable":true,"href":"https:\/\/agora.xtec.cat\/ceipcesaraugust\/wp-json\/wp\/v2\/comments?post=22879"}],"version-history":[{"count":3,"href":"https:\/\/agora.xtec.cat\/ceipcesaraugust\/wp-json\/wp\/v2\/pages\/22879\/revisions"}],"predecessor-version":[{"id":22919,"href":"https:\/\/agora.xtec.cat\/ceipcesaraugust\/wp-json\/wp\/v2\/pages\/22879\/revisions\/22919"}],"up":[{"embeddable":true,"href":"https:\/\/agora.xtec.cat\/ceipcesaraugust\/wp-json\/wp\/v2\/pages\/514"}],"wp:attachment":[{"href":"https:\/\/agora.xtec.cat\/ceipcesaraugust\/wp-json\/wp\/v2\/media?parent=22879"}],"curies":[{"name":"wp","href":"https:\/\/api.w.org\/{rel}","templated":true}]}}