{"id":21358,"date":"2021-02-24T18:23:46","date_gmt":"2021-02-24T17:23:46","guid":{"rendered":"http:\/\/agora.xtec.cat\/ceipcesaraugust\/?page_id=21358"},"modified":"2025-02-13T17:42:53","modified_gmt":"2025-02-13T16:42:53","slug":"autoritzacions-i-justificants","status":"publish","type":"page","link":"https:\/\/agora.xtec.cat\/ceipcesaraugust\/lescola\/documents\/autoritzacions-i-justificants\/","title":{"rendered":"Autoritzacions i justificants"},"content":{"rendered":"<h4><span style=\"color: #333333;\"><strong>Autoritzacions<\/strong><\/span><\/h4>\n<hr \/>\n<h5><strong>Autoritzacions de sortides<\/strong><\/h5>\n<ul>\n<li><a style=\"color: #2795b6;\" href=\"https:\/\/drive.google.com\/file\/d\/17ObKoujYi2pp9fmDvIrtyqnBmzawBYD4\/view?usp=sharing\" target=\"_blank\" rel=\"noopener\">Autoritzaci\u00f3 de sortides per Tarragona<\/a><\/li>\n<\/ul>\n<h5><span style=\"color: #000000;\"><strong>Autoritzacions de drets d&#8217;imatge i recursos digitals<\/strong><\/span><\/h5>\n<ul>\n<li><span style=\"color: #000000;\"><strong>Educaci\u00f3 infantil<\/strong><\/span>\n<ul>\n<li><a href=\"https:\/\/drive.google.com\/file\/d\/12rR7SG_7oty4WO5Corz9J1Kj1colE-Vp\/view?usp=sharing\" target=\"_blank\" rel=\"noopener\">Autoritzaci\u00f3 de drets d&#8217;imatge educaci\u00f3 infantil<\/a><\/li>\n<li><a style=\"color: #2795b6;\" href=\"https:\/\/drive.google.com\/file\/d\/1SWaaNDooQUPhAhTyc5SWC3KD5rn_7uzl\/view?usp=sharing\" target=\"_blank\" rel=\"noopener\">Autoritzaci\u00f3 de recursos digitals educaci\u00f3 infantil<\/a><\/li>\n<\/ul>\n<\/li>\n<li><span style=\"color: #000000;\"><strong>Educaci\u00f3 prim\u00e0ria<\/strong><\/span>\n<ul>\n<li><a href=\"https:\/\/drive.google.com\/file\/d\/1fLVv3Ab6DOJuiYknW8ScVgsMYwMTTLys\/view?usp=sharing\" target=\"_blank\" rel=\"noopener\">Autoritzaci\u00f3 de drets d&#8217;imatge educaci\u00f3 prim\u00e0ria<\/a><\/li>\n<li><a href=\"https:\/\/drive.google.com\/file\/d\/1Pq0h3lMomtdSCWU5Fl6AL2HKX00MeQ-U\/view?usp=sharing\" target=\"_blank\" rel=\"noopener\">Autoritzaci\u00f3 de recursos digitals educaci\u00f3 prim\u00e0ria<\/a><\/li>\n<\/ul>\n<\/li>\n<\/ul>\n<h5><span style=\"color: #000000;\"><strong>Autoritzacions per a la recollida d&#8217;alumnat<\/strong><\/span><\/h5>\n<ul>\n<li><a href=\"https:\/\/drive.google.com\/file\/d\/0B0BV6ZhGoaMGUnNCRW9tRmpUNHc\/view?usp=sharing&amp;resourcekey=0-IiMOyzu0479hqfRF-LL8cg\" target=\"_blank\" rel=\"noopener\">Autoritzaci\u00f3 de recollida d&#8217;alumnat per altres persones<\/a><\/li>\n<li><a href=\"https:\/\/drive.google.com\/file\/d\/19PaEVaG759jaTYLSzcc0UDlcLU8Kp-DJ\/view?usp=sharing\" target=\"_blank\" rel=\"noopener\">Autoritzaci\u00f3 de recollida d&#8217;alumnat dins l&#8217;horari lectiu<\/a><\/li>\n<li><a href=\"https:\/\/drive.google.com\/file\/d\/1Q0OPL53VbTzPAYuPwLfLhzTAg_qFUmo0\/view?usp=sharing\" target=\"_blank\" rel=\"noopener\">Autoritzaci\u00f3 de recollida setmanal d&#8217;alumnat dins l&#8217;horari lectiu<\/a><\/li>\n<\/ul>\n<h5>Carta de comprom\u00eds educatiu<\/h5>\n<ul>\n<li><a href=\"https:\/\/drive.google.com\/file\/d\/1_OZ9_A3KRd8pfFezPs1i6s1MQipAS9iU\/view?usp=sharing\" target=\"_blank\" rel=\"noopener\">Carta de comprom\u00eds educatiu<\/a><\/li>\n<\/ul>\n<h5><span style=\"color: #000000;\"><strong>Autoritzacions per a l&#8217;\u00fas de port\u00e0til i MIFI de l&#8217;alumnat de cicle superior (5\u00e8 i 6\u00e8 de prim\u00e0ria)<\/strong><\/span><\/h5>\n<ul>\n<li><a href=\"https:\/\/drive.google.com\/file\/d\/1MRHFHuU_Oc5QBdJOkEoGoxcWtvsSStPn\/view?usp=sharing\" target=\"_blank\" rel=\"noopener\">Carta de comprom\u00eds de l&#8217;\u00fas de port\u00e0til i MIFI (nom\u00e9s alumnat de 5\u00e8 i 6\u00e8)<\/a><\/li>\n<\/ul>\n<h4><span style=\"color: #333333;\"><strong>Justificants<\/strong><\/span><\/h4>\n<hr \/>\n<ul>\n<li><a href=\"https:\/\/drive.google.com\/file\/d\/0B0BV6ZhGoaMGM1NiSlA4LTVHZkU\/view?usp=sharing&amp;resourcekey=0-7GLqQBwzz8S_XiRXy1yCMg\" target=\"_blank\" rel=\"noopener\">Justificant de retard<\/a><\/li>\n<li><a href=\"https:\/\/drive.google.com\/file\/d\/0B0BV6ZhGoaMGRWo2clVCQkFXWDQ\/view?usp=sharing&amp;resourcekey=0-vIBgnVcBo7FiJUYk62Dw7g\" target=\"_blank\" rel=\"noopener\">Justificant\u00a0de faltes d&#8217;assist\u00e8ncia d&#8217;alumnat<\/a><\/li>\n<\/ul>\n<h5><span style=\"color: #333333;\"><strong>Autoritzacions per a l&#8217;administraci\u00f3 de medicaments a l&#8217;alumnat amb al\u00b7l\u00e8rgies aliment\u00e0ries i\/o al l\u00e0tex<\/strong><\/span><\/h5>\n<ul>\n<li><a href=\"https:\/\/drive.google.com\/file\/d\/1Fjnv5-nvtsg3T63QyJUTupYB_eRr9mcB\/view?usp=sharing\" target=\"_blank\" rel=\"noopener\">Autoritzaci\u00f3 per a l&#8217;administraci\u00f3 de medicaments<\/a> (nom\u00e9s en casos molt greus)<\/li>\n<li><a href=\"https:\/\/drive.google.com\/file\/d\/1ojJ_xUJiSmr_Cbuy9BOvnffygKL8cPu6\/view?usp=sharing\" target=\"_blank\" rel=\"noopener\">Protocol d&#8217;actuaci\u00f3 cas d&#8217;al\u00b7l\u00e8rgies aliment\u00e0ries i\/o al l\u00e0tex en l&#8217;\u00e0mbit escolar<\/a><\/li>\n<li><a href=\"https:\/\/drive.google.com\/file\/d\/1Fhysd5igRaYjWlvBhQxYJFPjVRdZ64bI\/view?usp=sharing\" target=\"_blank\" rel=\"noopener\">Full de recollida d&#8217;informaci\u00f3 d&#8217;alumnat amb al\u00b7l\u00e8rgia aliment\u00e0ria i\/o al l\u00e0tex<\/a><\/li>\n<li><a href=\"https:\/\/drive.google.com\/file\/d\/1xgX5MnjvQ8rwlAUcDGBWTlwH2ihtzXug\/view?usp=sharing\" target=\"_blank\" rel=\"noopener\">Autoritzaci\u00f3 d&#8217;administraci\u00f3 de medicaments a l&#8217;alumnat amb al\u00b7l\u00e8rgies aliment\u00e0ries i\/o al l\u00e0tex<\/a><\/li>\n<li><a href=\"https:\/\/drive.google.com\/file\/d\/15TRTtvrT8Rnbly850FhXEsc1mX2Kp_8C\/view?usp=sharing\">Pautes d&#8217;actuaci\u00f3 en cas de reacci\u00f3 al\u00b7l\u00e8rgica<\/a><\/li>\n<\/ul>\n<h5><span style=\"color: #000000;\"><strong>Autoritzacions per al Suport Escolar Personalitzat<\/strong><\/span><\/h5>\n<ul>\n<li><a href=\"https:\/\/drive.google.com\/file\/d\/0B0BV6ZhGoaMGYTZaZW8wcTBrVVU\/view?usp=sharing&amp;resourcekey=0-_v23eoAzdhePSYBbpi_v0g\" target=\"_blank\" rel=\"noopener\">Autoritzaci\u00f3 Suport Escolar Personalitzat<\/a><\/li>\n<li><a href=\"https:\/\/drive.google.com\/file\/d\/0B0BV6ZhGoaMGaUl6SmFkZExWWXM\/view?usp=sharing&amp;resourcekey=0-yNXBg-Myx9zs9fcz0o5NMw\" target=\"_blank\" rel=\"noopener\">Autoritzaci\u00f3 servei d&#8217;acollida per a germans\/es d&#8217;alumnat que realitza SEP fora de l&#8217;horari lectiu<\/a><\/li>\n<\/ul>\n","protected":false},"excerpt":{"rendered":"<p>Autoritzacions Autoritzacions de sortides Autoritzaci\u00f3 de sortides per Tarragona Autoritzacions de drets d&#8217;imatge i recursos digitals Educaci\u00f3 infantil Autoritzaci\u00f3 de [&hellip;]<\/p>\n","protected":false},"author":1,"featured_media":0,"parent":4415,"menu_order":73,"comment_status":"closed","ping_status":"closed","template":"page-templates\/side-menu.php","meta":{"_bbp_topic_count":0,"_bbp_reply_count":0,"_bbp_total_topic_count":0,"_bbp_total_reply_count":0,"_bbp_voice_count":0,"_bbp_anonymous_reply_count":0,"_bbp_topic_count_hidden":0,"_bbp_reply_count_hidden":0,"_bbp_forum_subforum_count":0,"site-sidebar-layout":"default","site-content-layout":"","ast-site-content-layout":"default","site-content-style":"default","site-sidebar-style":"default","ast-global-header-display":"","ast-banner-title-visibility":"","ast-main-header-display":"","ast-hfb-above-header-display":"","ast-hfb-below-header-display":"","ast-hfb-mobile-header-display":"","site-post-title":"","ast-breadcrumbs-content":"","ast-featured-img":"","footer-sml-layout":"","theme-transparent-header-meta":"","adv-header-id-meta":"","stick-header-meta":"","header-above-stick-meta":"","header-main-stick-meta":"","header-below-stick-meta":"","astra-migrate-meta-layouts":"set","ast-page-background-enabled":"default","ast-page-background-meta":{"desktop":{"background-color":"var(--ast-global-color-4)","background-image":"","background-repeat":"repeat","background-position":"center center","background-size":"auto","background-attachment":"scroll","background-type":"","background-media":"","overlay-type":"","overlay-color":"","overlay-opacity":"","overlay-gradient":""},"tablet":{"background-color":"","background-image":"","background-repeat":"repeat","background-position":"center center","background-size":"auto","background-attachment":"scroll","background-type":"","background-media":"","overlay-type":"","overlay-color":"","overlay-opacity":"","overlay-gradient":""},"mobile":{"background-color":"","background-image":"","background-repeat":"repeat","background-position":"center center","background-size":"auto","background-attachment":"scroll","background-type":"","background-media":"","overlay-type":"","overlay-color":"","overlay-opacity":"","overlay-gradient":""}},"ast-content-background-meta":{"desktop":{"background-color":"var(--ast-global-color-5)","background-image":"","background-repeat":"repeat","background-position":"center center","background-size":"auto","background-attachment":"scroll","background-type":"","background-media":"","overlay-type":"","overlay-color":"","overlay-opacity":"","overlay-gradient":""},"tablet":{"background-color":"var(--ast-global-color-5)","background-image":"","background-repeat":"repeat","background-position":"center center","background-size":"auto","background-attachment":"scroll","background-type":"","background-media":"","overlay-type":"","overlay-color":"","overlay-opacity":"","overlay-gradient":""},"mobile":{"background-color":"var(--ast-global-color-5)","background-image":"","background-repeat":"repeat","background-position":"center center","background-size":"auto","background-attachment":"scroll","background-type":"","background-media":"","overlay-type":"","overlay-color":"","overlay-opacity":"","overlay-gradient":""}},"footnotes":""},"class_list":["post-21358","page","type-page","status-publish","hentry"],"post_mailing_queue_ids":[],"_links":{"self":[{"href":"https:\/\/agora.xtec.cat\/ceipcesaraugust\/wp-json\/wp\/v2\/pages\/21358","targetHints":{"allow":["GET"]}}],"collection":[{"href":"https:\/\/agora.xtec.cat\/ceipcesaraugust\/wp-json\/wp\/v2\/pages"}],"about":[{"href":"https:\/\/agora.xtec.cat\/ceipcesaraugust\/wp-json\/wp\/v2\/types\/page"}],"author":[{"embeddable":true,"href":"https:\/\/agora.xtec.cat\/ceipcesaraugust\/wp-json\/wp\/v2\/users\/1"}],"replies":[{"embeddable":true,"href":"https:\/\/agora.xtec.cat\/ceipcesaraugust\/wp-json\/wp\/v2\/comments?post=21358"}],"version-history":[{"count":7,"href":"https:\/\/agora.xtec.cat\/ceipcesaraugust\/wp-json\/wp\/v2\/pages\/21358\/revisions"}],"predecessor-version":[{"id":24477,"href":"https:\/\/agora.xtec.cat\/ceipcesaraugust\/wp-json\/wp\/v2\/pages\/21358\/revisions\/24477"}],"up":[{"embeddable":true,"href":"https:\/\/agora.xtec.cat\/ceipcesaraugust\/wp-json\/wp\/v2\/pages\/4415"}],"wp:attachment":[{"href":"https:\/\/agora.xtec.cat\/ceipcesaraugust\/wp-json\/wp\/v2\/media?parent=21358"}],"curies":[{"name":"wp","href":"https:\/\/api.w.org\/{rel}","templated":true}]}}