{"id":20351,"date":"2020-06-26T12:35:42","date_gmt":"2020-06-26T10:35:42","guid":{"rendered":"http:\/\/agora.xtec.cat\/ceipcesaraugust\/?page_id=20351"},"modified":"2020-06-26T12:39:53","modified_gmt":"2020-06-26T10:39:53","slug":"orientacions-destiu","status":"publish","type":"page","link":"https:\/\/agora.xtec.cat\/ceipcesaraugust\/orientacions-destiu\/","title":{"rendered":"Orientacions d&#8217;estiu"},"content":{"rendered":"<p><span style=\"font-weight: 400;\">Sens dubte aquest estiu ser\u00e0 diferent a altres estius. Per\u00f2 no per aix\u00f2 s&#8217;ha de plantejar centrat en l\u2019objectiu de recuperar <\/span><i><span style=\"font-weight: 400;\">el temps perdut<\/span><\/i><span style=\"font-weight: 400;\">. Tot el per\u00edode escolar en confinament no ha estat un temps perdut, sin\u00f3 un temps diferent tant per a adults com per a infants.\u00a0<\/span><\/p>\n<p><span style=\"font-weight: 400;\">Entre tots, ens toca analitzar com s\u2019ha viscut aquest per\u00edode i quines accions podem dur a terme per avan\u00e7ar en aquells aspectes en qu\u00e8 l\u2019a\u00efllament f\u00edsic ho ha impedit. Recordem tamb\u00e9 que a l\u2019inici de cada curs cal recuperar h\u00e0bits i rutines que s\u2019han perdut durant l\u2019estiu.\u00a0<\/span><\/p>\n<p><span style=\"font-weight: 400;\">Per les dues raons, creiem convenient preparar un estiu enriquidor i us proposem unes activitats, els<strong> objectius<\/strong> de les quals seran:<\/span><\/p>\n<ul>\n<li><span style=\"font-weight: 400;\">Mantenir el contacte amb els h\u00e0bits.<\/span><\/li>\n<li><span style=\"font-weight: 400;\">Connectar amb els seus interessos i fomentar la creativitat.<\/span><\/li>\n<li><span style=\"font-weight: 400;\">Sentir-se acompanyat en el proc\u00e9s d\u2019aprenentatge.<\/span><\/li>\n<li><span style=\"font-weight: 400;\">Generar unes expectatives de futur vinculades a la tornada a l\u2019escola<\/span><\/li>\n<li><span style=\"font-weight: 400;\">Gaudir de propostes en espais oberts amb altres companys\/es.<\/span><\/li>\n<\/ul>\n<p><span style=\"font-weight: 400;\">Les feines, que l\u2019alumnat elaborar\u00e0 durant l\u2019estiu, es lliuraran al <\/span><b>setembre<\/b><span style=\"font-weight: 400;\"> a l\u2019escola (a l&#8217;institut en el cas de 6\u00e8) i es dedicar\u00e0 el temps necessari a compartir amb tothom el que s\u2019ha fet i donar rellev\u00e0ncia a aquestes feines que seran plenes de viv\u00e8ncies.<\/span><\/p>\n<p>A continuaci\u00f3 teniu les orientacions d&#8217;estiu per a cada nivell:<\/p>\n<ul>\n<li style=\"list-style-type: none;\">\n<ul>\n<li><a href=\"https:\/\/drive.google.com\/file\/d\/1k-e7fQc1_LxEwrBx6ntaccZgJ3gxr18a\/view?usp=sharing\" target=\"_blank\" rel=\"noopener noreferrer\">Orientacions d&#8217;estiu P-3<\/a><\/li>\n<li><a href=\"https:\/\/drive.google.com\/file\/d\/1wyHh4zKXcRWSt8OzTg3SpNJfoXSkJ47C\/view?usp=sharing\" target=\"_blank\" rel=\"noopener noreferrer\">Orientacions d&#8217;estiu P-4<\/a><\/li>\n<li><a href=\"https:\/\/drive.google.com\/file\/d\/1ypkgonbvfix1vTRrEFCgOv8t7DDVmLoB\/view?usp=sharing\" target=\"_blank\" rel=\"noopener noreferrer\">Orientacions d&#8217;estiu P-5<\/a><\/li>\n<li><a href=\"https:\/\/drive.google.com\/file\/d\/1jOjANSiFTsthIZb1tkcaJQ2Llz7d0SCU\/view?usp=sharing\" target=\"_blank\" rel=\"noopener noreferrer\">Orientacions d&#8217;estiu 1r<\/a><\/li>\n<li><a href=\"https:\/\/drive.google.com\/file\/d\/1avn0CbTW39pS6uZc8H7GljDidTSn6V5u\/view?usp=sharing\" target=\"_blank\" rel=\"noopener noreferrer\">Orientacions d&#8217;estiu 2n<\/a><\/li>\n<li><a href=\"https:\/\/drive.google.com\/file\/d\/1tQFFjhWnvAvZ9DwxMiu_pVvSrF6oXG33\/view?usp=sharing\" target=\"_blank\" rel=\"noopener noreferrer\">Orientacions d&#8217;estiu 3r<\/a><\/li>\n<li><a href=\"https:\/\/drive.google.com\/file\/d\/1dXAk-JUng0lkogR8UiBbjwHtSeAmYpHr\/view?usp=sharing\" target=\"_blank\" rel=\"noopener noreferrer\">Orientacions d&#8217;estiu 4t<\/a><\/li>\n<li><a href=\"https:\/\/drive.google.com\/file\/d\/1hcqhBj1yNYFsK4vGCaR2A3Teewm8O3gW\/view?usp=sharing\" target=\"_blank\" rel=\"noopener noreferrer\">Orientacions d&#8217;estiu 5\u00e8<\/a><\/li>\n<li><a href=\"https:\/\/drive.google.com\/file\/d\/1-SooW7gMhNd3rN-PLowoaFWnEPi0PLXq\/view?usp=sharing\" target=\"_blank\" rel=\"noopener noreferrer\">Orientacions d&#8217;estiu 6\u00e8<\/a><\/li>\n<\/ul>\n<\/li>\n<\/ul>\n<p>Ens tornarem a trobar al setembre amb m\u00e9s ganes i il\u00b7lusi\u00f3, bon estiu!<\/p>\n","protected":false},"excerpt":{"rendered":"<p>Sens dubte aquest estiu ser\u00e0 diferent a altres estius. Per\u00f2 no per aix\u00f2 s&#8217;ha de plantejar centrat en l\u2019objectiu de [&hellip;]<\/p>\n","protected":false},"author":1,"featured_media":0,"parent":0,"menu_order":0,"comment_status":"closed","ping_status":"closed","template":"","meta":{"_bbp_topic_count":0,"_bbp_reply_count":0,"_bbp_total_topic_count":0,"_bbp_total_reply_count":0,"_bbp_voice_count":0,"_bbp_anonymous_reply_count":0,"_bbp_topic_count_hidden":0,"_bbp_reply_count_hidden":0,"_bbp_forum_subforum_count":0,"site-sidebar-layout":"default","site-content-layout":"","ast-site-content-layout":"","site-content-style":"default","site-sidebar-style":"default","ast-global-header-display":"","ast-banner-title-visibility":"","ast-main-header-display":"","ast-hfb-above-header-display":"","ast-hfb-below-header-display":"","ast-hfb-mobile-header-display":"","site-post-title":"","ast-breadcrumbs-content":"","ast-featured-img":"","footer-sml-layout":"","theme-transparent-header-meta":"","adv-header-id-meta":"","stick-header-meta":"","header-above-stick-meta":"","header-main-stick-meta":"","header-below-stick-meta":"","astra-migrate-meta-layouts":"default","ast-page-background-enabled":"default","ast-page-background-meta":{"desktop":{"background-color":"var(--ast-global-color-4)","background-image":"","background-repeat":"repeat","background-position":"center center","background-size":"auto","background-attachment":"scroll","background-type":"","background-media":"","overlay-type":"","overlay-color":"","overlay-opacity":"","overlay-gradient":""},"tablet":{"background-color":"","background-image":"","background-repeat":"repeat","background-position":"center center","background-size":"auto","background-attachment":"scroll","background-type":"","background-media":"","overlay-type":"","overlay-color":"","overlay-opacity":"","overlay-gradient":""},"mobile":{"background-color":"","background-image":"","background-repeat":"repeat","background-position":"center center","background-size":"auto","background-attachment":"scroll","background-type":"","background-media":"","overlay-type":"","overlay-color":"","overlay-opacity":"","overlay-gradient":""}},"ast-content-background-meta":{"desktop":{"background-color":"var(--ast-global-color-5)","background-image":"","background-repeat":"repeat","background-position":"center center","background-size":"auto","background-attachment":"scroll","background-type":"","background-media":"","overlay-type":"","overlay-color":"","overlay-opacity":"","overlay-gradient":""},"tablet":{"background-color":"var(--ast-global-color-5)","background-image":"","background-repeat":"repeat","background-position":"center center","background-size":"auto","background-attachment":"scroll","background-type":"","background-media":"","overlay-type":"","overlay-color":"","overlay-opacity":"","overlay-gradient":""},"mobile":{"background-color":"var(--ast-global-color-5)","background-image":"","background-repeat":"repeat","background-position":"center center","background-size":"auto","background-attachment":"scroll","background-type":"","background-media":"","overlay-type":"","overlay-color":"","overlay-opacity":"","overlay-gradient":""}},"footnotes":""},"class_list":["post-20351","page","type-page","status-publish","hentry"],"post_mailing_queue_ids":[],"_links":{"self":[{"href":"https:\/\/agora.xtec.cat\/ceipcesaraugust\/wp-json\/wp\/v2\/pages\/20351","targetHints":{"allow":["GET"]}}],"collection":[{"href":"https:\/\/agora.xtec.cat\/ceipcesaraugust\/wp-json\/wp\/v2\/pages"}],"about":[{"href":"https:\/\/agora.xtec.cat\/ceipcesaraugust\/wp-json\/wp\/v2\/types\/page"}],"author":[{"embeddable":true,"href":"https:\/\/agora.xtec.cat\/ceipcesaraugust\/wp-json\/wp\/v2\/users\/1"}],"replies":[{"embeddable":true,"href":"https:\/\/agora.xtec.cat\/ceipcesaraugust\/wp-json\/wp\/v2\/comments?post=20351"}],"version-history":[{"count":3,"href":"https:\/\/agora.xtec.cat\/ceipcesaraugust\/wp-json\/wp\/v2\/pages\/20351\/revisions"}],"predecessor-version":[{"id":20358,"href":"https:\/\/agora.xtec.cat\/ceipcesaraugust\/wp-json\/wp\/v2\/pages\/20351\/revisions\/20358"}],"wp:attachment":[{"href":"https:\/\/agora.xtec.cat\/ceipcesaraugust\/wp-json\/wp\/v2\/media?parent=20351"}],"curies":[{"name":"wp","href":"https:\/\/api.w.org\/{rel}","templated":true}]}}