{"id":20121,"date":"2020-05-11T16:24:52","date_gmt":"2020-05-11T14:24:52","guid":{"rendered":"http:\/\/agora.xtec.cat\/ceipcesaraugust\/?page_id=20121"},"modified":"2026-02-26T13:02:07","modified_gmt":"2026-02-26T12:02:07","slug":"portes-obertes","status":"publish","type":"page","link":"https:\/\/agora.xtec.cat\/ceipcesaraugust\/portes-obertes\/","title":{"rendered":"Portes obertes"},"content":{"rendered":"<p style=\"text-align: left;\"><span style=\"font-family: inherit; font-size: 1em;\">El <\/span><strong>dimarts 24 de febrer a les 15:15h i el dimecres 25 de febrer a les 9:30h<\/strong> realitzarem les portes obertes de la nostra escola en qu\u00e8 us presentarem el nostre projecte educatiu, organitzaci\u00f3 i espais. Si voleu assistir-hi cal que <strong>pr\u00e8viament feu la inscripci\u00f3 <\/strong>a trav\u00e9s del fomulari que trobareu a continuaci\u00f3. Si teniu alguna dificultat podeu escriure<span style=\"font-family: inherit; font-size: 1em;\">\u00a0un correu a <\/span><a style=\"font-family: inherit; font-size: 1em;\" href=\"mailto:e3005959@xtec.cat\">e3005959@xtec.cat<\/a><span style=\"font-family: inherit; font-size: 1em;\"> o trucar al<\/span><strong style=\"font-family: inherit; font-size: 1em;\">\u00a0<span style=\"font-weight: 400;\"><strong>610 698 944<\/strong> (<\/span><\/strong><span style=\"font-family: inherit; font-size: 1em;\">secretaria).<\/span><\/p>\n<p style=\"text-align: center;\"><strong> \u27a1 <a href=\"https:\/\/docs.google.com\/forms\/d\/e\/1FAIpQLSfJX39qTXPZdJgWlnRjXXTCtAnoQ2he4VByrUZkes_Acm6CQQ\/viewform?usp=publish-editor\" target=\"_blank\" rel=\"noopener\">Formulari d&#8217;inscripci\u00f3 a les portes obertes 26-27<\/a><\/strong><\/p>\n<p style=\"text-align: left;\">A m\u00e9s, us proposem altres maneres de con\u00e8ixer el nostre centre fent un tomb pel nostre lloc web on hi trobareu diferents <a href=\"https:\/\/agora.xtec.cat\/ceipcesaraugust\/lescola\/documents\/\">documents<\/a> interessants i visitant els nostres perfils de <a href=\"https:\/\/twitter.com\/ECesarAugust\" target=\"_blank\" rel=\"noopener noreferrer\">Twitter<\/a> i <a href=\"https:\/\/www.instagram.com\/ecesaraugust\/\" target=\"_blank\" rel=\"noopener noreferrer\">Instagram<\/a>. Tamb\u00e9 podeu consular el <a href=\"https:\/\/agora.xtec.cat\/ceipcesaraugust\/ampa-4\/\" target=\"_blank\" rel=\"noopener noreferrer\">lloc web de l&#8217;AFA<\/a>\u00a0i el seu compte d&#8217;<a href=\"https:\/\/www.instagram.com\/ampacesaraugust\/?hl=es\">Instagram<\/a>.<\/p>\n<h4>Presentaci\u00f3 de les portes obertes<\/h4>\n<p><a href=\"https:\/\/drive.google.com\/file\/d\/1biYXE1sMbXGy5eqyLPrP4nLMPJgeALPy\/view?usp=sharing\" target=\"_blank\" rel=\"noopener\"><img loading=\"lazy\" decoding=\"async\" class=\"aligncenter wp-image-25037 size-full\" src=\"https:\/\/agora.xtec.cat\/ceipcesaraugust\/wp-content\/uploads\/usu1489\/2026\/01\/WhatsApp-Image-2026-01-29-at-11.02.17.jpeg\" alt=\"\" width=\"799\" height=\"448\" srcset=\"https:\/\/agora.xtec.cat\/ceipcesaraugust\/wp-content\/uploads\/usu1489\/2026\/01\/WhatsApp-Image-2026-01-29-at-11.02.17.jpeg 799w, https:\/\/agora.xtec.cat\/ceipcesaraugust\/wp-content\/uploads\/usu1489\/2026\/01\/WhatsApp-Image-2026-01-29-at-11.02.17-300x168.jpeg 300w, https:\/\/agora.xtec.cat\/ceipcesaraugust\/wp-content\/uploads\/usu1489\/2026\/01\/WhatsApp-Image-2026-01-29-at-11.02.17-768x431.jpeg 768w\" sizes=\"auto, (max-width: 799px) 100vw, 799px\" \/><\/a><\/p>\n<p style=\"text-align: center;\"><em>Cliqueu sobre la imatge per veure la presentaci\u00f3 projectada durant les portes obertes.<\/em><\/p>\n<h4>Cartell informatiu<\/h4>\n<p><a href=\"https:\/\/drive.google.com\/file\/d\/1PGHUhJV2zKSNwnOpABejfGvuqGOFCtIs\/view?usp=sharing\" target=\"_blank\" rel=\"noopener noreferrer\"><img loading=\"lazy\" decoding=\"async\" class=\"aligncenter wp-image-21361 size-full\" src=\"https:\/\/agora.xtec.cat\/ceipcesaraugust\/wp-content\/uploads\/usu1489\/2021\/02\/triptic_2021_petit.jpg\" alt=\"\" width=\"662\" height=\"1056\" srcset=\"https:\/\/agora.xtec.cat\/ceipcesaraugust\/wp-content\/uploads\/usu1489\/2021\/02\/triptic_2021_petit.jpg 662w, https:\/\/agora.xtec.cat\/ceipcesaraugust\/wp-content\/uploads\/usu1489\/2021\/02\/triptic_2021_petit-188x300.jpg 188w, https:\/\/agora.xtec.cat\/ceipcesaraugust\/wp-content\/uploads\/usu1489\/2021\/02\/triptic_2021_petit-642x1024.jpg 642w\" sizes=\"auto, (max-width: 662px) 100vw, 662px\" \/><\/a><\/p>\n<h4 style=\"text-align: left;\">\u00a0 \u00a0 \u00a0 V\u00eddeo de les portes obertes<\/h4>\n<p style=\"text-align: center;\"><iframe loading=\"lazy\" src=\"https:\/\/drive.google.com\/file\/d\/1LWZI6VBwTTmZQ98noP-4ByvRqq7GSepB\/preview\" width=\"640\" height=\"480\"><\/iframe><\/p>\n<p>Per a m\u00e9s informaci\u00f3 sobre el <strong>proc\u00e9s de preinscripci\u00f3 i matr\u00edcula<\/strong>, consulteu l&#8217;apartat de <a href=\"https:\/\/agora.xtec.cat\/ceipcesaraugust\/preinscripcio-i-matricula\/\">preinscripci\u00f3 i matr\u00edcula del nostre lloc web<\/a> i el de <a href=\"https:\/\/preinscripcio.gencat.cat\/ca\/inici\/\" target=\"_blank\" rel=\"noopener noreferrer\">preinscipci\u00f3 de la Generalitat de Catalunya<\/a>. Tamb\u00e9 podeu assistir a la xerrada &#8220;La preinscripci\u00f3 a Tarragona&#8221; que es realitzar\u00e0 el 10 de mar\u00e7 a les 15:15h (vegeu el <a href=\"https:\/\/drive.google.com\/file\/d\/1dX-nNndE-GISNk9RjVPJu_cuDhtGWvZp\/view?usp=sharing\" target=\"_blank\" rel=\"noopener\">cartell informatiu<\/a>) i consultar la <a href=\"https:\/\/drive.google.com\/file\/d\/1t53wM-PRFp6Bxp2EFNtELgGOBIq2QY7A\/view?usp=sharing\" target=\"_blank\" rel=\"noopener\">guia de la preinscripci\u00f3<\/a> editada per l&#8217;Ajuntament de Tarragona.<\/p>\n<h4>Documents de suport<\/h4>\n<p style=\"font-family: 'Helvetica Neue', Helvetica, Helvetica, Arial, sans-serif; font-size: 16px;\">Sabem que la decisi\u00f3 que esteu a punt de prendre \u00e9s complexa i sovint genera neguit, \u00e9s per aquest motiu que creiem que aquest document <a href=\"http:\/\/www.fbofill.cat\/sites\/default\/files\/609_0.pdf\" target=\"_blank\" rel=\"noopener noreferrer\">&#8220;8 orientacions per triar escola&#8221;<\/a> de la Fundaci\u00f3 Jaume Bofill us pot ser d&#8217;ajuda.<\/p>\n","protected":false},"excerpt":{"rendered":"<p>El dimarts 24 de febrer a les 15:15h i el dimecres 25 de febrer a les 9:30h realitzarem les portes [&hellip;]<\/p>\n","protected":false},"author":1,"featured_media":0,"parent":0,"menu_order":0,"comment_status":"closed","ping_status":"closed","template":"","meta":{"_bbp_topic_count":0,"_bbp_reply_count":0,"_bbp_total_topic_count":0,"_bbp_total_reply_count":0,"_bbp_voice_count":0,"_bbp_anonymous_reply_count":0,"_bbp_topic_count_hidden":0,"_bbp_reply_count_hidden":0,"_bbp_forum_subforum_count":0,"site-sidebar-layout":"default","site-content-layout":"","ast-site-content-layout":"default","site-content-style":"default","site-sidebar-style":"default","ast-global-header-display":"","ast-banner-title-visibility":"","ast-main-header-display":"","ast-hfb-above-header-display":"","ast-hfb-below-header-display":"","ast-hfb-mobile-header-display":"","site-post-title":"","ast-breadcrumbs-content":"","ast-featured-img":"","footer-sml-layout":"","theme-transparent-header-meta":"default","adv-header-id-meta":"","stick-header-meta":"","header-above-stick-meta":"","header-main-stick-meta":"","header-below-stick-meta":"","astra-migrate-meta-layouts":"set","ast-page-background-enabled":"default","ast-page-background-meta":{"desktop":{"background-color":"var(--ast-global-color-4)","background-image":"","background-repeat":"repeat","background-position":"center center","background-size":"auto","background-attachment":"scroll","background-type":"","background-media":"","overlay-type":"","overlay-color":"","overlay-opacity":"","overlay-gradient":""},"tablet":{"background-color":"","background-image":"","background-repeat":"repeat","background-position":"center center","background-size":"auto","background-attachment":"scroll","background-type":"","background-media":"","overlay-type":"","overlay-color":"","overlay-opacity":"","overlay-gradient":""},"mobile":{"background-color":"","background-image":"","background-repeat":"repeat","background-position":"center center","background-size":"auto","background-attachment":"scroll","background-type":"","background-media":"","overlay-type":"","overlay-color":"","overlay-opacity":"","overlay-gradient":""}},"ast-content-background-meta":{"desktop":{"background-color":"var(--ast-global-color-5)","background-image":"","background-repeat":"repeat","background-position":"center center","background-size":"auto","background-attachment":"scroll","background-type":"","background-media":"","overlay-type":"","overlay-color":"","overlay-opacity":"","overlay-gradient":""},"tablet":{"background-color":"var(--ast-global-color-5)","background-image":"","background-repeat":"repeat","background-position":"center center","background-size":"auto","background-attachment":"scroll","background-type":"","background-media":"","overlay-type":"","overlay-color":"","overlay-opacity":"","overlay-gradient":""},"mobile":{"background-color":"var(--ast-global-color-5)","background-image":"","background-repeat":"repeat","background-position":"center center","background-size":"auto","background-attachment":"scroll","background-type":"","background-media":"","overlay-type":"","overlay-color":"","overlay-opacity":"","overlay-gradient":""}},"footnotes":""},"class_list":["post-20121","page","type-page","status-publish","hentry"],"post_mailing_queue_ids":[],"_links":{"self":[{"href":"https:\/\/agora.xtec.cat\/ceipcesaraugust\/wp-json\/wp\/v2\/pages\/20121","targetHints":{"allow":["GET"]}}],"collection":[{"href":"https:\/\/agora.xtec.cat\/ceipcesaraugust\/wp-json\/wp\/v2\/pages"}],"about":[{"href":"https:\/\/agora.xtec.cat\/ceipcesaraugust\/wp-json\/wp\/v2\/types\/page"}],"author":[{"embeddable":true,"href":"https:\/\/agora.xtec.cat\/ceipcesaraugust\/wp-json\/wp\/v2\/users\/1"}],"replies":[{"embeddable":true,"href":"https:\/\/agora.xtec.cat\/ceipcesaraugust\/wp-json\/wp\/v2\/comments?post=20121"}],"version-history":[{"count":6,"href":"https:\/\/agora.xtec.cat\/ceipcesaraugust\/wp-json\/wp\/v2\/pages\/20121\/revisions"}],"predecessor-version":[{"id":25091,"href":"https:\/\/agora.xtec.cat\/ceipcesaraugust\/wp-json\/wp\/v2\/pages\/20121\/revisions\/25091"}],"wp:attachment":[{"href":"https:\/\/agora.xtec.cat\/ceipcesaraugust\/wp-json\/wp\/v2\/media?parent=20121"}],"curies":[{"name":"wp","href":"https:\/\/api.w.org\/{rel}","templated":true}]}}