{"id":19690,"date":"2020-03-19T22:09:22","date_gmt":"2020-03-19T21:09:22","guid":{"rendered":"http:\/\/agora.xtec.cat\/ceipcesaraugust\/?page_id=19690"},"modified":"2020-04-03T17:25:13","modified_gmt":"2020-04-03T15:25:13","slug":"altres-recursos","status":"publish","type":"page","link":"https:\/\/agora.xtec.cat\/ceipcesaraugust\/aules-virtuals\/altres-recursos\/","title":{"rendered":"Altres recursos"},"content":{"rendered":"<h3><img loading=\"lazy\" decoding=\"async\" class=\"aligncenter size-full wp-image-19688\" src=\"https:\/\/agora.xtec.cat\/ceipcesaraugust\/wp-content\/uploads\/usu1489\/2020\/03\/altres.png\" alt=\"\" width=\"1324\" height=\"361\" srcset=\"https:\/\/agora.xtec.cat\/ceipcesaraugust\/wp-content\/uploads\/usu1489\/2020\/03\/altres.png 1324w, https:\/\/agora.xtec.cat\/ceipcesaraugust\/wp-content\/uploads\/usu1489\/2020\/03\/altres-300x82.png 300w, https:\/\/agora.xtec.cat\/ceipcesaraugust\/wp-content\/uploads\/usu1489\/2020\/03\/altres-768x209.png 768w, https:\/\/agora.xtec.cat\/ceipcesaraugust\/wp-content\/uploads\/usu1489\/2020\/03\/altres-1024x279.png 1024w\" sizes=\"auto, (max-width: 1324px) 100vw, 1324px\" \/>Editorials<\/h3>\n<h4>Educaci\u00f3 infantil<\/h4>\n<ul>\n<li><a href=\"https:\/\/www.ecasals.net\/cat\/index.php?ps=0b2b5bd53f2eaf41474f382c32a243d95ebaa14cea57bb254c3ba2af202ae4a03fde46c744d146374a24df53262ad62441205f3c44656591287b6f\"><strong>Casals<\/strong><\/a><\/li>\n<li><a href=\"https:\/\/web.editorialteide.com\/ca\/ensquedemacasa\/\"><strong>Teide<\/strong><\/a><\/li>\n<li><a href=\"http:\/\/suport.vicensvives.com\"><strong>Vicen\u00e7 Vives<\/strong><\/a><\/li>\n<\/ul>\n<h4>Educaci\u00f3 prim\u00e0ria<\/h4>\n<ul>\n<li><a href=\"https:\/\/innovamat.com\/blog\/ca\/\"><strong>Innovamat<\/strong><\/a> (matem\u00e0tiques)\n<ul>\n<li><a href=\"https:\/\/innovamat.us19.list-manage.com\/track\/click?u=b432f99915785a0ada7b08a22&amp;id=5726a7a9d4&amp;e=9d1e4fc1b5\">Consells per a fam\u00edlies<\/a><\/li>\n<li><a href=\"https:\/\/innovamat.us19.list-manage.com\/track\/click?u=b432f99915785a0ada7b08a22&amp;id=40d41e3eb9&amp;e=9d1e4fc1b5\">Blog ConfiMaths<\/a> (propostes de 1r a 4t)<\/li>\n<li><a href=\"https:\/\/innovamat.com\/ca\/bmath-descarregues\/?tablet=1\">App Bmath<\/a> (per a practicar des de casa)<\/li>\n<\/ul>\n<\/li>\n<li><a href=\"https:\/\/web.editorialteide.com\/ca\/ensquedemacasa\/\"><strong>Teide<\/strong><\/a><\/li>\n<li><a href=\"https:\/\/web.editorialteide.com\/ca\/cafe-mates\/\"><strong>Teide: Un caf\u00e8 matem\u00e0tic<\/strong><\/a> (propostes per a fam\u00edlies)<\/li>\n<li><a href=\"https:\/\/projectes.santillana.cat\/\"><strong>Santillana<\/strong><\/a> <strong>Usuari<\/strong>: santillana <strong>Contrasenya:<\/strong> santillana<\/li>\n<li><a href=\"https:\/\/tcf7413b3.emailsys2a.net\/c\/103\/2673115\/872\/0\/3538394\/1\/355705\/aa957583ab.html\"><strong>Science teaching<\/strong><\/a><\/li>\n<li><a href=\"https:\/\/www.grupo-sm.com\/es\/yoaprendoencasa\"><strong>SM &#8211; Cru\u00eflla<\/strong><\/a><\/li>\n<li><a href=\"http:\/\/suport.vicensvives.com\"><strong>Vicen\u00e7 Vives<\/strong><\/a><\/li>\n<li><a href=\"https:\/\/elt.oup.com\/student\/oupeprimary\/?cc=ru&amp;selLanguage=ru\"><strong>Oxford<\/strong><\/a> (angl\u00e8s)<\/li>\n<\/ul>\n<h3>Altres recursos<\/h3>\n<ul>\n<li><a href=\"https:\/\/respiraiapren.wordpress.com\/exercicis\/\"><strong>Respira i apr\u00e8n<\/strong><\/a> (exercicis de kinesiologia que es realitzen a l&#8217;escola)<\/li>\n<li><a href=\"http:\/\/edu365.cat\/\"><strong>Edu365<\/strong><\/a> (activitats interactives per a totes les edats i \u00e0rees)<\/li>\n<li><a href=\"https:\/\/toolbox.mobileworldcapital.com\/\"><strong>Apps educatives<\/strong><\/a> (sel\u00b7lecci\u00f3 d&#8217;apps educatives)<\/li>\n<li><a href=\"https:\/\/www.rtve.es\/educlan\/\"><strong>EduClan<\/strong><\/a> (canal educatiu de RTVE)<\/li>\n<li><a href=\"https:\/\/cavallfort.cat\/jo-em-quedo-a-casa\/\"><strong>Cavall Fort: propostes pel confinament<\/strong><\/a> (cada dia pengen una nova proposta)<\/li>\n<li><a href=\"https:\/\/cavallfort.cat\/audiocontes\/\"><strong>El Tatano<\/strong> <\/a>(audiocontes)<\/li>\n<li><a href=\"https:\/\/viuelteatre.com\/ca\/viu-el-teatre-des-de-casa-quedatacasa\/\"><strong>Viu el teatre des de casa<\/strong><\/a> (recull d&#8217;obres de teatre infantils)<\/li>\n<li><a href=\"http:\/\/twitch.tv\/josepvaro\"><strong>Curts del Festival PSICURT<\/strong><\/a> (Festival de curtmetratges sobre salut mental) (cada dimecres i dissabte a les 18 h)<\/li>\n<li><a href=\"https:\/\/www.youtube.com\/user\/damarisgelabert?app=desktop\"><strong>Concerts en fam\u00edlia amb la D\u00e0maris Gelabert<\/strong><\/a>\u00a0(cada dimecres a les 18 h)<\/li>\n<li><a style=\"color: #2795b6;\" href=\"https:\/\/www.ccma.cat\/catradio\/catalunya-radio-adapta-la-seva-programacio-arran-del-coronavirus\/nota-de-premsa\/2998998\/\"><strong>Popap<\/strong><\/a>\u00a0(programa educatiu de Catalunya R\u00e0dio, cada dia de 16 h a 17 h)<\/li>\n<\/ul>\n<h3>Articles<\/h3>\n<ul>\n<li><a href=\"https:\/\/www.ccma.cat\/tv3\/super3\/propostes-per-aquests-dies-que-no-pots-sortir-de-casa\/noticia\/2998422\/?ext=NW_BS3_butlleti-EXTRS3\"><strong>Super 3: aprendre sense sortir de casa<\/strong><\/a>\u00a0(propostes i links de programes)<\/li>\n<li><a href=\"https:\/\/escoles.fundesplai.org\/blog\/21-idees-creatives-i-educatives-per-fer-amb-els-nens-i-nenes-a-casa\/\"><strong>Fundesplai: 21 idees creatives (i educatives) per a fer amb els nens i nenes a casa<\/strong><\/a><\/li>\n<li><a href=\"https:\/\/criatures.ara.cat\/familia\/Confinament-coronavirus-covid-19-recursos-educatius-familia_0_2423757681.html#Echobox=1585223187\"><strong>Confinament en fam\u00edlia: recursos educatius<\/strong><\/a> (article del Diari ARA)<\/li>\n<li><a href=\"https:\/\/diarieducacio.cat\/25-recursos-educatius-on-line-per-descobrir-durant-el-confinament\/?utm_source=El+Diari+de+l%27Educaci%C3%B3+-+Subscriptors&amp;utm_campaign=ff8aafaaac-EMAIL_CAMPAIGN_2016_11_24_COPY_01&amp;utm_medium=email&amp;utm_term=0_5f1ed6a59a-ff8aafaaac-157854869\"><strong>25 recursos educatius &#8220;on line&#8221; per descobrir durant el confinament<\/strong><\/a> (article del Diari de l&#8217;Educaci\u00f3)<\/li>\n<\/ul>\n<h3>Aplicacions i jocs<\/h3>\n<ul>\n<li><a href=\"https:\/\/www.highlightskids.com\/\"><strong>Highlights Kids<\/strong><\/a> (angl\u00e8s, jocs i activitats)<\/li>\n<li><a href=\"https:\/\/www.youtube.com\/channel\/UCB_2_OiPFh6FdUvp50_maug\/videos\"><strong>All things animal TV<\/strong><\/a> (angl\u00e8s, v\u00eddeos d&#8217;animals)<\/li>\n<li><a href=\"http:\/\/www.reflejorol.com\/\"><strong>Jocs de rol: Orn i Reflejo<\/strong><\/a><\/li>\n<\/ul>\n<p>Per a m\u00e9s recursos (concerts infantils, espectacles i propostes diverses) podeu consultar i seguir el nostre <strong><a href=\"https:\/\/twitter.com\/ECesarAugust\">usuari de Twitter <\/a><\/strong>on anirem retweetejant tot all\u00f2 que us pugui ser d&#8217;utilitat per aquest dies de confinament.<\/p>\n<p><a class=\"twitter-timeline\" href=\"https:\/\/twitter.com\/ECesarAugust?ref_src=twsrc%5Etfw\">Tweets by ECesarAugust<\/a> <script async src=\"https:\/\/platform.twitter.com\/widgets.js\" charset=\"utf-8\"><\/script><\/p>\n","protected":false},"excerpt":{"rendered":"<p>Editorials Educaci\u00f3 infantil Casals Teide Vicen\u00e7 Vives Educaci\u00f3 prim\u00e0ria Innovamat (matem\u00e0tiques) Consells per a fam\u00edlies Blog ConfiMaths (propostes de 1r [&hellip;]<\/p>\n","protected":false},"author":1,"featured_media":0,"parent":19565,"menu_order":0,"comment_status":"closed","ping_status":"closed","template":"","meta":{"_bbp_topic_count":0,"_bbp_reply_count":0,"_bbp_total_topic_count":0,"_bbp_total_reply_count":0,"_bbp_voice_count":0,"_bbp_anonymous_reply_count":0,"_bbp_topic_count_hidden":0,"_bbp_reply_count_hidden":0,"_bbp_forum_subforum_count":0,"site-sidebar-layout":"default","site-content-layout":"","ast-site-content-layout":"","site-content-style":"default","site-sidebar-style":"default","ast-global-header-display":"","ast-banner-title-visibility":"","ast-main-header-display":"","ast-hfb-above-header-display":"","ast-hfb-below-header-display":"","ast-hfb-mobile-header-display":"","site-post-title":"","ast-breadcrumbs-content":"","ast-featured-img":"","footer-sml-layout":"","theme-transparent-header-meta":"","adv-header-id-meta":"","stick-header-meta":"","header-above-stick-meta":"","header-main-stick-meta":"","header-below-stick-meta":"","astra-migrate-meta-layouts":"default","ast-page-background-enabled":"default","ast-page-background-meta":{"desktop":{"background-color":"var(--ast-global-color-4)","background-image":"","background-repeat":"repeat","background-position":"center center","background-size":"auto","background-attachment":"scroll","background-type":"","background-media":"","overlay-type":"","overlay-color":"","overlay-opacity":"","overlay-gradient":""},"tablet":{"background-color":"","background-image":"","background-repeat":"repeat","background-position":"center center","background-size":"auto","background-attachment":"scroll","background-type":"","background-media":"","overlay-type":"","overlay-color":"","overlay-opacity":"","overlay-gradient":""},"mobile":{"background-color":"","background-image":"","background-repeat":"repeat","background-position":"center center","background-size":"auto","background-attachment":"scroll","background-type":"","background-media":"","overlay-type":"","overlay-color":"","overlay-opacity":"","overlay-gradient":""}},"ast-content-background-meta":{"desktop":{"background-color":"var(--ast-global-color-5)","background-image":"","background-repeat":"repeat","background-position":"center center","background-size":"auto","background-attachment":"scroll","background-type":"","background-media":"","overlay-type":"","overlay-color":"","overlay-opacity":"","overlay-gradient":""},"tablet":{"background-color":"var(--ast-global-color-5)","background-image":"","background-repeat":"repeat","background-position":"center center","background-size":"auto","background-attachment":"scroll","background-type":"","background-media":"","overlay-type":"","overlay-color":"","overlay-opacity":"","overlay-gradient":""},"mobile":{"background-color":"var(--ast-global-color-5)","background-image":"","background-repeat":"repeat","background-position":"center center","background-size":"auto","background-attachment":"scroll","background-type":"","background-media":"","overlay-type":"","overlay-color":"","overlay-opacity":"","overlay-gradient":""}},"footnotes":""},"class_list":["post-19690","page","type-page","status-publish","hentry"],"post_mailing_queue_ids":[],"_links":{"self":[{"href":"https:\/\/agora.xtec.cat\/ceipcesaraugust\/wp-json\/wp\/v2\/pages\/19690","targetHints":{"allow":["GET"]}}],"collection":[{"href":"https:\/\/agora.xtec.cat\/ceipcesaraugust\/wp-json\/wp\/v2\/pages"}],"about":[{"href":"https:\/\/agora.xtec.cat\/ceipcesaraugust\/wp-json\/wp\/v2\/types\/page"}],"author":[{"embeddable":true,"href":"https:\/\/agora.xtec.cat\/ceipcesaraugust\/wp-json\/wp\/v2\/users\/1"}],"replies":[{"embeddable":true,"href":"https:\/\/agora.xtec.cat\/ceipcesaraugust\/wp-json\/wp\/v2\/comments?post=19690"}],"version-history":[{"count":4,"href":"https:\/\/agora.xtec.cat\/ceipcesaraugust\/wp-json\/wp\/v2\/pages\/19690\/revisions"}],"predecessor-version":[{"id":19909,"href":"https:\/\/agora.xtec.cat\/ceipcesaraugust\/wp-json\/wp\/v2\/pages\/19690\/revisions\/19909"}],"up":[{"embeddable":true,"href":"https:\/\/agora.xtec.cat\/ceipcesaraugust\/wp-json\/wp\/v2\/pages\/19565"}],"wp:attachment":[{"href":"https:\/\/agora.xtec.cat\/ceipcesaraugust\/wp-json\/wp\/v2\/media?parent=19690"}],"curies":[{"name":"wp","href":"https:\/\/api.w.org\/{rel}","templated":true}]}}