{"id":19565,"date":"2020-03-17T16:23:32","date_gmt":"2020-03-17T15:23:32","guid":{"rendered":"http:\/\/agora.xtec.cat\/ceipcesaraugust\/?page_id=19565"},"modified":"2020-03-25T16:09:28","modified_gmt":"2020-03-25T15:09:28","slug":"aules-virtuals","status":"publish","type":"page","link":"https:\/\/agora.xtec.cat\/ceipcesaraugust\/aules-virtuals\/","title":{"rendered":"Aules virtuals"},"content":{"rendered":"<p>S\u00f3n dies extraordinaris, sabem que teniu ganes de tornar a l&#8217;escola i nosaltres tenim moltes ganes de tornar-vos a veure de nou. Ara per\u00f2 toca quedar-nos a casa i cuidar-nos per poder tornar amb m\u00e9s for\u00e7a. Perqu\u00e8 pugueu continuar treballant aqu\u00ed teniu les diferents aules virtuals dels diferents nivells que us hem preparat amb moltes ganes i i\u00b7lusi\u00f3. I si a alg\u00fa encara li sobra temps, a l&#8217;apartat <strong><a href=\"https:\/\/agora.xtec.cat\/ceipcesaraugust\/aules-virtuals\/altres-recursos\/\">altres recursos<\/a><\/strong>\u00a0podeu trobar propostes diverses que ens ajudaran a passar aquest dies.<\/p>\n<p>A m\u00e9s, tamb\u00e9 us volem animar a participar en la iniciativa\u00a0<a href=\"https:\/\/drive.google.com\/file\/d\/1bBFXgarEb2K0KvHhT9s46OO-Bj4WR4y2\/view?usp=sharing\"><strong><em>Enlla\u00e7ats per un rotllo de paper de WC<\/em><\/strong><\/a> en qu\u00e8 les mestres de l&#8217;escola us expliquem quins s\u00f3n els nostres reptes (<em>challenges<\/em>) per aquest dies. Qu\u00e8 hi dieu, us animeu a enviar-vos els vostres v\u00eddeos? Els podeu penjar a les xarxes (<a href=\"https:\/\/twitter.com\/ECesarAugust\"><strong>Twitter<\/strong><\/a> o <a href=\"https:\/\/www.instagram.com\/ecesaraugust\/\"><strong>Instragram<\/strong><\/a>) etiquetant a l&#8217;escola (<strong>@ecesaraugust<\/strong>) i posant l&#8217;etiqueta<strong> #EnllacatsCesarAugust <\/strong>o enviar-los a l&#8217;adre\u00e7a <a href=\"mailto:informatica@escolacesaraugust.cat\">informatica@escolacesaraugust.cat<\/a>. Vinga, <strong>QUIN SER\u00c0 EL VOSTRE REPTE? #joemquedoacasa<\/strong><\/p>\n<table style=\"width: 100%; border-style: solid;\" border=\"none\">\n<tbody>\n<tr>\n<td style=\"width: 260px;\"><a href=\"http:\/\/agora.xtec.cat\/ceipcesaraugust\/aula-virtual\/aula-virtual-p-3\/\"><img loading=\"lazy\" decoding=\"async\" class=\"aligncenter size-full wp-image-19652\" src=\"https:\/\/agora.xtec.cat\/ceipcesaraugust\/wp-content\/uploads\/usu1489\/2020\/03\/aula-p3.png\" alt=\"\" width=\"1324\" height=\"361\" srcset=\"https:\/\/agora.xtec.cat\/ceipcesaraugust\/wp-content\/uploads\/usu1489\/2020\/03\/aula-p3.png 1324w, https:\/\/agora.xtec.cat\/ceipcesaraugust\/wp-content\/uploads\/usu1489\/2020\/03\/aula-p3-300x82.png 300w, https:\/\/agora.xtec.cat\/ceipcesaraugust\/wp-content\/uploads\/usu1489\/2020\/03\/aula-p3-768x209.png 768w, https:\/\/agora.xtec.cat\/ceipcesaraugust\/wp-content\/uploads\/usu1489\/2020\/03\/aula-p3-1024x279.png 1024w\" sizes=\"auto, (max-width: 1324px) 100vw, 1324px\" \/><\/a><\/td>\n<td style=\"width: 272px;\"><a href=\"http:\/\/agora.xtec.cat\/ceipcesaraugust\/aula-virtual\/aula-virtual-p-4\/\"><img loading=\"lazy\" decoding=\"async\" class=\"aligncenter size-full wp-image-19677\" src=\"https:\/\/agora.xtec.cat\/ceipcesaraugust\/wp-content\/uploads\/usu1489\/2020\/03\/aula-p4.png\" alt=\"\" width=\"1324\" height=\"361\" srcset=\"https:\/\/agora.xtec.cat\/ceipcesaraugust\/wp-content\/uploads\/usu1489\/2020\/03\/aula-p4.png 1324w, https:\/\/agora.xtec.cat\/ceipcesaraugust\/wp-content\/uploads\/usu1489\/2020\/03\/aula-p4-300x82.png 300w, https:\/\/agora.xtec.cat\/ceipcesaraugust\/wp-content\/uploads\/usu1489\/2020\/03\/aula-p4-768x209.png 768w, https:\/\/agora.xtec.cat\/ceipcesaraugust\/wp-content\/uploads\/usu1489\/2020\/03\/aula-p4-1024x279.png 1024w\" sizes=\"auto, (max-width: 1324px) 100vw, 1324px\" \/><\/a><\/td>\n<td style=\"width: 280px;\"><a href=\"http:\/\/agora.xtec.cat\/ceipcesaraugust\/aula-virtual\/aula-virtual-p-5\/\"><img loading=\"lazy\" decoding=\"async\" class=\"aligncenter size-full wp-image-19678\" src=\"https:\/\/agora.xtec.cat\/ceipcesaraugust\/wp-content\/uploads\/usu1489\/2020\/03\/aula-p5.png\" alt=\"\" width=\"1324\" height=\"361\" srcset=\"https:\/\/agora.xtec.cat\/ceipcesaraugust\/wp-content\/uploads\/usu1489\/2020\/03\/aula-p5.png 1324w, https:\/\/agora.xtec.cat\/ceipcesaraugust\/wp-content\/uploads\/usu1489\/2020\/03\/aula-p5-300x82.png 300w, https:\/\/agora.xtec.cat\/ceipcesaraugust\/wp-content\/uploads\/usu1489\/2020\/03\/aula-p5-768x209.png 768w, https:\/\/agora.xtec.cat\/ceipcesaraugust\/wp-content\/uploads\/usu1489\/2020\/03\/aula-p5-1024x279.png 1024w\" sizes=\"auto, (max-width: 1324px) 100vw, 1324px\" \/><\/a><\/td>\n<\/tr>\n<tr>\n<td style=\"width: 260px;\"><a href=\"http:\/\/agora.xtec.cat\/ceipcesaraugust\/aula-virtual\/aula-virtual-1r\/\"><img loading=\"lazy\" decoding=\"async\" class=\"aligncenter size-full wp-image-19671\" src=\"https:\/\/agora.xtec.cat\/ceipcesaraugust\/wp-content\/uploads\/usu1489\/2020\/03\/aula-1r.png\" alt=\"\" width=\"1324\" height=\"361\" srcset=\"https:\/\/agora.xtec.cat\/ceipcesaraugust\/wp-content\/uploads\/usu1489\/2020\/03\/aula-1r.png 1324w, https:\/\/agora.xtec.cat\/ceipcesaraugust\/wp-content\/uploads\/usu1489\/2020\/03\/aula-1r-300x82.png 300w, https:\/\/agora.xtec.cat\/ceipcesaraugust\/wp-content\/uploads\/usu1489\/2020\/03\/aula-1r-768x209.png 768w, https:\/\/agora.xtec.cat\/ceipcesaraugust\/wp-content\/uploads\/usu1489\/2020\/03\/aula-1r-1024x279.png 1024w\" sizes=\"auto, (max-width: 1324px) 100vw, 1324px\" \/><\/a><\/td>\n<td style=\"width: 272px;\"><a href=\"http:\/\/agora.xtec.cat\/ceipcesaraugust\/aula-virtual\/aula-virtual-2n\/\"><img loading=\"lazy\" decoding=\"async\" class=\"aligncenter size-full wp-image-19672\" src=\"https:\/\/agora.xtec.cat\/ceipcesaraugust\/wp-content\/uploads\/usu1489\/2020\/03\/aula-2n.png\" alt=\"\" width=\"1324\" height=\"361\" srcset=\"https:\/\/agora.xtec.cat\/ceipcesaraugust\/wp-content\/uploads\/usu1489\/2020\/03\/aula-2n.png 1324w, https:\/\/agora.xtec.cat\/ceipcesaraugust\/wp-content\/uploads\/usu1489\/2020\/03\/aula-2n-300x82.png 300w, https:\/\/agora.xtec.cat\/ceipcesaraugust\/wp-content\/uploads\/usu1489\/2020\/03\/aula-2n-768x209.png 768w, https:\/\/agora.xtec.cat\/ceipcesaraugust\/wp-content\/uploads\/usu1489\/2020\/03\/aula-2n-1024x279.png 1024w\" sizes=\"auto, (max-width: 1324px) 100vw, 1324px\" \/><\/a><\/td>\n<td style=\"width: 280px;\"><\/td>\n<\/tr>\n<tr>\n<td style=\"width: 260px;\"><a href=\"http:\/\/agora.xtec.cat\/ceipcesaraugust\/aula-virtual\/aula-virtual-3r\/\"><img loading=\"lazy\" decoding=\"async\" class=\"aligncenter size-full wp-image-19673\" src=\"https:\/\/agora.xtec.cat\/ceipcesaraugust\/wp-content\/uploads\/usu1489\/2020\/03\/aula-3r.png\" alt=\"\" width=\"1324\" height=\"361\" srcset=\"https:\/\/agora.xtec.cat\/ceipcesaraugust\/wp-content\/uploads\/usu1489\/2020\/03\/aula-3r.png 1324w, https:\/\/agora.xtec.cat\/ceipcesaraugust\/wp-content\/uploads\/usu1489\/2020\/03\/aula-3r-300x82.png 300w, https:\/\/agora.xtec.cat\/ceipcesaraugust\/wp-content\/uploads\/usu1489\/2020\/03\/aula-3r-768x209.png 768w, https:\/\/agora.xtec.cat\/ceipcesaraugust\/wp-content\/uploads\/usu1489\/2020\/03\/aula-3r-1024x279.png 1024w\" sizes=\"auto, (max-width: 1324px) 100vw, 1324px\" \/><\/a><\/td>\n<td style=\"width: 272px;\"><a href=\"http:\/\/agora.xtec.cat\/ceipcesaraugust\/aula-virtual\/aula-virtual-4t\/\"><img loading=\"lazy\" decoding=\"async\" class=\"aligncenter size-full wp-image-19674\" src=\"https:\/\/agora.xtec.cat\/ceipcesaraugust\/wp-content\/uploads\/usu1489\/2020\/03\/aula-4t.png\" alt=\"\" width=\"1324\" height=\"361\" srcset=\"https:\/\/agora.xtec.cat\/ceipcesaraugust\/wp-content\/uploads\/usu1489\/2020\/03\/aula-4t.png 1324w, https:\/\/agora.xtec.cat\/ceipcesaraugust\/wp-content\/uploads\/usu1489\/2020\/03\/aula-4t-300x82.png 300w, https:\/\/agora.xtec.cat\/ceipcesaraugust\/wp-content\/uploads\/usu1489\/2020\/03\/aula-4t-768x209.png 768w, https:\/\/agora.xtec.cat\/ceipcesaraugust\/wp-content\/uploads\/usu1489\/2020\/03\/aula-4t-1024x279.png 1024w\" sizes=\"auto, (max-width: 1324px) 100vw, 1324px\" \/><\/a><\/td>\n<td style=\"width: 280px;\"><\/td>\n<\/tr>\n<tr>\n<td style=\"width: 260px;\"><a href=\"http:\/\/agora.xtec.cat\/ceipcesaraugust\/aula-virtual\/aula-virtual-5e\/\"><img loading=\"lazy\" decoding=\"async\" class=\"aligncenter size-full wp-image-19675\" src=\"https:\/\/agora.xtec.cat\/ceipcesaraugust\/wp-content\/uploads\/usu1489\/2020\/03\/aula-5e.png\" alt=\"\" width=\"1324\" height=\"361\" srcset=\"https:\/\/agora.xtec.cat\/ceipcesaraugust\/wp-content\/uploads\/usu1489\/2020\/03\/aula-5e.png 1324w, https:\/\/agora.xtec.cat\/ceipcesaraugust\/wp-content\/uploads\/usu1489\/2020\/03\/aula-5e-300x82.png 300w, https:\/\/agora.xtec.cat\/ceipcesaraugust\/wp-content\/uploads\/usu1489\/2020\/03\/aula-5e-768x209.png 768w, https:\/\/agora.xtec.cat\/ceipcesaraugust\/wp-content\/uploads\/usu1489\/2020\/03\/aula-5e-1024x279.png 1024w\" sizes=\"auto, (max-width: 1324px) 100vw, 1324px\" \/><\/a><\/td>\n<td style=\"width: 272px;\"><a href=\"http:\/\/agora.xtec.cat\/ceipcesaraugust\/aula-virtual\/aula-virtual-6e\/\"><img loading=\"lazy\" decoding=\"async\" class=\"aligncenter size-full wp-image-19676\" src=\"https:\/\/agora.xtec.cat\/ceipcesaraugust\/wp-content\/uploads\/usu1489\/2020\/03\/aula-6e.png\" alt=\"\" width=\"1324\" height=\"361\" srcset=\"https:\/\/agora.xtec.cat\/ceipcesaraugust\/wp-content\/uploads\/usu1489\/2020\/03\/aula-6e.png 1324w, https:\/\/agora.xtec.cat\/ceipcesaraugust\/wp-content\/uploads\/usu1489\/2020\/03\/aula-6e-300x82.png 300w, https:\/\/agora.xtec.cat\/ceipcesaraugust\/wp-content\/uploads\/usu1489\/2020\/03\/aula-6e-768x209.png 768w, https:\/\/agora.xtec.cat\/ceipcesaraugust\/wp-content\/uploads\/usu1489\/2020\/03\/aula-6e-1024x279.png 1024w\" sizes=\"auto, (max-width: 1324px) 100vw, 1324px\" \/><\/a><\/td>\n<td style=\"width: 280px;\"><\/td>\n<\/tr>\n<tr>\n<td style=\"width: 260px;\"><a href=\"http:\/\/agora.xtec.cat\/ceipcesaraugust\/aules-virtuals\/altres-recursos\/\"><img loading=\"lazy\" decoding=\"async\" class=\"aligncenter size-full wp-image-19688\" src=\"https:\/\/agora.xtec.cat\/ceipcesaraugust\/wp-content\/uploads\/usu1489\/2020\/03\/altres.png\" alt=\"\" width=\"1324\" height=\"361\" srcset=\"https:\/\/agora.xtec.cat\/ceipcesaraugust\/wp-content\/uploads\/usu1489\/2020\/03\/altres.png 1324w, https:\/\/agora.xtec.cat\/ceipcesaraugust\/wp-content\/uploads\/usu1489\/2020\/03\/altres-300x82.png 300w, https:\/\/agora.xtec.cat\/ceipcesaraugust\/wp-content\/uploads\/usu1489\/2020\/03\/altres-768x209.png 768w, https:\/\/agora.xtec.cat\/ceipcesaraugust\/wp-content\/uploads\/usu1489\/2020\/03\/altres-1024x279.png 1024w\" sizes=\"auto, (max-width: 1324px) 100vw, 1324px\" \/><\/a><\/td>\n<td style=\"width: 272px;\"><\/td>\n<td style=\"width: 280px;\"><\/td>\n<\/tr>\n<\/tbody>\n<\/table>\n<p>Per a m\u00e9s recursos (concerts infantils, espectacles i propostes diverses) podeu consultar i seguir el nostre <strong><a href=\"https:\/\/twitter.com\/ECesarAugust\">usuari de Twitter <\/a><\/strong>on anirem retweetejant tot all\u00f2 que us pugui ser d&#8217;utilitat per aquest dies de confinament.<\/p>\n<p><a class=\"twitter-timeline\" href=\"https:\/\/twitter.com\/ECesarAugust?ref_src=twsrc%5Etfw\">Tweets by ECesarAugust<\/a> <script async src=\"https:\/\/platform.twitter.com\/widgets.js\" charset=\"utf-8\"><\/script>&nbsp;<br \/>\n&nbsp;<\/p>\n","protected":false},"excerpt":{"rendered":"<p>S\u00f3n dies extraordinaris, sabem que teniu ganes de tornar a l&#8217;escola i nosaltres tenim moltes ganes de tornar-vos a veure [&hellip;]<\/p>\n","protected":false},"author":1,"featured_media":0,"parent":0,"menu_order":0,"comment_status":"closed","ping_status":"closed","template":"","meta":{"_bbp_topic_count":0,"_bbp_reply_count":0,"_bbp_total_topic_count":0,"_bbp_total_reply_count":0,"_bbp_voice_count":0,"_bbp_anonymous_reply_count":0,"_bbp_topic_count_hidden":0,"_bbp_reply_count_hidden":0,"_bbp_forum_subforum_count":0,"site-sidebar-layout":"default","site-content-layout":"","ast-site-content-layout":"","site-content-style":"default","site-sidebar-style":"default","ast-global-header-display":"","ast-banner-title-visibility":"","ast-main-header-display":"","ast-hfb-above-header-display":"","ast-hfb-below-header-display":"","ast-hfb-mobile-header-display":"","site-post-title":"","ast-breadcrumbs-content":"","ast-featured-img":"","footer-sml-layout":"","theme-transparent-header-meta":"","adv-header-id-meta":"","stick-header-meta":"","header-above-stick-meta":"","header-main-stick-meta":"","header-below-stick-meta":"","astra-migrate-meta-layouts":"default","ast-page-background-enabled":"default","ast-page-background-meta":{"desktop":{"background-color":"var(--ast-global-color-4)","background-image":"","background-repeat":"repeat","background-position":"center center","background-size":"auto","background-attachment":"scroll","background-type":"","background-media":"","overlay-type":"","overlay-color":"","overlay-opacity":"","overlay-gradient":""},"tablet":{"background-color":"","background-image":"","background-repeat":"repeat","background-position":"center center","background-size":"auto","background-attachment":"scroll","background-type":"","background-media":"","overlay-type":"","overlay-color":"","overlay-opacity":"","overlay-gradient":""},"mobile":{"background-color":"","background-image":"","background-repeat":"repeat","background-position":"center center","background-size":"auto","background-attachment":"scroll","background-type":"","background-media":"","overlay-type":"","overlay-color":"","overlay-opacity":"","overlay-gradient":""}},"ast-content-background-meta":{"desktop":{"background-color":"var(--ast-global-color-5)","background-image":"","background-repeat":"repeat","background-position":"center center","background-size":"auto","background-attachment":"scroll","background-type":"","background-media":"","overlay-type":"","overlay-color":"","overlay-opacity":"","overlay-gradient":""},"tablet":{"background-color":"var(--ast-global-color-5)","background-image":"","background-repeat":"repeat","background-position":"center center","background-size":"auto","background-attachment":"scroll","background-type":"","background-media":"","overlay-type":"","overlay-color":"","overlay-opacity":"","overlay-gradient":""},"mobile":{"background-color":"var(--ast-global-color-5)","background-image":"","background-repeat":"repeat","background-position":"center center","background-size":"auto","background-attachment":"scroll","background-type":"","background-media":"","overlay-type":"","overlay-color":"","overlay-opacity":"","overlay-gradient":""}},"footnotes":""},"class_list":["post-19565","page","type-page","status-publish","hentry"],"post_mailing_queue_ids":[],"_links":{"self":[{"href":"https:\/\/agora.xtec.cat\/ceipcesaraugust\/wp-json\/wp\/v2\/pages\/19565","targetHints":{"allow":["GET"]}}],"collection":[{"href":"https:\/\/agora.xtec.cat\/ceipcesaraugust\/wp-json\/wp\/v2\/pages"}],"about":[{"href":"https:\/\/agora.xtec.cat\/ceipcesaraugust\/wp-json\/wp\/v2\/types\/page"}],"author":[{"embeddable":true,"href":"https:\/\/agora.xtec.cat\/ceipcesaraugust\/wp-json\/wp\/v2\/users\/1"}],"replies":[{"embeddable":true,"href":"https:\/\/agora.xtec.cat\/ceipcesaraugust\/wp-json\/wp\/v2\/comments?post=19565"}],"version-history":[{"count":4,"href":"https:\/\/agora.xtec.cat\/ceipcesaraugust\/wp-json\/wp\/v2\/pages\/19565\/revisions"}],"predecessor-version":[{"id":19850,"href":"https:\/\/agora.xtec.cat\/ceipcesaraugust\/wp-json\/wp\/v2\/pages\/19565\/revisions\/19850"}],"wp:attachment":[{"href":"https:\/\/agora.xtec.cat\/ceipcesaraugust\/wp-json\/wp\/v2\/media?parent=19565"}],"curies":[{"name":"wp","href":"https:\/\/api.w.org\/{rel}","templated":true}]}}