{"id":10548,"date":"2019-11-21T11:16:54","date_gmt":"2019-11-21T10:16:54","guid":{"rendered":"http:\/\/agora.xtec.cat\/ceipcesaraugust\/?page_id=10548"},"modified":"2025-09-02T09:21:21","modified_gmt":"2025-09-02T07:21:21","slug":"afa","status":"publish","type":"page","link":"https:\/\/agora.xtec.cat\/ceipcesaraugust\/afa\/","title":{"rendered":"AFA"},"content":{"rendered":"<p>Benvolgudes fam\u00edlies,<\/p>\n<p>Aquesta secci\u00f3 us permetr\u00e0 obtenir tota mena d&#8217;informaci\u00f3 sobre les activitats i serveis que gestiona i promou l&#8217;Associaci\u00f3 de Fam\u00edlies dels\/les Alumnes de l&#8217;Escola C\u00e8sar August de Tarragona (AFA).<\/p>\n<p>Des de l&#8217;AFA es poden dur a terme projectes, fer realitat idees que semblen ut\u00f2piques. Nom\u00e9s cal fer-se&#8217;n membre i participar activament en qualsevol de les comissions que existeixen. Tothom pot tenir el seu espai. Us hi convidem!<\/p>\n<p><strong>Com podeu contactar amb l&#8217;AFA: \u00a0<\/strong><\/p>\n<p>L&#8217;horari d&#8217;atenci\u00f3 al p\u00fablic de la secretaria-administraci\u00f3 \u00e9s de:<\/p>\n<ul>\n<li>Dilluns a divendres, de 9:15 h. a 10:30 h.<\/li>\n<li>Dilluns i dijous a la tarda, de 16:45 h. a 17:30 h.<\/li>\n<li>Per gestions relacionades amb el menjador o aspectes generals\n<ul>\n<li>Via Tel\u00e8fon al 610 698 494 us atendr\u00e0 Miquel.<\/li>\n<li>Dinantia: heu d&#8217;escriure a destinatari AFA.<\/li>\n<li>Via correu per temes generals: afa@escolacesaraugust.cat<\/li>\n<li>Per q\u00fcestions de menjador: menjador@escolacesaraugust.cat<\/li>\n<\/ul>\n<\/li>\n<li>Per gestions relacionades amb les activitats extraescolars\n<ul>\n<li>Via correu a extraescolars@escolacesaraugust.cat us atendr\u00e0 Marc.<\/li>\n<\/ul>\n<\/li>\n<\/ul>\n<p><strong>Que gestiona l\u2019AFA:<\/strong><\/p>\n<ul>\n<li>El servei de menjador<\/li>\n<li>L\u2019acollida matinal<\/li>\n<li>Activitats extraescolars<\/li>\n<li>Col\u00f2nies i casals d\u2019estiu<\/li>\n<li>Esdeveniments (Castanyada, Diada esportiva, Sopar germanor, Cros C\u00e8sar August, Festa Carnaval, Nadal, Sopar Estels, col\u00b7laboraci\u00f3 amb La Marat\u00f3 de TV3, col\u00b7laboraci\u00f3 xocolatada solidaria&#8230;)<\/li>\n<li>Donar suport a l\u2019escola en tot all\u00f2 que la comunitat educativa creu oport\u00fa<\/li>\n<\/ul>\n<ul>\n<li><a href=\"https:\/\/drive.google.com\/file\/d\/1yhhrJa6wVZkHBJqWAvGj1AMLi6qAQx2X\/view?usp=drive_link\" target=\"_blank\" rel=\"noopener\">Estatuts de l\u2019Associaci\u00f3 de Pares i Mares de l\u2019Escola C\u00e8sar August<\/a><\/li>\n<\/ul>\n<p>Formularis per poder-vos inscriure als diferents serveis que oferim:<br \/>\nUs recordem que per fer \u00fas de les activitats extraescolars, casals i col\u00f2nies \u00e9s necessari ser soci de l&#8217;AFA<\/p>\n<ul>\n<li><a href=\"https:\/\/forms.gle\/WM2NGvjtWMYABddj7\" target=\"_blank\" rel=\"noopener\">Formulari d\u2019inscripci\u00f3 AFA 2025-2026<\/a><\/li>\n<li><a href=\"https:\/\/forms.gle\/qPevFQB4pwmm27Bw8\" target=\"_blank\" rel=\"noopener\">Formulari d&#8217;inscripci\u00f3 servei acollida 2025-2026<\/a><\/li>\n<li><a href=\"https:\/\/forms.gle\/Dxa3EsHU4y6autvt8\" target=\"_blank\" rel=\"noopener\">Formulari d&#8217;inscripci\u00f3 menjador 2025-2026<\/a><\/li>\n<li><a href=\"https:\/\/forms.gle\/xoprU39qtzRbWaBi8\" target=\"_blank\" rel=\"noopener\">Formulari d&#8217;inscripci\u00f3 extraescolars (infantil i prim\u00e0ria) 2025-2026<\/a><\/li>\n<\/ul>\n<p><a href=\"https:\/\/agora.xtec.cat\/ceipcesaraugust\/wp-content\/uploads\/usu1489\/2024\/11\/Infografia-AFA.png\"><img loading=\"lazy\" decoding=\"async\" class=\"size-large wp-image-24255 aligncenter\" src=\"https:\/\/agora.xtec.cat\/ceipcesaraugust\/wp-content\/uploads\/usu1489\/2024\/11\/Infografia-AFA-410x1024.png\" alt=\"\" width=\"410\" height=\"1024\" srcset=\"https:\/\/agora.xtec.cat\/ceipcesaraugust\/wp-content\/uploads\/usu1489\/2024\/11\/Infografia-AFA-410x1024.png 410w, https:\/\/agora.xtec.cat\/ceipcesaraugust\/wp-content\/uploads\/usu1489\/2024\/11\/Infografia-AFA-120x300.png 120w, https:\/\/agora.xtec.cat\/ceipcesaraugust\/wp-content\/uploads\/usu1489\/2024\/11\/Infografia-AFA-768x1920.png 768w, https:\/\/agora.xtec.cat\/ceipcesaraugust\/wp-content\/uploads\/usu1489\/2024\/11\/Infografia-AFA.png 800w\" sizes=\"auto, (max-width: 410px) 100vw, 410px\" \/><\/a><\/p>\n","protected":false},"excerpt":{"rendered":"<p>Benvolgudes fam\u00edlies, Aquesta secci\u00f3 us permetr\u00e0 obtenir tota mena d&#8217;informaci\u00f3 sobre les activitats i serveis que gestiona i promou l&#8217;Associaci\u00f3 [&hellip;]<\/p>\n","protected":false},"author":1,"featured_media":0,"parent":0,"menu_order":0,"comment_status":"closed","ping_status":"closed","template":"","meta":{"_bbp_topic_count":0,"_bbp_reply_count":0,"_bbp_total_topic_count":0,"_bbp_total_reply_count":0,"_bbp_voice_count":0,"_bbp_anonymous_reply_count":0,"_bbp_topic_count_hidden":0,"_bbp_reply_count_hidden":0,"_bbp_forum_subforum_count":0,"site-sidebar-layout":"default","site-content-layout":"","ast-site-content-layout":"default","site-content-style":"default","site-sidebar-style":"default","ast-global-header-display":"","ast-banner-title-visibility":"","ast-main-header-display":"","ast-hfb-above-header-display":"","ast-hfb-below-header-display":"","ast-hfb-mobile-header-display":"","site-post-title":"","ast-breadcrumbs-content":"","ast-featured-img":"","footer-sml-layout":"","theme-transparent-header-meta":"","adv-header-id-meta":"","stick-header-meta":"","header-above-stick-meta":"","header-main-stick-meta":"","header-below-stick-meta":"","astra-migrate-meta-layouts":"set","ast-page-background-enabled":"default","ast-page-background-meta":{"desktop":{"background-color":"var(--ast-global-color-4)","background-image":"","background-repeat":"repeat","background-position":"center center","background-size":"auto","background-attachment":"scroll","background-type":"","background-media":"","overlay-type":"","overlay-color":"","overlay-opacity":"","overlay-gradient":""},"tablet":{"background-color":"","background-image":"","background-repeat":"repeat","background-position":"center center","background-size":"auto","background-attachment":"scroll","background-type":"","background-media":"","overlay-type":"","overlay-color":"","overlay-opacity":"","overlay-gradient":""},"mobile":{"background-color":"","background-image":"","background-repeat":"repeat","background-position":"center center","background-size":"auto","background-attachment":"scroll","background-type":"","background-media":"","overlay-type":"","overlay-color":"","overlay-opacity":"","overlay-gradient":""}},"ast-content-background-meta":{"desktop":{"background-color":"var(--ast-global-color-5)","background-image":"","background-repeat":"repeat","background-position":"center center","background-size":"auto","background-attachment":"scroll","background-type":"","background-media":"","overlay-type":"","overlay-color":"","overlay-opacity":"","overlay-gradient":""},"tablet":{"background-color":"var(--ast-global-color-5)","background-image":"","background-repeat":"repeat","background-position":"center center","background-size":"auto","background-attachment":"scroll","background-type":"","background-media":"","overlay-type":"","overlay-color":"","overlay-opacity":"","overlay-gradient":""},"mobile":{"background-color":"var(--ast-global-color-5)","background-image":"","background-repeat":"repeat","background-position":"center center","background-size":"auto","background-attachment":"scroll","background-type":"","background-media":"","overlay-type":"","overlay-color":"","overlay-opacity":"","overlay-gradient":""}},"footnotes":""},"class_list":["post-10548","page","type-page","status-publish","hentry"],"post_mailing_queue_ids":[],"_links":{"self":[{"href":"https:\/\/agora.xtec.cat\/ceipcesaraugust\/wp-json\/wp\/v2\/pages\/10548","targetHints":{"allow":["GET"]}}],"collection":[{"href":"https:\/\/agora.xtec.cat\/ceipcesaraugust\/wp-json\/wp\/v2\/pages"}],"about":[{"href":"https:\/\/agora.xtec.cat\/ceipcesaraugust\/wp-json\/wp\/v2\/types\/page"}],"author":[{"embeddable":true,"href":"https:\/\/agora.xtec.cat\/ceipcesaraugust\/wp-json\/wp\/v2\/users\/1"}],"replies":[{"embeddable":true,"href":"https:\/\/agora.xtec.cat\/ceipcesaraugust\/wp-json\/wp\/v2\/comments?post=10548"}],"version-history":[{"count":6,"href":"https:\/\/agora.xtec.cat\/ceipcesaraugust\/wp-json\/wp\/v2\/pages\/10548\/revisions"}],"predecessor-version":[{"id":24807,"href":"https:\/\/agora.xtec.cat\/ceipcesaraugust\/wp-json\/wp\/v2\/pages\/10548\/revisions\/24807"}],"wp:attachment":[{"href":"https:\/\/agora.xtec.cat\/ceipcesaraugust\/wp-json\/wp\/v2\/media?parent=10548"}],"curies":[{"name":"wp","href":"https:\/\/api.w.org\/{rel}","templated":true}]}}