{"id":30,"date":"2014-09-18T12:30:23","date_gmt":"2014-09-18T11:30:23","guid":{"rendered":"http:\/\/agora.xtec.cat\/ceipcervolablanca\/?page_id=30"},"modified":"2024-03-14T16:10:14","modified_gmt":"2024-03-14T15:10:14","slug":"instal%c2%b7lacions","status":"publish","type":"page","link":"https:\/\/agora.xtec.cat\/ceipcervolablanca\/lescola\/instal%c2%b7lacions\/","title":{"rendered":"Instal\u00b7lacions"},"content":{"rendered":"<p>La nostra escola es distribueix en diferents espais:<\/p>\n<ul>\n<li><strong>Edifici de dalt:<\/strong> al pis superior hi ha les aules de la Comunitat de Mitjans (P1, P2 i P3).\u00a0A la planta baixa d&#8217;aquest edifici, hi ha el gimn\u00e0s, el menjador i l&#8217;espai d&#8217;acollida i l&#8217;aula de m\u00fasica i dansa.<\/li>\n<li><strong>Edifici de baix:<\/strong> en aquest edifici hi ha les aules de la Comunitat de Grans (P4, P5 i P6) i tamb\u00e9 el despatx de secretaria i direcci\u00f3.\u00a0A la planta de baix, hi ha les aules de <strong>Petits, <\/strong>que s\u00f3n a peu de pati.<\/li>\n<li>Tenim una gran <strong>zona exterior<\/strong> amb diferents espais on poden jugar els alumnes i una petita reserva per treballar l&#8217;ecosistema de la bassa. Per \u00faltim, tamb\u00e9 tenim un m\u00f2dul provisional amb l&#8217;aula d&#8217;angl\u00e8s i la sala de mestres.<\/li>\n<\/ul>\n<p>Al costat de les instal\u00b7lacions de l&#8217;escola tenim tamb\u00e9 la pista esportiva i el camp de futbol, dels quals fem \u00fas gaireb\u00e9 a diari al llarg de tot el curs.<\/p>\n<p>Tot plegat en un entorn envejable!<\/p>\n<p>&nbsp;<\/p>\n<div style=\"width: 1920px;\" class=\"wp-video\"><!--[if lt IE 9]><script>document.createElement('video');<\/script><![endif]-->\n<video class=\"wp-video-shortcode\" id=\"video-30-1\" width=\"1920\" height=\"1080\" preload=\"metadata\" controls=\"controls\"><source type=\"video\/mp4\" src=\"https:\/\/agora.xtec.cat\/ceipcervolablanca\/wp-content\/uploads\/usu1608\/2024\/03\/Els-espais-de-la-Cervola-Blanca-1.mp4?_=1\" \/><a href=\"https:\/\/agora.xtec.cat\/ceipcervolablanca\/wp-content\/uploads\/usu1608\/2024\/03\/Els-espais-de-la-Cervola-Blanca-1.mp4\">https:\/\/agora.xtec.cat\/ceipcervolablanca\/wp-content\/uploads\/usu1608\/2024\/03\/Els-espais-de-la-Cervola-Blanca-1.mp4<\/a><\/video><\/div>\n<p>&nbsp;<\/p>\n<p>&nbsp;<\/p>\n","protected":false},"excerpt":{"rendered":"<p>La nostra escola es distribueix en diferents espais: Edifici de dalt: al pis superior hi ha les aules de la Comunitat de Mitjans (P1, P2 i P3).\u00a0A la planta baixa d&#8217;aquest edifici, hi ha el gimn\u00e0s, el menjador i l&#8217;espai d&#8217;acollida i l&#8217;aula de m\u00fasica i dansa. Edifici de baix: en aquest edifici hi ha [&hellip;]<\/p>\n","protected":false},"author":1,"featured_media":0,"parent":22,"menu_order":50,"comment_status":"closed","ping_status":"closed","template":"page-templates\/side-menu.php","meta":{"_bbp_topic_count":0,"_bbp_reply_count":0,"_bbp_total_topic_count":0,"_bbp_total_reply_count":0,"_bbp_voice_count":0,"_bbp_anonymous_reply_count":0,"_bbp_topic_count_hidden":0,"_bbp_reply_count_hidden":0,"_bbp_forum_subforum_count":0,"site-sidebar-layout":"default","site-content-layout":"","ast-site-content-layout":"","site-content-style":"default","site-sidebar-style":"default","ast-global-header-display":"","ast-banner-title-visibility":"","ast-main-header-display":"","ast-hfb-above-header-display":"","ast-hfb-below-header-display":"","ast-hfb-mobile-header-display":"","site-post-title":"","ast-breadcrumbs-content":"","ast-featured-img":"","footer-sml-layout":"","theme-transparent-header-meta":"","adv-header-id-meta":"","stick-header-meta":"","header-above-stick-meta":"","header-main-stick-meta":"","header-below-stick-meta":"","astra-migrate-meta-layouts":"default","ast-page-background-enabled":"default","ast-page-background-meta":{"desktop":{"background-color":"var(--ast-global-color-4)","background-image":"","background-repeat":"repeat","background-position":"center center","background-size":"auto","background-attachment":"scroll","background-type":"","background-media":"","overlay-type":"","overlay-color":"","overlay-opacity":"","overlay-gradient":""},"tablet":{"background-color":"","background-image":"","background-repeat":"repeat","background-position":"center center","background-size":"auto","background-attachment":"scroll","background-type":"","background-media":"","overlay-type":"","overlay-color":"","overlay-opacity":"","overlay-gradient":""},"mobile":{"background-color":"","background-image":"","background-repeat":"repeat","background-position":"center center","background-size":"auto","background-attachment":"scroll","background-type":"","background-media":"","overlay-type":"","overlay-color":"","overlay-opacity":"","overlay-gradient":""}},"ast-content-background-meta":{"desktop":{"background-color":"var(--ast-global-color-5)","background-image":"","background-repeat":"repeat","background-position":"center center","background-size":"auto","background-attachment":"scroll","background-type":"","background-media":"","overlay-type":"","overlay-color":"","overlay-opacity":"","overlay-gradient":""},"tablet":{"background-color":"var(--ast-global-color-5)","background-image":"","background-repeat":"repeat","background-position":"center center","background-size":"auto","background-attachment":"scroll","background-type":"","background-media":"","overlay-type":"","overlay-color":"","overlay-opacity":"","overlay-gradient":""},"mobile":{"background-color":"var(--ast-global-color-5)","background-image":"","background-repeat":"repeat","background-position":"center center","background-size":"auto","background-attachment":"scroll","background-type":"","background-media":"","overlay-type":"","overlay-color":"","overlay-opacity":"","overlay-gradient":""}},"footnotes":""},"class_list":["post-30","page","type-page","status-publish","hentry"],"post_mailing_queue_ids":[],"_links":{"self":[{"href":"https:\/\/agora.xtec.cat\/ceipcervolablanca\/wp-json\/wp\/v2\/pages\/30","targetHints":{"allow":["GET"]}}],"collection":[{"href":"https:\/\/agora.xtec.cat\/ceipcervolablanca\/wp-json\/wp\/v2\/pages"}],"about":[{"href":"https:\/\/agora.xtec.cat\/ceipcervolablanca\/wp-json\/wp\/v2\/types\/page"}],"author":[{"embeddable":true,"href":"https:\/\/agora.xtec.cat\/ceipcervolablanca\/wp-json\/wp\/v2\/users\/1"}],"replies":[{"embeddable":true,"href":"https:\/\/agora.xtec.cat\/ceipcervolablanca\/wp-json\/wp\/v2\/comments?post=30"}],"version-history":[{"count":8,"href":"https:\/\/agora.xtec.cat\/ceipcervolablanca\/wp-json\/wp\/v2\/pages\/30\/revisions"}],"predecessor-version":[{"id":2607,"href":"https:\/\/agora.xtec.cat\/ceipcervolablanca\/wp-json\/wp\/v2\/pages\/30\/revisions\/2607"}],"up":[{"embeddable":true,"href":"https:\/\/agora.xtec.cat\/ceipcervolablanca\/wp-json\/wp\/v2\/pages\/22"}],"wp:attachment":[{"href":"https:\/\/agora.xtec.cat\/ceipcervolablanca\/wp-json\/wp\/v2\/media?parent=30"}],"curies":[{"name":"wp","href":"https:\/\/api.w.org\/{rel}","templated":true}]}}