{"id":2621,"date":"2024-03-18T19:14:36","date_gmt":"2024-03-18T18:14:36","guid":{"rendered":"https:\/\/agora.xtec.cat\/ceipcervolablanca\/?page_id=2621"},"modified":"2026-02-04T16:12:08","modified_gmt":"2026-02-04T15:12:08","slug":"documents-de-centre","status":"publish","type":"page","link":"https:\/\/agora.xtec.cat\/ceipcervolablanca\/lescola\/documents-de-centre\/","title":{"rendered":"Documents de centre"},"content":{"rendered":"<table style=\"width: 100.362%; border-collapse: collapse; height: 502px;\" border=\"10\">\n<tbody>\n<tr style=\"height: 48px;\">\n<td style=\"width: 20%; text-align: center; height: 48px;\"><a href=\"https:\/\/flipbookpdf.net\/web\/site\/1b866ae0c6661c244d9b892a33c1903927ea8f69202509.pdf.html\">25-26 Llibret Verd<\/a><\/td>\n<td style=\"width: 20%; text-align: center; height: 48px;\"><a href=\"https:\/\/drive.google.com\/file\/d\/1_Y1Jj28B87vlo87pag_0JE7Q_P0eTA03\/view?usp=drive_link\">PEC Projecte Educatiu de Centre<\/a><\/td>\n<td style=\"width: 20%; text-align: center; height: 48px;\"><a href=\"https:\/\/drive.google.com\/file\/d\/1t_mCCeOV24Px0e91MUIc4T5eR_kNd5Ns\/view?usp=drive_link\">Projecte Ling\u00fc\u00edstic de Centre<\/a><\/td>\n<td style=\"width: 20%; text-align: center; height: 48px;\"><a href=\"https:\/\/drive.google.com\/file\/d\/1DtqY5FrHet2rLvVxglm14QWZfzeX_bX8\/view?usp=drive_link\">Projecte de Conviv\u00e8ncia<\/a><\/td>\n<td style=\"width: 20%; text-align: center; height: 48px;\"><a href=\"https:\/\/drive.google.com\/file\/d\/19Zo_5tLwMkbFNQObAipjTCD9emB0s8U_\/view?usp=drive_link\">Normes d&#8217;Organitzaci\u00f3 i Funcionament de Centre (en revisi\u00f3)<\/a><\/td>\n<\/tr>\n<tr style=\"height: 384px;\">\n<td style=\"width: 20%; height: 384px;\"><a href=\"https:\/\/agora.xtec.cat\/ceipcervolablanca\/wp-content\/uploads\/usu1608\/2025\/09\/25-26-Llibret-verd-01-1.jpg\"><img loading=\"lazy\" decoding=\"async\" class=\"alignnone size-large wp-image-2948\" src=\"https:\/\/agora.xtec.cat\/ceipcervolablanca\/wp-content\/uploads\/usu1608\/2025\/09\/25-26-Llibret-verd-01-1-724x1024.jpg\" alt=\"\" width=\"724\" height=\"1024\" srcset=\"https:\/\/agora.xtec.cat\/ceipcervolablanca\/wp-content\/uploads\/usu1608\/2025\/09\/25-26-Llibret-verd-01-1-724x1024.jpg 724w, https:\/\/agora.xtec.cat\/ceipcervolablanca\/wp-content\/uploads\/usu1608\/2025\/09\/25-26-Llibret-verd-01-1-212x300.jpg 212w, https:\/\/agora.xtec.cat\/ceipcervolablanca\/wp-content\/uploads\/usu1608\/2025\/09\/25-26-Llibret-verd-01-1-768x1086.jpg 768w, https:\/\/agora.xtec.cat\/ceipcervolablanca\/wp-content\/uploads\/usu1608\/2025\/09\/25-26-Llibret-verd-01-1-1086x1536.jpg 1086w, https:\/\/agora.xtec.cat\/ceipcervolablanca\/wp-content\/uploads\/usu1608\/2025\/09\/25-26-Llibret-verd-01-1.jpg 1240w\" sizes=\"auto, (max-width: 724px) 100vw, 724px\" \/><\/a><\/td>\n<td style=\"width: 20%; height: 384px;\"><a href=\"https:\/\/drive.google.com\/file\/d\/1_Y1Jj28B87vlo87pag_0JE7Q_P0eTA03\/view?usp=drive_link\"><img loading=\"lazy\" decoding=\"async\" class=\"size-medium wp-image-2939\" src=\"https:\/\/agora.xtec.cat\/ceipcervolablanca\/wp-content\/uploads\/usu1608\/2025\/07\/24-25-PEC-DEFINITIU-imatge-portada-per-web-212x300.jpg\" alt=\"\" width=\"212\" height=\"300\" srcset=\"https:\/\/agora.xtec.cat\/ceipcervolablanca\/wp-content\/uploads\/usu1608\/2025\/07\/24-25-PEC-DEFINITIU-imatge-portada-per-web-212x300.jpg 212w, https:\/\/agora.xtec.cat\/ceipcervolablanca\/wp-content\/uploads\/usu1608\/2025\/07\/24-25-PEC-DEFINITIU-imatge-portada-per-web-725x1024.jpg 725w, https:\/\/agora.xtec.cat\/ceipcervolablanca\/wp-content\/uploads\/usu1608\/2025\/07\/24-25-PEC-DEFINITIU-imatge-portada-per-web-768x1085.jpg 768w, https:\/\/agora.xtec.cat\/ceipcervolablanca\/wp-content\/uploads\/usu1608\/2025\/07\/24-25-PEC-DEFINITIU-imatge-portada-per-web-1087x1536.jpg 1087w, https:\/\/agora.xtec.cat\/ceipcervolablanca\/wp-content\/uploads\/usu1608\/2025\/07\/24-25-PEC-DEFINITIU-imatge-portada-per-web.jpg 1241w\" sizes=\"auto, (max-width: 212px) 100vw, 212px\" \/><\/a><\/td>\n<td style=\"width: 20%; height: 384px;\"><a href=\"https:\/\/drive.google.com\/file\/d\/1t_mCCeOV24Px0e91MUIc4T5eR_kNd5Ns\/view?usp=drive_link\"><img loading=\"lazy\" decoding=\"async\" class=\"size-medium wp-image-2628 aligncenter\" src=\"https:\/\/agora.xtec.cat\/ceipcervolablanca\/wp-content\/uploads\/usu1608\/2024\/03\/Projecte-Linguistic-wCB-2010_page-0001-212x300.jpg\" alt=\"\" width=\"212\" height=\"300\" srcset=\"https:\/\/agora.xtec.cat\/ceipcervolablanca\/wp-content\/uploads\/usu1608\/2024\/03\/Projecte-Linguistic-wCB-2010_page-0001-212x300.jpg 212w, https:\/\/agora.xtec.cat\/ceipcervolablanca\/wp-content\/uploads\/usu1608\/2024\/03\/Projecte-Linguistic-wCB-2010_page-0001-724x1024.jpg 724w, https:\/\/agora.xtec.cat\/ceipcervolablanca\/wp-content\/uploads\/usu1608\/2024\/03\/Projecte-Linguistic-wCB-2010_page-0001-768x1086.jpg 768w, https:\/\/agora.xtec.cat\/ceipcervolablanca\/wp-content\/uploads\/usu1608\/2024\/03\/Projecte-Linguistic-wCB-2010_page-0001-1086x1536.jpg 1086w, https:\/\/agora.xtec.cat\/ceipcervolablanca\/wp-content\/uploads\/usu1608\/2024\/03\/Projecte-Linguistic-wCB-2010_page-0001.jpg 1241w\" sizes=\"auto, (max-width: 212px) 100vw, 212px\" \/><\/a><\/td>\n<td style=\"width: 20%; height: 384px;\"><a href=\"https:\/\/drive.google.com\/file\/d\/1DtqY5FrHet2rLvVxglm14QWZfzeX_bX8\/view?usp=drive_link\"><img loading=\"lazy\" decoding=\"async\" class=\"size-medium wp-image-2629 alignnone\" src=\"https:\/\/agora.xtec.cat\/ceipcervolablanca\/wp-content\/uploads\/usu1608\/2024\/03\/pla-CONVIVENCIA-aprovat-gener20w_page-0001-300x212.jpg\" alt=\"\" width=\"300\" height=\"212\" srcset=\"https:\/\/agora.xtec.cat\/ceipcervolablanca\/wp-content\/uploads\/usu1608\/2024\/03\/pla-CONVIVENCIA-aprovat-gener20w_page-0001-300x212.jpg 300w, https:\/\/agora.xtec.cat\/ceipcervolablanca\/wp-content\/uploads\/usu1608\/2024\/03\/pla-CONVIVENCIA-aprovat-gener20w_page-0001-1024x724.jpg 1024w, https:\/\/agora.xtec.cat\/ceipcervolablanca\/wp-content\/uploads\/usu1608\/2024\/03\/pla-CONVIVENCIA-aprovat-gener20w_page-0001-768x543.jpg 768w, https:\/\/agora.xtec.cat\/ceipcervolablanca\/wp-content\/uploads\/usu1608\/2024\/03\/pla-CONVIVENCIA-aprovat-gener20w_page-0001-1536x1086.jpg 1536w, https:\/\/agora.xtec.cat\/ceipcervolablanca\/wp-content\/uploads\/usu1608\/2024\/03\/pla-CONVIVENCIA-aprovat-gener20w_page-0001.jpg 1755w\" sizes=\"auto, (max-width: 300px) 100vw, 300px\" \/><\/a><\/td>\n<td style=\"width: 20%; height: 384px;\"><a href=\"https:\/\/drive.google.com\/file\/d\/19Zo_5tLwMkbFNQObAipjTCD9emB0s8U_\/view?usp=drive_link\"><img loading=\"lazy\" decoding=\"async\" class=\"size-medium wp-image-2630 alignright\" src=\"https:\/\/agora.xtec.cat\/ceipcervolablanca\/wp-content\/uploads\/usu1608\/2024\/03\/NOFC-CB-actualitzacio-2018-w-2_page-0001-212x300.jpg\" alt=\"\" width=\"212\" height=\"300\" srcset=\"https:\/\/agora.xtec.cat\/ceipcervolablanca\/wp-content\/uploads\/usu1608\/2024\/03\/NOFC-CB-actualitzacio-2018-w-2_page-0001-212x300.jpg 212w, https:\/\/agora.xtec.cat\/ceipcervolablanca\/wp-content\/uploads\/usu1608\/2024\/03\/NOFC-CB-actualitzacio-2018-w-2_page-0001-724x1024.jpg 724w, https:\/\/agora.xtec.cat\/ceipcervolablanca\/wp-content\/uploads\/usu1608\/2024\/03\/NOFC-CB-actualitzacio-2018-w-2_page-0001-768x1086.jpg 768w, https:\/\/agora.xtec.cat\/ceipcervolablanca\/wp-content\/uploads\/usu1608\/2024\/03\/NOFC-CB-actualitzacio-2018-w-2_page-0001-1086x1536.jpg 1086w, https:\/\/agora.xtec.cat\/ceipcervolablanca\/wp-content\/uploads\/usu1608\/2024\/03\/NOFC-CB-actualitzacio-2018-w-2_page-0001.jpg 1241w\" sizes=\"auto, (max-width: 212px) 100vw, 212px\" \/><\/a><\/td>\n<\/tr>\n<tr style=\"height: 32px;\">\n<td style=\"width: 20%; text-align: center; height: 32px;\">Aportaci\u00f3 fam\u00edlies<\/td>\n<td style=\"width: 20%; text-align: center; height: 32px;\">Gesti\u00f3 econ\u00f2mica<\/td>\n<td style=\"width: 20%; height: 32px; text-align: center;\">Actes Consell Escolar<\/td>\n<td style=\"width: 20%; height: 32px;\"><\/td>\n<td style=\"width: 20%; height: 32px;\"><\/td>\n<\/tr>\n<tr style=\"height: 44px;\">\n<td style=\"width: 20%; text-align: center; height: 44px;\"><a href=\"https:\/\/agora.xtec.cat\/ceipcervolablanca\/wp-content\/uploads\/usu1608\/2025\/09\/25-26-Circular-aportacio-families-1_page-0001.jpg\"><img loading=\"lazy\" decoding=\"async\" class=\"alignnone size-large wp-image-2975\" src=\"https:\/\/agora.xtec.cat\/ceipcervolablanca\/wp-content\/uploads\/usu1608\/2025\/09\/25-26-Circular-aportacio-families-1_page-0001-725x1024.jpg\" alt=\"\" width=\"725\" height=\"1024\" srcset=\"https:\/\/agora.xtec.cat\/ceipcervolablanca\/wp-content\/uploads\/usu1608\/2025\/09\/25-26-Circular-aportacio-families-1_page-0001-725x1024.jpg 725w, https:\/\/agora.xtec.cat\/ceipcervolablanca\/wp-content\/uploads\/usu1608\/2025\/09\/25-26-Circular-aportacio-families-1_page-0001-212x300.jpg 212w, https:\/\/agora.xtec.cat\/ceipcervolablanca\/wp-content\/uploads\/usu1608\/2025\/09\/25-26-Circular-aportacio-families-1_page-0001-768x1085.jpg 768w, https:\/\/agora.xtec.cat\/ceipcervolablanca\/wp-content\/uploads\/usu1608\/2025\/09\/25-26-Circular-aportacio-families-1_page-0001-1087x1536.jpg 1087w, https:\/\/agora.xtec.cat\/ceipcervolablanca\/wp-content\/uploads\/usu1608\/2025\/09\/25-26-Circular-aportacio-families-1_page-0001.jpg 1242w\" sizes=\"auto, (max-width: 725px) 100vw, 725px\" \/><\/a><\/td>\n<td style=\"width: 20%; height: 44px; text-align: center;\"><a href=\"https:\/\/agora.xtec.cat\/ceipcervolablanca\/wp-content\/uploads\/usu1608\/2026\/02\/Liquidacio-exercici-economic-2025.jpg\"><img loading=\"lazy\" decoding=\"async\" class=\"alignnone size-large wp-image-3265\" src=\"https:\/\/agora.xtec.cat\/ceipcervolablanca\/wp-content\/uploads\/usu1608\/2026\/02\/Liquidacio-exercici-economic-2025-1024x724.jpg\" alt=\"\" width=\"1024\" height=\"724\" srcset=\"https:\/\/agora.xtec.cat\/ceipcervolablanca\/wp-content\/uploads\/usu1608\/2026\/02\/Liquidacio-exercici-economic-2025-1024x724.jpg 1024w, https:\/\/agora.xtec.cat\/ceipcervolablanca\/wp-content\/uploads\/usu1608\/2026\/02\/Liquidacio-exercici-economic-2025-300x212.jpg 300w, https:\/\/agora.xtec.cat\/ceipcervolablanca\/wp-content\/uploads\/usu1608\/2026\/02\/Liquidacio-exercici-economic-2025-768x543.jpg 768w, https:\/\/agora.xtec.cat\/ceipcervolablanca\/wp-content\/uploads\/usu1608\/2026\/02\/Liquidacio-exercici-economic-2025-1536x1085.jpg 1536w, https:\/\/agora.xtec.cat\/ceipcervolablanca\/wp-content\/uploads\/usu1608\/2026\/02\/Liquidacio-exercici-economic-2025.jpg 1755w\" sizes=\"auto, (max-width: 1024px) 100vw, 1024px\" \/><\/a><\/td>\n<td style=\"width: 20%; height: 44px; text-align: center;\"><a href=\"https:\/\/agora.xtec.cat\/ceipcervolablanca\/wp-content\/uploads\/usu1608\/2026\/02\/25-26-Acta-C.E.-02.pdf\">25-26 Acta C.E. 02<\/a><\/td>\n<td style=\"width: 20%; height: 44px;\"><\/td>\n<td style=\"width: 20%; height: 44px;\"><\/td>\n<\/tr>\n<\/tbody>\n<\/table>\n<p>Si voleu aprofundir en el centre, podeu revisar els documents que ens defineixen.<\/p>\n","protected":false},"excerpt":{"rendered":"<p>25-26 Llibret Verd PEC Projecte Educatiu de Centre Projecte Ling\u00fc\u00edstic de Centre Projecte de Conviv\u00e8ncia Normes d&#8217;Organitzaci\u00f3 i Funcionament de Centre (en revisi\u00f3) Aportaci\u00f3 fam\u00edlies Gesti\u00f3 econ\u00f2mica Actes Consell Escolar 25-26 Acta C.E. 02 Si voleu aprofundir en el centre, podeu revisar els documents que ens defineixen.<\/p>\n","protected":false},"author":1,"featured_media":0,"parent":22,"menu_order":70,"comment_status":"closed","ping_status":"closed","template":"","meta":{"_bbp_topic_count":0,"_bbp_reply_count":0,"_bbp_total_topic_count":0,"_bbp_total_reply_count":0,"_bbp_voice_count":0,"_bbp_anonymous_reply_count":0,"_bbp_topic_count_hidden":0,"_bbp_reply_count_hidden":0,"_bbp_forum_subforum_count":0,"site-sidebar-layout":"no-sidebar","site-content-layout":"","ast-site-content-layout":"default","site-content-style":"default","site-sidebar-style":"default","ast-global-header-display":"","ast-banner-title-visibility":"","ast-main-header-display":"","ast-hfb-above-header-display":"","ast-hfb-below-header-display":"","ast-hfb-mobile-header-display":"","site-post-title":"","ast-breadcrumbs-content":"","ast-featured-img":"","footer-sml-layout":"","theme-transparent-header-meta":"","adv-header-id-meta":"","stick-header-meta":"","header-above-stick-meta":"","header-main-stick-meta":"","header-below-stick-meta":"","astra-migrate-meta-layouts":"set","ast-page-background-enabled":"default","ast-page-background-meta":{"desktop":{"background-color":"var(--ast-global-color-4)","background-image":"","background-repeat":"repeat","background-position":"center center","background-size":"auto","background-attachment":"scroll","background-type":"","background-media":"","overlay-type":"","overlay-color":"","overlay-opacity":"","overlay-gradient":""},"tablet":{"background-color":"","background-image":"","background-repeat":"repeat","background-position":"center center","background-size":"auto","background-attachment":"scroll","background-type":"","background-media":"","overlay-type":"","overlay-color":"","overlay-opacity":"","overlay-gradient":""},"mobile":{"background-color":"","background-image":"","background-repeat":"repeat","background-position":"center center","background-size":"auto","background-attachment":"scroll","background-type":"","background-media":"","overlay-type":"","overlay-color":"","overlay-opacity":"","overlay-gradient":""}},"ast-content-background-meta":{"desktop":{"background-color":"var(--ast-global-color-5)","background-image":"","background-repeat":"repeat","background-position":"center center","background-size":"auto","background-attachment":"scroll","background-type":"","background-media":"","overlay-type":"","overlay-color":"","overlay-opacity":"","overlay-gradient":""},"tablet":{"background-color":"var(--ast-global-color-5)","background-image":"","background-repeat":"repeat","background-position":"center center","background-size":"auto","background-attachment":"scroll","background-type":"","background-media":"","overlay-type":"","overlay-color":"","overlay-opacity":"","overlay-gradient":""},"mobile":{"background-color":"var(--ast-global-color-5)","background-image":"","background-repeat":"repeat","background-position":"center center","background-size":"auto","background-attachment":"scroll","background-type":"","background-media":"","overlay-type":"","overlay-color":"","overlay-opacity":"","overlay-gradient":""}},"footnotes":""},"class_list":["post-2621","page","type-page","status-publish","hentry"],"post_mailing_queue_ids":[],"_links":{"self":[{"href":"https:\/\/agora.xtec.cat\/ceipcervolablanca\/wp-json\/wp\/v2\/pages\/2621","targetHints":{"allow":["GET"]}}],"collection":[{"href":"https:\/\/agora.xtec.cat\/ceipcervolablanca\/wp-json\/wp\/v2\/pages"}],"about":[{"href":"https:\/\/agora.xtec.cat\/ceipcervolablanca\/wp-json\/wp\/v2\/types\/page"}],"author":[{"embeddable":true,"href":"https:\/\/agora.xtec.cat\/ceipcervolablanca\/wp-json\/wp\/v2\/users\/1"}],"replies":[{"embeddable":true,"href":"https:\/\/agora.xtec.cat\/ceipcervolablanca\/wp-json\/wp\/v2\/comments?post=2621"}],"version-history":[{"count":6,"href":"https:\/\/agora.xtec.cat\/ceipcervolablanca\/wp-json\/wp\/v2\/pages\/2621\/revisions"}],"predecessor-version":[{"id":3266,"href":"https:\/\/agora.xtec.cat\/ceipcervolablanca\/wp-json\/wp\/v2\/pages\/2621\/revisions\/3266"}],"up":[{"embeddable":true,"href":"https:\/\/agora.xtec.cat\/ceipcervolablanca\/wp-json\/wp\/v2\/pages\/22"}],"wp:attachment":[{"href":"https:\/\/agora.xtec.cat\/ceipcervolablanca\/wp-json\/wp\/v2\/media?parent=2621"}],"curies":[{"name":"wp","href":"https:\/\/api.w.org\/{rel}","templated":true}]}}