{"id":26,"date":"2014-09-18T12:24:32","date_gmt":"2014-09-18T11:24:32","guid":{"rendered":"http:\/\/agora.xtec.cat\/ceipcervolablanca\/?page_id=26"},"modified":"2025-11-05T16:19:20","modified_gmt":"2025-11-05T15:19:20","slug":"historia","status":"publish","type":"page","link":"https:\/\/agora.xtec.cat\/ceipcervolablanca\/lescola\/historia\/","title":{"rendered":"Una mica d\u2019hist\u00f2ria&#8230;"},"content":{"rendered":"<h3 id=\"sites-page-title-header\" align=\"left\"><\/h3>\n<div id=\"sites-canvas-main\" class=\"sites-canvas-main\">\n<div id=\"sites-canvas-main-content\">\n<table class=\"sites-layout-name-one-column sites-layout-hbox\" style=\"height: 1151px;\" cellspacing=\"0\">\n<tbody>\n<tr style=\"height: 1151px;\">\n<td class=\"sites-layout-tile sites-tile-name-content-1\" style=\"height: 1151px; width: 628.182px;\">\n<div dir=\"ltr\">\n<ul>\n<li>\n<div><span style=\"font-size: medium;\"><span style=\"font-family: trebuchet ms,sans-serif;\"><b>1975<\/b>: El sr. Bag\u00f3 (alcalde del poble) fa la compra d\u2019uns terrenys per a la ubicaci\u00f3 del nou edifici escolar.<\/span><\/span><\/div>\n<\/li>\n<li>\n<div><span style=\"font-size: medium;\"><span style=\"font-family: trebuchet ms,sans-serif;\"><b>1978<\/b>: El nou alcalde sr. Claramunt fa la inauguraci\u00f3 oficial de les noves aules (tres espais grans per als alumnes de parvulari i prim\u00e0ria). Els nens i nenes de 6\u00e8. a 8\u00e8 es despla\u00e7aven a Igualada a l\u2019escola Emili Vall\u00e8s.<\/span><\/span><\/div>\n<\/li>\n<li>\n<div><span style=\"font-size: medium;\"><span style=\"font-family: trebuchet ms,sans-serif;\"><b>1981<\/b>: Es crea l\u2019associaci\u00f3 de pares i mares de l\u2019escola. Demetri Viadiu n\u2019\u00e9s el president.<\/span><\/span><\/div>\n<\/li>\n<li>\n<div><span style=\"font-size: medium;\"><span style=\"font-family: trebuchet ms,sans-serif;\"><b>1982<\/b>: Es constitueixen els Consells de Direcci\u00f3 a totes les escoles. Neix una escola m\u00e9s oberta a la participaci\u00f3 dels pares i mares.<\/span><\/span><\/div>\n<\/li>\n<li>\n<div><span style=\"font-size: medium;\"><span style=\"font-family: trebuchet ms,sans-serif;\"><b>1983-1984<\/b>: L\u2019escola pot mantenir els alumnes fins a 8\u00e8 d\u2019EGB. Aix\u00f2 provoca un increment de nens i nenes al centre.<\/span><\/span><\/div>\n<\/li>\n<li>\n<div><span style=\"font-size: medium;\"><span style=\"font-family: trebuchet ms,sans-serif;\"><b>1985<\/b>: Es creen dues noves aules, una biblioteca i un laboratori.<\/span><\/span><\/div>\n<\/li>\n<li>\n<div><span style=\"font-size: medium;\"><span style=\"font-family: trebuchet ms,sans-serif;\"><b>1986-1987<\/b>: Es fa el tancat del pati.<\/span><\/span><\/div>\n<\/li>\n<li>\n<div><span style=\"font-size: medium;\"><span style=\"font-family: trebuchet ms,sans-serif;\"><b>1987-1988<\/b>: L\u2019escola s\u2019acull a una experi\u00e8ncia sobre la immersi\u00f3 del catal\u00e0 a trav\u00e9s de col\u00f2nies escolars que es realitzen amb alumnes castellanoparlants d\u2019una escola de Barcelona.<\/span><\/span><\/div>\n<\/li>\n<li>\n<div><span style=\"font-size: medium;\"><span style=\"font-family: trebuchet ms,sans-serif;\"><b>1989-1990<\/b>: L\u2019escola compta amb la psic\u00f2loga de l\u2019EAP. S\u2019inicien les obres del gimn\u00e0s i l\u2019acc\u00e9s al pati que s\u2019allargaran fins el curs 1991-1992.<\/span><\/span><\/div>\n<\/li>\n<li>\n<div><span style=\"font-size: medium;\"><span style=\"font-family: trebuchet ms,sans-serif;\"><b>1990-1991<\/b>: L\u2019escola acull per primera vegada els alumnes de tres anys. S\u2019introdueixen els mitjans inform\u00e0tics a l\u2019escola.<\/span><\/span><\/div>\n<\/li>\n<li>\n<div><span style=\"font-size: medium;\"><span style=\"font-family: trebuchet ms,sans-serif;\"><b>1991-1992<\/b>: Surt escollit el nom de C\u00e9rvola Blanca per a l\u2019escola. Juntament amb les escoles de Jorba i Montbui es forma la ZER El Ventall.<\/span><\/span><\/div>\n<\/li>\n<li>\n<div><span style=\"font-size: medium;\"><span style=\"font-family: trebuchet ms,sans-serif;\"><b>1993-1994<\/b>: S\u2019inicia la Reforma educativa a tot l\u2019Estat i els alumnes finalitzen l\u2019escolaritat als 12 anys (fins 6\u00e8 de Prim\u00e0ria).<\/span><\/span><\/div>\n<\/li>\n<li>\n<div><span style=\"font-size: medium;\"><span style=\"font-family: trebuchet ms,sans-serif;\"><b>1996-1997<\/b>: Es posa en funcionament el servei de menjador, gestionat per l\u2019AMPA.<\/span><\/span><\/div>\n<\/li>\n<li>\n<div><span style=\"font-size: medium;\"><span style=\"font-family: trebuchet ms,sans-serif;\"><b>1998-1999<\/b>: L\u2019escola cedeix una aula a l\u2019Ajuntament per construir la Llar d\u2019Infants.<\/span><\/span><\/div>\n<\/li>\n<li>\n<div><span style=\"font-size: medium;\"><span style=\"font-family: trebuchet ms,sans-serif;\"><b>1999-2000<\/b>: Es construeixen dues aules noves al porxo del pati.<\/span><\/span><\/div>\n<\/li>\n<li>\n<div><span style=\"font-size: medium;\"><span style=\"font-family: trebuchet ms,sans-serif;\"><b>2001-2002<\/b>: Es construeix una setena nova aula al centre i se\u2019n cedeix una altra per a la Llar d\u2019Infants.<\/span><\/span><\/div>\n<\/li>\n<li>\n<div><span style=\"font-family: trebuchet ms,sans-serif;\"><span style=\"font-size: medium;\"><strong>2008-2009<\/strong>: E<\/span><span style=\"font-size: medium;\">s fa el tancat de la placeta a l&#8217;entrada de l&#8217;escola.<\/span><\/span><\/div>\n<\/li>\n<li>\n<div><span style=\"font-size: medium;\"><span style=\"font-family: trebuchet ms,sans-serif;\"><strong>Estiu 2009<\/strong>: Es porten a terme un seguit d&#8217;obres de remodelaci\u00f3 i ampliaci\u00f3 de l&#8217;escola, amb una important inversi\u00f3 de l&#8217;Ajuntament (240mil\u20ac). Es construeix una nova aula al centre i s&#8217;instal\u00b7len m\u00f2duls al pati per acollir dos noves aules.<\/span><\/span><\/div>\n<\/li>\n<li>\n<div><span style=\"font-size: medium;\"><span style=\"font-family: trebuchet ms,sans-serif;\"><strong>2009-2010<\/strong>: L&#8217;escola es desvincula de la ZER i passa a ser escola d&#8217;una l\u00ednia.<\/span><\/span><\/div>\n<\/li>\n<li><span style=\"font-size: medium;\"><span style=\"font-family: trebuchet ms,sans-serif;\"><strong>2013<\/strong>: Obres de millora del pati, costejades per l&#8217;Ajuntament (85mil\u20ac)<\/span><\/span><\/li>\n<li><span style=\"font-size: medium;\"><span style=\"font-family: trebuchet ms,sans-serif;\"><strong>2017: <\/strong>Es reforma la planta Baixa de l&#8217;edifici gran, per acondicionar les aules de la comunitat de Petits segons la nova forma de treballar (inversi\u00f3 Ajuntament 20mil\u20ac)<\/span><\/span><\/li>\n<li>\n<div><span style=\"font-size: medium;\"><span style=\"font-family: trebuchet ms,sans-serif;\"><strong>2018-2019:\u00a0<\/strong>L&#8217;edifici del carrer escoles es reforma per donar lloc a les noves aules de la Comunitat de Mitjans, amb uns espais connectats, di\u00e0fans, i adaptats a les noves metodologies. Tamb\u00e9 es remodelen les aules de Grans per poder-les comunicar amb unes \u00e0mplies portes correderes. Al mateix temps, es cedeix un petit espai a la Llar per permetre que disposin de dormitori (les obres van tenir un cost d&#8217;uns 150mil\u20ac, que es van poder assumir gr\u00e0cies a l&#8217;esfor\u00e7 de l&#8217;Ajuntament i la subvenci\u00f3 de la Diputaci\u00f3).\u00a0<\/span><\/span><\/div>\n<\/li>\n<li>\n<div><span style=\"font-size: medium;\"><span style=\"font-family: trebuchet ms,sans-serif;\"><strong>2020-2021: <\/strong>Escola, Ajuntament i Departament d&#8217;Educaci\u00f3 uneixen esfor\u00e7os per planificar la substituci\u00f3 dels m\u00f2duls prefabricats.<\/span><\/span><\/div>\n<\/li>\n<li><strong><span style=\"font-size: medium;\"><span style=\"font-family: trebuchet ms,sans-serif;\">Estiu de 2023<\/span><\/span>: <\/strong><span style=\"font-size: medium;\"><span style=\"font-family: trebuchet ms,sans-serif;\">Es reformen el menjador i els vestidors del gimn\u00e0s i es crea una nova aula de m\u00fasica<\/span><\/span><\/li>\n<\/ul>\n<\/div>\n<\/td>\n<\/tr>\n<\/tbody>\n<\/table>\n<\/div>\n<\/div>\n<p><a href=\"http:\/\/agora.xtec.cat\/ceipcervolablanca\/wp-content\/uploads\/usu1608\/2014\/09\/sant-marti-de-tous-4647604.jpg\"><img loading=\"lazy\" decoding=\"async\" class=\"wp-image-677 alignleft\" src=\"http:\/\/agora.xtec.cat\/ceipcervolablanca\/wp-content\/uploads\/usu1608\/2014\/09\/sant-marti-de-tous-4647604.jpg\" alt=\"\" width=\"443\" height=\"301\" srcset=\"https:\/\/agora.xtec.cat\/ceipcervolablanca\/wp-content\/uploads\/usu1608\/2014\/09\/sant-marti-de-tous-4647604.jpg 500w, https:\/\/agora.xtec.cat\/ceipcervolablanca\/wp-content\/uploads\/usu1608\/2014\/09\/sant-marti-de-tous-4647604-300x204.jpg 300w\" sizes=\"auto, (max-width: 443px) 100vw, 443px\" \/><\/a><\/p>\n<p>Per con\u00e8ixer m\u00e9s sobre el poble de Sant Mart\u00ed de Tous: <a href=\"http:\/\/www.tous.cat\/\">http:\/\/www.tous.cat\/<\/a><\/p>\n","protected":false},"excerpt":{"rendered":"<p>1975: El sr. Bag\u00f3 (alcalde del poble) fa la compra d\u2019uns terrenys per a la ubicaci\u00f3 del nou edifici escolar. 1978: El nou alcalde sr. Claramunt fa la inauguraci\u00f3 oficial de les noves aules (tres espais grans per als alumnes de parvulari i prim\u00e0ria). Els nens i nenes de 6\u00e8. a 8\u00e8 es despla\u00e7aven a [&hellip;]<\/p>\n","protected":false},"author":1,"featured_media":0,"parent":22,"menu_order":10,"comment_status":"closed","ping_status":"closed","template":"","meta":{"_bbp_topic_count":0,"_bbp_reply_count":0,"_bbp_total_topic_count":0,"_bbp_total_reply_count":0,"_bbp_voice_count":0,"_bbp_anonymous_reply_count":0,"_bbp_topic_count_hidden":0,"_bbp_reply_count_hidden":0,"_bbp_forum_subforum_count":0,"site-sidebar-layout":"default","site-content-layout":"","ast-site-content-layout":"default","site-content-style":"default","site-sidebar-style":"default","ast-global-header-display":"","ast-banner-title-visibility":"","ast-main-header-display":"","ast-hfb-above-header-display":"","ast-hfb-below-header-display":"","ast-hfb-mobile-header-display":"","site-post-title":"","ast-breadcrumbs-content":"","ast-featured-img":"","footer-sml-layout":"","theme-transparent-header-meta":"","adv-header-id-meta":"","stick-header-meta":"","header-above-stick-meta":"","header-main-stick-meta":"","header-below-stick-meta":"","astra-migrate-meta-layouts":"set","ast-page-background-enabled":"default","ast-page-background-meta":{"desktop":{"background-color":"var(--ast-global-color-4)","background-image":"","background-repeat":"repeat","background-position":"center center","background-size":"auto","background-attachment":"scroll","background-type":"","background-media":"","overlay-type":"","overlay-color":"","overlay-opacity":"","overlay-gradient":""},"tablet":{"background-color":"","background-image":"","background-repeat":"repeat","background-position":"center center","background-size":"auto","background-attachment":"scroll","background-type":"","background-media":"","overlay-type":"","overlay-color":"","overlay-opacity":"","overlay-gradient":""},"mobile":{"background-color":"","background-image":"","background-repeat":"repeat","background-position":"center center","background-size":"auto","background-attachment":"scroll","background-type":"","background-media":"","overlay-type":"","overlay-color":"","overlay-opacity":"","overlay-gradient":""}},"ast-content-background-meta":{"desktop":{"background-color":"var(--ast-global-color-5)","background-image":"","background-repeat":"repeat","background-position":"center center","background-size":"auto","background-attachment":"scroll","background-type":"","background-media":"","overlay-type":"","overlay-color":"","overlay-opacity":"","overlay-gradient":""},"tablet":{"background-color":"var(--ast-global-color-5)","background-image":"","background-repeat":"repeat","background-position":"center center","background-size":"auto","background-attachment":"scroll","background-type":"","background-media":"","overlay-type":"","overlay-color":"","overlay-opacity":"","overlay-gradient":""},"mobile":{"background-color":"var(--ast-global-color-5)","background-image":"","background-repeat":"repeat","background-position":"center center","background-size":"auto","background-attachment":"scroll","background-type":"","background-media":"","overlay-type":"","overlay-color":"","overlay-opacity":"","overlay-gradient":""}},"footnotes":""},"class_list":["post-26","page","type-page","status-publish","hentry"],"post_mailing_queue_ids":[],"_links":{"self":[{"href":"https:\/\/agora.xtec.cat\/ceipcervolablanca\/wp-json\/wp\/v2\/pages\/26","targetHints":{"allow":["GET"]}}],"collection":[{"href":"https:\/\/agora.xtec.cat\/ceipcervolablanca\/wp-json\/wp\/v2\/pages"}],"about":[{"href":"https:\/\/agora.xtec.cat\/ceipcervolablanca\/wp-json\/wp\/v2\/types\/page"}],"author":[{"embeddable":true,"href":"https:\/\/agora.xtec.cat\/ceipcervolablanca\/wp-json\/wp\/v2\/users\/1"}],"replies":[{"embeddable":true,"href":"https:\/\/agora.xtec.cat\/ceipcervolablanca\/wp-json\/wp\/v2\/comments?post=26"}],"version-history":[{"count":5,"href":"https:\/\/agora.xtec.cat\/ceipcervolablanca\/wp-json\/wp\/v2\/pages\/26\/revisions"}],"predecessor-version":[{"id":3147,"href":"https:\/\/agora.xtec.cat\/ceipcervolablanca\/wp-json\/wp\/v2\/pages\/26\/revisions\/3147"}],"up":[{"embeddable":true,"href":"https:\/\/agora.xtec.cat\/ceipcervolablanca\/wp-json\/wp\/v2\/pages\/22"}],"wp:attachment":[{"href":"https:\/\/agora.xtec.cat\/ceipcervolablanca\/wp-json\/wp\/v2\/media?parent=26"}],"curies":[{"name":"wp","href":"https:\/\/api.w.org\/{rel}","templated":true}]}}