{"id":2592,"date":"2024-03-14T12:04:05","date_gmt":"2024-03-14T11:04:05","guid":{"rendered":"https:\/\/agora.xtec.cat\/ceipcervolablanca\/?page_id=2592"},"modified":"2025-09-15T16:15:01","modified_gmt":"2025-09-15T14:15:01","slug":"autoritzacions-per-families","status":"publish","type":"page","link":"https:\/\/agora.xtec.cat\/ceipcervolablanca\/lescola\/autoritzacions-per-families\/","title":{"rendered":"Autoritzacions per fam\u00edlies"},"content":{"rendered":"<p>Us adjuntem autoritzacions que us poden ser \u00fatils per al dia a dia a l&#8217;escola.<\/p>\n<ul>\n<li><a href=\"https:\/\/agora.xtec.cat\/ceipcervolablanca\/wp-content\/uploads\/usu1608\/2024\/03\/Autoritzacio-administracio-medicaments.docx.pdf\">Autoritzaci\u00f3 d&#8217;administraci\u00f3 de medicaments<\/a><\/li>\n<li><a href=\"https:\/\/agora.xtec.cat\/ceipcervolablanca\/wp-content\/uploads\/usu1608\/2024\/03\/Autoritzacio-recollida-EI-i-1r-extraescolars-i-altres.docx.pdf\">Autoritzaci\u00f3 de recollida (per afegir persones a qui no hagueu autoritzat abans)<\/a><\/li>\n<li><a href=\"https:\/\/agora.xtec.cat\/ceipcervolablanca\/wp-content\/uploads\/usu1608\/2024\/04\/Autoritzacio-sortir-sols-1r-i-2n-nomes-si-es-a-mig-curs.docx.pdf\">Autoritzaci\u00f3 per sortir sols del centre escolar<\/a><\/li>\n<\/ul>\n<p>MENJADOR<\/p>\n<ul>\n<li><a href=\"https:\/\/agora.xtec.cat\/ceipcervolablanca\/wp-content\/uploads\/usu1608\/2025\/09\/25-26-Fitxa-inscripcio-menjador.pdf\">Fitxa d&#8217;inscripci\u00f3<\/a><\/li>\n<li>Fitxa de continu\u00eftat (l&#8217;actualitzarem quan l&#8217;empresa ens la faciliti)<\/li>\n<\/ul>\n","protected":false},"excerpt":{"rendered":"<p>Us adjuntem autoritzacions que us poden ser \u00fatils per al dia a dia a l&#8217;escola. Autoritzaci\u00f3 d&#8217;administraci\u00f3 de medicaments Autoritzaci\u00f3 de recollida (per afegir persones a qui no hagueu autoritzat abans) Autoritzaci\u00f3 per sortir sols del centre escolar MENJADOR Fitxa d&#8217;inscripci\u00f3 Fitxa de continu\u00eftat (l&#8217;actualitzarem quan l&#8217;empresa ens la faciliti)<\/p>\n","protected":false},"author":1,"featured_media":0,"parent":22,"menu_order":80,"comment_status":"closed","ping_status":"closed","template":"page-templates\/side-menu.php","meta":{"_bbp_topic_count":0,"_bbp_reply_count":0,"_bbp_total_topic_count":0,"_bbp_total_reply_count":0,"_bbp_voice_count":0,"_bbp_anonymous_reply_count":0,"_bbp_topic_count_hidden":0,"_bbp_reply_count_hidden":0,"_bbp_forum_subforum_count":0,"site-sidebar-layout":"default","site-content-layout":"","ast-site-content-layout":"","site-content-style":"default","site-sidebar-style":"default","ast-global-header-display":"","ast-banner-title-visibility":"","ast-main-header-display":"","ast-hfb-above-header-display":"","ast-hfb-below-header-display":"","ast-hfb-mobile-header-display":"","site-post-title":"","ast-breadcrumbs-content":"","ast-featured-img":"","footer-sml-layout":"","theme-transparent-header-meta":"","adv-header-id-meta":"","stick-header-meta":"","header-above-stick-meta":"","header-main-stick-meta":"","header-below-stick-meta":"","astra-migrate-meta-layouts":"default","ast-page-background-enabled":"default","ast-page-background-meta":{"desktop":{"background-color":"var(--ast-global-color-4)","background-image":"","background-repeat":"repeat","background-position":"center center","background-size":"auto","background-attachment":"scroll","background-type":"","background-media":"","overlay-type":"","overlay-color":"","overlay-opacity":"","overlay-gradient":""},"tablet":{"background-color":"","background-image":"","background-repeat":"repeat","background-position":"center center","background-size":"auto","background-attachment":"scroll","background-type":"","background-media":"","overlay-type":"","overlay-color":"","overlay-opacity":"","overlay-gradient":""},"mobile":{"background-color":"","background-image":"","background-repeat":"repeat","background-position":"center center","background-size":"auto","background-attachment":"scroll","background-type":"","background-media":"","overlay-type":"","overlay-color":"","overlay-opacity":"","overlay-gradient":""}},"ast-content-background-meta":{"desktop":{"background-color":"var(--ast-global-color-5)","background-image":"","background-repeat":"repeat","background-position":"center center","background-size":"auto","background-attachment":"scroll","background-type":"","background-media":"","overlay-type":"","overlay-color":"","overlay-opacity":"","overlay-gradient":""},"tablet":{"background-color":"var(--ast-global-color-5)","background-image":"","background-repeat":"repeat","background-position":"center center","background-size":"auto","background-attachment":"scroll","background-type":"","background-media":"","overlay-type":"","overlay-color":"","overlay-opacity":"","overlay-gradient":""},"mobile":{"background-color":"var(--ast-global-color-5)","background-image":"","background-repeat":"repeat","background-position":"center center","background-size":"auto","background-attachment":"scroll","background-type":"","background-media":"","overlay-type":"","overlay-color":"","overlay-opacity":"","overlay-gradient":""}},"footnotes":""},"class_list":["post-2592","page","type-page","status-publish","hentry"],"post_mailing_queue_ids":[],"_links":{"self":[{"href":"https:\/\/agora.xtec.cat\/ceipcervolablanca\/wp-json\/wp\/v2\/pages\/2592","targetHints":{"allow":["GET"]}}],"collection":[{"href":"https:\/\/agora.xtec.cat\/ceipcervolablanca\/wp-json\/wp\/v2\/pages"}],"about":[{"href":"https:\/\/agora.xtec.cat\/ceipcervolablanca\/wp-json\/wp\/v2\/types\/page"}],"author":[{"embeddable":true,"href":"https:\/\/agora.xtec.cat\/ceipcervolablanca\/wp-json\/wp\/v2\/users\/1"}],"replies":[{"embeddable":true,"href":"https:\/\/agora.xtec.cat\/ceipcervolablanca\/wp-json\/wp\/v2\/comments?post=2592"}],"version-history":[{"count":6,"href":"https:\/\/agora.xtec.cat\/ceipcervolablanca\/wp-json\/wp\/v2\/pages\/2592\/revisions"}],"predecessor-version":[{"id":2969,"href":"https:\/\/agora.xtec.cat\/ceipcervolablanca\/wp-json\/wp\/v2\/pages\/2592\/revisions\/2969"}],"up":[{"embeddable":true,"href":"https:\/\/agora.xtec.cat\/ceipcervolablanca\/wp-json\/wp\/v2\/pages\/22"}],"wp:attachment":[{"href":"https:\/\/agora.xtec.cat\/ceipcervolablanca\/wp-json\/wp\/v2\/media?parent=2592"}],"curies":[{"name":"wp","href":"https:\/\/api.w.org\/{rel}","templated":true}]}}