{"id":2154,"date":"2022-04-01T10:07:50","date_gmt":"2022-04-01T08:07:50","guid":{"rendered":"https:\/\/agora.xtec.cat\/ceipcervolablanca\/?page_id=2154"},"modified":"2024-03-18T19:18:05","modified_gmt":"2024-03-18T18:18:05","slug":"edc-pla-digital","status":"publish","type":"page","link":"https:\/\/agora.xtec.cat\/ceipcervolablanca\/lescola\/edc-pla-digital\/","title":{"rendered":"EDC pla digital"},"content":{"rendered":"<p>Dins del marc del <a href=\"http:\/\/educacio.gencat.cat\/ca\/departament\/publicacions\/colleccions\/pla-educacio-digital\/pla-educacio-digital\/\" target=\"_blank\" rel=\"noopener noreferrer\">Pla d\u2019educaci\u00f3 digital de Catalunya<\/a>, el projecte d\u2019acceleraci\u00f3 de la transformaci\u00f3 digital dels centres educatius anir\u00e0 desplegant un seguit d&#8217;intervencions, entre les quals hi haur\u00e0 l&#8217;impuls d&#8217;un Pla digital EDC per part dels centres educatius. En aquest sentit, la nostra escola impulsar\u00e0 una formaci\u00f3 FIC de Cultura Digital per al curs 22-23 per posar fil a l&#8217;agulla del nou Pla EDC d&#8217;escola, amb l&#8217;objectiu de millorar la compet\u00e8ncia digital tant dels alumnes com del professorat i la pr\u00f2pia comunitat educativa.<\/p>\n<p style=\"text-align: center;\"><a class=\"button normal\" style=\"padding: 1em; font-weight: 400; margin: 0.1em; color: white !important; background-color: #ca5f5fbf;\" href=\"https:\/\/agora.xtec.cat\/ceipcervolablanca\/lescola\/edc-pla-digital\/edc-fases\/\" rel=\"noopener noreferrer\">Estrat\u00e8gia Digital de Centre<\/a> \u00a0\u00a0 \u00a0\u00a0 \u00a0\u00a0 \u00a0\u00a0 <a class=\"button normal\" style=\"padding: 1em; font-weight: 400; margin: 0.1em; color: white !important; background-color: #9e9e9e;\" href=\"https:\/\/agora.xtec.cat\/ceipcervolablanca\/lescola\/edc-pla-digital\/cultura-digital\/\" rel=\"noopener noreferrer\">Cultura Digital<\/a><\/p>\n","protected":false},"excerpt":{"rendered":"<p>Dins del marc del Pla d\u2019educaci\u00f3 digital de Catalunya, el projecte d\u2019acceleraci\u00f3 de la transformaci\u00f3 digital dels centres educatius anir\u00e0 desplegant un seguit d&#8217;intervencions, entre les quals hi haur\u00e0 l&#8217;impuls d&#8217;un Pla digital EDC per part dels centres educatius. En aquest sentit, la nostra escola impulsar\u00e0 una formaci\u00f3 FIC de Cultura Digital per al curs [&hellip;]<\/p>\n","protected":false},"author":1,"featured_media":0,"parent":22,"menu_order":80,"comment_status":"closed","ping_status":"closed","template":"page-templates\/side-menu.php","meta":{"_bbp_topic_count":0,"_bbp_reply_count":0,"_bbp_total_topic_count":0,"_bbp_total_reply_count":0,"_bbp_voice_count":0,"_bbp_anonymous_reply_count":0,"_bbp_topic_count_hidden":0,"_bbp_reply_count_hidden":0,"_bbp_forum_subforum_count":0,"site-sidebar-layout":"default","site-content-layout":"","ast-site-content-layout":"","site-content-style":"default","site-sidebar-style":"default","ast-global-header-display":"","ast-banner-title-visibility":"","ast-main-header-display":"","ast-hfb-above-header-display":"","ast-hfb-below-header-display":"","ast-hfb-mobile-header-display":"","site-post-title":"","ast-breadcrumbs-content":"","ast-featured-img":"","footer-sml-layout":"","theme-transparent-header-meta":"","adv-header-id-meta":"","stick-header-meta":"","header-above-stick-meta":"","header-main-stick-meta":"","header-below-stick-meta":"","astra-migrate-meta-layouts":"default","ast-page-background-enabled":"default","ast-page-background-meta":{"desktop":{"background-color":"var(--ast-global-color-4)","background-image":"","background-repeat":"repeat","background-position":"center center","background-size":"auto","background-attachment":"scroll","background-type":"","background-media":"","overlay-type":"","overlay-color":"","overlay-opacity":"","overlay-gradient":""},"tablet":{"background-color":"","background-image":"","background-repeat":"repeat","background-position":"center center","background-size":"auto","background-attachment":"scroll","background-type":"","background-media":"","overlay-type":"","overlay-color":"","overlay-opacity":"","overlay-gradient":""},"mobile":{"background-color":"","background-image":"","background-repeat":"repeat","background-position":"center center","background-size":"auto","background-attachment":"scroll","background-type":"","background-media":"","overlay-type":"","overlay-color":"","overlay-opacity":"","overlay-gradient":""}},"ast-content-background-meta":{"desktop":{"background-color":"var(--ast-global-color-5)","background-image":"","background-repeat":"repeat","background-position":"center center","background-size":"auto","background-attachment":"scroll","background-type":"","background-media":"","overlay-type":"","overlay-color":"","overlay-opacity":"","overlay-gradient":""},"tablet":{"background-color":"var(--ast-global-color-5)","background-image":"","background-repeat":"repeat","background-position":"center center","background-size":"auto","background-attachment":"scroll","background-type":"","background-media":"","overlay-type":"","overlay-color":"","overlay-opacity":"","overlay-gradient":""},"mobile":{"background-color":"var(--ast-global-color-5)","background-image":"","background-repeat":"repeat","background-position":"center center","background-size":"auto","background-attachment":"scroll","background-type":"","background-media":"","overlay-type":"","overlay-color":"","overlay-opacity":"","overlay-gradient":""}},"footnotes":""},"class_list":["post-2154","page","type-page","status-publish","hentry"],"post_mailing_queue_ids":[],"_links":{"self":[{"href":"https:\/\/agora.xtec.cat\/ceipcervolablanca\/wp-json\/wp\/v2\/pages\/2154","targetHints":{"allow":["GET"]}}],"collection":[{"href":"https:\/\/agora.xtec.cat\/ceipcervolablanca\/wp-json\/wp\/v2\/pages"}],"about":[{"href":"https:\/\/agora.xtec.cat\/ceipcervolablanca\/wp-json\/wp\/v2\/types\/page"}],"author":[{"embeddable":true,"href":"https:\/\/agora.xtec.cat\/ceipcervolablanca\/wp-json\/wp\/v2\/users\/1"}],"replies":[{"embeddable":true,"href":"https:\/\/agora.xtec.cat\/ceipcervolablanca\/wp-json\/wp\/v2\/comments?post=2154"}],"version-history":[{"count":2,"href":"https:\/\/agora.xtec.cat\/ceipcervolablanca\/wp-json\/wp\/v2\/pages\/2154\/revisions"}],"predecessor-version":[{"id":2375,"href":"https:\/\/agora.xtec.cat\/ceipcervolablanca\/wp-json\/wp\/v2\/pages\/2154\/revisions\/2375"}],"up":[{"embeddable":true,"href":"https:\/\/agora.xtec.cat\/ceipcervolablanca\/wp-json\/wp\/v2\/pages\/22"}],"wp:attachment":[{"href":"https:\/\/agora.xtec.cat\/ceipcervolablanca\/wp-json\/wp\/v2\/media?parent=2154"}],"curies":[{"name":"wp","href":"https:\/\/api.w.org\/{rel}","templated":true}]}}