{"id":1736,"date":"2021-02-02T15:25:22","date_gmt":"2021-02-02T14:25:22","guid":{"rendered":"http:\/\/agora.xtec.cat\/ceipcervolablanca\/?page_id=1736"},"modified":"2025-11-19T16:17:21","modified_gmt":"2025-11-19T15:17:21","slug":"ccc","status":"publish","type":"page","link":"https:\/\/agora.xtec.cat\/ceipcervolablanca\/lescola\/ccc\/","title":{"rendered":"Com treballem?"},"content":{"rendered":"<p>La nostra <strong>metodologia de treball<\/strong> \u00e9s diversa i parteix del treball per comunitats (PETITS-MITJANS-GRANS), respectant els ritmes maduratius i donant temps als aprenentatges. Inclou 3 grans franges:<\/p>\n<ul>\n<li><strong>Treball sistem\u00e0tic<\/strong>: treball dels continguts m\u00e9s instrumentals a assolir a cada etapa, cada grup-classe amb el seu mestre referent i a la seva aula.<\/li>\n<li><strong>Teixit d&#8217;aula<\/strong>: el <em>teixit<\/em> es basa en el treball per Projectes. A partir de tem\u00e0tiques motivadores es plantegen diferents activitats que potencien el treball grupal, la cooperaci\u00f3 i la recerca\/investigaci\u00f3.<\/li>\n<li><strong>Els Espais<\/strong>*: per \u00faltim, des d&#8217;i3 fins a P6, tenim l&#8217;estona de treball per <em>espais<\/em>, durant les quals els alumnes d&#8217;una mateixa comunitat participen de diferents propostes. En aquesta franja de treball els alumnes es mouen aut\u00f2nomament, amb acompanyament de l&#8217;adult, barrejats per edats dins la mateixa Comunitat.<\/li>\n<\/ul>\n<p><strong>PROJECTES PROPIS:<\/strong> A l&#8217;escola tenim alguns projectes propis:<\/p>\n<p>Disposem d&#8217;un espai al pati, la <strong>Reserva<\/strong>, on tenim una bassa i vegetaci\u00f3 natural. Amb l&#8217;ajuda de bi\u00f2legs especialistes, hi fem un treball d&#8217;observaci\u00f3 i descoberta entorn a la cria del gripau corredor. Els Mitjans s\u00f3n la comunitat que es cuida de la Reserva.<\/p>\n<p><a href=\"https:\/\/agora.xtec.cat\/ceipcervolablanca\/wp-content\/uploads\/usu1608\/2021\/02\/baixa-1.jpg\"><img loading=\"lazy\" decoding=\"async\" class=\"alignnone wp-image-1766\" src=\"https:\/\/agora.xtec.cat\/ceipcervolablanca\/wp-content\/uploads\/usu1608\/2021\/02\/baixa-1.jpg\" alt=\"\" width=\"108\" height=\"69\" \/><\/a><\/p>\n<p>Prop de l&#8217;escola tamb\u00e9 tenim un <strong>hort<\/strong>, que cuiden i gaudeixen els alumnes de P4. \u00c9s fant\u00e0stic veure cr\u00e9ixer tot all\u00f2 que planten!<\/p>\n<p>Per con\u00e8ixer millor el nostre poble i les hist\u00f2ries d&#8217;abans, tenim la &#8220;iaia Elisa&#8221; que ve un cop al mes a obsequiar-nos amb passejades molt interessants, que ens permeten saber m\u00e9s sobre la vida que hi havia temps enrere. Aquest projecte l&#8217;anomenem<strong> Fem Poble<\/strong>.<\/p>\n<p><a href=\"https:\/\/agora.xtec.cat\/ceipcervolablanca\/wp-content\/uploads\/usu1608\/2021\/02\/IMG_20180116_151807.jpg\"><img loading=\"lazy\" decoding=\"async\" class=\"alignnone wp-image-1764\" src=\"https:\/\/agora.xtec.cat\/ceipcervolablanca\/wp-content\/uploads\/usu1608\/2021\/02\/IMG_20180116_151807-786x1024.jpg\" alt=\"\" width=\"162\" height=\"211\" srcset=\"https:\/\/agora.xtec.cat\/ceipcervolablanca\/wp-content\/uploads\/usu1608\/2021\/02\/IMG_20180116_151807-786x1024.jpg 786w, https:\/\/agora.xtec.cat\/ceipcervolablanca\/wp-content\/uploads\/usu1608\/2021\/02\/IMG_20180116_151807-230x300.jpg 230w, https:\/\/agora.xtec.cat\/ceipcervolablanca\/wp-content\/uploads\/usu1608\/2021\/02\/IMG_20180116_151807-768x1001.jpg 768w, https:\/\/agora.xtec.cat\/ceipcervolablanca\/wp-content\/uploads\/usu1608\/2021\/02\/IMG_20180116_151807.jpg 1287w\" sizes=\"auto, (max-width: 162px) 100vw, 162px\" \/><\/a><\/p>\n<p><strong>SORTIDES D&#8217;ENTORN<\/strong><\/p>\n<p>Al llarg del curs fem diferents <strong>sortides d&#8217;entorn<\/strong>, moltes de les quals aprofiten els paratges naturals tan especials dels qu\u00e8 gaudeix el municipi, com pot ser La Fou, l&#8217;Alzina de Cal Gol, l&#8217;ermita de Sentfores, etc.<\/p>\n<p>Tamb\u00e9 fem col\u00f2nies. A la comunitat de Petits es marxa 2 dies, a Mitjans 3 dies i, a la comunitat de Grans, fan una sortida a un Camp d&#8217;Aprenentatge (tamb\u00e9 3 dies) per vincular les col\u00f2nies amb algun treball competencial en un entorn significatiu i singular de Catalunya. A banda d&#8217;aix\u00f2, tamb\u00e9 fem altres sortides culturals i de descoberta del territori.<\/p>\n<p><a href=\"http:\/\/agora.xtec.cat\/ceipcervolablanca\/wp-content\/uploads\/usu1608\/2018\/06\/IMG-20180323-WA0022.jpg\"><img loading=\"lazy\" decoding=\"async\" class=\"alignnone wp-image-809\" src=\"http:\/\/agora.xtec.cat\/ceipcervolablanca\/wp-content\/uploads\/usu1608\/2018\/06\/IMG-20180323-WA0022-1024x768.jpg\" alt=\"\" width=\"225\" height=\"169\" srcset=\"https:\/\/agora.xtec.cat\/ceipcervolablanca\/wp-content\/uploads\/usu1608\/2018\/06\/IMG-20180323-WA0022-1024x768.jpg 1024w, https:\/\/agora.xtec.cat\/ceipcervolablanca\/wp-content\/uploads\/usu1608\/2018\/06\/IMG-20180323-WA0022-300x225.jpg 300w, https:\/\/agora.xtec.cat\/ceipcervolablanca\/wp-content\/uploads\/usu1608\/2018\/06\/IMG-20180323-WA0022-768x576.jpg 768w, https:\/\/agora.xtec.cat\/ceipcervolablanca\/wp-content\/uploads\/usu1608\/2018\/06\/IMG-20180323-WA0022-200x150.jpg 200w, https:\/\/agora.xtec.cat\/ceipcervolablanca\/wp-content\/uploads\/usu1608\/2018\/06\/IMG-20180323-WA0022.jpg 1600w\" sizes=\"auto, (max-width: 225px) 100vw, 225px\" \/><\/a><\/p>\n<p><strong>MOMENTS ESPECIALS<\/strong><\/p>\n<p>M\u00e9s o menys a mig curs, obrim les portes a les fam\u00edlies. A les nostres <strong>Aules Obertes <\/strong>els nens i nenes de cada classe expliquen a les fam\u00edlies, en formats ben diversos (alguns fan exposici\u00f3 oral, d&#8217;altres teatre, etc.), alguns dels aspectes que han treballat. En acabar compartim una estona plegats a l&#8217;aula.<\/p>\n<p><a href=\"https:\/\/agora.xtec.cat\/ceipcervolablanca\/wp-content\/uploads\/usu1608\/2021\/02\/IMG_20200309_160603.jpg\"><img loading=\"lazy\" decoding=\"async\" class=\"alignnone wp-image-1747\" src=\"https:\/\/agora.xtec.cat\/ceipcervolablanca\/wp-content\/uploads\/usu1608\/2021\/02\/IMG_20200309_160603.jpg\" alt=\"\" width=\"172\" height=\"152\" srcset=\"https:\/\/agora.xtec.cat\/ceipcervolablanca\/wp-content\/uploads\/usu1608\/2021\/02\/IMG_20200309_160603.jpg 868w, https:\/\/agora.xtec.cat\/ceipcervolablanca\/wp-content\/uploads\/usu1608\/2021\/02\/IMG_20200309_160603-300x265.jpg 300w, https:\/\/agora.xtec.cat\/ceipcervolablanca\/wp-content\/uploads\/usu1608\/2021\/02\/IMG_20200309_160603-768x680.jpg 768w\" sizes=\"auto, (max-width: 172px) 100vw, 172px\" \/><\/a><\/p>\n<p>Quan un grup d&#8217;alumnes finalitza l&#8217;etapa a una comunitat, se l&#8217;acompanya en un ritual de <strong>&#8220;Pas de Comunitat&#8221;<\/strong> on se&#8217;ls obsequia amb algun s\u00edmbol per representar el pas a una etapa nova. La resta d&#8217;alumnes els fem un passad\u00eds hum\u00e0 per les escales, mentre els cantem la can\u00e7\u00f3 de l&#8217;escola (<em>&#8220;Ara que estem tots junts&#8221;<\/em>) i, quan arriben a la seva futura aula, la mestra els d\u00f3na la benvinguda i els explica la hist\u00f2ria relacionada amb el nom de la classe.<\/p>\n<p>Podeu veure aquest v\u00eddeo-resum del <strong>Pas de Comunitats<\/strong>:<\/p>\n<p><div class=\"ast-oembed-container \" style=\"height: 100%;\"><iframe loading=\"lazy\" title=\"PAS COMUNITAT video\" width=\"500\" height=\"281\" src=\"https:\/\/www.youtube.com\/embed\/TcQLBrRfx1M?feature=oembed\" frameborder=\"0\" allow=\"accelerometer; autoplay; clipboard-write; encrypted-media; gyroscope; picture-in-picture; web-share\" referrerpolicy=\"strict-origin-when-cross-origin\" allowfullscreen><\/iframe><\/div><\/p>\n<p><strong>LA CAN\u00c7\u00d3 DE L&#8217;ESCOLA<\/strong><\/p>\n<p>A la C\u00e9rvola Blanca tenim una can\u00e7\u00f3 molt especial que ens serveix per acompanyar els Passos de Comunitat, el Consell de Nen@s i altres moments emotius.<\/p>\n<p><div class=\"ast-oembed-container \" style=\"height: 100%;\"><iframe loading=\"lazy\" title=\"LA CAN\u00c7\u00d3 de l&#039;escola\" width=\"500\" height=\"281\" src=\"https:\/\/www.youtube.com\/embed\/0GoBc-CxBZ4?feature=oembed\" frameborder=\"0\" allow=\"accelerometer; autoplay; clipboard-write; encrypted-media; gyroscope; picture-in-picture; web-share\" referrerpolicy=\"strict-origin-when-cross-origin\" allowfullscreen><\/iframe><\/div><\/p>\n<p><strong>FORMACI\u00d3 PERMANENT<\/strong><\/p>\n<p>A banda d&#8217;aix\u00f2, la nostra Escola parteix del concepte d&#8217;aprenentatge permanent i, el claustre de mestres som un equip viu i interessat en formar-nos any rere any. Sempre que \u00e9s possible programem jornades formatives o fem visites a altres escoles de refer\u00e8ncia. En aquest sentit hem format part de programes com <a href=\"http:\/\/www.escolanova21.cat\/\">Esc<\/a><a style=\"font-family: inherit; font-size: 1em;\" href=\"http:\/\/www.escolanova21.cat\/\">ola Nova 2<\/a><a href=\"http:\/\/www.escolanova21.cat\/\">1<\/a> i hem rebut formaci\u00f3 sobre Neuroeducaci\u00f3, Educaci\u00f3 Emocional i pr\u00e0ctiques restauratives, Matem\u00e0tiques manipulatives&#8230;<\/p>\n<p>Seguirem treballant per oferir als infants una experi\u00e8ncia d\u2019aprenentatge <span style=\"font-family: inherit; font-size: 1em;\">gratificant.<\/span><\/p>\n<p><strong>EDUCACI\u00d3 EMOCIONAL I XARXA<\/strong><\/p>\n<p>A l&#8217;escola procurem formar part de diverses iniciatives com les xerrades pedag\u00f2giques obertes a tota la comunitat educativa o el pla local de salut comunit\u00e0ria. Disposem d&#8217;una Comissi\u00f3 de Conviv\u00e8ncia i t<span style=\"font-family: inherit; font-size: 1em;\">amb\u00e9 ens coordinem amb altres col\u00b7lectius i entitats com el Movi (CAU) i la UE Tous, per caminar conjuntament en la prevenci\u00f3 d&#8217;actituds inc\u00edviques, assetjament o altres. A l&#8217;escola es treballa l&#8217;educaci\u00f3 emocional des de ben petits, destinant estones a fer conversa, tant en grup (rotllana, assemblees,&#8230;), com individual (tutor-alumne).\u00a0<\/span><\/p>\n<p>L&#8217;escola ofereix tamb\u00e9 un acompanyament a fam\u00edlies, a trav\u00e9s de propostes amb algun professional extern (com el projecte <em>&#8220;De Tu a tu&#8221;<\/em>) o en trobades de coordinaci\u00f3 fam\u00edlia-escola sempre que cal.<\/p>\n<p><strong>LES FESTES I CELEBRACIONS<\/strong><\/p>\n<p>Com escola celebrem la majoria de festes tradicionals, cadascuna en un format diferent i que es va adaptant i modelant curs rere curs. Les m\u00e9s destacades s\u00f3n:<\/p>\n<p><a href=\"https:\/\/agora.xtec.cat\/ceipcervolablanca\/wp-content\/uploads\/usu1608\/2021\/02\/castanyeres.jpg\"><img loading=\"lazy\" decoding=\"async\" class=\"wp-image-1743 alignleft\" src=\"https:\/\/agora.xtec.cat\/ceipcervolablanca\/wp-content\/uploads\/usu1608\/2021\/02\/castanyeres.jpg\" alt=\"\" width=\"232\" height=\"178\" srcset=\"https:\/\/agora.xtec.cat\/ceipcervolablanca\/wp-content\/uploads\/usu1608\/2021\/02\/castanyeres.jpg 703w, https:\/\/agora.xtec.cat\/ceipcervolablanca\/wp-content\/uploads\/usu1608\/2021\/02\/castanyeres-300x229.jpg 300w\" sizes=\"auto, (max-width: 232px) 100vw, 232px\" \/><\/a><strong>LA CASTANYADA:<\/strong> els i les alumnes de 6\u00e8 s\u00f3n els grans protagonistes, ja que es disfressen de castanyeres i reparteixen castanyes i panellets per tots els companys de l&#8217;escola.<\/p>\n<p><strong>SANTA CEC\u00cdLIA:<\/strong> la m\u00fasica \u00e9s important a l&#8217;escola.<a href=\"https:\/\/agora.xtec.cat\/ceipcervolablanca\/wp-content\/uploads\/usu1608\/2021\/02\/stacecilia.jpg\"><img loading=\"lazy\" decoding=\"async\" class=\"wp-image-1744 alignright\" src=\"https:\/\/agora.xtec.cat\/ceipcervolablanca\/wp-content\/uploads\/usu1608\/2021\/02\/stacecilia.jpg\" alt=\"\" width=\"262\" height=\"151\" srcset=\"https:\/\/agora.xtec.cat\/ceipcervolablanca\/wp-content\/uploads\/usu1608\/2021\/02\/stacecilia.jpg 703w, https:\/\/agora.xtec.cat\/ceipcervolablanca\/wp-content\/uploads\/usu1608\/2021\/02\/stacecilia-300x173.jpg 300w\" sizes=\"auto, (max-width: 262px) 100vw, 262px\" \/><\/a><\/p>\n<p>Quan arriba Santa Cec\u00edlia, patrona de la m\u00fasica, ho celebrem fent algun taller, b\u00e9 sigui amb els nostres propis alumnes, o b\u00e9 amb algun instrumentista extern.<\/p>\n<p><a href=\"https:\/\/agora.xtec.cat\/ceipcervolablanca\/wp-content\/uploads\/usu1608\/2021\/02\/tio.jpg\"><img loading=\"lazy\" decoding=\"async\" class=\"size-large wp-image-1745 alignleft\" src=\"https:\/\/agora.xtec.cat\/ceipcervolablanca\/wp-content\/uploads\/usu1608\/2021\/02\/tio.jpg\" alt=\"\" width=\"200\" height=\"150\" \/><\/a><strong>EL NADAL:<\/strong> La festa de Nadal l&#8217;acostumem a celebrar, d&#8217;una banda, compartint una jornada amb fam\u00edlies, fent algun taller o cantada de nadales. I d&#8217;altra banda, a nivell intern, sempre estem molt feli\u00e7os de rebre els tions, que apareixen al pati un bon dia i que just abans de marxar de vacances ens obsequien amb un bon esmorzar.<\/p>\n<p><strong>DIJOUS LLARDER:<\/strong> A l&#8217;escola celebrem el Dijous Llarder plegats anant d&#8217;excursi\u00f3 a menjar algun \u00e0pat a base d&#8217;ous i botifarra.<\/p>\n<p><strong>CARNESTOLTES:<\/strong> La festa de Carnestoltes tamb\u00e9 la tenim present a l&#8217;escola, per\u00f2 des de fa uns anys n&#8217;hem redu\u00eft el pes per donar espai i temps a altres tipus de continguts pedag\u00f2gics. Es fan uns dies de consignes del Rei Carnestoltes.<\/p>\n<p><strong>LA MONA:<\/strong> aquest \u00e9s el menjar t\u00edpic de l&#8217;\u00e8poca de la Pasqua, una festivitat en qu\u00e8 antigament es<a href=\"https:\/\/agora.xtec.cat\/ceipcervolablanca\/wp-content\/uploads\/usu1608\/2021\/02\/mona.jpg\"><img loading=\"lazy\" decoding=\"async\" class=\"wp-image-1758 alignright\" src=\"https:\/\/agora.xtec.cat\/ceipcervolablanca\/wp-content\/uploads\/usu1608\/2021\/02\/mona.jpg\" alt=\"\" width=\"186\" height=\"146\" \/><\/a> reflexionava entorn el naixement i la mort i l&#8217;ou era el s\u00edmbol m\u00e9s utilitzat per representar-ho. D&#8217;aqu\u00ed en va derivar el past\u00eds que anomenem &#8220;Mona&#8221;, que a l&#8217;escola preparem amb pa de pessic\u00a0 i que decorem cada classe al nostre gust. El dia assenyalat anem tots plegats\u00a0d&#8217;excursi\u00f3 per menjar-nos-la en algun entorn natural proper. Ens encanta!<\/p>\n<p><strong>SANT JOR<a href=\"https:\/\/agora.xtec.cat\/ceipcervolablanca\/wp-content\/uploads\/usu1608\/2021\/02\/IMG_20190426_120243.jpg\"><img loading=\"lazy\" decoding=\"async\" class=\"wp-image-1746 alignleft\" src=\"https:\/\/agora.xtec.cat\/ceipcervolablanca\/wp-content\/uploads\/usu1608\/2021\/02\/IMG_20190426_120243-1024x768.jpg\" alt=\"\" width=\"209\" height=\"156\" srcset=\"https:\/\/agora.xtec.cat\/ceipcervolablanca\/wp-content\/uploads\/usu1608\/2021\/02\/IMG_20190426_120243.jpg 1024w, https:\/\/agora.xtec.cat\/ceipcervolablanca\/wp-content\/uploads\/usu1608\/2021\/02\/IMG_20190426_120243-300x225.jpg 300w, https:\/\/agora.xtec.cat\/ceipcervolablanca\/wp-content\/uploads\/usu1608\/2021\/02\/IMG_20190426_120243-768x576.jpg 768w, https:\/\/agora.xtec.cat\/ceipcervolablanca\/wp-content\/uploads\/usu1608\/2021\/02\/IMG_20190426_120243-200x150.jpg 200w\" sizes=\"auto, (max-width: 209px) 100vw, 209px\" \/><\/a>DI:<\/strong> els alumnes dels Trucaforts (Prim\u00e0ria 3) preparen una representaci\u00f3 de la llegenda de Sant Jordi per a la resta de l&#8217;escola. Ens encanta veure&#8217;ls com gaudeixen assajant i representant els diferents personatges! A l&#8217;escola el teatre el valorem com una gran eina per treballar m\u00faltiples \u00e0rees (expressi\u00f3 oral, mem\u00f2ria, confian\u00e7a en un\/a mateix\/a, treball cooperatiu&#8230;).<\/p>\n<p>Com escola, tamb\u00e9 col\u00b7laborem en projectes amb la companyia de teatre del poble, el <a href=\"https:\/\/www.teatrenu.com\/\">TeatreNu. <\/a><\/p>\n<p><strong><a href=\"https:\/\/agora.xtec.cat\/ceipcervolablanca\/wp-content\/uploads\/usu1608\/2021\/02\/teatre6.jpg\"><img loading=\"lazy\" decoding=\"async\" class=\"wp-image-1748 alignleft\" src=\"https:\/\/agora.xtec.cat\/ceipcervolablanca\/wp-content\/uploads\/usu1608\/2021\/02\/teatre6-1024x577.jpg\" alt=\"\" width=\"211\" height=\"119\" srcset=\"https:\/\/agora.xtec.cat\/ceipcervolablanca\/wp-content\/uploads\/usu1608\/2021\/02\/teatre6-1024x577.jpg 1024w, https:\/\/agora.xtec.cat\/ceipcervolablanca\/wp-content\/uploads\/usu1608\/2021\/02\/teatre6-300x169.jpg 300w, https:\/\/agora.xtec.cat\/ceipcervolablanca\/wp-content\/uploads\/usu1608\/2021\/02\/teatre6-768x433.jpg 768w, https:\/\/agora.xtec.cat\/ceipcervolablanca\/wp-content\/uploads\/usu1608\/2021\/02\/teatre6.jpg 1253w\" sizes=\"auto, (max-width: 211px) 100vw, 211px\" \/><\/a><\/strong><\/p>\n<p><strong>FINAL DE CURS:<\/strong> El teatre tamb\u00e9 \u00e9s protagonista a l&#8217;acabament de curs, ja que els alumnes de les Moires (Prim\u00e0ria 6) preparen durant uns mesos l&#8217;obra de teatre amb la qual acomiadaran el seu pas per l&#8217;escola.<\/p>\n<p><a href=\"https:\/\/agora.xtec.cat\/ceipcervolablanca\/wp-content\/uploads\/usu1608\/2021\/02\/tocab.jpg\"><img loading=\"lazy\" decoding=\"async\" class=\"wp-image-1751 alignright\" src=\"https:\/\/agora.xtec.cat\/ceipcervolablanca\/wp-content\/uploads\/usu1608\/2021\/02\/tocab-1024x477.jpg\" alt=\"\" width=\"252\" height=\"117\" srcset=\"https:\/\/agora.xtec.cat\/ceipcervolablanca\/wp-content\/uploads\/usu1608\/2021\/02\/tocab-1024x477.jpg 1024w, https:\/\/agora.xtec.cat\/ceipcervolablanca\/wp-content\/uploads\/usu1608\/2021\/02\/tocab-300x140.jpg 300w, https:\/\/agora.xtec.cat\/ceipcervolablanca\/wp-content\/uploads\/usu1608\/2021\/02\/tocab-768x358.jpg 768w, https:\/\/agora.xtec.cat\/ceipcervolablanca\/wp-content\/uploads\/usu1608\/2021\/02\/tocab.jpg 1087w\" sizes=\"auto, (max-width: 252px) 100vw, 252px\" \/><\/a><\/p>\n<p>Per final de curs tamb\u00e9 hi ha la mostra de <em>Tocabatuca<\/em>, moment en qu\u00e8 els alumnes de les Ondines (P4) fan un concert de batucada amb els instruments de percussi\u00f3.<\/p>\n<p><strong>EXPERI\u00c8NCIES<\/strong> DE FAM\u00cdLIES, EX-ALUMNES I COMUNITAT EDUCATIVA:<\/p>\n<p><em>&#8220;Gr\u00e0cies a l&#8217;escola per mantenir-nos sempre al dia com a fam\u00edlia, i pels esfor\u00e7os que han invertit, tant en els temps bons com en temps dif\u00edcils. Gr\u00e0cies mestres!&#8221;<\/em> (fam\u00edlia 20-21)<\/p>\n<p><em>&#8220;Els alumnes de Tous arriben amb molt bon nivell i, sobretot, bona capacitat de treball en grup, amb iniciativa, i molts recursos a l&#8217;hora de parlar en p\u00fablic&#8221;<\/em> (tutora INS Igualada)<\/p>\n<p><em>&#8220;M&#8217;ha encantat treballar com a mestra en aquesta escola, \u00e9s un entorn molt innovador i, sobretot, molt acollidor. Quan arribes tenen la figura del &#8220;padr\u00ed&#8221;, que com a mestra t&#8217;orienta i et fa sentir integrada, i aquesta figura tamb\u00e9 hi \u00e9s per les fam\u00edlies i pels alumnes. Tindr\u00e9 sempre un bon record de l&#8217;escola C\u00e9rvola Blanca&#8221;<\/em> (mestra curs 19-20)<\/p>\n<p><em>&#8220;Ens agrada molt venir a visitar l&#8217;escola, enyorem el nostre pati, i aqu\u00ed ens sentim com a casa&#8221;<\/em> (ex-alumne de l&#8217;escola)<\/p>\n<p>&#8220;<em>Vull donar les gr\u00e0cies com a mare. En una reuni\u00f3 amb la tutora de l&#8217;institut on va la meva filla (ex-alumna de l&#8217;escola), em va transmetre que t\u00e9 molt bona base i moltes habilitats personals que, m\u00e9s enll\u00e0 de les seves capacitats, segur que es van anar inculcant a la vostra escola. Destacava la capacitat d&#8217;expressi\u00f3 escrita tant en catal\u00e0 com en castell\u00e0, la comprensi\u00f3 oral de l&#8217;angl\u00e8s, l&#8217;habilitat i motivaci\u00f3 en matem\u00e0tiques, aix\u00ed com la capacitat per ser did\u00e0ctica amb els seus companys. Us dono les gr\u00e0cies per la part que us toca!&#8221;<\/em> (mare d&#8217;una ex-alumna)<\/p>\n\n\n<p><\/p>\n","protected":false},"excerpt":{"rendered":"<p>La nostra metodologia de treball \u00e9s diversa i parteix del treball per comunitats (PETITS-MITJANS-GRANS), respectant els ritmes maduratius i donant temps als aprenentatges. Inclou 3 grans franges: Treball sistem\u00e0tic: treball dels continguts m\u00e9s instrumentals a assolir a cada etapa, cada grup-classe amb el seu mestre referent i a la seva aula. Teixit d&#8217;aula: el teixit [&hellip;]<\/p>\n","protected":false},"author":1,"featured_media":0,"parent":22,"menu_order":40,"comment_status":"closed","ping_status":"closed","template":"","meta":{"_bbp_topic_count":0,"_bbp_reply_count":0,"_bbp_total_topic_count":0,"_bbp_total_reply_count":0,"_bbp_voice_count":0,"_bbp_anonymous_reply_count":0,"_bbp_topic_count_hidden":0,"_bbp_reply_count_hidden":0,"_bbp_forum_subforum_count":0,"site-sidebar-layout":"default","site-content-layout":"","ast-site-content-layout":"default","site-content-style":"default","site-sidebar-style":"default","ast-global-header-display":"","ast-banner-title-visibility":"","ast-main-header-display":"","ast-hfb-above-header-display":"","ast-hfb-below-header-display":"","ast-hfb-mobile-header-display":"","site-post-title":"","ast-breadcrumbs-content":"","ast-featured-img":"","footer-sml-layout":"","theme-transparent-header-meta":"","adv-header-id-meta":"","stick-header-meta":"","header-above-stick-meta":"","header-main-stick-meta":"","header-below-stick-meta":"","astra-migrate-meta-layouts":"set","ast-page-background-enabled":"default","ast-page-background-meta":{"desktop":{"background-color":"var(--ast-global-color-4)","background-image":"","background-repeat":"repeat","background-position":"center center","background-size":"auto","background-attachment":"scroll","background-type":"","background-media":"","overlay-type":"","overlay-color":"","overlay-opacity":"","overlay-gradient":""},"tablet":{"background-color":"","background-image":"","background-repeat":"repeat","background-position":"center center","background-size":"auto","background-attachment":"scroll","background-type":"","background-media":"","overlay-type":"","overlay-color":"","overlay-opacity":"","overlay-gradient":""},"mobile":{"background-color":"","background-image":"","background-repeat":"repeat","background-position":"center center","background-size":"auto","background-attachment":"scroll","background-type":"","background-media":"","overlay-type":"","overlay-color":"","overlay-opacity":"","overlay-gradient":""}},"ast-content-background-meta":{"desktop":{"background-color":"var(--ast-global-color-5)","background-image":"","background-repeat":"repeat","background-position":"center center","background-size":"auto","background-attachment":"scroll","background-type":"","background-media":"","overlay-type":"","overlay-color":"","overlay-opacity":"","overlay-gradient":""},"tablet":{"background-color":"var(--ast-global-color-5)","background-image":"","background-repeat":"repeat","background-position":"center center","background-size":"auto","background-attachment":"scroll","background-type":"","background-media":"","overlay-type":"","overlay-color":"","overlay-opacity":"","overlay-gradient":""},"mobile":{"background-color":"var(--ast-global-color-5)","background-image":"","background-repeat":"repeat","background-position":"center center","background-size":"auto","background-attachment":"scroll","background-type":"","background-media":"","overlay-type":"","overlay-color":"","overlay-opacity":"","overlay-gradient":""}},"footnotes":""},"class_list":["post-1736","page","type-page","status-publish","hentry"],"post_mailing_queue_ids":[],"_links":{"self":[{"href":"https:\/\/agora.xtec.cat\/ceipcervolablanca\/wp-json\/wp\/v2\/pages\/1736","targetHints":{"allow":["GET"]}}],"collection":[{"href":"https:\/\/agora.xtec.cat\/ceipcervolablanca\/wp-json\/wp\/v2\/pages"}],"about":[{"href":"https:\/\/agora.xtec.cat\/ceipcervolablanca\/wp-json\/wp\/v2\/types\/page"}],"author":[{"embeddable":true,"href":"https:\/\/agora.xtec.cat\/ceipcervolablanca\/wp-json\/wp\/v2\/users\/1"}],"replies":[{"embeddable":true,"href":"https:\/\/agora.xtec.cat\/ceipcervolablanca\/wp-json\/wp\/v2\/comments?post=1736"}],"version-history":[{"count":5,"href":"https:\/\/agora.xtec.cat\/ceipcervolablanca\/wp-json\/wp\/v2\/pages\/1736\/revisions"}],"predecessor-version":[{"id":3241,"href":"https:\/\/agora.xtec.cat\/ceipcervolablanca\/wp-json\/wp\/v2\/pages\/1736\/revisions\/3241"}],"up":[{"embeddable":true,"href":"https:\/\/agora.xtec.cat\/ceipcervolablanca\/wp-json\/wp\/v2\/pages\/22"}],"wp:attachment":[{"href":"https:\/\/agora.xtec.cat\/ceipcervolablanca\/wp-json\/wp\/v2\/media?parent=1736"}],"curies":[{"name":"wp","href":"https:\/\/api.w.org\/{rel}","templated":true}]}}