{"id":6520,"date":"2023-05-17T18:35:22","date_gmt":"2023-05-17T16:35:22","guid":{"rendered":"https:\/\/agora.xtec.cat\/ceipcervanteslleida\/?page_id=6520"},"modified":"2023-05-25T18:20:32","modified_gmt":"2023-05-25T16:20:32","slug":"comunicacio","status":"publish","type":"page","link":"https:\/\/agora.xtec.cat\/ceipcervanteslleida\/comunicacio\/","title":{"rendered":"Comunicaci\u00f3"},"content":{"rendered":"<p><span style=\"text-decoration: underline;\"><strong>Comunicaci\u00f3 de la comunitat educativa.<\/strong><\/span><\/p>\n<p>Per definir i millorar la gesti\u00f3 de la informaci\u00f3 i la comunicaci\u00f3, tant interna com externa, de tota la comunitat educativa es tenen en compte les seg\u00fcents pautes:<\/p>\n<table style=\"border-collapse: collapse; width: 100%; height: 1059px;\">\n<tbody>\n<tr style=\"height: 32px;\">\n<td style=\"width: 21.8788%; height: 32px; background-color: #6893de; text-align: center;\" colspan=\"2\"><strong>COMUNICACI\u00d3 INTERNA<\/strong><\/td>\n<\/tr>\n<tr style=\"height: 136px;\">\n<td style=\"width: 21.8788%; text-align: center; height: 136px; background-color: #dfe9f5;\"><em><strong>Correu electr\u00f2nic<\/strong><\/em><\/td>\n<td style=\"width: 78.1212%; height: 136px; background-color: #dfe9f5;\"><strong>\u2022Qui publica?<\/strong> Equip directiu i claustre.<\/p>\n<p><strong>\u2022Qu\u00e8 publica?<\/strong> Comunicacions.<\/p>\n<p><strong>\u2022Quan ho publica?<\/strong> Sempre que es cregui necessari<\/td>\n<\/tr>\n<tr style=\"height: 176px;\">\n<td style=\"width: 21.8788%; text-align: center; height: 176px;\"><strong><em>Entorn virtual d&#8217;aprenentatge (EVA)<\/em><\/strong><\/td>\n<td style=\"width: 78.1212%; height: 176px;\"><strong>\u2022Qui publica?<\/strong> Claustre.<\/p>\n<p><strong>\u2022Qu\u00e8 publica?<\/strong> Tasques educatives per fomentar el treball de la compet\u00e8ncia digital a l&#8217;aula.<\/p>\n<p><strong>\u2022Quan ho publica?<\/strong> Setmanalment.<\/p>\n<p><strong>\u2022Autoritzaci\u00f3:<\/strong> Es demana autoritzaci\u00f3 a les fam\u00edlies a l&#8217;inici de curs.<\/td>\n<\/tr>\n<tr style=\"height: 136px;\">\n<td style=\"width: 21.8788%; text-align: center; height: 136px; background-color: #dfe9f5;\"><strong><em>Programa de missatgeria instant\u00e0nia<\/em><\/strong><\/td>\n<td style=\"width: 78.1212%; height: 136px; background-color: #dfe9f5;\"><strong>\u2022Qui publica?<\/strong> Claustre.<\/p>\n<p><strong>\u2022Qu\u00e8 publica?<\/strong> Comunicacions i informacions diverses.<\/p>\n<p><strong>\u2022Quan ho publica?<\/strong> Sempre que es cregui necessari<\/td>\n<\/tr>\n<tr style=\"height: 32px;\">\n<td style=\"width: 21.8788%; height: 32px; background-color: #24d65a; text-align: center;\" colspan=\"2\"><strong>COMUNICACI\u00d3 EXTERNA<\/strong><\/td>\n<\/tr>\n<tr style=\"height: 158px;\">\n<td style=\"width: 21.8788%; text-align: center; height: 158px; background-color: #b5faaf;\"><strong><em>Circulars i fulls informatius<\/em><\/strong><\/td>\n<td style=\"width: 78.1212%; height: 158px; background-color: #b5faaf;\"><strong>\u2022Qui publica?<\/strong> Equip directiu.<\/p>\n<p><strong>\u2022Qu\u00e8 publica?<\/strong> Comunicacions.<\/p>\n<p><strong>\u2022Quan ho publica?<\/strong> Quan sigui necessari anunciar activitats puntuals, autoritzar sortides i informar dels dies festius.<\/td>\n<\/tr>\n<tr style=\"height: 136px;\">\n<td style=\"width: 21.8788%; text-align: center; height: 136px;\"><strong>Correu electr\u00f2nic<\/strong><\/td>\n<td style=\"width: 78.1212%; height: 136px;\"><strong>\u2022Qui publica?<\/strong> Equip directiu i claustre.<\/p>\n<p><strong>\u2022Qu\u00e8 publica?<\/strong> Comunicacions amb altres agents externs.<\/p>\n<p><strong>\u2022Quan ho publica?<\/strong> Sempre que es cregui necessari. Es t\u00e9 en compte la desconnexi\u00f3 digital.<\/td>\n<\/tr>\n<tr style=\"height: 221px;\">\n<td style=\"width: 21.8788%; text-align: center; height: 221px; background-color: #b5faaf;\"><strong><em>P\u00e0gina web del centre (NODES)<\/em><\/strong><\/td>\n<td style=\"width: 78.1212%; height: 221px; background-color: #b5faaf;\"><strong>\u2022Qui publica?<\/strong> Equip directiu i claustre<\/p>\n<p><strong>\u2022Qu\u00e8 publica?<\/strong> Documents i informaci\u00f3 del centre, activitats educatives del centre, informaci\u00f3 i reportatges de sortides i altres events.<\/p>\n<p><strong>\u2022Quan ho publica?<\/strong> A inici de curs per facilitar informaci\u00f3 a les fam\u00edlies i durant el curs perqu\u00e8 les fam\u00edlies puguin fer el seguiment de les diverses activitats dutes a terme.<\/p>\n<p><strong>\u2022Autoritzaci\u00f3:<\/strong> Es demana autoritzaci\u00f3 a les fam\u00edlies a l&#8217;inici de curs<\/td>\n<\/tr>\n<tr style=\"height: 32px;\">\n<td style=\"width: 21.8788%; text-align: center; height: 32px;\"><strong><em>Tel\u00e8fon<\/em><\/strong><\/td>\n<td style=\"width: 78.1212%; height: 32px;\">Tenint en compte la desconnexi\u00f3 digital de les fam\u00edlies, \u00e9s el canal m\u00e9s habitual de comunicaci\u00f3.<\/td>\n<\/tr>\n<\/tbody>\n<\/table>\n<p>&nbsp;<\/p>\n","protected":false},"excerpt":{"rendered":"<p>Comunicaci\u00f3 de la comunitat educativa.<br \/>\nPer definir i millorar la gesti\u00f3 de la informaci\u00f3 i la comunicaci\u00f3, tant interna com externa, de tota la comunitat educativa es tenen en compte les seg\u00fcents pautes:<\/p>\n<p>COMUNICACI\u00d3 INTERNA<\/p>\n<p>Correu electr\u00f2nic<br \/>\n\u2022Qui publica? Equip directiu i claustre.<br \/>\n\u2022Qu\u00e8 publica? Comunicacions.<br \/>\n\u2022Quan ho publica? Sempre que&hellip;  <a href=\"https:\/\/agora.xtec.cat\/ceipcervanteslleida\/comunicacio\/\" title=\"Read Comunicaci\u00f3\">Llegeix m\u00e9s\u00bb<\/a><\/p>\n","protected":false},"author":22,"featured_media":0,"parent":0,"menu_order":0,"comment_status":"closed","ping_status":"closed","template":"","meta":{"_bbp_topic_count":0,"_bbp_reply_count":0,"_bbp_total_topic_count":0,"_bbp_total_reply_count":0,"_bbp_voice_count":0,"_bbp_anonymous_reply_count":0,"_bbp_topic_count_hidden":0,"_bbp_reply_count_hidden":0,"_bbp_forum_subforum_count":0,"footnotes":""},"class_list":["post-6520","page","type-page","status-publish","hentry"],"post_mailing_queue_ids":[],"_links":{"self":[{"href":"https:\/\/agora.xtec.cat\/ceipcervanteslleida\/wp-json\/wp\/v2\/pages\/6520","targetHints":{"allow":["GET"]}}],"collection":[{"href":"https:\/\/agora.xtec.cat\/ceipcervanteslleida\/wp-json\/wp\/v2\/pages"}],"about":[{"href":"https:\/\/agora.xtec.cat\/ceipcervanteslleida\/wp-json\/wp\/v2\/types\/page"}],"author":[{"embeddable":true,"href":"https:\/\/agora.xtec.cat\/ceipcervanteslleida\/wp-json\/wp\/v2\/users\/22"}],"replies":[{"embeddable":true,"href":"https:\/\/agora.xtec.cat\/ceipcervanteslleida\/wp-json\/wp\/v2\/comments?post=6520"}],"version-history":[{"count":3,"href":"https:\/\/agora.xtec.cat\/ceipcervanteslleida\/wp-json\/wp\/v2\/pages\/6520\/revisions"}],"predecessor-version":[{"id":6594,"href":"https:\/\/agora.xtec.cat\/ceipcervanteslleida\/wp-json\/wp\/v2\/pages\/6520\/revisions\/6594"}],"wp:attachment":[{"href":"https:\/\/agora.xtec.cat\/ceipcervanteslleida\/wp-json\/wp\/v2\/media?parent=6520"}],"curies":[{"name":"wp","href":"https:\/\/api.w.org\/{rel}","templated":true}]}}