{"id":6519,"date":"2023-05-17T18:35:21","date_gmt":"2023-05-17T16:35:21","guid":{"rendered":"https:\/\/agora.xtec.cat\/ceipcervanteslleida\/?page_id=6519"},"modified":"2023-06-01T18:46:05","modified_gmt":"2023-06-01T16:46:05","slug":"acords-edc","status":"publish","type":"page","link":"https:\/\/agora.xtec.cat\/ceipcervanteslleida\/acords-edc\/","title":{"rendered":"Acords EDC"},"content":{"rendered":"<p>En aquest apartat es recullen els acords als quals vam arribar com a claustre durant la formaci\u00f3 d&#8217;estrat\u00e8gia digital:<\/p>\n<table style=\"width: 100%; border-collapse: collapse; border-color: #050505; background-color: #1fb52b;\">\n<tbody>\n<tr>\n<td style=\"width: 18.2424%; text-align: center;\" colspan=\"2\"><strong>\u00daS DE L&#8217;EVA: GOOGLE CLASSROOM<\/strong><\/td>\n<\/tr>\n<tr>\n<td style=\"width: 18.2424%;\"><a href=\"https:\/\/agora.xtec.cat\/ceipcervanteslleida\/wp-content\/uploads\/usu755\/2023\/05\/gc.png\"><img loading=\"lazy\" decoding=\"async\" class=\"alignnone size-full wp-image-6560\" src=\"https:\/\/agora.xtec.cat\/ceipcervanteslleida\/wp-content\/uploads\/usu755\/2023\/05\/gc.png\" alt=\"\" width=\"225\" height=\"225\" srcset=\"https:\/\/agora.xtec.cat\/ceipcervanteslleida\/wp-content\/uploads\/usu755\/2023\/05\/gc.png 225w, https:\/\/agora.xtec.cat\/ceipcervanteslleida\/wp-content\/uploads\/usu755\/2023\/05\/gc-150x150.png 150w\" sizes=\"auto, (max-width: 225px) 100vw, 225px\" \/><\/a><\/td>\n<td style=\"width: 81.7576%; text-align: left;\">\n<ul>\n<li>L\u2019alumnat i els mestres de 3r fins a 6\u00e8 utilitzaran el Google Classroom com a eina virtual d\u2019aprenentatge.<\/li>\n<li>Es crear\u00e0 una classe per a cada una de les \u00e0rees seg\u00fcents: Llengua catalana, Llengua castellana, Matem\u00e0tiques, Coneixement del Medi, Llengua anglesa, M\u00fasica i Educaci\u00f3 F\u00edsica.<\/li>\n<li>Els i les mestres encarregats de cada \u00e0rea seran els encarregats de crear la classe corresponent.<\/li>\n<li>En les \u00e0rees on hi interv\u00e9 un\/una mestre\/a especialista (Llengua anglesa, M\u00fasica i Educaci\u00f3 F\u00edsica) s\u2019haur\u00e0 de crear m\u00ednim UNA tasca per trimestre. La resta d\u2019\u00e0rees instrumentals hauran de crear-ne TRES.<\/li>\n<li>Tots aquests acords seran revisables despr\u00e9s d\u2019un curs sencer de posada en marxa.<\/li>\n<\/ul>\n<\/td>\n<\/tr>\n<tr>\n<td style=\"width: 18.2424%; text-align: center;\" colspan=\"2\"><strong>PROTECCI\u00d3 DE DADES DE L&#8217;ALUMNAT<\/strong><\/td>\n<\/tr>\n<tr>\n<td style=\"width: 18.2424%;\"><a href=\"https:\/\/agora.xtec.cat\/ceipcervanteslleida\/wp-content\/uploads\/usu755\/2023\/05\/3710191.png\"><img loading=\"lazy\" decoding=\"async\" class=\"alignnone size-full wp-image-6562\" src=\"https:\/\/agora.xtec.cat\/ceipcervanteslleida\/wp-content\/uploads\/usu755\/2023\/05\/3710191.png\" alt=\"\" width=\"512\" height=\"512\" srcset=\"https:\/\/agora.xtec.cat\/ceipcervanteslleida\/wp-content\/uploads\/usu755\/2023\/05\/3710191.png 512w, https:\/\/agora.xtec.cat\/ceipcervanteslleida\/wp-content\/uploads\/usu755\/2023\/05\/3710191-300x300.png 300w, https:\/\/agora.xtec.cat\/ceipcervanteslleida\/wp-content\/uploads\/usu755\/2023\/05\/3710191-150x150.png 150w\" sizes=\"auto, (max-width: 512px) 100vw, 512px\" \/><\/a><\/td>\n<td style=\"width: 81.7576%;\">Seguim les recomanacions i instruccions que ens marca el Departament d&#8217;Educaci\u00f3 i que es troben recollides en aquestes <a href=\"https:\/\/drive.google.com\/file\/d\/1a5BMFaAaMOsZBqRE28yLchPhRmOF-zt6\/view?usp=share_link\">infografies<\/a>.<\/p>\n<p>&nbsp;<\/td>\n<\/tr>\n<\/tbody>\n<\/table>\n","protected":false},"excerpt":{"rendered":"<p>En aquest apartat es recullen els acords als quals vam arribar com a claustre durant la formaci\u00f3 d&#8217;estrat\u00e8gia digital:<\/p>\n<p>\u00daS DE L&#8217;EVA: GOOGLE CLASSROOM<\/p>\n<p><a href=\"https:\/\/agora.xtec.cat\/ceipcervanteslleida\/wp-content\/uploads\/usu755\/2023\/05\/gc.png\"><\/a><\/p>\n<ul>\n<li>L\u2019alumnat i els mestres de 3r fins a 6\u00e8 utilitzaran el Google Classroom com a eina virtual d\u2019aprenentatge.<\/li>\n<li>Es crear\u00e0 una classe per&hellip;  <a href=\"https:\/\/agora.xtec.cat\/ceipcervanteslleida\/acords-edc\/\" title=\"Read Acords EDC\">Llegeix m\u00e9s\u00bb<\/a><br \/>\n","protected":false},"author":22,"featured_media":0,"parent":0,"menu_order":0,"comment_status":"closed","ping_status":"closed","template":"","meta":{"_bbp_topic_count":0,"_bbp_reply_count":0,"_bbp_total_topic_count":0,"_bbp_total_reply_count":0,"_bbp_voice_count":0,"_bbp_anonymous_reply_count":0,"_bbp_topic_count_hidden":0,"_bbp_reply_count_hidden":0,"_bbp_forum_subforum_count":0,"footnotes":""},"class_list":["post-6519","page","type-page","status-publish","hentry"],"post_mailing_queue_ids":[],"_links":{"self":[{"href":"https:\/\/agora.xtec.cat\/ceipcervanteslleida\/wp-json\/wp\/v2\/pages\/6519","targetHints":{"allow":["GET"]}}],"collection":[{"href":"https:\/\/agora.xtec.cat\/ceipcervanteslleida\/wp-json\/wp\/v2\/pages"}],"about":[{"href":"https:\/\/agora.xtec.cat\/ceipcervanteslleida\/wp-json\/wp\/v2\/types\/page"}],"author":[{"embeddable":true,"href":"https:\/\/agora.xtec.cat\/ceipcervanteslleida\/wp-json\/wp\/v2\/users\/22"}],"replies":[{"embeddable":true,"href":"https:\/\/agora.xtec.cat\/ceipcervanteslleida\/wp-json\/wp\/v2\/comments?post=6519"}],"version-history":[{"count":3,"href":"https:\/\/agora.xtec.cat\/ceipcervanteslleida\/wp-json\/wp\/v2\/pages\/6519\/revisions"}],"predecessor-version":[{"id":6605,"href":"https:\/\/agora.xtec.cat\/ceipcervanteslleida\/wp-json\/wp\/v2\/pages\/6519\/revisions\/6605"}],"wp:attachment":[{"href":"https:\/\/agora.xtec.cat\/ceipcervanteslleida\/wp-json\/wp\/v2\/media?parent=6519"}],"curies":[{"name":"wp","href":"https:\/\/api.w.org\/{rel}","templated":true}]}}