{"id":6426,"date":"2023-03-27T16:09:34","date_gmt":"2023-03-27T14:09:34","guid":{"rendered":"https:\/\/agora.xtec.cat\/ceipcervanteslleida\/?page_id=6426"},"modified":"2023-05-23T21:14:55","modified_gmt":"2023-05-23T19:14:55","slug":"alumnat","status":"publish","type":"page","link":"https:\/\/agora.xtec.cat\/ceipcervanteslleida\/acolliment-digital\/alumnat\/","title":{"rendered":"ALUMNAT"},"content":{"rendered":"<p>En el moment que l&#8217;alumnat s&#8217;incorpora al centre se l&#8217;informar\u00e0 de:<\/p>\n<p>La <strong>p\u00e0gina web del centre<\/strong>: <em>https:\/\/agora.xtec.cat\/ceipcervanteslleida\/<\/em><\/p>\n<p><a href=\"https:\/\/agora.xtec.cat\/ceipcervanteslleida\/wp-content\/uploads\/usu755\/2023\/03\/pag-web.jpg\"><img loading=\"lazy\" decoding=\"async\" class=\"alignnone wp-image-6434 size-full\" src=\"https:\/\/agora.xtec.cat\/ceipcervanteslleida\/wp-content\/uploads\/usu755\/2023\/03\/pag-web.jpg\" alt=\"\" width=\"1329\" height=\"163\" srcset=\"https:\/\/agora.xtec.cat\/ceipcervanteslleida\/wp-content\/uploads\/usu755\/2023\/03\/pag-web.jpg 1329w, https:\/\/agora.xtec.cat\/ceipcervanteslleida\/wp-content\/uploads\/usu755\/2023\/03\/pag-web-300x37.jpg 300w, https:\/\/agora.xtec.cat\/ceipcervanteslleida\/wp-content\/uploads\/usu755\/2023\/03\/pag-web-1024x126.jpg 1024w, https:\/\/agora.xtec.cat\/ceipcervanteslleida\/wp-content\/uploads\/usu755\/2023\/03\/pag-web-768x94.jpg 768w\" sizes=\"auto, (max-width: 1329px) 100vw, 1329px\" \/><\/a><\/p>\n<p>&nbsp;<\/p>\n<p>El <strong>correu de l&#8217;alumne<\/strong>: El Centre t\u00e9 un domini propi. Cada alumne disposa d&#8217;una adre\u00e7a de correu que \u00e9s @esclaseuvella.cat<\/p>\n<p>L&#8217;adre\u00e7a d\u00f3na acc\u00e9s a les eines de Google: correu, drive, classroom, calendari&#8230;<\/p>\n<p>\u00das i credencials d&#8217;acc\u00e9s als <strong>ordinadors port\u00e0tils<\/strong>\u00a0(alumnat de Cicle Superior).<\/p>\n<p>&nbsp;<\/p>\n<p>L&#8217;<strong>entorn virtual d&#8217;aprenentatge<\/strong>:<a href=\"https:\/\/agora.xtec.cat\/ceipcervanteslleida\/wp-content\/uploads\/usu755\/2023\/03\/google-classroom.png\"><img loading=\"lazy\" decoding=\"async\" class=\"wp-image-6435 size-thumbnail alignleft\" src=\"https:\/\/agora.xtec.cat\/ceipcervanteslleida\/wp-content\/uploads\/usu755\/2023\/03\/google-classroom-150x150.png\" alt=\"\" width=\"150\" height=\"150\" srcset=\"https:\/\/agora.xtec.cat\/ceipcervanteslleida\/wp-content\/uploads\/usu755\/2023\/03\/google-classroom-150x150.png 150w, https:\/\/agora.xtec.cat\/ceipcervanteslleida\/wp-content\/uploads\/usu755\/2023\/03\/google-classroom.png 243w\" sizes=\"auto, (max-width: 150px) 100vw, 150px\" \/><\/a><\/p>\n<ul>\n<li class=\"zfr3Q CDt4Ke \" dir=\"ltr\" role=\"presentation\"><span class=\"jgG6ef C9DxTc \">S&#8217;accedir\u00e0 amb el correu del domini propi de cada docent.<\/span><\/li>\n<li class=\"zfr3Q CDt4Ke \" dir=\"ltr\" role=\"presentation\">El seu \u00fas s&#8217;implementar\u00e0 en els cursos de Cicle Mitj\u00e0 i Cicle Superior, pel desenvolupament de tasques a l&#8217;aula.<\/li>\n<\/ul>\n<p>&nbsp;<\/p>\n<p><a href=\"https:\/\/agora.xtec.cat\/ceipcervanteslleida\/wp-content\/uploads\/usu755\/2022\/11\/GUIA-CLASSROOM-ALUMNATPARES.png\"><img loading=\"lazy\" decoding=\"async\" class=\"aligncenter wp-image-6226 size-medium\" src=\"https:\/\/agora.xtec.cat\/ceipcervanteslleida\/wp-content\/uploads\/usu755\/2022\/11\/GUIA-CLASSROOM-ALUMNATPARES-120x300.png\" alt=\"\" width=\"120\" height=\"300\" srcset=\"https:\/\/agora.xtec.cat\/ceipcervanteslleida\/wp-content\/uploads\/usu755\/2022\/11\/GUIA-CLASSROOM-ALUMNATPARES-120x300.png 120w, https:\/\/agora.xtec.cat\/ceipcervanteslleida\/wp-content\/uploads\/usu755\/2022\/11\/GUIA-CLASSROOM-ALUMNATPARES-410x1024.png 410w, https:\/\/agora.xtec.cat\/ceipcervanteslleida\/wp-content\/uploads\/usu755\/2022\/11\/GUIA-CLASSROOM-ALUMNATPARES-768x1920.png 768w, https:\/\/agora.xtec.cat\/ceipcervanteslleida\/wp-content\/uploads\/usu755\/2022\/11\/GUIA-CLASSROOM-ALUMNATPARES-614x1536.png 614w, https:\/\/agora.xtec.cat\/ceipcervanteslleida\/wp-content\/uploads\/usu755\/2022\/11\/GUIA-CLASSROOM-ALUMNATPARES.png 800w\" sizes=\"auto, (max-width: 120px) 100vw, 120px\" \/><\/a><\/p>\n<p>El <strong>Kit tecnol\u00f2gic<\/strong>:<\/p>\n<ul>\n<li>Alumnat de <strong>Cicle Superior<\/strong>: Se li proporcionar\u00e0 l&#8217;ordinador de dotaci\u00f3 del Departament i les seves credencials d&#8217;acc\u00e9s. Aquest kit \u00e9s entregat a l&#8217;inici del curs escolar.<\/li>\n<\/ul>\n<p>Tot l&#8217;alumnat podr\u00e0 fer \u00fas del <strong>maquinari del centre<\/strong>:<\/p>\n<ul>\n<li>Pissarres digitals i monitors interactius.<\/li>\n<li>Tauletes<\/li>\n<li>Ordinadors port\u00e0tils<\/li>\n<li>Bee-bots<\/li>\n<li>Armaris de c\u00e0rrega<\/li>\n<li>Servei d&#8217;impressi\u00f3<\/li>\n<li>Lego WeDo 2.0<\/li>\n<li>Lego Spike<\/li>\n<\/ul>\n<p><strong>Gesti\u00f3 d&#8217;incid\u00e8ncies<\/strong>: Quan hi ha una incid\u00e8ncia, l&#8217;alumnat ho comunicar\u00e0 al docent d&#8217;aula.<\/p>\n<p><a href=\"https:\/\/documents.espai.educacio.gencat.cat\/FormularisModels\/ProteccioDades\/A251.pdf\"><strong>Autoritzaci\u00f3 per a alumnes menors de 14 anys: \u00fas d\u2019imatges, publicaci\u00f3 de dades de car\u00e0cter personal i de material que elaboren.<\/strong><\/a><\/p>\n<p><a href=\"https:\/\/drive.google.com\/file\/d\/1a1MPvnhNg_p5haAdEWWyeofsy1sC0Ozn\/view?usp=share_link\"><strong>Autoritzaci\u00f3 relativa als alumnes de menys de 14 anys: \u00fas de serveis i recursos digitals a Internet per treballar a l\u2019aula.<\/strong><\/a><\/p>\n","protected":false},"excerpt":{"rendered":"<p>En el moment que l&#8217;alumnat s&#8217;incorpora al centre se l&#8217;informar\u00e0 de:<br \/>\nLa p\u00e0gina web del centre: https:\/\/agora.xtec.cat\/ceipcervanteslleida\/<br \/>\n<a href=\"https:\/\/agora.xtec.cat\/ceipcervanteslleida\/wp-content\/uploads\/usu755\/2023\/03\/pag-web.jpg\"><\/a><br \/>\n&nbsp;<br \/>\nEl correu de l&#8217;alumne: El Centre t\u00e9 un domini propi. Cada alumne disposa d&#8217;una adre\u00e7a de correu que \u00e9s @esclaseuvella.cat<br \/>\nL&#8217;adre\u00e7a d\u00f3na acc\u00e9s a les eines de Google: correu, drive,&hellip;  <a href=\"https:\/\/agora.xtec.cat\/ceipcervanteslleida\/acolliment-digital\/alumnat\/\" title=\"Read ALUMNAT\">Llegeix m\u00e9s\u00bb<\/a><\/p>\n","protected":false},"author":23,"featured_media":0,"parent":5830,"menu_order":0,"comment_status":"closed","ping_status":"closed","template":"","meta":{"_bbp_topic_count":0,"_bbp_reply_count":0,"_bbp_total_topic_count":0,"_bbp_total_reply_count":0,"_bbp_voice_count":0,"_bbp_anonymous_reply_count":0,"_bbp_topic_count_hidden":0,"_bbp_reply_count_hidden":0,"_bbp_forum_subforum_count":0,"footnotes":""},"class_list":["post-6426","page","type-page","status-publish","hentry"],"post_mailing_queue_ids":[],"_links":{"self":[{"href":"https:\/\/agora.xtec.cat\/ceipcervanteslleida\/wp-json\/wp\/v2\/pages\/6426","targetHints":{"allow":["GET"]}}],"collection":[{"href":"https:\/\/agora.xtec.cat\/ceipcervanteslleida\/wp-json\/wp\/v2\/pages"}],"about":[{"href":"https:\/\/agora.xtec.cat\/ceipcervanteslleida\/wp-json\/wp\/v2\/types\/page"}],"author":[{"embeddable":true,"href":"https:\/\/agora.xtec.cat\/ceipcervanteslleida\/wp-json\/wp\/v2\/users\/23"}],"replies":[{"embeddable":true,"href":"https:\/\/agora.xtec.cat\/ceipcervanteslleida\/wp-json\/wp\/v2\/comments?post=6426"}],"version-history":[{"count":4,"href":"https:\/\/agora.xtec.cat\/ceipcervanteslleida\/wp-json\/wp\/v2\/pages\/6426\/revisions"}],"predecessor-version":[{"id":6572,"href":"https:\/\/agora.xtec.cat\/ceipcervanteslleida\/wp-json\/wp\/v2\/pages\/6426\/revisions\/6572"}],"up":[{"embeddable":true,"href":"https:\/\/agora.xtec.cat\/ceipcervanteslleida\/wp-json\/wp\/v2\/pages\/5830"}],"wp:attachment":[{"href":"https:\/\/agora.xtec.cat\/ceipcervanteslleida\/wp-json\/wp\/v2\/media?parent=6426"}],"curies":[{"name":"wp","href":"https:\/\/api.w.org\/{rel}","templated":true}]}}