{"id":6422,"date":"2023-03-27T16:07:19","date_gmt":"2023-03-27T14:07:19","guid":{"rendered":"https:\/\/agora.xtec.cat\/ceipcervanteslleida\/?page_id=6422"},"modified":"2023-05-17T20:49:31","modified_gmt":"2023-05-17T18:49:31","slug":"docents","status":"publish","type":"page","link":"https:\/\/agora.xtec.cat\/ceipcervanteslleida\/acolliment-digital\/docents\/","title":{"rendered":"DOCENTS"},"content":{"rendered":"<p>En el moment que un mestre\/a s&#8217;incorpora al centre se l&#8217;informar\u00e0 de:<\/p>\n<p>La <strong>p\u00e0gina web del centre<\/strong>: <em>https:\/\/agora.xtec.cat\/ceipcervanteslleida\/<\/em><\/p>\n<p><a href=\"https:\/\/agora.xtec.cat\/ceipcervanteslleida\/wp-content\/uploads\/usu755\/2023\/03\/pag-web.jpg\"><img loading=\"lazy\" decoding=\"async\" class=\"alignnone wp-image-6434 size-large\" src=\"https:\/\/agora.xtec.cat\/ceipcervanteslleida\/wp-content\/uploads\/usu755\/2023\/03\/pag-web-1024x126.jpg\" alt=\"\" width=\"1024\" height=\"126\" srcset=\"https:\/\/agora.xtec.cat\/ceipcervanteslleida\/wp-content\/uploads\/usu755\/2023\/03\/pag-web-1024x126.jpg 1024w, https:\/\/agora.xtec.cat\/ceipcervanteslleida\/wp-content\/uploads\/usu755\/2023\/03\/pag-web-300x37.jpg 300w, https:\/\/agora.xtec.cat\/ceipcervanteslleida\/wp-content\/uploads\/usu755\/2023\/03\/pag-web-768x94.jpg 768w, https:\/\/agora.xtec.cat\/ceipcervanteslleida\/wp-content\/uploads\/usu755\/2023\/03\/pag-web.jpg 1329w\" sizes=\"auto, (max-width: 1024px) 100vw, 1024px\" \/><\/a><\/p>\n<p>L&#8217;<strong>entorn virtual d&#8217;aprenentatge<\/strong>:<\/p>\n<p><a href=\"https:\/\/agora.xtec.cat\/ceipcervanteslleida\/wp-content\/uploads\/usu755\/2023\/03\/google-classroom.png\"><img loading=\"lazy\" decoding=\"async\" class=\"wp-image-6435 alignleft\" src=\"https:\/\/agora.xtec.cat\/ceipcervanteslleida\/wp-content\/uploads\/usu755\/2023\/03\/google-classroom-150x150.png\" alt=\"\" width=\"138\" height=\"138\" srcset=\"https:\/\/agora.xtec.cat\/ceipcervanteslleida\/wp-content\/uploads\/usu755\/2023\/03\/google-classroom-150x150.png 150w, https:\/\/agora.xtec.cat\/ceipcervanteslleida\/wp-content\/uploads\/usu755\/2023\/03\/google-classroom.png 243w\" sizes=\"auto, (max-width: 138px) 100vw, 138px\" \/><\/a><\/p>\n<ul class=\"n8H08c UVNKR \">\n<li class=\"zfr3Q TYR86d eD0Rn \" dir=\"ltr\">\n<p class=\"zfr3Q CDt4Ke \" dir=\"ltr\" role=\"presentation\"><span class=\"jgG6ef C9DxTc \">\u00a0S&#8217;accedir\u00e0 amb el correu del domini propi de cada docent.<\/span><\/p>\n<\/li>\n<li class=\"zfr3Q TYR86d eD0Rn \" dir=\"ltr\">\n<p class=\"zfr3Q CDt4Ke \" dir=\"ltr\" role=\"presentation\">El seu \u00fas s&#8217;implementar\u00e0 en els cursos de Cicle Mitj\u00e0 i Cicle Superior, pel desenvolupament de tasques a l&#8217;aula.<\/p>\n<\/li>\n<\/ul>\n<p>&nbsp;<\/p>\n<p>&nbsp;<\/p>\n<p><a href=\"https:\/\/agora.xtec.cat\/ceipcervanteslleida\/wp-content\/uploads\/usu755\/2022\/11\/GUIA-CLASSROOM-MESTRES.png\"><img loading=\"lazy\" decoding=\"async\" class=\"wp-image-6227 size-medium aligncenter\" src=\"https:\/\/agora.xtec.cat\/ceipcervanteslleida\/wp-content\/uploads\/usu755\/2022\/11\/GUIA-CLASSROOM-MESTRES-212x300.png\" alt=\"\" width=\"212\" height=\"300\" srcset=\"https:\/\/agora.xtec.cat\/ceipcervanteslleida\/wp-content\/uploads\/usu755\/2022\/11\/GUIA-CLASSROOM-MESTRES-212x300.png 212w, https:\/\/agora.xtec.cat\/ceipcervanteslleida\/wp-content\/uploads\/usu755\/2022\/11\/GUIA-CLASSROOM-MESTRES-724x1024.png 724w, https:\/\/agora.xtec.cat\/ceipcervanteslleida\/wp-content\/uploads\/usu755\/2022\/11\/GUIA-CLASSROOM-MESTRES-768x1086.png 768w, https:\/\/agora.xtec.cat\/ceipcervanteslleida\/wp-content\/uploads\/usu755\/2022\/11\/GUIA-CLASSROOM-MESTRES-1086x1536.png 1086w, https:\/\/agora.xtec.cat\/ceipcervanteslleida\/wp-content\/uploads\/usu755\/2022\/11\/GUIA-CLASSROOM-MESTRES.png 1414w\" sizes=\"auto, (max-width: 212px) 100vw, 212px\" \/><\/a><\/p>\n<p>Per a m\u00e9s informaci\u00f3 sobre l&#8217;\u00fas del Google Classroom podeu accedir a <span style=\"text-decoration: underline;\"><a href=\"https:\/\/ateneu.xtec.cat\/wikiform\/wikiexport\/cmd\/tac\/treballaralnuvol\/treballalaula\/classroom\">aquest recurs<\/a><\/span>.<\/p>\n<p>&nbsp;<\/p>\n<p><strong>P<\/strong><strong>rotocols d&#8217;impressi\u00f3 i escaneig<\/strong> de documents i <strong>codis d&#8217;acc\u00e9s<\/strong>.<\/p>\n<p>El <strong>Kit tecnol\u00f2gic<\/strong>: L&#8217;Equip Directiu \u00e9s l&#8217;encarregat de proporcionar el Kit tecnol\u00f2gic i gestionar l&#8217;alta de l&#8217;usuari Xtec, si s&#8217;escau. Tamb\u00e9 es rebr\u00e0 una petita formaci\u00f3 digital dels dispositius, maquinari i serveis digitals de qu\u00e8 disposa el centre en iniciar el curs.<\/p>\n<p>Aquest kit est\u00e0 format per:<\/p>\n<ul>\n<li>Ordinador port\u00e0til del docent.<\/li>\n<li>Credencials d&#8217;acc\u00e8s al Wifi.<\/li>\n<\/ul>\n<p>Els docents tamb\u00e9 poden fer \u00fas dels ordinadors d&#8217;aula i de la sala de mestres.<\/p>\n<section id=\"h.50a691a37a6294e_3442\" class=\"yaqOZd\">\n<div class=\"mYVXT\">\n<div class=\"LS81yb VICjCf j5pSsc db35Fc\" tabindex=\"-1\">\n<div class=\"hJDwNd-AhqUyc-uQSCkd Ft7HRd-AhqUyc-uQSCkd purZT-AhqUyc-II5mzb ZcASvf-AhqUyc-II5mzb pSzOP-AhqUyc-qWD73c Ktthjf-AhqUyc-qWD73c JNdkSc SQVYQc\">\n<div class=\"JNdkSc-SmKAyb LkDMRd\">\n<div class=\"\">\n<div class=\"oKdM2c ZZyype Kzv0Me\">\n<div id=\"h.50a691a37a6294e_3445\" class=\"hJDwNd-AhqUyc-uQSCkd Ft7HRd-AhqUyc-uQSCkd jXK9ad D2fZ2 zu5uec OjCsFc dmUFtb wHaque g5GTcb JYTMs\">\n<div class=\"jXK9ad-SmKAyb\"><\/div>\n<\/div>\n<\/div>\n<\/div>\n<\/div>\n<\/div>\n<\/div>\n<\/div>\n<\/section>\n<section id=\"h.50a691a37a6294e_3446\" class=\"yaqOZd\">\n<div class=\"mYVXT\">\n<div class=\"LS81yb VICjCf j5pSsc db35Fc\" tabindex=\"-1\">\n<div class=\"hJDwNd-AhqUyc-OwsYgb Ft7HRd-AhqUyc-OwsYgb purZT-AhqUyc-II5mzb ZcASvf-AhqUyc-II5mzb pSzOP-AhqUyc-qWD73c Ktthjf-AhqUyc-qWD73c JNdkSc SQVYQc\">\n<div class=\"JNdkSc-SmKAyb LkDMRd\">\n<div class=\"\">\n<div class=\"oKdM2c ZZyype Kzv0Me\">\n<div id=\"h.50a691a37a6294e_3449\" class=\"hJDwNd-AhqUyc-OwsYgb Ft7HRd-AhqUyc-OwsYgb jXK9ad D2fZ2 zu5uec OjCsFc dmUFtb wHaque g5GTcb JYTMs\">\n<div class=\"jXK9ad-SmKAyb\">\n<div class=\"tyJCtd mGzaTb Depvyb baZpAe\">\n<p><strong>Maquinari del centre<\/strong>:<\/p>\n<ul>\n<li>Pissarres digitals i monitors interactius.<\/li>\n<li>Tauletes<\/li>\n<li>Ordinadors port\u00e0tils<\/li>\n<li>Bee-bots<\/li>\n<li>Armaris de c\u00e0rrega<\/li>\n<li>Servei d&#8217;impressi\u00f3<\/li>\n<li>Lego WeDo 2.0<\/li>\n<li>Lego Spike<\/li>\n<\/ul>\n<p><strong>Gesti\u00f3 d&#8217;incid\u00e8ncies.<\/strong><\/p>\n<p>A la sala de professors es troba el paper de gesti\u00f3 d&#8217;incid\u00e8ncies per a la revisi\u00f3 del preventiu.<\/p>\n<p><strong>Protocol de protecci\u00f3 de dades.<\/strong><\/p>\n<\/div>\n<\/div>\n<\/div>\n<\/div>\n<\/div>\n<\/div>\n<\/div>\n<\/div>\n<\/div>\n<\/section>\n","protected":false},"excerpt":{"rendered":"<p>En el moment que un mestre\/a s&#8217;incorpora al centre se l&#8217;informar\u00e0 de:<br \/>\nLa p\u00e0gina web del centre: https:\/\/agora.xtec.cat\/ceipcervanteslleida\/<br \/>\n<a href=\"https:\/\/agora.xtec.cat\/ceipcervanteslleida\/wp-content\/uploads\/usu755\/2023\/03\/pag-web.jpg\"><\/a><br \/>\nL&#8217;entorn virtual d&#8217;aprenentatge:<br \/>\n<a href=\"https:\/\/agora.xtec.cat\/ceipcervanteslleida\/wp-content\/uploads\/usu755\/2023\/03\/google-classroom.png\"><\/a><\/p>\n<ul class=\"n8H08c UVNKR \">\n<li class=\"zfr3Q TYR86d eD0Rn \" dir=\"ltr\">\n\u00a0S&#8217;accedir\u00e0 amb el correu del domini propi de cada docent.\n<\/li>\n<li class=\"zfr3Q TYR86d eD0Rn \" dir=\"ltr\">\nEl seu \u00fas&hellip;  <a href=\"https:\/\/agora.xtec.cat\/ceipcervanteslleida\/acolliment-digital\/docents\/\" title=\"Read DOCENTS\">Llegeix m\u00e9s\u00bb<\/a><\/p>\n","protected":false},"author":23,"featured_media":0,"parent":5830,"menu_order":0,"comment_status":"closed","ping_status":"closed","template":"","meta":{"_bbp_topic_count":0,"_bbp_reply_count":0,"_bbp_total_topic_count":0,"_bbp_total_reply_count":0,"_bbp_voice_count":0,"_bbp_anonymous_reply_count":0,"_bbp_topic_count_hidden":0,"_bbp_reply_count_hidden":0,"_bbp_forum_subforum_count":0,"footnotes":""},"class_list":["post-6422","page","type-page","status-publish","hentry"],"post_mailing_queue_ids":[],"_links":{"self":[{"href":"https:\/\/agora.xtec.cat\/ceipcervanteslleida\/wp-json\/wp\/v2\/pages\/6422","targetHints":{"allow":["GET"]}}],"collection":[{"href":"https:\/\/agora.xtec.cat\/ceipcervanteslleida\/wp-json\/wp\/v2\/pages"}],"about":[{"href":"https:\/\/agora.xtec.cat\/ceipcervanteslleida\/wp-json\/wp\/v2\/types\/page"}],"author":[{"embeddable":true,"href":"https:\/\/agora.xtec.cat\/ceipcervanteslleida\/wp-json\/wp\/v2\/users\/23"}],"replies":[{"embeddable":true,"href":"https:\/\/agora.xtec.cat\/ceipcervanteslleida\/wp-json\/wp\/v2\/comments?post=6422"}],"version-history":[{"count":3,"href":"https:\/\/agora.xtec.cat\/ceipcervanteslleida\/wp-json\/wp\/v2\/pages\/6422\/revisions"}],"predecessor-version":[{"id":6551,"href":"https:\/\/agora.xtec.cat\/ceipcervanteslleida\/wp-json\/wp\/v2\/pages\/6422\/revisions\/6551"}],"up":[{"embeddable":true,"href":"https:\/\/agora.xtec.cat\/ceipcervanteslleida\/wp-json\/wp\/v2\/pages\/5830"}],"wp:attachment":[{"href":"https:\/\/agora.xtec.cat\/ceipcervanteslleida\/wp-json\/wp\/v2\/media?parent=6422"}],"curies":[{"name":"wp","href":"https:\/\/api.w.org\/{rel}","templated":true}]}}