{"id":64,"date":"2014-09-18T12:39:08","date_gmt":"2014-09-18T12:39:08","guid":{"rendered":"http:\/\/agora.xtec.cat\/ceipcervanteslleida\/?page_id=64"},"modified":"2023-03-14T10:30:04","modified_gmt":"2023-03-14T09:30:04","slug":"projecte-educatiu","status":"publish","type":"page","link":"https:\/\/agora.xtec.cat\/ceipcervanteslleida\/projecte-educatiu\/","title":{"rendered":"Trets d&#8217;identitat"},"content":{"rendered":"<p>L\u2019Escola La Seu Vella, centre de refer\u00e8ncia del centre hist\u00f2ric de Lleida, t\u00e9 com a finalitat que els seus alumnes desenvolupin al m\u00e0xim tots els seus aspectes personals i les seves capacitats<\/p>\n<ul>\n<li>Educant els nens i les nenes en valors socials, potenciant l&#8217;autonomia personal, el respecte als valors i les normes, la capacitat de discussi\u00f3 i de decisi\u00f3, la capacitat de resoldre conflictes&#8230;<\/li>\n<li>Potenciant metodologies actives que afavoreixin un aprenentatge significatiu i constructiu.<\/li>\n<li>Fomentant h\u00e0bits saludables mitjan\u00e7ant projectes de treball.<\/li>\n<li>Atenent els diferents ritmes d&#8217;aprenentatge i potenciant les capacitats de cada alumne.<\/li>\n<li>Vetllant per una acci\u00f3 tutorial potent i continuada.<\/li>\n<li>Impulsant les noves tecnologies i integrant-les en el treball a l&#8217;aula.<\/li>\n<\/ul>\n<p>Per tal de poder dur-ho a terme, ens cal una bona organitzaci\u00f3 de l\u2019escola, cal un equip de mestres amb una bona actitud, cal un treball conjunt de tota la comunitat educativa, cal una infraestructura adaptable, amb una organitzaci\u00f3 dels espais i del temps flexible.<\/p>\n","protected":false},"excerpt":{"rendered":"<p>L\u2019Escola La Seu Vella, centre de refer\u00e8ncia del centre hist\u00f2ric de Lleida, t\u00e9 com a finalitat que els seus alumnes desenvolupin al m\u00e0xim tots els seus aspectes personals i les seves capacitats<\/p>\n<ul>\n<li>Educant els nens i les nenes en valors socials, potenciant l&#8217;autonomia personal, el respecte&hellip;  <a href=\"https:\/\/agora.xtec.cat\/ceipcervanteslleida\/projecte-educatiu\/\" title=\"Read Trets d&#8217;identitat\">Llegeix m\u00e9s\u00bb<\/a><br \/>\n","protected":false},"author":2,"featured_media":0,"parent":0,"menu_order":0,"comment_status":"closed","ping_status":"closed","template":"page-templates\/side-menu.php","meta":{"_bbp_topic_count":0,"_bbp_reply_count":0,"_bbp_total_topic_count":0,"_bbp_total_reply_count":0,"_bbp_voice_count":0,"_bbp_anonymous_reply_count":0,"_bbp_topic_count_hidden":0,"_bbp_reply_count_hidden":0,"_bbp_forum_subforum_count":0,"footnotes":""},"class_list":["post-64","page","type-page","status-publish","hentry"],"post_mailing_queue_ids":[],"_links":{"self":[{"href":"https:\/\/agora.xtec.cat\/ceipcervanteslleida\/wp-json\/wp\/v2\/pages\/64","targetHints":{"allow":["GET"]}}],"collection":[{"href":"https:\/\/agora.xtec.cat\/ceipcervanteslleida\/wp-json\/wp\/v2\/pages"}],"about":[{"href":"https:\/\/agora.xtec.cat\/ceipcervanteslleida\/wp-json\/wp\/v2\/types\/page"}],"author":[{"embeddable":true,"href":"https:\/\/agora.xtec.cat\/ceipcervanteslleida\/wp-json\/wp\/v2\/users\/2"}],"replies":[{"embeddable":true,"href":"https:\/\/agora.xtec.cat\/ceipcervanteslleida\/wp-json\/wp\/v2\/comments?post=64"}],"version-history":[{"count":3,"href":"https:\/\/agora.xtec.cat\/ceipcervanteslleida\/wp-json\/wp\/v2\/pages\/64\/revisions"}],"predecessor-version":[{"id":6382,"href":"https:\/\/agora.xtec.cat\/ceipcervanteslleida\/wp-json\/wp\/v2\/pages\/64\/revisions\/6382"}],"wp:attachment":[{"href":"https:\/\/agora.xtec.cat\/ceipcervanteslleida\/wp-json\/wp\/v2\/media?parent=64"}],"curies":[{"name":"wp","href":"https:\/\/api.w.org\/{rel}","templated":true}]}}