{"id":5835,"date":"2022-04-20T12:05:00","date_gmt":"2022-04-20T10:05:00","guid":{"rendered":"https:\/\/agora.xtec.cat\/ceipcervanteslleida\/?page_id=5835"},"modified":"2023-05-26T15:07:15","modified_gmt":"2023-05-26T13:07:15","slug":"serveis-digitals","status":"publish","type":"page","link":"https:\/\/agora.xtec.cat\/ceipcervanteslleida\/serveis-digitals\/","title":{"rendered":"Serveis digitals"},"content":{"rendered":"<table style=\"border-collapse: collapse; width: 100%; height: 564px;\">\n<tbody>\n<tr style=\"height: 32px;\">\n<td style=\"width: 99.8787%; height: 32px; background-color: #6893de; text-align: center;\" colspan=\"2\"><strong>P\u00c0GINA WEB DEL CENTRE<\/strong><\/td>\n<\/tr>\n<tr style=\"height: 141px;\">\n<td style=\"width: 99.8787%; height: 103px;\" colspan=\"2\"><a href=\"https:\/\/agora.xtec.cat\/ceipcervanteslleida\/wp-content\/uploads\/usu755\/2023\/03\/pag-web.jpg\"><img loading=\"lazy\" decoding=\"async\" class=\"alignnone wp-image-6434 size-full\" src=\"https:\/\/agora.xtec.cat\/ceipcervanteslleida\/wp-content\/uploads\/usu755\/2023\/03\/pag-web.jpg\" sizes=\"auto, (max-width: 1329px) 100vw, 1329px\" srcset=\"https:\/\/agora.xtec.cat\/ceipcervanteslleida\/wp-content\/uploads\/usu755\/2023\/03\/pag-web.jpg 1329w, https:\/\/agora.xtec.cat\/ceipcervanteslleida\/wp-content\/uploads\/usu755\/2023\/03\/pag-web-300x37.jpg 300w, https:\/\/agora.xtec.cat\/ceipcervanteslleida\/wp-content\/uploads\/usu755\/2023\/03\/pag-web-1024x126.jpg 1024w, https:\/\/agora.xtec.cat\/ceipcervanteslleida\/wp-content\/uploads\/usu755\/2023\/03\/pag-web-768x94.jpg 768w\" alt=\"\" width=\"1329\" height=\"163\" \/><\/a>https:\/\/agora.xtec.cat\/ceipcervanteslleida\/<\/td>\n<\/tr>\n<tr style=\"height: 32px;\">\n<td style=\"width: 99.8787%; height: 32px; background-color: #6893de; text-align: center;\" colspan=\"2\"><strong>CORREU DE L&#8217;ALUMNE<\/strong><\/td>\n<\/tr>\n<tr style=\"height: 141px;\">\n<td style=\"text-align: center; width: 28.4848%; height: 141px;\"><strong><a href=\"https:\/\/agora.xtec.cat\/ceipcervanteslleida\/wp-content\/uploads\/usu755\/2023\/05\/gmail.png\"><img loading=\"lazy\" decoding=\"async\" class=\"alignnone wp-image-6589\" src=\"https:\/\/agora.xtec.cat\/ceipcervanteslleida\/wp-content\/uploads\/usu755\/2023\/05\/gmail.png\" alt=\"\" width=\"134\" height=\"101\" srcset=\"https:\/\/agora.xtec.cat\/ceipcervanteslleida\/wp-content\/uploads\/usu755\/2023\/05\/gmail.png 259w, https:\/\/agora.xtec.cat\/ceipcervanteslleida\/wp-content\/uploads\/usu755\/2023\/05\/gmail-200x150.png 200w\" sizes=\"auto, (max-width: 134px) 100vw, 134px\" \/><\/a><\/strong><\/td>\n<td style=\"text-align: center; width: 71.3939%; height: 141px;\">\n<p style=\"text-align: left;\">El Centre t\u00e9 un domini propi. Cada alumne de 3r a 6\u00e8 disposa d\u2019una adre\u00e7a de correu que \u00e9s @esclaseuvella.cat<\/p>\n<p style=\"text-align: left;\">L\u2019adre\u00e7a d\u00f3na acc\u00e9s a les eines de Google Worspace for Education: correu, Drive, Classroom, calendari\u2026<\/p>\n<\/td>\n<\/tr>\n<tr style=\"height: 32px;\">\n<td style=\"width: 99.8787%; height: 32px; background-color: #6893de; text-align: center;\" colspan=\"2\"><strong>ENTORN VIRTUAL D&#8217;APRENENTATGE<\/strong><\/td>\n<\/tr>\n<tr style=\"height: 32px;\">\n<td style=\"width: 28.4848%; height: 32px;\"><a href=\"https:\/\/agora.xtec.cat\/ceipcervanteslleida\/wp-content\/uploads\/usu755\/2023\/03\/google-classroom.png\"><img loading=\"lazy\" decoding=\"async\" class=\"wp-image-6435 aligncenter\" src=\"https:\/\/agora.xtec.cat\/ceipcervanteslleida\/wp-content\/uploads\/usu755\/2023\/03\/google-classroom-150x150.png\" sizes=\"auto, (max-width: 150px) 100vw, 150px\" srcset=\"https:\/\/agora.xtec.cat\/ceipcervanteslleida\/wp-content\/uploads\/usu755\/2023\/03\/google-classroom-150x150.png 150w, https:\/\/agora.xtec.cat\/ceipcervanteslleida\/wp-content\/uploads\/usu755\/2023\/03\/google-classroom.png 243w\" alt=\"\" width=\"126\" height=\"126\" \/><\/a><\/td>\n<td style=\"width: 71.3939%; height: 32px; text-align: left;\"><span class=\"jgG6ef C9DxTc \">Utilitzem el <strong>Google Classroom<\/strong> com a entorn virtual d&#8217;aprenentatge que permet crear documents, compartir informaci\u00f3 en diferents formats i realitzar-les virtualment. Els i les alumnes tamb\u00e9 podran accedir des de qualsevol dispositiu a les seves classes, les seves anotacions o les seves tasques assignades.<\/span><\/p>\n<p>El seu \u00fas s\u2019implementar\u00e0 en els cursos de Cicle Mitj\u00e0 i Cicle Superior, pel desenvolupament de tasques a l\u2019aula.<\/p>\n<p><span class=\"jgG6ef C9DxTc \">S\u2019accedir\u00e0 amb el correu del domini propi (@esclaseuvella.cat) tant docents com alumnat.<\/span><\/td>\n<\/tr>\n<tr style=\"height: 32px;\">\n<td style=\"height: 32px; width: 99.8787%; background-color: #6893de; text-align: center;\" colspan=\"2\"><strong>DISPOSITIUS PLA D&#8217;EDUCACI\u00d3 DIGITAL DE CATALUNYA<\/strong><\/td>\n<\/tr>\n<tr style=\"height: 32px;\">\n<td style=\"width: 28.4848%; height: 32px;\"><a href=\"https:\/\/agora.xtec.cat\/ceipcervanteslleida\/wp-content\/uploads\/usu755\/2023\/05\/pedc.png\"><img loading=\"lazy\" decoding=\"async\" class=\"wp-image-6587 aligncenter\" src=\"https:\/\/agora.xtec.cat\/ceipcervanteslleida\/wp-content\/uploads\/usu755\/2023\/05\/pedc.png\" alt=\"\" width=\"121\" height=\"108\" \/><\/a><\/td>\n<td style=\"width: 71.3939%; height: 32px;\"><strong>Ordinadors port\u00e0tils per l&#8217;alumnat de Cicle Superior<\/strong> amb credencials d&#8217;acc\u00e9s.<\/p>\n<p><strong>Ordinadors port\u00e0tils docents<\/strong><\/td>\n<\/tr>\n<tr style=\"height: 32px;\">\n<td style=\"width: 99.8787%; height: 32px; background-color: #6893de; text-align: center;\" colspan=\"2\"><strong>ALTRES DISPOSITIUS DIGITALS<\/strong><\/td>\n<\/tr>\n<tr style=\"height: 32px;\">\n<td style=\"width: 28.4848%; height: 32px;\"><a href=\"https:\/\/agora.xtec.cat\/ceipcervanteslleida\/wp-content\/uploads\/usu755\/2023\/05\/DISPOSITIUS-DIGITALS.jpg\"><img loading=\"lazy\" decoding=\"async\" class=\"wp-image-6590 aligncenter\" src=\"https:\/\/agora.xtec.cat\/ceipcervanteslleida\/wp-content\/uploads\/usu755\/2023\/05\/DISPOSITIUS-DIGITALS-1024x1024.jpg\" alt=\"\" width=\"131\" height=\"131\" srcset=\"https:\/\/agora.xtec.cat\/ceipcervanteslleida\/wp-content\/uploads\/usu755\/2023\/05\/DISPOSITIUS-DIGITALS-1024x1024.jpg 1024w, https:\/\/agora.xtec.cat\/ceipcervanteslleida\/wp-content\/uploads\/usu755\/2023\/05\/DISPOSITIUS-DIGITALS-300x300.jpg 300w, https:\/\/agora.xtec.cat\/ceipcervanteslleida\/wp-content\/uploads\/usu755\/2023\/05\/DISPOSITIUS-DIGITALS-150x150.jpg 150w, https:\/\/agora.xtec.cat\/ceipcervanteslleida\/wp-content\/uploads\/usu755\/2023\/05\/DISPOSITIUS-DIGITALS-768x768.jpg 768w, https:\/\/agora.xtec.cat\/ceipcervanteslleida\/wp-content\/uploads\/usu755\/2023\/05\/DISPOSITIUS-DIGITALS.jpg 1200w\" sizes=\"auto, (max-width: 131px) 100vw, 131px\" \/><\/a><\/td>\n<td style=\"width: 71.3939%; height: 32px;\">\n<ul>\n<li>Pissarres digitals i monitors interactius a totes les aules on s&#8217;imparteix doc\u00e8ncia.<\/li>\n<li>Tauletes<\/li>\n<li>Ordinadors port\u00e0tils i ordinadors de sobretaula<\/li>\n<li>Armaris de c\u00e0rrega<\/li>\n<li>Servei d\u2019impressi\u00f3<\/li>\n<li>Equips de rob\u00f2tica:\n<ul>\n<li>Bee-bots<\/li>\n<li>Lego WeDo 2.0<\/li>\n<li>Lego Spike<\/li>\n<\/ul>\n<\/li>\n<\/ul>\n<\/td>\n<\/tr>\n<\/tbody>\n<\/table>\n","protected":false},"excerpt":{"rendered":"<p>P\u00c0GINA WEB DEL CENTRE<\/p>\n<p><a href=\"https:\/\/agora.xtec.cat\/ceipcervanteslleida\/wp-content\/uploads\/usu755\/2023\/03\/pag-web.jpg\"><\/a>https:\/\/agora.xtec.cat\/ceipcervanteslleida\/<\/p>\n<p>CORREU DE L&#8217;ALUMNE<\/p>\n<p><a href=\"https:\/\/agora.xtec.cat\/ceipcervanteslleida\/wp-content\/uploads\/usu755\/2023\/05\/gmail.png\"><\/a><\/p>\n<p>El Centre t\u00e9 un domini propi. Cada alumne de 3r a 6\u00e8 disposa d\u2019una adre\u00e7a de correu que \u00e9s @esclaseuvella.cat<br \/>\nL\u2019adre\u00e7a d\u00f3na acc\u00e9s a les eines de Google Worspace for Education: correu, Drive, Classroom, calendari\u2026<\/p>\n<p>ENTORN VIRTUAL D&#8217;APRENENTATGE<\/p>\n<p><a href=\"https:\/\/agora.xtec.cat\/ceipcervanteslleida\/wp-content\/uploads\/usu755\/2023\/03\/google-classroom.png\"><\/a><br \/>\nUtilitzem el&hellip;  <a href=\"https:\/\/agora.xtec.cat\/ceipcervanteslleida\/serveis-digitals\/\" title=\"Read Serveis digitals\">Llegeix m\u00e9s\u00bb<\/a><\/p>\n","protected":false},"author":3,"featured_media":0,"parent":0,"menu_order":0,"comment_status":"closed","ping_status":"closed","template":"","meta":{"_bbp_topic_count":0,"_bbp_reply_count":0,"_bbp_total_topic_count":0,"_bbp_total_reply_count":0,"_bbp_voice_count":0,"_bbp_anonymous_reply_count":0,"_bbp_topic_count_hidden":0,"_bbp_reply_count_hidden":0,"_bbp_forum_subforum_count":0,"footnotes":""},"class_list":["post-5835","page","type-page","status-publish","hentry"],"post_mailing_queue_ids":[],"_links":{"self":[{"href":"https:\/\/agora.xtec.cat\/ceipcervanteslleida\/wp-json\/wp\/v2\/pages\/5835","targetHints":{"allow":["GET"]}}],"collection":[{"href":"https:\/\/agora.xtec.cat\/ceipcervanteslleida\/wp-json\/wp\/v2\/pages"}],"about":[{"href":"https:\/\/agora.xtec.cat\/ceipcervanteslleida\/wp-json\/wp\/v2\/types\/page"}],"author":[{"embeddable":true,"href":"https:\/\/agora.xtec.cat\/ceipcervanteslleida\/wp-json\/wp\/v2\/users\/3"}],"replies":[{"embeddable":true,"href":"https:\/\/agora.xtec.cat\/ceipcervanteslleida\/wp-json\/wp\/v2\/comments?post=5835"}],"version-history":[{"count":4,"href":"https:\/\/agora.xtec.cat\/ceipcervanteslleida\/wp-json\/wp\/v2\/pages\/5835\/revisions"}],"predecessor-version":[{"id":6596,"href":"https:\/\/agora.xtec.cat\/ceipcervanteslleida\/wp-json\/wp\/v2\/pages\/5835\/revisions\/6596"}],"wp:attachment":[{"href":"https:\/\/agora.xtec.cat\/ceipcervanteslleida\/wp-json\/wp\/v2\/media?parent=5835"}],"curies":[{"name":"wp","href":"https:\/\/api.w.org\/{rel}","templated":true}]}}