{"id":5830,"date":"2022-04-20T12:04:49","date_gmt":"2022-04-20T10:04:49","guid":{"rendered":"https:\/\/agora.xtec.cat\/ceipcervanteslleida\/?page_id=5830"},"modified":"2023-03-27T16:10:44","modified_gmt":"2023-03-27T14:10:44","slug":"acolliment-digital","status":"publish","type":"page","link":"https:\/\/agora.xtec.cat\/ceipcervanteslleida\/acolliment-digital\/","title":{"rendered":"Acolliment digital"},"content":{"rendered":"<p>Una bona acollida digital de l\u2019alumnat de nova incorporaci\u00f3 en un centre i de les seves fam\u00edlies \u00e9s un aspecte que pot afavorir l\u2019equitat i la inclusi\u00f3.<\/p>\n<p>Entre els protocols que ha de recollir l\u2019apartat de Cultura digital d\u2019un centre en el marc de l\u2019Estrat\u00e8gia Digital de Centre (EDC), trobem el Pla d\u2019acollida digital del professorat, alumnat i fam\u00edlies de nova incorporaci\u00f3 al Centre.<\/p>\n<table style=\"width: 100%; border-collapse: collapse; border-style: solid; border-color: #000000; background-color: #d3f0f5;\">\n<tbody>\n<tr>\n<td style=\"width: 33.3333%; text-align: center;\"><strong><a href=\"https:\/\/agora.xtec.cat\/ceipcervanteslleida\/acolliment-digital\/docents\/\">DOCENTS<\/a><\/strong><\/td>\n<td style=\"width: 33.2121%; text-align: center;\"><a href=\"https:\/\/agora.xtec.cat\/ceipcervanteslleida\/acolliment-digital\/alumnat\/\"><strong>ALUMNAT<\/strong><\/a><\/td>\n<td style=\"width: 33.4545%; text-align: center;\"><a href=\"https:\/\/agora.xtec.cat\/ceipcervanteslleida\/acolliment-digital\/families\/\"><strong>FAM\u00cdLIES<\/strong><\/a><\/td>\n<\/tr>\n<\/tbody>\n<\/table>\n<p>&nbsp;<\/p>\n","protected":false},"excerpt":{"rendered":"<p>Una bona acollida digital de l\u2019alumnat de nova incorporaci\u00f3 en un centre i de les seves fam\u00edlies \u00e9s un aspecte que pot afavorir l\u2019equitat i la inclusi\u00f3.<br \/>\nEntre els protocols que ha de recollir l\u2019apartat de Cultura digital d\u2019un centre en el marc de l\u2019Estrat\u00e8gia Digital&hellip;  <a href=\"https:\/\/agora.xtec.cat\/ceipcervanteslleida\/acolliment-digital\/\" title=\"Read Acolliment digital\">Llegeix m\u00e9s\u00bb<\/a><\/p>\n","protected":false},"author":3,"featured_media":0,"parent":0,"menu_order":0,"comment_status":"closed","ping_status":"closed","template":"","meta":{"_bbp_topic_count":0,"_bbp_reply_count":0,"_bbp_total_topic_count":0,"_bbp_total_reply_count":0,"_bbp_voice_count":0,"_bbp_anonymous_reply_count":0,"_bbp_topic_count_hidden":0,"_bbp_reply_count_hidden":0,"_bbp_forum_subforum_count":0,"footnotes":""},"class_list":["post-5830","page","type-page","status-publish","hentry"],"post_mailing_queue_ids":[],"_links":{"self":[{"href":"https:\/\/agora.xtec.cat\/ceipcervanteslleida\/wp-json\/wp\/v2\/pages\/5830","targetHints":{"allow":["GET"]}}],"collection":[{"href":"https:\/\/agora.xtec.cat\/ceipcervanteslleida\/wp-json\/wp\/v2\/pages"}],"about":[{"href":"https:\/\/agora.xtec.cat\/ceipcervanteslleida\/wp-json\/wp\/v2\/types\/page"}],"author":[{"embeddable":true,"href":"https:\/\/agora.xtec.cat\/ceipcervanteslleida\/wp-json\/wp\/v2\/users\/3"}],"replies":[{"embeddable":true,"href":"https:\/\/agora.xtec.cat\/ceipcervanteslleida\/wp-json\/wp\/v2\/comments?post=5830"}],"version-history":[{"count":3,"href":"https:\/\/agora.xtec.cat\/ceipcervanteslleida\/wp-json\/wp\/v2\/pages\/5830\/revisions"}],"predecessor-version":[{"id":6430,"href":"https:\/\/agora.xtec.cat\/ceipcervanteslleida\/wp-json\/wp\/v2\/pages\/5830\/revisions\/6430"}],"wp:attachment":[{"href":"https:\/\/agora.xtec.cat\/ceipcervanteslleida\/wp-json\/wp\/v2\/media?parent=5830"}],"curies":[{"name":"wp","href":"https:\/\/api.w.org\/{rel}","templated":true}]}}