{"id":5825,"date":"2022-04-20T12:04:38","date_gmt":"2022-04-20T10:04:38","guid":{"rendered":"https:\/\/agora.xtec.cat\/ceipcervanteslleida\/?page_id=5825"},"modified":"2023-05-17T21:13:16","modified_gmt":"2023-05-17T19:13:16","slug":"desplegament-de-la-competencia-digital","status":"publish","type":"page","link":"https:\/\/agora.xtec.cat\/ceipcervanteslleida\/desplegament-de-la-competencia-digital\/","title":{"rendered":"Desplegament de la compet\u00e8ncia digital"},"content":{"rendered":"<p><strong>COMPET\u00c8NCIA DIGITAL DE L&#8217;ALUMNAT<\/strong><\/p>\n<div class=\"CjVfdc\"><span class=\"C9DxTc \">L&#8217;\u00e0mbit digital \u00e9s un \u00e0mbit transversal i, per tant, caldr\u00e0 treballar-lo conjuntament amb l&#8217;equip docent d&#8217;acord amb la nova llei d&#8217;Educaci\u00f3<\/span><\/div>\n<div>(LOMLOE) i les Compet\u00e8ncies Digitals del Marc Europeu ( DIGCOMP).<\/div>\n<div><\/div>\n<div><a href=\"https:\/\/agora.xtec.cat\/ceipcervanteslleida\/wp-content\/uploads\/usu755\/2023\/05\/Sense-titol.png\"><img loading=\"lazy\" decoding=\"async\" class=\"size-full wp-image-6544 aligncenter\" src=\"https:\/\/agora.xtec.cat\/ceipcervanteslleida\/wp-content\/uploads\/usu755\/2023\/05\/Sense-titol.png\" alt=\"\" width=\"736\" height=\"414\" srcset=\"https:\/\/agora.xtec.cat\/ceipcervanteslleida\/wp-content\/uploads\/usu755\/2023\/05\/Sense-titol.png 736w, https:\/\/agora.xtec.cat\/ceipcervanteslleida\/wp-content\/uploads\/usu755\/2023\/05\/Sense-titol-300x169.png 300w\" sizes=\"auto, (max-width: 736px) 100vw, 736px\" \/><\/a><\/div>\n<div><\/div>\n<div id=\"h.m3f8u0gfljxq\" class=\"GV3q8e yMxPgf aP9Z7e\"><\/div>\n<div class=\"CjVfdc\">\n<div class=\"PPhIP rviiZ\">\n<div class=\"U26fgb mUbCce fKz7Od LRAOtb Znu9nd M9Bg4d\" role=\"presentation\" aria-describedby=\"h.m3f8u0gfljxq_l\" aria-label=\"Copia l'enlla\u00e7 del t\u00edtol\" aria-disabled=\"false\" data-tooltip=\"Copia l'enlla\u00e7 del t\u00edtol\" aria-hidden=\"true\" data-tooltip-position=\"top\" data-tooltip-vertical-offset=\"12\" data-tooltip-horizontal-offset=\"0\">\n<div class=\"VTBa7b MbhUzd\"><\/div>\n<\/div>\n<\/div>\n<\/div>\n<p><strong>COMPET\u00c8NCIA DIGITAL DOCENT<\/strong><\/p>\n<p>S&#8217;ent\u00e9n que la compet\u00e8ncia digital docent \u00e9s la capacitat que els mestres tenen de mobilitzar i transferir tots els seus coneixements, estrat\u00e8gies, habilitats i actituds sobre les tecnologies per a l&#8217;aprenentatge i el coneixement en situacions reals i concretes de la seva praxi professional.<\/p>\n<p><a href=\"https:\/\/agora.xtec.cat\/ceipcervanteslleida\/wp-content\/uploads\/usu755\/2023\/05\/marc-europeu.jpg\"><img loading=\"lazy\" decoding=\"async\" class=\"size-full wp-image-6543 aligncenter\" src=\"https:\/\/agora.xtec.cat\/ceipcervanteslleida\/wp-content\/uploads\/usu755\/2023\/05\/marc-europeu.jpg\" alt=\"\" width=\"1176\" height=\"633\" srcset=\"https:\/\/agora.xtec.cat\/ceipcervanteslleida\/wp-content\/uploads\/usu755\/2023\/05\/marc-europeu.jpg 1176w, https:\/\/agora.xtec.cat\/ceipcervanteslleida\/wp-content\/uploads\/usu755\/2023\/05\/marc-europeu-300x161.jpg 300w, https:\/\/agora.xtec.cat\/ceipcervanteslleida\/wp-content\/uploads\/usu755\/2023\/05\/marc-europeu-1024x551.jpg 1024w, https:\/\/agora.xtec.cat\/ceipcervanteslleida\/wp-content\/uploads\/usu755\/2023\/05\/marc-europeu-768x413.jpg 768w\" sizes=\"auto, (max-width: 1176px) 100vw, 1176px\" \/><\/a><a href=\"https:\/\/agora.xtec.cat\/ceipcervanteslleida\/wp-content\/uploads\/usu755\/2023\/05\/Captura-mode-mogut.jpg\"><img loading=\"lazy\" decoding=\"async\" class=\"size-full wp-image-6542 aligncenter\" src=\"https:\/\/agora.xtec.cat\/ceipcervanteslleida\/wp-content\/uploads\/usu755\/2023\/05\/Captura-mode-mogut.jpg\" alt=\"\" width=\"886\" height=\"856\" srcset=\"https:\/\/agora.xtec.cat\/ceipcervanteslleida\/wp-content\/uploads\/usu755\/2023\/05\/Captura-mode-mogut.jpg 886w, https:\/\/agora.xtec.cat\/ceipcervanteslleida\/wp-content\/uploads\/usu755\/2023\/05\/Captura-mode-mogut-300x290.jpg 300w, https:\/\/agora.xtec.cat\/ceipcervanteslleida\/wp-content\/uploads\/usu755\/2023\/05\/Captura-mode-mogut-768x742.jpg 768w\" sizes=\"auto, (max-width: 886px) 100vw, 886px\" \/><\/a><\/p>\n","protected":false},"excerpt":{"rendered":"<p>COMPET\u00c8NCIA DIGITAL DE L&#8217;ALUMNAT<br \/>\nL&#8217;\u00e0mbit digital \u00e9s un \u00e0mbit transversal i, per tant, caldr\u00e0 treballar-lo conjuntament amb l&#8217;equip docent d&#8217;acord amb la nova llei d&#8217;Educaci\u00f3<br \/>\n(LOMLOE) i les Compet\u00e8ncies Digitals del Marc Europeu ( DIGCOMP).<\/p>\n<p><a href=\"https:\/\/agora.xtec.cat\/ceipcervanteslleida\/wp-content\/uploads\/usu755\/2023\/05\/Sense-titol.png\"><\/a><\/p>\n<p>COMPET\u00c8NCIA DIGITAL DOCENT<br \/>\nS&#8217;ent\u00e9n que la compet\u00e8ncia digital docent \u00e9s la capacitat que&hellip;  <a href=\"https:\/\/agora.xtec.cat\/ceipcervanteslleida\/desplegament-de-la-competencia-digital\/\" title=\"Read Desplegament de la compet\u00e8ncia digital\">Llegeix m\u00e9s\u00bb<\/a><\/p>\n","protected":false},"author":3,"featured_media":0,"parent":0,"menu_order":0,"comment_status":"closed","ping_status":"closed","template":"","meta":{"_bbp_topic_count":0,"_bbp_reply_count":0,"_bbp_total_topic_count":0,"_bbp_total_reply_count":0,"_bbp_voice_count":0,"_bbp_anonymous_reply_count":0,"_bbp_topic_count_hidden":0,"_bbp_reply_count_hidden":0,"_bbp_forum_subforum_count":0,"footnotes":""},"class_list":["post-5825","page","type-page","status-publish","hentry"],"post_mailing_queue_ids":[],"_links":{"self":[{"href":"https:\/\/agora.xtec.cat\/ceipcervanteslleida\/wp-json\/wp\/v2\/pages\/5825","targetHints":{"allow":["GET"]}}],"collection":[{"href":"https:\/\/agora.xtec.cat\/ceipcervanteslleida\/wp-json\/wp\/v2\/pages"}],"about":[{"href":"https:\/\/agora.xtec.cat\/ceipcervanteslleida\/wp-json\/wp\/v2\/types\/page"}],"author":[{"embeddable":true,"href":"https:\/\/agora.xtec.cat\/ceipcervanteslleida\/wp-json\/wp\/v2\/users\/3"}],"replies":[{"embeddable":true,"href":"https:\/\/agora.xtec.cat\/ceipcervanteslleida\/wp-json\/wp\/v2\/comments?post=5825"}],"version-history":[{"count":3,"href":"https:\/\/agora.xtec.cat\/ceipcervanteslleida\/wp-json\/wp\/v2\/pages\/5825\/revisions"}],"predecessor-version":[{"id":6559,"href":"https:\/\/agora.xtec.cat\/ceipcervanteslleida\/wp-json\/wp\/v2\/pages\/5825\/revisions\/6559"}],"wp:attachment":[{"href":"https:\/\/agora.xtec.cat\/ceipcervanteslleida\/wp-json\/wp\/v2\/media?parent=5825"}],"curies":[{"name":"wp","href":"https:\/\/api.w.org\/{rel}","templated":true}]}}