{"id":5820,"date":"2022-04-20T12:04:15","date_gmt":"2022-04-20T10:04:15","guid":{"rendered":"https:\/\/agora.xtec.cat\/ceipcervanteslleida\/?page_id=5820"},"modified":"2023-05-17T19:07:04","modified_gmt":"2023-05-17T17:07:04","slug":"documentacio","status":"publish","type":"page","link":"https:\/\/agora.xtec.cat\/ceipcervanteslleida\/documentacio\/","title":{"rendered":"Documentaci\u00f3"},"content":{"rendered":"<section id=\"h.33f495f2bfe93db2_216\" class=\"yaqOZd\">\n<div class=\"mYVXT\">\n<div class=\"LS81yb VICjCf\" tabindex=\"-1\">\n<div class=\"hJDwNd-AhqUyc-uQSCkd purZT-AhqUyc-II5mzb pSzOP-AhqUyc-qWD73c JNdkSc\">\n<div class=\"JNdkSc-SmKAyb\">\n<div class=\"\">\n<div class=\"oKdM2c Kzv0Me\">\n<div id=\"h.33f495f2bfe93db2_219\" class=\"hJDwNd-AhqUyc-uQSCkd jXK9ad D2fZ2 OjCsFc wHaque GNzUNc\">\n<div class=\"jXK9ad-SmKAyb\">\n<div class=\"tyJCtd mGzaTb baZpAe\">\n<p class=\"CDt4Ke zfr3Q\" dir=\"ltr\">La cultura digital apareix en pr\u00e0cticament tots els documents b\u00e0sics del centre. A continuaci\u00f3 es remarquen els aspectes m\u00e9s importants de cada un d\u2019ells.<\/p>\n<\/div>\n<\/div>\n<\/div>\n<\/div>\n<\/div>\n<\/div>\n<\/div>\n<\/div>\n<\/div>\n<\/section>\n<section id=\"h.33f495f2bfe93db2_220\" class=\"yaqOZd lQAHbd\">\n<div class=\"mYVXT\">\n<div class=\"LS81yb VICjCf\" tabindex=\"-1\">\n<div class=\"hJDwNd-AhqUyc-uQSCkd purZT-AhqUyc-II5mzb pSzOP-AhqUyc-qWD73c JNdkSc\">\n<div class=\"JNdkSc-SmKAyb\">\n<div class=\"\">\n<div class=\"oKdM2c Kzv0Me\">\n<div id=\"h.33f495f2bfe93db2_223\" class=\"hJDwNd-AhqUyc-uQSCkd jXK9ad D2fZ2 OjCsFc wHaque GNzUNc\">\n<div class=\"jXK9ad-SmKAyb\">\n<div class=\"tyJCtd mGzaTb baZpAe\">\n<table style=\"width: 100%; border-collapse: collapse; border-style: none; height: 186px;\">\n<tbody>\n<tr style=\"height: 31px;\">\n<td style=\"width: 100%; border-style: none; height: 31px; background-color: #4ac7e0; text-align: center;\">\n<h3><a href=\"https:\/\/agora.xtec.cat\/ceipcervanteslleida\/wp-content\/uploads\/usu755\/2022\/05\/PEC-Escola-Cervantes-1.pdf\" target=\"_blank\" rel=\"noopener\">PEC<\/a><\/h3>\n<\/td>\n<\/tr>\n<tr style=\"height: 31px;\">\n<td style=\"width: 100%; border-style: none; height: 31px;\">\n<p align=\"justify\"><span style=\"font-size: large;\">B\u00e0sicament apareix en 2 aspectes:<\/span><\/p>\n<p align=\"justify\"><span style=\"font-size: large;\"><b>Valors: <\/b><\/span><span style=\"font-size: large;\">Som una escola que estem oberts a les innovacions educatives que ens ajudin en l\u2019acci\u00f3 docent tant als mestres com als alumnes en la millora de la qualitat docent i dels resultats educatius.<\/span><\/p>\n<p align=\"justify\"><span style=\"font-size: large;\"><b>En relaci\u00f3 al desenvolupament, aprenentatge i resultats acad\u00e8mics de l\u2019alumnat: <\/b><\/span><span style=\"font-size: large;\">Ajustar l\u2019acci\u00f3 educativa al marc canviant de les noves tecnologies, implementant i ampliant el projecte d\u2019estrat\u00e8gia digital de centre.<\/span><\/p>\n<\/td>\n<\/tr>\n<tr style=\"height: 31px;\">\n<td style=\"width: 100%; border-style: none; height: 31px; background-color: #4ac7e0; text-align: center;\">\n<h3><a href=\"https:\/\/agora.xtec.cat\/ceipcervanteslleida\/wp-content\/uploads\/usu755\/bp-attachments\/1887\/NOFJuny14.pdf\" target=\"_blank\" rel=\"noopener\"><strong>NOFC<\/strong><\/a><\/h3>\n<\/td>\n<\/tr>\n<tr style=\"height: 31px;\">\n<td style=\"width: 100%; border-style: none; height: 31px; text-align: center;\">&nbsp;<\/p>\n<p style=\"text-align: left;\"><span style=\"font-size: large;\">B\u00e0sicament apareix en dos apartats:<\/span><\/p>\n<ul>\n<li style=\"text-align: left;\"><span style=\"font-size: large;\">Detalla les funcions del coordinador\/a digital.<\/span><\/li>\n<li style=\"text-align: left;\"><span style=\"font-size: large;\">Detalla els integrants i les funcions de la comissi\u00f3 digital i la periodicitat de les seves reunions.<\/span><\/li>\n<\/ul>\n<\/td>\n<\/tr>\n<tr style=\"height: 31px;\">\n<td style=\"width: 100%; border-style: none; height: 31px; background-color: #4ac7e0; text-align: center;\">\n<h3><strong>PROJECTE DE DIRECCI\u00d3<\/strong><\/h3>\n<\/td>\n<\/tr>\n<tr style=\"height: 31px;\">\n<td style=\"width: 100%; border-style: none; height: 31px;\">&nbsp;<\/p>\n<p><span style=\"font-size: large;\">El projecte de direcci\u00f3 planteja la creaci\u00f3 de la comissi\u00f3 d&#8217;estrat\u00e8gia digital, que ser\u00e0 l&#8217;encarregada de definir la cultura digital del centre i assumeix els objectius, accions i planificaci\u00f3 que ja est\u00e0 detallada en aquesta Estrat\u00e8gia Digital de Centre.<\/span><\/p>\n<p>&nbsp;<\/td>\n<\/tr>\n<\/tbody>\n<\/table>\n<\/div>\n<\/div>\n<\/div>\n<\/div>\n<\/div>\n<\/div>\n<\/div>\n<\/div>\n<\/div>\n<\/section>\n","protected":false},"excerpt":{"rendered":"<p>La cultura digital apareix en pr\u00e0cticament tots els documents b\u00e0sics del centre. A continuaci\u00f3 es remarquen els aspectes m\u00e9s importants de cada un d\u2019ells.<\/p>\n<p><a href=\"https:\/\/agora.xtec.cat\/ceipcervanteslleida\/wp-content\/uploads\/usu755\/2022\/05\/PEC-Escola-Cervantes-1.pdf\" target=\"_blank\" rel=\"noopener\">PEC<\/a><\/p>\n<p>B\u00e0sicament apareix en 2 aspectes:<br \/>\nValors: Som una escola que estem oberts a les innovacions educatives que ens ajudin en&hellip;  <a href=\"https:\/\/agora.xtec.cat\/ceipcervanteslleida\/documentacio\/\" title=\"Read Documentaci\u00f3\">Llegeix m\u00e9s\u00bb<\/a><\/p>\n","protected":false},"author":3,"featured_media":0,"parent":0,"menu_order":0,"comment_status":"closed","ping_status":"closed","template":"","meta":{"_bbp_topic_count":0,"_bbp_reply_count":0,"_bbp_total_topic_count":0,"_bbp_total_reply_count":0,"_bbp_voice_count":0,"_bbp_anonymous_reply_count":0,"_bbp_topic_count_hidden":0,"_bbp_reply_count_hidden":0,"_bbp_forum_subforum_count":0,"footnotes":""},"class_list":["post-5820","page","type-page","status-publish","hentry"],"post_mailing_queue_ids":[],"_links":{"self":[{"href":"https:\/\/agora.xtec.cat\/ceipcervanteslleida\/wp-json\/wp\/v2\/pages\/5820","targetHints":{"allow":["GET"]}}],"collection":[{"href":"https:\/\/agora.xtec.cat\/ceipcervanteslleida\/wp-json\/wp\/v2\/pages"}],"about":[{"href":"https:\/\/agora.xtec.cat\/ceipcervanteslleida\/wp-json\/wp\/v2\/types\/page"}],"author":[{"embeddable":true,"href":"https:\/\/agora.xtec.cat\/ceipcervanteslleida\/wp-json\/wp\/v2\/users\/3"}],"replies":[{"embeddable":true,"href":"https:\/\/agora.xtec.cat\/ceipcervanteslleida\/wp-json\/wp\/v2\/comments?post=5820"}],"version-history":[{"count":4,"href":"https:\/\/agora.xtec.cat\/ceipcervanteslleida\/wp-json\/wp\/v2\/pages\/5820\/revisions"}],"predecessor-version":[{"id":6533,"href":"https:\/\/agora.xtec.cat\/ceipcervanteslleida\/wp-json\/wp\/v2\/pages\/5820\/revisions\/6533"}],"wp:attachment":[{"href":"https:\/\/agora.xtec.cat\/ceipcervanteslleida\/wp-json\/wp\/v2\/media?parent=5820"}],"curies":[{"name":"wp","href":"https:\/\/api.w.org\/{rel}","templated":true}]}}