{"id":5815,"date":"2022-04-20T12:04:04","date_gmt":"2022-04-20T10:04:04","guid":{"rendered":"https:\/\/agora.xtec.cat\/ceipcervanteslleida\/?page_id=5815"},"modified":"2023-06-05T14:44:08","modified_gmt":"2023-06-05T12:44:08","slug":"avaluacio-i-millora","status":"publish","type":"page","link":"https:\/\/agora.xtec.cat\/ceipcervanteslleida\/avaluacio-i-millora\/","title":{"rendered":"Avaluaci\u00f3 i millora"},"content":{"rendered":"<p>La comissi\u00f3 d&#8217;estrat\u00e8gia digital duu a terme un <strong>seguiment peri\u00f2dic<\/strong> a partir d&#8217;una graella de seguiment i avaluaci\u00f3 per tal de millorar l&#8217;estrat\u00e8gia digital del centre. Aix\u00ed doncs, l&#8217;avaluaci\u00f3 \u00e9s <strong>cont\u00ednua<\/strong> i es t\u00e9 en compte tant <strong>quantitativament<\/strong> com <strong>qualitativament.<\/strong><\/p>\n<p><a href=\"https:\/\/agora.xtec.cat\/ceipcervanteslleida\/wp-content\/uploads\/usu755\/2023\/05\/Sense-titol2.png\"><img loading=\"lazy\" decoding=\"async\" class=\"size-full wp-image-6548 aligncenter\" src=\"https:\/\/agora.xtec.cat\/ceipcervanteslleida\/wp-content\/uploads\/usu755\/2023\/05\/Sense-titol2.png\" alt=\"\" width=\"427\" height=\"253\" srcset=\"https:\/\/agora.xtec.cat\/ceipcervanteslleida\/wp-content\/uploads\/usu755\/2023\/05\/Sense-titol2.png 427w, https:\/\/agora.xtec.cat\/ceipcervanteslleida\/wp-content\/uploads\/usu755\/2023\/05\/Sense-titol2-300x178.png 300w\" sizes=\"auto, (max-width: 427px) 100vw, 427px\" \/><\/a><\/p>\n<div><\/div>\n<div><\/div>\n<p>Per a una cont\u00ednua millora de l&#8217;EDC s&#8217;acorden les seg\u00fcents <strong>actuacions<\/strong>:<\/p>\n<p>\u2022Revisi\u00f3 dels objectius: 1 cop l&#8217;any.<\/p>\n<p>\u2022Revisi\u00f3 de les activitats: 1 cop per trimestre.<\/p>\n<div class=\"CjVfdc\"><span class=\"C9DxTc \"> Amb aquestes actuacions es pret\u00e9n que al llarg de tot el proc\u00e9s d&#8217;implementaci\u00f3 de l&#8217;EDC, es vagin recollint dades vinculades amb les actuacions per valorar en quin grau es compleixen les expectatives d&#8217;assoliment.\u00a0<\/span><\/div>\n<div><\/div>\n","protected":false},"excerpt":{"rendered":"<p>La comissi\u00f3 d&#8217;estrat\u00e8gia digital duu a terme un seguiment peri\u00f2dic a partir d&#8217;una graella de seguiment i avaluaci\u00f3 per tal de millorar l&#8217;estrat\u00e8gia digital del centre. Aix\u00ed doncs, l&#8217;avaluaci\u00f3 \u00e9s cont\u00ednua i es t\u00e9 en compte tant quantitativament com qualitativament.<br \/>\n<a href=\"https:\/\/agora.xtec.cat\/ceipcervanteslleida\/wp-content\/uploads\/usu755\/2023\/05\/Sense-titol2.png\"><\/a><\/p>\n<p>Per a una cont\u00ednua millora&hellip;  <a href=\"https:\/\/agora.xtec.cat\/ceipcervanteslleida\/avaluacio-i-millora\/\" title=\"Read Avaluaci\u00f3 i millora\">Llegeix m\u00e9s\u00bb<\/a><\/p>\n","protected":false},"author":3,"featured_media":0,"parent":0,"menu_order":0,"comment_status":"closed","ping_status":"closed","template":"","meta":{"_bbp_topic_count":0,"_bbp_reply_count":0,"_bbp_total_topic_count":0,"_bbp_total_reply_count":0,"_bbp_voice_count":0,"_bbp_anonymous_reply_count":0,"_bbp_topic_count_hidden":0,"_bbp_reply_count_hidden":0,"_bbp_forum_subforum_count":0,"footnotes":""},"class_list":["post-5815","page","type-page","status-publish","hentry"],"post_mailing_queue_ids":[],"_links":{"self":[{"href":"https:\/\/agora.xtec.cat\/ceipcervanteslleida\/wp-json\/wp\/v2\/pages\/5815","targetHints":{"allow":["GET"]}}],"collection":[{"href":"https:\/\/agora.xtec.cat\/ceipcervanteslleida\/wp-json\/wp\/v2\/pages"}],"about":[{"href":"https:\/\/agora.xtec.cat\/ceipcervanteslleida\/wp-json\/wp\/v2\/types\/page"}],"author":[{"embeddable":true,"href":"https:\/\/agora.xtec.cat\/ceipcervanteslleida\/wp-json\/wp\/v2\/users\/3"}],"replies":[{"embeddable":true,"href":"https:\/\/agora.xtec.cat\/ceipcervanteslleida\/wp-json\/wp\/v2\/comments?post=5815"}],"version-history":[{"count":4,"href":"https:\/\/agora.xtec.cat\/ceipcervanteslleida\/wp-json\/wp\/v2\/pages\/5815\/revisions"}],"predecessor-version":[{"id":6611,"href":"https:\/\/agora.xtec.cat\/ceipcervanteslleida\/wp-json\/wp\/v2\/pages\/5815\/revisions\/6611"}],"wp:attachment":[{"href":"https:\/\/agora.xtec.cat\/ceipcervanteslleida\/wp-json\/wp\/v2\/media?parent=5815"}],"curies":[{"name":"wp","href":"https:\/\/api.w.org\/{rel}","templated":true}]}}