{"id":5800,"date":"2022-04-20T12:03:14","date_gmt":"2022-04-20T10:03:14","guid":{"rendered":"https:\/\/agora.xtec.cat\/ceipcervanteslleida\/?page_id=5800"},"modified":"2023-06-05T14:39:17","modified_gmt":"2023-06-05T12:39:17","slug":"diagnosi","status":"publish","type":"page","link":"https:\/\/agora.xtec.cat\/ceipcervanteslleida\/diagnosi\/","title":{"rendered":"Diagnosi"},"content":{"rendered":"<p>Per fer la diagnosi, la comissi\u00f3 digital del centre ha utilitzat diferents recursos:<\/p>\n<ul>\n<li>Q\u00fcestionari al professorat i a l\u2019alumnat: la participaci\u00f3 del professorat ha estat del 95% i la de l\u2019alumnat del 90%.<\/li>\n<li>Q\u00fcestionari a les fam\u00edlies: la participaci\u00f3 ha estat del 70%.<\/li>\n<li>Eina <a href=\"https:\/\/education.ec.europa.eu\/es\/selfie\">SELFIE<\/a><\/li>\n<li>Eina <a href=\"https:\/\/educators-go-digital.jrc.ec.europa.eu\/\">SELFIE FOR TEACHERS<\/a><\/li>\n<li>Valoraci\u00f3 dels resultats de l\u2019enquesta en la comissi\u00f3 digital.<\/li>\n<li>Sistema d\u2019indicadors que el centre ja recull anualment.<\/li>\n<\/ul>\n<p class=\"CDt4Ke zfr3Q\" dir=\"ltr\">A partir de l\u2019an\u00e0lisi d\u2019aquestes eines, es detecten els seg\u00fcents punts forts i punts a millorar segons diferents aspectes.<\/p>\n<table style=\"height: 168px; width: 100%; border-collapse: collapse; border-style: solid; border-color: #000000; background-color: #d7f2fc;\">\n<tbody>\n<tr style=\"height: 32px;\">\n<td style=\"width: 50%; text-align: center; height: 32px;\"><strong>PUNTS FORTS<\/strong><\/td>\n<td style=\"width: 50%; text-align: center; height: 32px;\"><strong>PUNTS A MILLORAR<\/strong><\/td>\n<\/tr>\n<tr style=\"height: 136px;\">\n<td style=\"width: 50%; height: 136px;\">Motivaci\u00f3 de l&#8217;alumnat davant l&#8217;\u00fas de tecnologies digitals.<\/p>\n<p>Arribada de dispositius digitals al centre.<\/p>\n<p>Implicaci\u00f3 docent i formaci\u00f3 cont\u00ednua del professorat.<\/p>\n<p>Comunicaci\u00f3 organitzativa.<\/td>\n<td style=\"width: 50%; height: 136px; text-align: left;\">Continuar millorant el treball amb relaci\u00f3 al pensament computacional.<\/p>\n<p>Seguir amb la formaci\u00f3 relacionada amb l&#8217;EVA.<\/p>\n<p>Fomentar les pr\u00e0ctiques d&#8217;avaluaci\u00f3 i retroalimentaci\u00f3 en relaci\u00f3 a l&#8217;EVA.<\/td>\n<\/tr>\n<\/tbody>\n<\/table>\n","protected":false},"excerpt":{"rendered":"<p>Per fer la diagnosi, la comissi\u00f3 digital del centre ha utilitzat diferents recursos:<\/p>\n<ul>\n<li>Q\u00fcestionari al professorat i a l\u2019alumnat: la participaci\u00f3 del professorat ha estat del 95% i la de l\u2019alumnat del 90%.<\/li>\n<li>Q\u00fcestionari a les fam\u00edlies: la participaci\u00f3 ha estat del 70%.<\/li>\n<li>Eina <a href=\"https:\/\/education.ec.europa.eu\/es\/selfie\">SELFIE<\/a><\/li>\n<li>Eina <a href=\"https:\/\/educators-go-digital.jrc.ec.europa.eu\/\">SELFIE&hellip;  <a href=\"https:\/\/agora.xtec.cat\/ceipcervanteslleida\/diagnosi\/\" title=\"Read Diagnosi\">Llegeix m\u00e9s\u00bb<\/a><br \/>\n","protected":false},"author":3,"featured_media":0,"parent":0,"menu_order":0,"comment_status":"closed","ping_status":"closed","template":"","meta":{"_bbp_topic_count":0,"_bbp_reply_count":0,"_bbp_total_topic_count":0,"_bbp_total_reply_count":0,"_bbp_voice_count":0,"_bbp_anonymous_reply_count":0,"_bbp_topic_count_hidden":0,"_bbp_reply_count_hidden":0,"_bbp_forum_subforum_count":0,"footnotes":""},"class_list":["post-5800","page","type-page","status-publish","hentry"],"post_mailing_queue_ids":[],"_links":{"self":[{"href":"https:\/\/agora.xtec.cat\/ceipcervanteslleida\/wp-json\/wp\/v2\/pages\/5800","targetHints":{"allow":["GET"]}}],"collection":[{"href":"https:\/\/agora.xtec.cat\/ceipcervanteslleida\/wp-json\/wp\/v2\/pages"}],"about":[{"href":"https:\/\/agora.xtec.cat\/ceipcervanteslleida\/wp-json\/wp\/v2\/types\/page"}],"author":[{"embeddable":true,"href":"https:\/\/agora.xtec.cat\/ceipcervanteslleida\/wp-json\/wp\/v2\/users\/3"}],"replies":[{"embeddable":true,"href":"https:\/\/agora.xtec.cat\/ceipcervanteslleida\/wp-json\/wp\/v2\/comments?post=5800"}],"version-history":[{"count":4,"href":"https:\/\/agora.xtec.cat\/ceipcervanteslleida\/wp-json\/wp\/v2\/pages\/5800\/revisions"}],"predecessor-version":[{"id":6609,"href":"https:\/\/agora.xtec.cat\/ceipcervanteslleida\/wp-json\/wp\/v2\/pages\/5800\/revisions\/6609"}],"wp:attachment":[{"href":"https:\/\/agora.xtec.cat\/ceipcervanteslleida\/wp-json\/wp\/v2\/media?parent=5800"}],"curies":[{"name":"wp","href":"https:\/\/api.w.org\/{rel}","templated":true}]}}