{"id":5750,"date":"2022-04-18T19:56:52","date_gmt":"2022-04-18T17:56:52","guid":{"rendered":"https:\/\/agora.xtec.cat\/ceipcervanteslleida\/?page_id=5750"},"modified":"2023-03-27T15:54:17","modified_gmt":"2023-03-27T13:54:17","slug":"estrategia-digital-de-centre","status":"publish","type":"page","link":"https:\/\/agora.xtec.cat\/ceipcervanteslleida\/estrategia-digital-de-centre\/","title":{"rendered":"Estrat\u00e8gia digital de centre"},"content":{"rendered":"<p>Espai on queden definides totes aquelles actuacions que duem a terme a la nostra escola relacionades amb la cultura i la compet\u00e8ncia digital. L&#8217;estrat\u00e8gia digital de centre consta de dues parts: una part estrat\u00e8gica on queden concretats els objectius, les activitats i l&#8217;avaluaci\u00f3 del nostre centre digitalment parlant. La segona part pret\u00e9n ser un recull de la nostra cultura digital, que ens defineix com a escola i ens serveix com a referent a l&#8217;hora de treballar.<\/p>\n<p><a href=\"https:\/\/agora.xtec.cat\/ceipcervanteslleida\/wp-content\/uploads\/usu755\/2022\/04\/ESTRATEGIA-DIGITAL-DE-CENTRE.jpg\"><img loading=\"lazy\" decoding=\"async\" class=\"alignleft wp-image-5759 size-large\" src=\"https:\/\/agora.xtec.cat\/ceipcervanteslleida\/wp-content\/uploads\/usu755\/2022\/04\/ESTRATEGIA-DIGITAL-DE-CENTRE-e1679925245182-764x1024.jpg\" alt=\"\" width=\"764\" height=\"1024\" srcset=\"https:\/\/agora.xtec.cat\/ceipcervanteslleida\/wp-content\/uploads\/usu755\/2022\/04\/ESTRATEGIA-DIGITAL-DE-CENTRE-e1679925245182-764x1024.jpg 764w, https:\/\/agora.xtec.cat\/ceipcervanteslleida\/wp-content\/uploads\/usu755\/2022\/04\/ESTRATEGIA-DIGITAL-DE-CENTRE-e1679925245182-224x300.jpg 224w, https:\/\/agora.xtec.cat\/ceipcervanteslleida\/wp-content\/uploads\/usu755\/2022\/04\/ESTRATEGIA-DIGITAL-DE-CENTRE-e1679925245182-768x1029.jpg 768w, https:\/\/agora.xtec.cat\/ceipcervanteslleida\/wp-content\/uploads\/usu755\/2022\/04\/ESTRATEGIA-DIGITAL-DE-CENTRE-e1679925245182-1147x1536.jpg 1147w, https:\/\/agora.xtec.cat\/ceipcervanteslleida\/wp-content\/uploads\/usu755\/2022\/04\/ESTRATEGIA-DIGITAL-DE-CENTRE-e1679925245182.jpg 1307w\" sizes=\"auto, (max-width: 764px) 100vw, 764px\" \/><\/a><\/p>\n<p>&nbsp;<\/p>\n<p>&nbsp;<\/p>\n<p>&nbsp;<\/p>\n<p>&nbsp;<\/p>\n<p>&nbsp;<\/p>\n<p>&nbsp;<\/p>\n<p>&nbsp;<\/p>\n<p>&nbsp;<\/p>\n<p>&nbsp;<\/p>\n<p>&nbsp;<\/p>\n<p>&nbsp;<\/p>\n<p>&nbsp;<\/p>\n<p>&nbsp;<\/p>\n<p>&nbsp;<\/p>\n<p>&nbsp;<\/p>\n<p>&nbsp;<\/p>\n<p>&nbsp;<\/p>\n<p>&nbsp;<\/p>\n<p>&nbsp;<\/p>\n<p><a href=\"https:\/\/agora.xtec.cat\/ceipcervanteslleida\/wp-content\/uploads\/usu755\/2023\/03\/ESTRATEGIA-1.jpg\"><img loading=\"lazy\" decoding=\"async\" class=\"alignleft wp-image-6411 size-full\" src=\"https:\/\/agora.xtec.cat\/ceipcervanteslleida\/wp-content\/uploads\/usu755\/2023\/03\/ESTRATEGIA-1.jpg\" alt=\"\" width=\"1024\" height=\"724\" srcset=\"https:\/\/agora.xtec.cat\/ceipcervanteslleida\/wp-content\/uploads\/usu755\/2023\/03\/ESTRATEGIA-1.jpg 1024w, https:\/\/agora.xtec.cat\/ceipcervanteslleida\/wp-content\/uploads\/usu755\/2023\/03\/ESTRATEGIA-1-300x212.jpg 300w, https:\/\/agora.xtec.cat\/ceipcervanteslleida\/wp-content\/uploads\/usu755\/2023\/03\/ESTRATEGIA-1-768x543.jpg 768w\" sizes=\"auto, (max-width: 1024px) 100vw, 1024px\" \/><\/a><\/p>\n","protected":false},"excerpt":{"rendered":"<p>Espai on queden definides totes aquelles actuacions que duem a terme a la nostra escola relacionades amb la cultura i la compet\u00e8ncia digital. L&#8217;estrat\u00e8gia digital de centre consta de dues parts: una part estrat\u00e8gica on queden concretats els objectius, les activitats i l&#8217;avaluaci\u00f3 del nostre&hellip;  <a href=\"https:\/\/agora.xtec.cat\/ceipcervanteslleida\/estrategia-digital-de-centre\/\" title=\"Read Estrat\u00e8gia digital de centre\">Llegeix m\u00e9s\u00bb<\/a><\/p>\n","protected":false},"author":3,"featured_media":0,"parent":0,"menu_order":0,"comment_status":"closed","ping_status":"closed","template":"","meta":{"_bbp_topic_count":0,"_bbp_reply_count":0,"_bbp_total_topic_count":0,"_bbp_total_reply_count":0,"_bbp_voice_count":0,"_bbp_anonymous_reply_count":0,"_bbp_topic_count_hidden":0,"_bbp_reply_count_hidden":0,"_bbp_forum_subforum_count":0,"footnotes":""},"class_list":["post-5750","page","type-page","status-publish","hentry"],"post_mailing_queue_ids":[],"_links":{"self":[{"href":"https:\/\/agora.xtec.cat\/ceipcervanteslleida\/wp-json\/wp\/v2\/pages\/5750","targetHints":{"allow":["GET"]}}],"collection":[{"href":"https:\/\/agora.xtec.cat\/ceipcervanteslleida\/wp-json\/wp\/v2\/pages"}],"about":[{"href":"https:\/\/agora.xtec.cat\/ceipcervanteslleida\/wp-json\/wp\/v2\/types\/page"}],"author":[{"embeddable":true,"href":"https:\/\/agora.xtec.cat\/ceipcervanteslleida\/wp-json\/wp\/v2\/users\/3"}],"replies":[{"embeddable":true,"href":"https:\/\/agora.xtec.cat\/ceipcervanteslleida\/wp-json\/wp\/v2\/comments?post=5750"}],"version-history":[{"count":4,"href":"https:\/\/agora.xtec.cat\/ceipcervanteslleida\/wp-json\/wp\/v2\/pages\/5750\/revisions"}],"predecessor-version":[{"id":6413,"href":"https:\/\/agora.xtec.cat\/ceipcervanteslleida\/wp-json\/wp\/v2\/pages\/5750\/revisions\/6413"}],"wp:attachment":[{"href":"https:\/\/agora.xtec.cat\/ceipcervanteslleida\/wp-json\/wp\/v2\/media?parent=5750"}],"curies":[{"name":"wp","href":"https:\/\/api.w.org\/{rel}","templated":true}]}}