{"id":358,"date":"2016-04-08T19:25:15","date_gmt":"2016-04-08T18:25:15","guid":{"rendered":"http:\/\/agora.xtec.cat\/ceipcervanteslleida\/?page_id=358"},"modified":"2023-03-14T10:31:41","modified_gmt":"2023-03-14T09:31:41","slug":"els-nostres-projectes","status":"publish","type":"page","link":"https:\/\/agora.xtec.cat\/ceipcervanteslleida\/projecte-educatiu\/els-nostres-projectes\/","title":{"rendered":"Els nostres projectes"},"content":{"rendered":"<ul style=\"list-style-type: disc;\">\n<li>\n<h3>PILE (Pla integrat de lleng\u00fces estrangeres)<\/h3>\n<\/li>\n<\/ul>\n<p>A l\u2019escola La Seu Vella apostem per dona un fort impuls a la llengua anglesa, introduint-la a educaci\u00f3 infantil per tal\u00a0 d\u2019afavorir la millora de la compet\u00e8ncia de la llengua anglesa, tant a nivell oral com escrit. Al mateix temps duem a terme el projecte AICLE (Aprenentatge Integrat de Continguts i Lleng\u00fces Estrangeres) consolidant l\u2019aula de pl\u00e0stica, on tots els alumnes de prim\u00e0ria realitzen l\u2019assignatura de llenguatge visual i pl\u00e0stic totalment en angl\u00e8s.<\/p>\n<p>Per acabar de consolidar aprenentatges, els nens i les nenes de prim\u00e0ria fan grups interactius en angl\u00e8s cada setmana, on les interaccions dels alumnes fixen el coneixement de la llengua i milloren els resultats.<\/p>\n<ul style=\"list-style-type: disc;\">\n<li>\n<h3>BIBLIOTECA<\/h3>\n<\/li>\n<\/ul>\n<p>L\u2019objectiu \u00e9s augmentar la compet\u00e8ncia comunicativa ling\u00fc\u00edstica desenvolupant l\u2019h\u00e0bit lector tot potenciant l\u2019\u00fas i l\u2019aprofitament de la biblioteca. Els nens i nenes d\u2019educaci\u00f3 prim\u00e0ria van 2 sessions a la setmana a la biblioteca on es sistematitza l\u2019h\u00e0bit lector i es fa un treball molt acurat sobre la lectura treballada.<\/p>\n<ul style=\"list-style-type: disc;\">\n<li>\n<h3>PLA DE CONSUM DE FRUITA<\/h3>\n<\/li>\n<\/ul>\n<p>Es tracta d\u2019una campanya per promoure el consum de fruita a les escoles. Consisteix en repartir fruita i verdura gratu\u00eftament una setmana al mes.<\/p>\n<p>Tamb\u00e9 potenciem als nens per que portin esmorzars saludables cada dia, i els dimecres \u00a0DIA DE LA FRUITA oferint-los activitats l\u00fadiques i motivadores per que aix\u00ed sigui.<\/p>\n<ul style=\"list-style-type: disc;\">\n<li>\n<h3>PROJECTE DE SOCIALITZACI\u00d3 DE LLIBRES DE TEXT<\/h3>\n<\/li>\n<\/ul>\n<p>Projecte organitzat per l\u2019escola on es promou la reutilitzaci\u00f3 de llibres de text, afavorint aix\u00ed tant un estalvi considerable a les fam\u00edlies com l\u2019educaci\u00f3 dels infants per la sostenibilitat.<\/p>\n<ul style=\"list-style-type: disc;\">\n<li>\n<h3>PLA CATAL\u00c0 DE L\u2019ESPORT<\/h3>\n<\/li>\n<\/ul>\n<p>L&#8217;escola organitza activitats\u00a0extraescolars\u00a0d&#8217;esport durant la franja de migdia.<\/p>\n<ul style=\"list-style-type: disc;\">\n<li>\n<h3>TREBALL PER PROJECTES<\/h3>\n<\/li>\n<\/ul>\n<p>Darrera del que s\u2019anomena treball per projectes no hi ha solament una metodologia de treball o una seq\u00fc\u00e8ncia determinada de presentar les activitats escolars, sin\u00f3 altres aspectes te\u00f2rics importants sobre la manera d\u2019entendre com els alumnes aprenen, com elaboren els conceptes, com tracten la informaci\u00f3 i com el centre educatiu i el professorat han de planificar i actuar per preparar les classes i dinamitzar-les.<\/p>\n<p>A l&#8217;escola pensem que els projectes afavoreixen la creaci\u00f3 d\u2019estrat\u00e8gies escolars en relaci\u00f3 amb: aprendre a prendre decisions (proposar, argumentar, triar\u2026), tractar la informaci\u00f3 (cercar-la, organitzar-la, interpretar-la, assimilar-la, judicar-la\u2026), transmetre la informaci\u00f3 (comunicar-la, fer-la comprensible, compartir-la, elaborar-la\u2026) i avaluar els aprenentatges (ser conscients del que sabem, del que ignorem, com ho hem abordat\u2026)<\/p>\n","protected":false},"excerpt":{"rendered":"<ul style=\"list-style-type: disc;\">\n<li>\nPILE (Pla integrat de lleng\u00fces estrangeres)\n<\/li>\n<\/ul>\n<p>A l\u2019escola La Seu Vella apostem per dona un fort impuls a la llengua anglesa, introduint-la a educaci\u00f3 infantil per tal\u00a0 d\u2019afavorir la millora de la compet\u00e8ncia de la llengua anglesa, tant a nivell oral com escrit. Al&hellip;  <a href=\"https:\/\/agora.xtec.cat\/ceipcervanteslleida\/projecte-educatiu\/els-nostres-projectes\/\" title=\"Read Els nostres projectes\">Llegeix m\u00e9s\u00bb<\/a><\/p>\n","protected":false},"author":3,"featured_media":0,"parent":64,"menu_order":0,"comment_status":"closed","ping_status":"closed","template":"page-templates\/side-menu.php","meta":{"_bbp_topic_count":0,"_bbp_reply_count":0,"_bbp_total_topic_count":0,"_bbp_total_reply_count":0,"_bbp_voice_count":0,"_bbp_anonymous_reply_count":0,"_bbp_topic_count_hidden":0,"_bbp_reply_count_hidden":0,"_bbp_forum_subforum_count":0,"footnotes":""},"class_list":["post-358","page","type-page","status-publish","hentry"],"post_mailing_queue_ids":[],"_links":{"self":[{"href":"https:\/\/agora.xtec.cat\/ceipcervanteslleida\/wp-json\/wp\/v2\/pages\/358","targetHints":{"allow":["GET"]}}],"collection":[{"href":"https:\/\/agora.xtec.cat\/ceipcervanteslleida\/wp-json\/wp\/v2\/pages"}],"about":[{"href":"https:\/\/agora.xtec.cat\/ceipcervanteslleida\/wp-json\/wp\/v2\/types\/page"}],"author":[{"embeddable":true,"href":"https:\/\/agora.xtec.cat\/ceipcervanteslleida\/wp-json\/wp\/v2\/users\/3"}],"replies":[{"embeddable":true,"href":"https:\/\/agora.xtec.cat\/ceipcervanteslleida\/wp-json\/wp\/v2\/comments?post=358"}],"version-history":[{"count":3,"href":"https:\/\/agora.xtec.cat\/ceipcervanteslleida\/wp-json\/wp\/v2\/pages\/358\/revisions"}],"predecessor-version":[{"id":6383,"href":"https:\/\/agora.xtec.cat\/ceipcervanteslleida\/wp-json\/wp\/v2\/pages\/358\/revisions\/6383"}],"up":[{"embeddable":true,"href":"https:\/\/agora.xtec.cat\/ceipcervanteslleida\/wp-json\/wp\/v2\/pages\/64"}],"wp:attachment":[{"href":"https:\/\/agora.xtec.cat\/ceipcervanteslleida\/wp-json\/wp\/v2\/media?parent=358"}],"curies":[{"name":"wp","href":"https:\/\/api.w.org\/{rel}","templated":true}]}}