{"id":26,"date":"2014-09-18T12:24:32","date_gmt":"2014-09-18T11:24:32","guid":{"rendered":"http:\/\/agora.xtec.cat\/ceipcervanteslleida\/?page_id=26"},"modified":"2016-05-02T18:19:13","modified_gmt":"2016-05-02T17:19:13","slug":"historia","status":"publish","type":"page","link":"https:\/\/agora.xtec.cat\/ceipcervanteslleida\/lescola\/historia\/","title":{"rendered":"Hist\u00f2ria"},"content":{"rendered":"<p><strong>BREU HIST\u00d2RIA DE LA NOSTRA ESCOLA<\/strong><\/p>\n<p>A l&#8217;Edat Mitjana \u00a0el solar on s&#8217;ubica la nostra escola pertanyia al casal de la fam\u00edlia Maranyosa.\u00a0Al segle XVII va passar de la fam\u00edlia Maranyosa (que encara conserva el nom d&#8217;un carrer) a la Paeria.<br \/>\nL&#8217;any 1800 va funcionar com a &#8220;escola de normal de mestres femenina&#8221; i posteriorment s&#8217;incorpor\u00e0 la masculina.\u00a0Durant la guerra civil espanyola, l&#8217;edifici va quedar molt malm\u00e8s, va \u00e9sser enderrocat i reconstruit\u00a0i va passa a\u00a0anomenar-se &#8220;Grupo Escolar de ni\u00f1as Cervantes&#8221;.<br \/>\nAproximadament a l&#8217;any 1950 va\u00a0esdevenir escola mixta \u00a0amb nens i nenes, per\u00f2 continuaven els seus estudis separats: els nens al tercer pis i entraven per la porta del carrer Companyia i les nenes al primer pis i entraven per la porta del carrer Cavallers. Van\u00a0haver de\u00a0fer un mur al pati per separar-los.\u00a0Durant aquest per\u00edode tamb\u00e9 va funcionar com a escola municipal de m\u00fasica.<br \/>\nA l&#8217;any 1970 es va enderrocar el mur del pati, que era de terra amb arbres, i les classes van esdevenir mixtes.<br \/>\nA l&#8217;any 1993 es va inaugurar l&#8217;edifici del carrer Canyeret ja que l&#8217;altre s&#8217;havia quedat petit.<br \/>\nActualment\u00a0estem ubicats en dos edificis: al carrer Cavallers (on s&#8217;imparteix el Cicle Mitj\u00e0 i Superior) i al carrer Canyeret (on s&#8217;imparteix el Cicle Infantil i Inicial).<\/p>\n<p><a href=\"http:\/\/agora.xtec.cat\/ceipcervanteslleida\/wp-content\/uploads\/usu755\/2014\/09\/escola.jpg\"><img loading=\"lazy\" decoding=\"async\" class=\" size-full wp-image-207 aligncenter\" src=\"http:\/\/agora.xtec.cat\/ceipcervanteslleida\/wp-content\/uploads\/usu755\/2014\/09\/escola.jpg\" alt=\"escola\" width=\"449\" height=\"192\" srcset=\"https:\/\/agora.xtec.cat\/ceipcervanteslleida\/wp-content\/uploads\/usu755\/2014\/09\/escola.jpg 449w, https:\/\/agora.xtec.cat\/ceipcervanteslleida\/wp-content\/uploads\/usu755\/2014\/09\/escola-300x128.jpg 300w\" sizes=\"auto, (max-width: 449px) 100vw, 449px\" \/><\/a><\/p>\n","protected":false},"excerpt":{"rendered":"<p>BREU HIST\u00d2RIA DE LA NOSTRA ESCOLA<br \/>\nA l&#8217;Edat Mitjana \u00a0el solar on s&#8217;ubica la nostra escola pertanyia al casal de la fam\u00edlia Maranyosa.\u00a0Al segle XVII va passar de la fam\u00edlia Maranyosa (que encara conserva el nom d&#8217;un carrer) a la Paeria.<br \/>\nL&#8217;any 1800 va funcionar com a&hellip;  <a href=\"https:\/\/agora.xtec.cat\/ceipcervanteslleida\/lescola\/historia\/\" title=\"Read Hist\u00f2ria\">Llegeix m\u00e9s\u00bb<\/a><\/p>\n","protected":false},"author":2,"featured_media":0,"parent":22,"menu_order":20,"comment_status":"closed","ping_status":"closed","template":"page-templates\/side-menu.php","meta":{"_bbp_topic_count":0,"_bbp_reply_count":0,"_bbp_total_topic_count":0,"_bbp_total_reply_count":0,"_bbp_voice_count":0,"_bbp_anonymous_reply_count":0,"_bbp_topic_count_hidden":0,"_bbp_reply_count_hidden":0,"_bbp_forum_subforum_count":0,"footnotes":""},"class_list":["post-26","page","type-page","status-publish","hentry"],"post_mailing_queue_ids":[],"_links":{"self":[{"href":"https:\/\/agora.xtec.cat\/ceipcervanteslleida\/wp-json\/wp\/v2\/pages\/26","targetHints":{"allow":["GET"]}}],"collection":[{"href":"https:\/\/agora.xtec.cat\/ceipcervanteslleida\/wp-json\/wp\/v2\/pages"}],"about":[{"href":"https:\/\/agora.xtec.cat\/ceipcervanteslleida\/wp-json\/wp\/v2\/types\/page"}],"author":[{"embeddable":true,"href":"https:\/\/agora.xtec.cat\/ceipcervanteslleida\/wp-json\/wp\/v2\/users\/2"}],"replies":[{"embeddable":true,"href":"https:\/\/agora.xtec.cat\/ceipcervanteslleida\/wp-json\/wp\/v2\/comments?post=26"}],"version-history":[{"count":3,"href":"https:\/\/agora.xtec.cat\/ceipcervanteslleida\/wp-json\/wp\/v2\/pages\/26\/revisions"}],"predecessor-version":[{"id":452,"href":"https:\/\/agora.xtec.cat\/ceipcervanteslleida\/wp-json\/wp\/v2\/pages\/26\/revisions\/452"}],"up":[{"embeddable":true,"href":"https:\/\/agora.xtec.cat\/ceipcervanteslleida\/wp-json\/wp\/v2\/pages\/22"}],"wp:attachment":[{"href":"https:\/\/agora.xtec.cat\/ceipcervanteslleida\/wp-json\/wp\/v2\/media?parent=26"}],"curies":[{"name":"wp","href":"https:\/\/api.w.org\/{rel}","templated":true}]}}